{"id":9059,"date":"2023-07-03T14:35:46","date_gmt":"2023-07-03T17:35:46","guid":{"rendered":"https:\/\/www.ufmg.br\/proex\/?page_id=9059"},"modified":"2025-06-18T10:49:39","modified_gmt":"2025-06-18T13:49:39","slug":"escola-em-duas-rodas","status":"publish","type":"page","link":"https:\/\/www.ufmg.br\/proex\/escola-em-duas-rodas\/","title":{"rendered":"Projeto Escola em duas rodas"},"content":{"rendered":"<p>Est\u00e3o abertas, <strong>at\u00e9 o dia 25 de junho,<\/strong> as inscri\u00e7\u00f5es em<strong> tr\u00eas bolsas <\/strong>(duas na modalidade Pbext e uma na modalidade Pbext A\u00e7\u00e3o Afirmativa) para o\u00a0projeto <em>Escola em duas rodas: bicicleta, direto \u00e0 cidade, mobilidade ativa e educa\u00e7\u00e3o<\/em>, da Faculdade de Educa\u00e7\u00e3o (FAE\/UFMG).<\/p>\n<p>O <a href=\"https:\/\/www.ufmg.br\/proex\/wp-content\/uploads\/2025\/06\/EDITAL_DE_SELECAO_-_JUNHO_-_LICEX_07-25_-_PROJETO_ESCOLA_EM_DUAS_RODAS_assinado.pdf\" target=\"_blank\" rel=\"noopener\">edital<\/a> seleciona discentes de qualquer curso de gradua\u00e7\u00e3o da UFMG.<\/p>\n<p><strong>Valor da bolsa<\/strong>: 700\/mensal<br \/>\n<strong>Vig\u00eancia<\/strong>: julho de 2025 a dezembro de 2025 (20h semanais)<\/p>\n<p>A bolsa na modalidade <strong>A\u00e7\u00e3o Afirmativa \u00e9 <\/strong>voltada exclusivamente aos seguintes grupos de estudantes:<br \/>\n&#8211; M\u00e3es com crian\u00e7a em idade escolar;<br \/>\n&#8211; Travestis e transexuais;<br \/>\n&#8211; Pessoas com defici\u00eancia, ind\u00edgenas e quilombolas;<br \/>\n&#8211; Estudantes que ingressaram pelo sistema de cotas e\/ou classificados socioeconomicamente pela Fump; ou<br \/>\n&#8211; Estudantes que cursaram o ensino fundamental e m\u00e9dio em escolas p\u00fablicas.<\/p>\n<p><strong>Inscri\u00e7\u00f5es<br \/>\n<\/strong>As inscri\u00e7\u00f5es s\u00e3o realizadas pelo e-mail <a href=\"mailto:claudio-m-oliveira@ufmg.br\" target=\"_blank\" rel=\"noopener\">claudio-m-oliveira@ufmg.br<\/a>. O (a) candidato (a) deve indicar no campo assunto: &#8220;Processo seletivo &#8211; bolsa Proex \u2013 projeto Escola em duas rodas e nome completo&#8221;.<br \/>\nOs (as) interessados (as) devem encaminhar esta documenta\u00e7\u00e3o:<br \/>\n-Hist\u00f3rico escolar<br \/>\n-Texto com exposi\u00e7\u00e3o dos motivos de participa\u00e7\u00e3o no projeto<br \/>\n-Documento de identidade e CPF<br \/>\n-Documenta\u00e7\u00e3o comprobat\u00f3ria da condi\u00e7\u00e3o de estudante da a\u00e7\u00e3o afirmativa (se for o caso)<br \/>\n-Contatos de e-mail, telefone e WhatsApp<br \/>\n&#8211; Declara\u00e7\u00e3o de disponibilidade para atuar presencialmente nas escolas participantes do projeto<\/p>\n<p>As informa\u00e7\u00f5es completas est\u00e3o no edital de sele\u00e7\u00e3o.<\/p>\n","protected":false},"excerpt":{"rendered":"<p>Est\u00e3o abertas, at\u00e9 o dia 25 de junho, as inscri\u00e7\u00f5es [&hellip;]<\/p>\n","protected":false},"author":2,"featured_media":0,"parent":0,"menu_order":0,"comment_status":"closed","ping_status":"closed","template":"","meta":[],"tags":[],"_links":{"self":[{"href":"https:\/\/www.ufmg.br\/proex\/wp-json\/wp\/v2\/pages\/9059"}],"collection":[{"href":"https:\/\/www.ufmg.br\/proex\/wp-json\/wp\/v2\/pages"}],"about":[{"href":"https:\/\/www.ufmg.br\/proex\/wp-json\/wp\/v2\/types\/page"}],"author":[{"embeddable":true,"href":"https:\/\/www.ufmg.br\/proex\/wp-json\/wp\/v2\/users\/2"}],"replies":[{"embeddable":true,"href":"https:\/\/www.ufmg.br\/proex\/wp-json\/wp\/v2\/comments?post=9059"}],"version-history":[{"count":29,"href":"https:\/\/www.ufmg.br\/proex\/wp-json\/wp\/v2\/pages\/9059\/revisions"}],"predecessor-version":[{"id":15722,"href":"https:\/\/www.ufmg.br\/proex\/wp-json\/wp\/v2\/pages\/9059\/revisions\/15722"}],"wp:attachment":[{"href":"https:\/\/www.ufmg.br\/proex\/wp-json\/wp\/v2\/media?parent=9059"}],"wp:term":[{"taxonomy":"post_tag","embeddable":true,"href":"https:\/\/www.ufmg.br\/proex\/wp-json\/wp\/v2\/tags?post=9059"}],"curies":[{"name":"wp","href":"https:\/\/api.w.org\/{rel}","templated":true}]}}