{"id":912,"date":"2021-08-12T15:43:31","date_gmt":"2021-08-12T18:43:31","guid":{"rendered":"https:\/\/www.ufmg.br\/proex\/?page_id=912"},"modified":"2021-09-22T17:24:50","modified_gmt":"2021-09-22T20:24:50","slug":"rede-de-saude-mental","status":"publish","type":"page","link":"https:\/\/www.ufmg.br\/proex\/rede-de-saude-mental\/","title":{"rendered":"Rede de Sa\u00fade Mental"},"content":{"rendered":"<p>O interesse pela sa\u00fade mental da comunidade UFMG vem se dando, de maneira processual, com a participa\u00e7\u00e3o de diferentes atores. Dentre esses destaca-se o Programa de Extens\u00e3o em Aten\u00e7\u00e3o \u00e0 Sa\u00fade Mental (PASME), cujas a\u00e7\u00f5es e discuss\u00f5es contribu\u00edram para a cria\u00e7\u00e3o pela PROEX, no ano de 2014, da Rede Sa\u00fade Mental UFMG.<\/p>\n<p>A Rede \u00e9 um espa\u00e7o de encontro sobre o tema que re\u00fane diversos projetos de pesquisa, programas de extens\u00e3o, servi\u00e7os de acolhimento e profissionais de diversas \u00e1reas do conhecimento, tendo como perspectiva a luta antimanicomial, o protagonismo das pessoas em sofrimento mental, a defesa do Sistema \u00danico de Sa\u00fade (SUS) e os <a href=\"https:\/\/www.ufmg.br\/saudemental\/na-ufmg\/principios-e-diretrizes\/\" target=\"_blank\" rel=\"noopener\">princ\u00edpios e diretrizes da Pol\u00edtica de Sa\u00fade Mental da UFMG.<\/a><\/p>\n<p class=\"divisao\"><strong>Algumas a\u00e7\u00f5es desenvolvidas\u00a0<\/strong><\/p>\n<p>Comiss\u00e3o Institucional de Sa\u00fade Mental da UFMG (CISME)<\/p>\n<ul>\n<li><a href=\"https:\/\/www2.ufmg.br\/proex\/content\/download\/7871\/50832\/file\/Relatorio%20da%20Comiss%C3%A3o%20de%20Saude%20Mental%20da%20UFMG%2010-03-17.pdf\" target=\"_blank\" rel=\"noopener\">Relat\u00f3rio da Comiss\u00e3o Institucional de Sa\u00fade Mental (CISME)<\/a><\/li>\n<\/ul>\n<p>Comiss\u00e3o Permanente de Sa\u00fade Mental da UFMG (CPSM)<\/p>\n<p>Comiss\u00e3o de Acompanhamento da Sa\u00fade Mental do Instituto de Ci\u00eancias Agr\u00e1rias (ICA\/UFMG)<\/p>\n<p><a href=\"https:\/\/www.ufmg.br\/proex\/comunidade-universitaria-conta-com-rede-de-servicos-em-saude-mental\/\" target=\"_blank\" rel=\"noopener\">Projeto de Acolhimento a Dist\u00e2ncia\u00a0<\/a><\/p>\n<p><a href=\"https:\/\/www.ufmg.br\/saudemental\/\" target=\"_blank\" rel=\"noopener\">Website Sa\u00fade Mental\u00a0<\/a><\/p>\n<p>Semana de Sa\u00fade Mental e Inclus\u00e3o Social<\/p>\n<div id=\"caixa_texto\">\n<ul>\n<li><a href=\"http:\/\/www.cursoseeventos.ufmg.br\/CAE\/DetalharCae.aspx?CAE=6636\" target=\"_self\" rel=\"noopener\">III Semana de Sa\u00fade Mental e Inclus\u00e3o Social<\/a><\/li>\n<li><a href=\"https:\/\/quartasemanasmis.wordpress.com\/\" target=\"_self\" rel=\"noopener\">IV Semana de Sa\u00fade Mental e Inclus\u00e3o Social da UFMG;<\/a><\/li>\n<li><a href=\"https:\/\/www.ufmg.br\/semanasaudemental2021\/\" target=\"_blank\" rel=\"noopener\">Website Semana de Sa\u00fade Mental e Inclus\u00e3o Social<\/a><\/li>\n<\/ul>\n<p>&nbsp;<\/p>\n<p>&nbsp;<\/p>\n<\/div>\n<p>&nbsp;<\/p>\n<p>&nbsp;<\/p>\n<p>&nbsp;<\/p>\n<p>&nbsp;<\/p>\n<p>&nbsp;<\/p>\n<p>&nbsp;<\/p>\n","protected":false},"excerpt":{"rendered":"<p>O interesse pela sa\u00fade mental da comunidade UFMG vem se [&hellip;]<\/p>\n","protected":false},"author":2,"featured_media":0,"parent":0,"menu_order":0,"comment_status":"closed","ping_status":"closed","template":"","meta":[],"tags":[49,51,379,23,25,29,407,405,369,371,375,365,4],"_links":{"self":[{"href":"https:\/\/www.ufmg.br\/proex\/wp-json\/wp\/v2\/pages\/912"}],"collection":[{"href":"https:\/\/www.ufmg.br\/proex\/wp-json\/wp\/v2\/pages"}],"about":[{"href":"https:\/\/www.ufmg.br\/proex\/wp-json\/wp\/v2\/types\/page"}],"author":[{"embeddable":true,"href":"https:\/\/www.ufmg.br\/proex\/wp-json\/wp\/v2\/users\/2"}],"replies":[{"embeddable":true,"href":"https:\/\/www.ufmg.br\/proex\/wp-json\/wp\/v2\/comments?post=912"}],"version-history":[{"count":16,"href":"https:\/\/www.ufmg.br\/proex\/wp-json\/wp\/v2\/pages\/912\/revisions"}],"predecessor-version":[{"id":2908,"href":"https:\/\/www.ufmg.br\/proex\/wp-json\/wp\/v2\/pages\/912\/revisions\/2908"}],"wp:attachment":[{"href":"https:\/\/www.ufmg.br\/proex\/wp-json\/wp\/v2\/media?parent=912"}],"wp:term":[{"taxonomy":"post_tag","embeddable":true,"href":"https:\/\/www.ufmg.br\/proex\/wp-json\/wp\/v2\/tags?post=912"}],"curies":[{"name":"wp","href":"https:\/\/api.w.org\/{rel}","templated":true}]}}