{"id":9181,"date":"2023-07-10T14:07:57","date_gmt":"2023-07-10T17:07:57","guid":{"rendered":"https:\/\/www.ufmg.br\/proex\/?page_id=9181"},"modified":"2023-07-12T13:33:03","modified_gmt":"2023-07-12T16:33:03","slug":"es-tudo-circo","status":"publish","type":"page","link":"https:\/\/www.ufmg.br\/proex\/es-tudo-circo\/","title":{"rendered":"\u00c9s TUdo Circo"},"content":{"rendered":"<p>O projeto <em>&#8220;\u00c9s TUdo Circo&#8221;,\u00a0<\/em>do Teatro Universit\u00e1rio (TU) da Escola de Educa\u00e7\u00e3o B\u00e1sica e Profissional (EBAP), tornou p\u00fablico edital para duas bolsas de extens\u00e3o para atuar na iniciativa a partir de agosto de 2023.<\/p>\n<p>S\u00e3o oferecidas duas vagas, sendo uma de A\u00e7\u00e3o Afirmativa, para alunos da UFMG matriculados no curso t\u00e9cnico de Teatro do TU.<\/p>\n<p>As inscri\u00e7\u00f5es v\u00e3o<strong> at\u00e9 12 de julho<\/strong>. O estudante interessado deve enviar carta de inten\u00e7\u00e3o e curr\u00edculo para os e-mails: sensino-tu@ebap.ufmg.br e mariaclara.tu@gmail.com. O assunto do e-mail de inscri\u00e7\u00e3o deve conter: Sele\u00e7\u00e3oTU_07\/2023 e nome do candidato. No corpo do texto, dever\u00e3o ser informamos: nome completo, contato, disponibilidade e indica\u00e7\u00e3o de qual modalidade de vaga o candidato est\u00e1 aplicando.<\/p>\n<p>O resultado final ser\u00e1 divulgado por e-mail para todos os inscritos a partir do dia 17 de julho.<\/p>\n<p>Outras informa\u00e7\u00f5es est\u00e3o no\u00a0<a href=\"https:\/\/www.ufmg.br\/proex\/wp-content\/uploads\/2023\/07\/Projeto-de-Extensao-es-tudo-circo.pdf\" target=\"_blank\" rel=\"noopener\">edital\u00a0<\/a>do processo seletivo.<\/p>\n","protected":false},"excerpt":{"rendered":"<p>O projeto &#8220;\u00c9s TUdo Circo&#8221;,\u00a0do Teatro Universit\u00e1rio (TU) da Escola [&hellip;]<\/p>\n","protected":false},"author":2,"featured_media":0,"parent":0,"menu_order":0,"comment_status":"closed","ping_status":"closed","template":"","meta":[],"tags":[],"_links":{"self":[{"href":"https:\/\/www.ufmg.br\/proex\/wp-json\/wp\/v2\/pages\/9181"}],"collection":[{"href":"https:\/\/www.ufmg.br\/proex\/wp-json\/wp\/v2\/pages"}],"about":[{"href":"https:\/\/www.ufmg.br\/proex\/wp-json\/wp\/v2\/types\/page"}],"author":[{"embeddable":true,"href":"https:\/\/www.ufmg.br\/proex\/wp-json\/wp\/v2\/users\/2"}],"replies":[{"embeddable":true,"href":"https:\/\/www.ufmg.br\/proex\/wp-json\/wp\/v2\/comments?post=9181"}],"version-history":[{"count":2,"href":"https:\/\/www.ufmg.br\/proex\/wp-json\/wp\/v2\/pages\/9181\/revisions"}],"predecessor-version":[{"id":9229,"href":"https:\/\/www.ufmg.br\/proex\/wp-json\/wp\/v2\/pages\/9181\/revisions\/9229"}],"wp:attachment":[{"href":"https:\/\/www.ufmg.br\/proex\/wp-json\/wp\/v2\/media?parent=9181"}],"wp:term":[{"taxonomy":"post_tag","embeddable":true,"href":"https:\/\/www.ufmg.br\/proex\/wp-json\/wp\/v2\/tags?post=9181"}],"curies":[{"name":"wp","href":"https:\/\/api.w.org\/{rel}","templated":true}]}}