{"id":9228,"date":"2023-07-12T13:38:29","date_gmt":"2023-07-12T16:38:29","guid":{"rendered":"https:\/\/www.ufmg.br\/proex\/?page_id=9228"},"modified":"2023-07-12T13:38:29","modified_gmt":"2023-07-12T16:38:29","slug":"cemed-graduacao-e-pos-graduacao","status":"publish","type":"page","link":"https:\/\/www.ufmg.br\/proex\/cemed-graduacao-e-pos-graduacao\/","title":{"rendered":"Cemed gradua\u00e7\u00e3o e p\u00f3s-gradua\u00e7\u00e3o"},"content":{"rendered":"<p>O <em>\u201cCentro de Estudos do Medicamento\u201d (Cemed), <\/em>subordinado ao Departamento de Farm\u00e1cia Social da Faculdade de Farm\u00e1cia da UFMG, abriu vagas para bolsas de extens\u00e3o para a gradua\u00e7\u00e3o e a p\u00f3s-gradua\u00e7\u00e3o.<\/p>\n<p>S\u00e3o oferecidas duas vagas, sendo uma para alunos da gradua\u00e7\u00e3o em farm\u00e1cia e uma para alunos da p\u00f3s-gradua\u00e7\u00e3o em Medicamentos e Assist\u00eancia Farmac\u00eautica (PPGMAF) da UFMG. Ambos devem estar matriculados e frequentes.<\/p>\n<p>Os candidatos dever\u00e3o anexar no formul\u00e1rio de inscri\u00e7\u00e3o:<\/p>\n<ul>\n<li>Curr\u00edculo;<\/li>\n<li>Breve texto dissertativo, com no m\u00e1ximo 2 (duas) p\u00e1ginas, sobre o que compreende da presta\u00e7\u00e3o de informa\u00e7\u00e3o t\u00e9cnico-cient\u00edfica sobre medicamentos, porque se interessa pela atividade e como pode contribuir para o trabalho do Cemed\/UFMG.<\/li>\n<\/ul>\n<p>As inscri\u00e7\u00f5es v\u00e3o<strong> at\u00e9 13 de julho <\/strong>por meio dos links:<\/p>\n<ul>\n<li><a href=\"https:\/\/docs.google.com\/forms\/d\/e\/1FAIpQLSdZFGbKLPAz9QFGKSOM20hWjvk-cLXCOPMLWrUoAxa5SWo0UA\/viewform\" target=\"_blank\" rel=\"noopener\">Gradua\u00e7\u00e3o;<\/a><\/li>\n<li><a href=\"https:\/\/docs.google.com\/forms\/d\/e\/1FAIpQLSfbmMlU6hgDfVXR9iQ0H9skN2W9cWBnJn-wzbevBGSIDEj6zw\/viewform\" target=\"_blank\" rel=\"noopener\">P\u00f3s gradua\u00e7\u00e3o.<\/a><\/li>\n<\/ul>\n<p>O resultado final ser\u00e1 divulgado no dia 14 de julho.<\/p>\n<p>Outras informa\u00e7\u00f5es est\u00e3o nas<a href=\"https:\/\/www.instagram.com\/cemedufmg\/\" target=\"_blank\" rel=\"noopener\"> redes sociais do Cemed.<\/a><\/p>\n","protected":false},"excerpt":{"rendered":"<p>O \u201cCentro de Estudos do Medicamento\u201d (Cemed), subordinado ao Departamento [&hellip;]<\/p>\n","protected":false},"author":2,"featured_media":0,"parent":0,"menu_order":0,"comment_status":"closed","ping_status":"closed","template":"","meta":[],"tags":[],"_links":{"self":[{"href":"https:\/\/www.ufmg.br\/proex\/wp-json\/wp\/v2\/pages\/9228"}],"collection":[{"href":"https:\/\/www.ufmg.br\/proex\/wp-json\/wp\/v2\/pages"}],"about":[{"href":"https:\/\/www.ufmg.br\/proex\/wp-json\/wp\/v2\/types\/page"}],"author":[{"embeddable":true,"href":"https:\/\/www.ufmg.br\/proex\/wp-json\/wp\/v2\/users\/2"}],"replies":[{"embeddable":true,"href":"https:\/\/www.ufmg.br\/proex\/wp-json\/wp\/v2\/comments?post=9228"}],"version-history":[{"count":1,"href":"https:\/\/www.ufmg.br\/proex\/wp-json\/wp\/v2\/pages\/9228\/revisions"}],"predecessor-version":[{"id":9231,"href":"https:\/\/www.ufmg.br\/proex\/wp-json\/wp\/v2\/pages\/9228\/revisions\/9231"}],"wp:attachment":[{"href":"https:\/\/www.ufmg.br\/proex\/wp-json\/wp\/v2\/media?parent=9228"}],"wp:term":[{"taxonomy":"post_tag","embeddable":true,"href":"https:\/\/www.ufmg.br\/proex\/wp-json\/wp\/v2\/tags?post=9228"}],"curies":[{"name":"wp","href":"https:\/\/api.w.org\/{rel}","templated":true}]}}