{"id":9257,"date":"2023-07-13T11:37:25","date_gmt":"2023-07-13T14:37:25","guid":{"rendered":"https:\/\/www.ufmg.br\/proex\/?page_id=9257"},"modified":"2023-08-14T13:53:49","modified_gmt":"2023-08-14T16:53:49","slug":"curso-de-extensao-ecologia-do-fogo","status":"publish","type":"page","link":"https:\/\/www.ufmg.br\/proex\/curso-de-extensao-ecologia-do-fogo\/","title":{"rendered":"Curso de extens\u00e3o Ecologia do fogo"},"content":{"rendered":"<p>O curso de extens\u00e3o \u201cEcologia do fogo\u201d, do Departamento de Gen\u00e9tica, Ecologias e Evolu\u00e7\u00e3o abriu vagas para <span dir=\"ltr\" role=\"presentation\">inscri\u00e7\u00f5es de candidato (a<\/span><span dir=\"ltr\" role=\"presentation\">) para 01 bolsa de extens\u00e3o na <\/span><span dir=\"ltr\" role=\"presentation\">modalidade PBEXT<\/span><span dir=\"ltr\" role=\"presentation\">&#8211;<\/span><span dir=\"ltr\" role=\"presentation\">AF.<\/span><\/p>\n<p>As vagas s\u00e3o destinadas \u00e0 estudantes que estejam regularmente matriculados no curso de Ci\u00eancias Ambientais (Ci\u00eancias Biol\u00f3gicas, Ci\u00eancias Socioambientais, Geologia, Geografia, F\u00edsica, Qu\u00edmica e Nutri\u00e7\u00e3o) da UFMG. As bolsas t\u00eam vig\u00eancia de <span dir=\"ltr\" role=\"presentation\">11 meses.<\/span><\/p>\n<p><span id=\"page3R_mcid11\" class=\"markedContent\"><span dir=\"ltr\" role=\"presentation\">As<\/span> <span dir=\"ltr\" role=\"presentation\">inscri\u00e7\u00f5es<\/span> <span dir=\"ltr\" role=\"presentation\">ser\u00e3o<\/span> <span dir=\"ltr\" role=\"presentation\">recebidas<\/span> \u00a0<span dir=\"ltr\" role=\"presentation\">pelo<\/span> <span dir=\"ltr\" role=\"presentation\">e<\/span><span dir=\"ltr\" role=\"presentation\">&#8211;<\/span><span dir=\"ltr\" role=\"presentation\">mail <a href=\"mailto:outcortes@outlook.com\">outcortes@outlook.com<\/a><\/span><\/span><span id=\"page3R_mcid13\" class=\"markedContent\"><span dir=\"ltr\" role=\"presentation\">,<\/span> <span dir=\"ltr\" role=\"presentation\">identificando<\/span><span dir=\"ltr\" role=\"presentation\">&#8211;<\/span><span dir=\"ltr\" role=\"presentation\">se no campo assunto<\/span> &#8220;<span dir=\"ltr\" role=\"presentation\">INSCRICAO EDITAL<\/span> <span dir=\"ltr\" role=\"presentation\">ECOLOGIA DO FOGO, <\/span><span dir=\"ltr\" role=\"presentation\">SIEX n\u00ba 101726 + NOME DO CANDIDATO&#8221; e,<\/span><span dir=\"ltr\" role=\"presentation\">\u00a0n<\/span><\/span><span id=\"page3R_mcid14\" class=\"markedContent\"><span dir=\"ltr\" role=\"presentation\">o ato da inscri\u00e7\u00e3o, os (as) candidatos(as) dever\u00e3o apresentar os seguintes documentos <\/span><span dir=\"ltr\" role=\"presentation\">digitalizados:<\/span><\/span><\/p>\n<ul>\n<li><span id=\"page3R_mcid15\" class=\"markedContent\"><span dir=\"ltr\" role=\"presentation\">Hist\u00f3rico Escolar;<\/span><\/span><\/li>\n<li><span id=\"page3R_mcid15\" class=\"markedContent\"><span id=\"page3R_mcid16\" class=\"markedContent\"><span dir=\"ltr\" role=\"presentation\">Texto contendo uma exposi\u00e7\u00e3o dos motivo<\/span><span dir=\"ltr\" role=\"presentation\">s que levaram o(a) estudante a pleitear sua <\/span><span dir=\"ltr\" role=\"presentation\">participa\u00e7\u00e3o na atividade, em uma lauda, com fonte Arial 12 e espa\u00e7amento entre linhas de <\/span><span dir=\"ltr\" role=\"presentation\">1,5;<\/span><\/span><\/span><\/li>\n<li><span id=\"page3R_mcid16\" class=\"markedContent\"><span id=\"page3R_mcid17\" class=\"markedContent\"><span dir=\"ltr\" role=\"presentation\">Declara\u00e7\u00e3o da Funda\u00e7\u00e3o Universit\u00e1ria Mendes Pimentel (FUMP).<\/span><\/span><\/span><\/li>\n<\/ul>\n<p>As inscri\u00e7\u00f5es v\u00e3o at\u00e9 o dia<strong> 17 de Agosto.<\/strong><\/p>\n<p><span dir=\"ltr\" role=\"presentation\">A sele\u00e7\u00e3o ser\u00e1 realizada no dia <strong>21\u00a0de agosto<\/strong> de 2023, segunda-feira, de 09 \u00e0s 12 horas em local e hor\u00e1rio que ser\u00e3o comunicado aos candidatos por e-mail. O resultado ser\u00e1 comunicado a(o)s candidatos(as) via e-mail na data de <strong>21\u00a0de agosto<\/strong> de 2023.<\/span><\/p>\n<p>Confira o <a href=\"https:\/\/www.ufmg.br\/proex\/wp-content\/uploads\/2023\/08\/Edital-Fogo.pdf\" target=\"_blank\" rel=\"noopener\">edital<\/a> com todas informa\u00e7\u00f5es.<\/p>\n<p>&nbsp;<\/p>\n<p>&nbsp;<\/p>\n","protected":false},"excerpt":{"rendered":"<p>O curso de extens\u00e3o \u201cEcologia do fogo\u201d, do Departamento de [&hellip;]<\/p>\n","protected":false},"author":2,"featured_media":0,"parent":0,"menu_order":0,"comment_status":"closed","ping_status":"closed","template":"","meta":[],"tags":[23],"_links":{"self":[{"href":"https:\/\/www.ufmg.br\/proex\/wp-json\/wp\/v2\/pages\/9257"}],"collection":[{"href":"https:\/\/www.ufmg.br\/proex\/wp-json\/wp\/v2\/pages"}],"about":[{"href":"https:\/\/www.ufmg.br\/proex\/wp-json\/wp\/v2\/types\/page"}],"author":[{"embeddable":true,"href":"https:\/\/www.ufmg.br\/proex\/wp-json\/wp\/v2\/users\/2"}],"replies":[{"embeddable":true,"href":"https:\/\/www.ufmg.br\/proex\/wp-json\/wp\/v2\/comments?post=9257"}],"version-history":[{"count":14,"href":"https:\/\/www.ufmg.br\/proex\/wp-json\/wp\/v2\/pages\/9257\/revisions"}],"predecessor-version":[{"id":9592,"href":"https:\/\/www.ufmg.br\/proex\/wp-json\/wp\/v2\/pages\/9257\/revisions\/9592"}],"wp:attachment":[{"href":"https:\/\/www.ufmg.br\/proex\/wp-json\/wp\/v2\/media?parent=9257"}],"wp:term":[{"taxonomy":"post_tag","embeddable":true,"href":"https:\/\/www.ufmg.br\/proex\/wp-json\/wp\/v2\/tags?post=9257"}],"curies":[{"name":"wp","href":"https:\/\/api.w.org\/{rel}","templated":true}]}}