{"id":9350,"date":"2023-07-18T14:42:45","date_gmt":"2023-07-18T17:42:45","guid":{"rendered":"https:\/\/www.ufmg.br\/proex\/?page_id=9350"},"modified":"2023-07-27T09:02:45","modified_gmt":"2023-07-27T12:02:45","slug":"praticas-pedagogicas-igc","status":"publish","type":"page","link":"https:\/\/www.ufmg.br\/proex\/praticas-pedagogicas-igc\/","title":{"rendered":"Pr\u00e1ticas Pedag\u00f3gicas em Geografia: interpreta\u00e7\u00f5es de espacialidades cotidianas"},"content":{"rendered":"<p><span dir=\"ltr\" role=\"presentation\">Est\u00e3o abertas as inscri\u00e7\u00f5es, at\u00e9 o dia <strong>1\u00b0 de agosto<\/strong>, para o processo seletivo de candidatos a 02 bolsas de extens\u00e3o do projeto GEPEGEO \u2013 Grupo de Ensino e Pesquisa em Geografia da UFMG, vinculado ao Departamento de Geografia do Instituto de Geoci\u00eancias(IGC) da UFMG.<\/span><\/p>\n<p><span dir=\"ltr\" role=\"presentation\">Ser\u00e3o destinadas 01 (uma) vaga para estudantes de gradua\u00e7\u00e3o e 01 (uma) vaga para estudantes de p\u00f3s gradua\u00e7\u00e3o.<\/span><\/p>\n<p><span dir=\"ltr\" role=\"presentation\">Poder\u00e3o inscrever-se alunos regularmente matriculados nos cursos de<\/span> <span dir=\"ltr\" role=\"presentation\">Gradua\u00e7\u00e3o e P\u00f3s-gradua\u00e7\u00e3o em <\/span><span dir=\"ltr\" role=\"presentation\">Geogra<\/span><span dir=\"ltr\" role=\"presentation\">fi<\/span><span dir=\"ltr\" role=\"presentation\">a<\/span> <span dir=\"ltr\" role=\"presentation\">da UFMG que:<\/span><\/p>\n<p><strong><span dir=\"ltr\" role=\"presentation\">GRADUA\u00c7\u00c3O<\/span><span dir=\"ltr\" role=\"presentation\">:<\/span><\/strong><\/p>\n<ul>\n<li><span dir=\"ltr\" role=\"presentation\">Estejam cursando do terceiro ao pen\u00falti<\/span><span dir=\"ltr\" role=\"presentation\">mo per\u00edodo;<\/span><\/li>\n<li><span dir=\"ltr\" role=\"presentation\">\u00a0Tenham disponibilidade para dedica\u00e7\u00e3o de 20hs\/semanais;<\/span><\/li>\n<li><span dir=\"ltr\" role=\"presentation\">Tenham interesse em trabalhar diretamente com a pesquisa, o ensino e a extens\u00e3o na \u00e1rea do ensino da <\/span><span dir=\"ltr\" role=\"presentation\">Geogra<\/span><span dir=\"ltr\" role=\"presentation\">fi<\/span><span dir=\"ltr\" role=\"presentation\">a;<\/span><\/li>\n<li><span dir=\"ltr\" role=\"presentation\">Tenham interesse em trabalhar diretamente com o desenvolvimento e aprimoramento das pol\u00edti<\/span><span dir=\"ltr\" role=\"presentation\">cas de <\/span><span dir=\"ltr\" role=\"presentation\">extens\u00e3o da UFMG;<\/span><\/li>\n<li><span dir=\"ltr\" role=\"presentation\">Sejam,<\/span> <span dir=\"ltr\" role=\"presentation\">necessariamente<\/span><span dir=\"ltr\" role=\"presentation\">, classi<\/span><span dir=\"ltr\" role=\"presentation\">fi<\/span><span dir=\"ltr\" role=\"presentation\">cados socioeconomicamente no n\u00edvel I, II ou III pela Funda\u00e7\u00e3o Universit\u00e1ria <\/span><span dir=\"ltr\" role=\"presentation\">Mendes Pimentel (FUMP) ou tenham ingressado na UFMG pelo sistema de cotas;<\/span><\/li>\n<li><span dir=\"ltr\" role=\"presentation\">Sejam comunicati<\/span><span dir=\"ltr\" role=\"presentation\">vas\/os e proati<\/span><span dir=\"ltr\" role=\"presentation\">vas\/os para dialogar com diferentes sujeitos;<\/span><\/li>\n<li><span dir=\"ltr\" role=\"presentation\">Tenham facilidade para leitura em l\u00edngua estrangeira, sobretudo, espanhol e ingl\u00eas;<\/span><\/li>\n<li><span dir=\"ltr\" role=\"presentation\">N\u00e3o estejam recebendo nenhum outro<\/span> ti<span dir=\"ltr\" role=\"presentation\">po de bolsa acad\u00eamica (projeto de extens\u00e3o e pesquisa) da UFMG <\/span><span dir=\"ltr\" role=\"presentation\">ou de outras fontes o<\/span><span dir=\"ltr\" role=\"presentation\">fi<\/span><span dir=\"ltr\" role=\"presentation\">ciais.<\/span><\/li>\n<\/ul>\n<p><strong><span dir=\"ltr\" role=\"presentation\">P\u00d3S-GRADUA\u00c7\u00c3O (MESTRADO OU DOUTORADO):<\/span><\/strong><\/p>\n<ul>\n<li><span dir=\"ltr\" role=\"presentation\">Estudantes de p\u00f3s-gradua\u00e7\u00e3o que,<\/span> <span dir=\"ltr\" role=\"presentation\">preferencialmente<\/span><span dir=\"ltr\" role=\"presentation\">, ingressaram na p\u00f3s-gradua\u00e7\u00e3o por meio das vagas <\/span><span dir=\"ltr\" role=\"presentation\">reservadas para<\/span> <span dir=\"ltr\" role=\"presentation\">a\u00e7\u00f5es a<\/span><span dir=\"ltr\" role=\"presentation\">fi<\/span><span dir=\"ltr\" role=\"presentation\">rmati<\/span><span dir=\"ltr\" role=\"presentation\">vas<\/span><span dir=\"ltr\" role=\"presentation\">;<\/span><\/li>\n<li><span dir=\"ltr\" role=\"presentation\">Tenham disponibilidade para dedica\u00e7\u00e3o de 12hs\/semanais;<\/span><\/li>\n<li><span dir=\"ltr\" role=\"presentation\">Estejam diretamente envolvidos com a pesquisa, o ensino e a extens\u00e3o na \u00e1rea do ensino da Geogra<\/span><span dir=\"ltr\" role=\"presentation\">fi<\/span><span dir=\"ltr\" role=\"presentation\">a;<\/span><\/li>\n<li><span dir=\"ltr\" role=\"presentation\">Tenham interesse em trabalhar diretamente com o desenvolvimento e aprimoramento das pol\u00edti<\/span><span dir=\"ltr\" role=\"presentation\">cas de <\/span><span dir=\"ltr\" role=\"presentation\">extens\u00e3o da UFMG;<\/span><\/li>\n<li><span dir=\"ltr\" role=\"presentation\">Sejam comunicati<\/span><span dir=\"ltr\" role=\"presentation\">vas\/os e proati<\/span><span dir=\"ltr\" role=\"presentation\">vas\/os para dialogar com diferentes sujeitos;<\/span><\/li>\n<li><span dir=\"ltr\" role=\"presentation\">Tenham facilidade para leitura em l\u00edngua estrangeira, sobretudo, ingl\u00eas;<\/span><\/li>\n<li><span dir=\"ltr\" role=\"presentation\">\u00a0Tenham elaborado e publicados arti<\/span><span dir=\"ltr\" role=\"presentation\">gos, textos e trabalhos acad\u00eamicos na \u00e1rea do ensino da Geogra<\/span><span dir=\"ltr\" role=\"presentation\">fi<\/span><span dir=\"ltr\" role=\"presentation\">a;<\/span><\/li>\n<li><span dir=\"ltr\" role=\"presentation\">Estejam regularmente matriculadas(dos).<\/span><\/li>\n<\/ul>\n<p><span dir=\"ltr\" role=\"presentation\">As<strong> inscri\u00e7\u00f5es<\/strong> ser\u00e3o efetuadas atrav\u00e9s do endere\u00e7o eletr\u00f4nico<\/span> <a href=\"mailto:cenex@igc.ufmg.br\" target=\"_blank\" rel=\"noopener\"><span dir=\"ltr\" role=\"presentation\">cenex@igc.ufmg.br<\/span><\/a><span dir=\"ltr\" role=\"presentation\"><strong>, <\/strong><\/span><span dir=\"ltr\" role=\"presentation\">anexando<\/span> <span dir=\"ltr\" role=\"presentation\">os <\/span><span dir=\"ltr\" role=\"presentation\">seguintes documentos em formato PDF:<\/span><\/p>\n<ul>\n<li><span dir=\"ltr\" role=\"presentation\">Documento de Identi<\/span><span dir=\"ltr\" role=\"presentation\">dade e CPF (c\u00f3pia);<\/span><\/li>\n<li><span dir=\"ltr\" role=\"presentation\">Curriculum Vitae no formato Latt<\/span><span dir=\"ltr\" role=\"presentation\">es\/CNPq;<\/span><\/li>\n<li><span dir=\"ltr\" role=\"presentation\">Hist\u00f3rico Escolar;<\/span><\/li>\n<li><span dir=\"ltr\" role=\"presentation\">Declara\u00e7\u00e3o da Funda\u00e7\u00e3o Universit\u00e1ria Mendes Pimentel (FUMP) indicando o n\u00edvel socioecon\u00f4mico da\/o <\/span><span dir=\"ltr\" role=\"presentation\">discente \u2013 se n\u00edvel I, II, ou, no III e\/ou se a\/o discente ingressou na UFMG pelo sistema de cotas, quando <\/span><span dir=\"ltr\" role=\"presentation\">for o caso, para o candidato estar eleg\u00edvel para a bolsa de A\u00e7\u00f5es A<\/span><span dir=\"ltr\" role=\"presentation\">fi<\/span><span dir=\"ltr\" role=\"presentation\">rmati<\/span><span dir=\"ltr\" role=\"presentation\">vas; <\/span><\/li>\n<li><span dir=\"ltr\" role=\"presentation\">Ficha digitada contendo os seguintes dados: nome completo, e-mail, n\u00famero de matr\u00edcula UFMG, <\/span><span dir=\"ltr\" role=\"presentation\">DDD\/telefone de contato, n\u00famero do CPF; <\/span><\/li>\n<li><span dir=\"ltr\" role=\"presentation\">Carta de inten\u00e7\u00f5es: texto indicando moti<\/span><span dir=\"ltr\" role=\"presentation\">vos e interesses em parti<\/span><span dir=\"ltr\" role=\"presentation\">cipar do projeto.<\/span><\/li>\n<\/ul>\n<p><span dir=\"ltr\" role=\"presentation\"><strong>OBS:<\/strong> \u00c9 imprescind\u00edvel que o candidato coloque como assunto do e-mail &#8220;<strong>EDITAL N\u00ba 1645\/2023<\/strong>&#8220;<\/span><\/p>\n<p>Para mais informa\u00e7\u00f5es acesse o <a href=\"https:\/\/www.ufmg.br\/proex\/wp-content\/uploads\/2023\/07\/Edital-no-1645-2023-IGC-CNX-UFMG.pdf\" target=\"_blank\" rel=\"noopener\">edital<\/a> .<\/p>\n","protected":false},"excerpt":{"rendered":"<p>Est\u00e3o abertas as inscri\u00e7\u00f5es, at\u00e9 o dia 1\u00b0 de agosto, [&hellip;]<\/p>\n","protected":false},"author":2,"featured_media":0,"parent":0,"menu_order":0,"comment_status":"closed","ping_status":"closed","template":"","meta":[],"tags":[],"_links":{"self":[{"href":"https:\/\/www.ufmg.br\/proex\/wp-json\/wp\/v2\/pages\/9350"}],"collection":[{"href":"https:\/\/www.ufmg.br\/proex\/wp-json\/wp\/v2\/pages"}],"about":[{"href":"https:\/\/www.ufmg.br\/proex\/wp-json\/wp\/v2\/types\/page"}],"author":[{"embeddable":true,"href":"https:\/\/www.ufmg.br\/proex\/wp-json\/wp\/v2\/users\/2"}],"replies":[{"embeddable":true,"href":"https:\/\/www.ufmg.br\/proex\/wp-json\/wp\/v2\/comments?post=9350"}],"version-history":[{"count":2,"href":"https:\/\/www.ufmg.br\/proex\/wp-json\/wp\/v2\/pages\/9350\/revisions"}],"predecessor-version":[{"id":9406,"href":"https:\/\/www.ufmg.br\/proex\/wp-json\/wp\/v2\/pages\/9350\/revisions\/9406"}],"wp:attachment":[{"href":"https:\/\/www.ufmg.br\/proex\/wp-json\/wp\/v2\/media?parent=9350"}],"wp:term":[{"taxonomy":"post_tag","embeddable":true,"href":"https:\/\/www.ufmg.br\/proex\/wp-json\/wp\/v2\/tags?post=9350"}],"curies":[{"name":"wp","href":"https:\/\/api.w.org\/{rel}","templated":true}]}}