{"id":9359,"date":"2023-07-20T09:33:30","date_gmt":"2023-07-20T12:33:30","guid":{"rendered":"https:\/\/www.ufmg.br\/proex\/?page_id=9359"},"modified":"2023-10-23T13:14:51","modified_gmt":"2023-10-23T16:14:51","slug":"cenex-fale-area-frances","status":"publish","type":"page","link":"https:\/\/www.ufmg.br\/proex\/cenex-fale-area-frances\/","title":{"rendered":"CENEX\/FALE &#8211; L\u00edngua francesa"},"content":{"rendered":"<p>Est\u00e3o abertas as inscri\u00e7\u00f5es para a sele\u00e7\u00e3o de bolsistas junto ao CENEX\/FALE, na \u00e1rea da l\u00edngua francesa.<\/p>\n<p><strong>Podem participar:<\/strong><\/p>\n<ul>\n<li>\u00a0Alunos(as) regularmente matriculados na\u00a0<strong>gradua\u00e7\u00e3o\u00a0de Letras<\/strong> da UFMG (habilita\u00e7\u00e3o em Franc\u00eas &#8211; licenciatura ou bacharelado), que tenham cursado, com aprova\u00e7\u00e3o, ou que esteja cursando a disciplina L\u00edngua Francesa III;<\/li>\n<li>Alunos(as) de\u00a0<strong>outras habilita\u00e7\u00f5es\u00a0<\/strong>ou que sejam vinculados \u00e0\u00a0<strong>p\u00f3s-gradua\u00e7\u00e3o\u00a0da FALE\/UFMG<\/strong>, mediante comprova\u00e7\u00e3o de matr\u00edcula no respectivo curso e comprova\u00e7\u00e3o dos certificados de profici\u00eancia em L\u00edngua Francesa.<\/li>\n<\/ul>\n<p>As <strong>inscri\u00e7\u00f5es <\/strong>v\u00e3o at\u00e9 o<strong> dia 06 de novembro<\/strong>\u00a0e poder\u00e3o ser feitas atrav\u00e9s do formul\u00e1rio online dispon\u00edvel no link: <a href=\"https:\/\/docs.google.com\/forms\/d\/e\/1FAIpQLSd58y3HXG2Aou0BA5BYP__4Q5pf2to-4UFIRpbneG5RWhso7g\/viewform\" target=\"_blank\" rel=\"noopener\">clique aqui<\/a><\/p>\n<p>O(A) candidato(a) deve anexar, no ato da inscri\u00e7\u00e3o, a documenta\u00e7\u00e3o a seguir:<\/p>\n<ul>\n<li><strong>Gradua\u00e7\u00e3o<\/strong> &#8211; c\u00f3pia do comprovante de matr\u00edcula do semestre e hist\u00f3rico escolar (ser\u00e1 aceito o hist\u00f3rico escolar emitido pela Internet);<\/li>\n<li><strong>Outra habilita\u00e7\u00e3o e p\u00f3s-gradua\u00e7\u00e3o<\/strong> &#8211; c\u00f3pia do comprovante de matr\u00edcula do semestre, hist\u00f3rico escolar e comprovante de profici\u00eancia em Alem\u00e3o.<\/li>\n<\/ul>\n<p>O resultado ser\u00e1 informado por e-mail pela Secretaria do CENEX no dia 29 de novembro.<\/p>\n<p>Para mais informa\u00e7\u00f5es e d\u00favidas acesse o <a href=\"https:\/\/www.ufmg.br\/proex\/wp-content\/uploads\/2023\/10\/03-10-23-Edital-107-2023-Estag-Frances.pdf\" target=\"_blank\" rel=\"noopener\">edital <\/a>ou entre em contato com <span id=\"cloak9bb2eec3d43783a1d9b955b662365c54\"><span id=\"cloak086a02c6e1e01d4fd9388745f110eb0e\"><span id=\"cloak70ce8bec3d2ccd0d79975660c9932694\"><a href=\"mailto:atendimento2cenex@gmail.com\" target=\"_blank\" rel=\"noopener\">atendimento2cenex@gmail.com <\/a><\/span><\/span><\/span><\/p>\n","protected":false},"excerpt":{"rendered":"<p>Est\u00e3o abertas as inscri\u00e7\u00f5es para a sele\u00e7\u00e3o de bolsistas junto [&hellip;]<\/p>\n","protected":false},"author":2,"featured_media":0,"parent":0,"menu_order":0,"comment_status":"closed","ping_status":"closed","template":"","meta":[],"tags":[],"_links":{"self":[{"href":"https:\/\/www.ufmg.br\/proex\/wp-json\/wp\/v2\/pages\/9359"}],"collection":[{"href":"https:\/\/www.ufmg.br\/proex\/wp-json\/wp\/v2\/pages"}],"about":[{"href":"https:\/\/www.ufmg.br\/proex\/wp-json\/wp\/v2\/types\/page"}],"author":[{"embeddable":true,"href":"https:\/\/www.ufmg.br\/proex\/wp-json\/wp\/v2\/users\/2"}],"replies":[{"embeddable":true,"href":"https:\/\/www.ufmg.br\/proex\/wp-json\/wp\/v2\/comments?post=9359"}],"version-history":[{"count":4,"href":"https:\/\/www.ufmg.br\/proex\/wp-json\/wp\/v2\/pages\/9359\/revisions"}],"predecessor-version":[{"id":10707,"href":"https:\/\/www.ufmg.br\/proex\/wp-json\/wp\/v2\/pages\/9359\/revisions\/10707"}],"wp:attachment":[{"href":"https:\/\/www.ufmg.br\/proex\/wp-json\/wp\/v2\/media?parent=9359"}],"wp:term":[{"taxonomy":"post_tag","embeddable":true,"href":"https:\/\/www.ufmg.br\/proex\/wp-json\/wp\/v2\/tags?post=9359"}],"curies":[{"name":"wp","href":"https:\/\/api.w.org\/{rel}","templated":true}]}}