{"id":9408,"date":"2023-07-27T11:22:50","date_gmt":"2023-07-27T14:22:50","guid":{"rendered":"https:\/\/www.ufmg.br\/proex\/?page_id=9408"},"modified":"2023-07-27T11:24:08","modified_gmt":"2023-07-27T14:24:08","slug":"cenex-fale-projeto-comunicacao-digital-da-extensao-universitaria","status":"publish","type":"page","link":"https:\/\/www.ufmg.br\/proex\/cenex-fale-projeto-comunicacao-digital-da-extensao-universitaria\/","title":{"rendered":"CENEX\/FALE &#8211; Projeto \u201cComunica\u00e7\u00e3o Digital da Extens\u00e3o Universit\u00e1ria&#8221;"},"content":{"rendered":"<p>Est\u00e3o abertas as inscri\u00e7\u00f5es para a sele\u00e7\u00e3o de um bolsistas para o Projeto \u201cComunica\u00e7\u00e3o Digital da Extens\u00e3o Universit\u00e1ria&#8221;(CENEX\/FALE).<\/p>\n<p>As inscri\u00e7\u00f5es v\u00e3o at\u00e9 o dia <strong>09 de agosto<\/strong> de 2023, por meio de <a href=\"https:\/\/docs.google.com\/forms\/d\/e\/1FAIpQLSelqduNyDVG7A-DqeeqTefF4d1dCUQduXUpe2fRGgDrKhi4WQ\/viewform\" target=\"_blank\" rel=\"noopener\">formul\u00e1rio online<\/a>.<\/p>\n<p><strong>Quem pode participar: <\/strong>Alunos(as) regularmente matriculados(as) nas gradua\u00e7\u00f5es de Letras, Artes Visuais, Comunica\u00e7\u00e3o Social, Design, Jornalismo, Publicidade e Propaganda e Rela\u00e7\u00f5es P\u00fablicas, que tenham disponibilidade de 20 horas semanais.<\/p>\n<p><strong>Documentos: <\/strong>O(A) candidato(a) deve anexar, no ato da inscri\u00e7\u00e3o, a documenta\u00e7\u00e3o a seguir:<\/p>\n<ul>\n<li>C\u00f3pia do comprovante de matr\u00edcula do semestre em curso;<\/li>\n<li>Hist\u00f3rico escolar;<\/li>\n<li>Carta de inten\u00e7\u00f5es explicando seu interesse em trabalhar com a produ\u00e7\u00e3o de conte\u00fado digital e gest\u00e3o de m\u00eddias sociais.<\/li>\n<\/ul>\n<p><strong>Forma de sele\u00e7\u00e3o:<\/strong> Consistir\u00e1 (1) na avalia\u00e7\u00e3o dos documentos dos candidatos e da carta de inten\u00e7\u00f5es e (2) entrevista &#8211;\u00a0 Dia 11\/08, \u00e0s 14h, pelo Google Meet.<\/p>\n<p>Para mais informa\u00e7\u00f5es acesse o <a href=\"https:\/\/www.ufmg.br\/proex\/wp-content\/uploads\/2023\/07\/ED-080-2023-Projeto-Comunicacao-Digital-Ext-Univ.pdf\" target=\"_blank\" rel=\"noopener\">edital.<\/a><span id=\"cloak9bb2eec3d43783a1d9b955b662365c54\"><span id=\"cloak086a02c6e1e01d4fd9388745f110eb0e\"><span id=\"cloak32bcaefd9d3519009c1b67aa18c5b8dc\"><span id=\"cloak4b19dc4a423638ac998a0123c432c22e\"><span id=\"cloak29ac81df27d75b586af9240a6081f704\"><\/span><\/span><\/span><\/span><\/span><\/p>\n<p>Caso reste d\u00favidas, entre em conato com <a href=\"mailto:atendimento2cenex@gmail.com\" target=\"_blank\" rel=\"noopener\">atendimento2cenex@gmail.com<\/a>.<\/p>\n","protected":false},"excerpt":{"rendered":"<p>Est\u00e3o abertas as inscri\u00e7\u00f5es para a sele\u00e7\u00e3o de um bolsistas [&hellip;]<\/p>\n","protected":false},"author":2,"featured_media":0,"parent":0,"menu_order":0,"comment_status":"closed","ping_status":"closed","template":"","meta":[],"tags":[],"_links":{"self":[{"href":"https:\/\/www.ufmg.br\/proex\/wp-json\/wp\/v2\/pages\/9408"}],"collection":[{"href":"https:\/\/www.ufmg.br\/proex\/wp-json\/wp\/v2\/pages"}],"about":[{"href":"https:\/\/www.ufmg.br\/proex\/wp-json\/wp\/v2\/types\/page"}],"author":[{"embeddable":true,"href":"https:\/\/www.ufmg.br\/proex\/wp-json\/wp\/v2\/users\/2"}],"replies":[{"embeddable":true,"href":"https:\/\/www.ufmg.br\/proex\/wp-json\/wp\/v2\/comments?post=9408"}],"version-history":[{"count":2,"href":"https:\/\/www.ufmg.br\/proex\/wp-json\/wp\/v2\/pages\/9408\/revisions"}],"predecessor-version":[{"id":9411,"href":"https:\/\/www.ufmg.br\/proex\/wp-json\/wp\/v2\/pages\/9408\/revisions\/9411"}],"wp:attachment":[{"href":"https:\/\/www.ufmg.br\/proex\/wp-json\/wp\/v2\/media?parent=9408"}],"wp:term":[{"taxonomy":"post_tag","embeddable":true,"href":"https:\/\/www.ufmg.br\/proex\/wp-json\/wp\/v2\/tags?post=9408"}],"curies":[{"name":"wp","href":"https:\/\/api.w.org\/{rel}","templated":true}]}}