{"id":9413,"date":"2023-07-31T16:04:39","date_gmt":"2023-07-31T19:04:39","guid":{"rendered":"https:\/\/www.ufmg.br\/proex\/?page_id=9413"},"modified":"2023-07-31T16:04:39","modified_gmt":"2023-07-31T19:04:39","slug":"mcm-ciencias-educacao-e-promocao-social","status":"publish","type":"page","link":"https:\/\/www.ufmg.br\/proex\/mcm-ciencias-educacao-e-promocao-social\/","title":{"rendered":"MCM: Ci\u00eancias, Educa\u00e7\u00e3o e Promo\u00e7\u00e3o Social"},"content":{"rendered":"<p>O Museu de Ci\u00eancias Morfol\u00f3gicas (MCM), do Instituto de Ci\u00eancias Biol\u00f3gicas (ICB) da UFMG, est\u00e1 com inscri\u00e7\u00f5es abertas, at\u00e9 o<strong> dia 8 de agosto<\/strong>, \u00a0do processo de sele\u00e7\u00e3o para bolsistas de extens\u00e3o do programa: \u201cMCM: Ci\u00eancia, Educa\u00e7\u00e3o e Promo\u00e7\u00e3o Social\u201d.<\/p>\n<p>S\u00e3o 4 vagas de bolsa PBEXT, destinadas a estudantes regularmente matriculados e cursando Ci\u00eancias Biol\u00f3gicas, Biomedicina e Farm\u00e1cia na UFMG.<\/p>\n<p><strong>Inscri\u00e7\u00f5es<\/strong><\/p>\n<p>As inscri\u00e7\u00f5es dever\u00e3o ser enviadas para o e-mail: e-mail: mcmagendamento@icb.ufmg.br, identificando-se no campo Assunto &#8220;Sele\u00e7\u00e3o Bolsista&#8221; e com a seguinte rela\u00e7\u00e3o de documentos:<\/p>\n<p><strong>a)<\/strong> Anexo 1 &#8211; Hist\u00f3rico Escolar;<br \/>\n<strong>b)<\/strong> Anexo 2 &#8211; Texto contendo uma exposi\u00e7\u00e3o dos motivos que levaram o(a) estudante a pleitear sua participa\u00e7\u00e3o no programa do Museu de Ci\u00eancias Morfol\u00f3gicas (lauda, com fonte Arial 12, m\u00e1ximo de 25 linhas e espa\u00e7amento de 1,5);<br \/>\n<strong>c)<\/strong> Anexo 3 &#8211; Tabela informando a disponibilidade semanal de hor\u00e1rios \u2013 de ter\u00e7as a sextas-feiras (manh\u00e3s e\/ou tardes) e\/ou quintas-feiras (noite) para o cumprimento de 20 horas semanais<\/p>\n<p><strong>Sele\u00e7\u00e3o<\/strong><\/p>\n<p>A sele\u00e7\u00e3o ser\u00e1 realizada no dia 09\/08 (quarta-feira), em local e hor\u00e1rio a serem informados aos candidatos por e-mail. O resultado ser\u00e1 comunicado aos candidatos via e-mail at\u00e9 o dia 14 de agosto de 2023.<\/p>\n<p>Saiba mais consultando o<a href=\"https:\/\/www.ufmg.br\/proex\/wp-content\/uploads\/2023\/07\/Edital-MCM-08_2023-.pdf\" target=\"_blank\" rel=\"noopener\"> edital<\/a> do processo seletivo.<\/p>\n<p>&nbsp;<\/p>\n<p>&nbsp;<\/p>\n<p>&nbsp;<\/p>\n","protected":false},"excerpt":{"rendered":"<p>O Museu de Ci\u00eancias Morfol\u00f3gicas (MCM), do Instituto de Ci\u00eancias [&hellip;]<\/p>\n","protected":false},"author":2,"featured_media":0,"parent":0,"menu_order":0,"comment_status":"closed","ping_status":"closed","template":"","meta":[],"tags":[],"_links":{"self":[{"href":"https:\/\/www.ufmg.br\/proex\/wp-json\/wp\/v2\/pages\/9413"}],"collection":[{"href":"https:\/\/www.ufmg.br\/proex\/wp-json\/wp\/v2\/pages"}],"about":[{"href":"https:\/\/www.ufmg.br\/proex\/wp-json\/wp\/v2\/types\/page"}],"author":[{"embeddable":true,"href":"https:\/\/www.ufmg.br\/proex\/wp-json\/wp\/v2\/users\/2"}],"replies":[{"embeddable":true,"href":"https:\/\/www.ufmg.br\/proex\/wp-json\/wp\/v2\/comments?post=9413"}],"version-history":[{"count":1,"href":"https:\/\/www.ufmg.br\/proex\/wp-json\/wp\/v2\/pages\/9413\/revisions"}],"predecessor-version":[{"id":9415,"href":"https:\/\/www.ufmg.br\/proex\/wp-json\/wp\/v2\/pages\/9413\/revisions\/9415"}],"wp:attachment":[{"href":"https:\/\/www.ufmg.br\/proex\/wp-json\/wp\/v2\/media?parent=9413"}],"wp:term":[{"taxonomy":"post_tag","embeddable":true,"href":"https:\/\/www.ufmg.br\/proex\/wp-json\/wp\/v2\/tags?post=9413"}],"curies":[{"name":"wp","href":"https:\/\/api.w.org\/{rel}","templated":true}]}}