{"id":9423,"date":"2023-08-01T14:54:30","date_gmt":"2023-08-01T17:54:30","guid":{"rendered":"https:\/\/www.ufmg.br\/proex\/?page_id=9423"},"modified":"2023-08-01T15:16:03","modified_gmt":"2023-08-01T18:16:03","slug":"programa-acoes-de-extensao-da-liga-de-saude-coletiva","status":"publish","type":"page","link":"https:\/\/www.ufmg.br\/proex\/programa-acoes-de-extensao-da-liga-de-saude-coletiva\/","title":{"rendered":"Programa A\u00e7\u00f5es de Extens\u00e3o da Liga de Sa\u00fade Coletiva"},"content":{"rendered":"<p><span dir=\"ltr\" role=\"presentation\">Est\u00e3o abertas as inscri\u00e7\u00f5es, at\u00e9 o dia <strong>8<\/strong><strong>\u00a0de agosto<\/strong>, para o processo seletivo de candidatos a 02 bolsas de extens\u00e3o do Programa A\u00e7\u00f5es de Extens\u00e3o da Liga de Sa\u00fade Coletiva-LiASC.<\/span><\/p>\n<p><span dir=\"ltr\" role=\"presentation\">Ser\u00e3o destinadas 1 bolsa de extens\u00e3o de gradua\u00e7\u00e3o na modalidade PBEXT-A\u00c7\u00c3O AFIRMATIVA e 1 bolsa de p\u00f3s-gradua\u00e7\u00e3o como incentivo financeiro na forma de complementa\u00e7\u00e3o de bolsa mensal de apoio \u00e0 extens\u00e3o denominada bolsa FORMEX-PG.<\/span><\/p>\n<p><span dir=\"ltr\" role=\"presentation\">O per\u00edodo de vig\u00eancia da bolsa ser\u00e1 de agosto de 2023 a julho de 2024. <\/span><\/p>\n<p><span dir=\"ltr\" role=\"presentation\">Poder\u00e3o inscrever-se alunos regularmente matriculados nos cursos de<\/span>\u00a0<span dir=\"ltr\" role=\"presentation\">Gradua\u00e7\u00e3o (2\u00ba a 8\u00ba per\u00edodo) e P\u00f3s-gradua\u00e7\u00e3o em Medicina, Enfermagem, Biomedicina, Fisioterapia, Fonoaudiologia, Psicologia, Farm\u00e1cia, Terapia Ocupacional, Gest\u00e3o de Servi\u00e7os de Sa\u00fade, Odontologia, Curso Superior de Tecnologia em Radiologia e Nutri\u00e7\u00e3o da UFMG.<\/span><\/p>\n<p><span dir=\"ltr\" role=\"presentation\">As<strong>\u00a0inscri\u00e7\u00f5es<\/strong>\u00a0ser\u00e3o efetuadas atrav\u00e9s do endere\u00e7o eletr\u00f4nico<\/span> ufmgliasc@gmail.com, <span dir=\"ltr\" role=\"presentation\">anexando<\/span>\u00a0<span dir=\"ltr\" role=\"presentation\">os\u00a0<\/span><span dir=\"ltr\" role=\"presentation\">seguintes documentos em formato PDF:<\/span><\/p>\n<ul>\n<li><span dir=\"ltr\" role=\"presentation\">Curriculum Vitae completo ou\u00a0<\/span>Curriculum lattes (incuindo dados pessoais, telefones de contatos e e-mails utilizados)<\/li>\n<li><span dir=\"ltr\" role=\"presentation\">Declara\u00e7\u00e3o da Funda\u00e7\u00e3o Universit\u00e1ria Mendes Pimentel (FUMP) indicando o n\u00edvel socioecon\u00f4mico da\/o\u00a0<\/span><span dir=\"ltr\" role=\"presentation\">discente \u2013 se n\u00edvel I, II, ou, no III e\/ou se a\/o discente ingressou na UFMG pelo sistema de cotas;<\/span><\/li>\n<li>Comprovante de ingresso na UFMG para os p\u00f3s-graduandos;<\/li>\n<li><span dir=\"ltr\" role=\"presentation\">T<\/span>exto cr\u00edtico\u00a0sobre tema da sa\u00fade coletiva<\/li>\n<\/ul>\n<p>Para mais informa\u00e7\u00f5es acesse o<a href=\"https:\/\/www.ufmg.br\/proex\/wp-content\/uploads\/2023\/08\/Edital-para-selecao-de-bolsistas-Edital-No2-2023-FORMEX-final.pdf\" target=\"_blank\" rel=\"noopener\">\u00a0edital.<\/a><\/p>\n","protected":false},"excerpt":{"rendered":"<p>Est\u00e3o abertas as inscri\u00e7\u00f5es, at\u00e9 o dia 8\u00a0de agosto, para [&hellip;]<\/p>\n","protected":false},"author":2,"featured_media":0,"parent":0,"menu_order":0,"comment_status":"closed","ping_status":"closed","template":"","meta":[],"tags":[],"_links":{"self":[{"href":"https:\/\/www.ufmg.br\/proex\/wp-json\/wp\/v2\/pages\/9423"}],"collection":[{"href":"https:\/\/www.ufmg.br\/proex\/wp-json\/wp\/v2\/pages"}],"about":[{"href":"https:\/\/www.ufmg.br\/proex\/wp-json\/wp\/v2\/types\/page"}],"author":[{"embeddable":true,"href":"https:\/\/www.ufmg.br\/proex\/wp-json\/wp\/v2\/users\/2"}],"replies":[{"embeddable":true,"href":"https:\/\/www.ufmg.br\/proex\/wp-json\/wp\/v2\/comments?post=9423"}],"version-history":[{"count":3,"href":"https:\/\/www.ufmg.br\/proex\/wp-json\/wp\/v2\/pages\/9423\/revisions"}],"predecessor-version":[{"id":9432,"href":"https:\/\/www.ufmg.br\/proex\/wp-json\/wp\/v2\/pages\/9423\/revisions\/9432"}],"wp:attachment":[{"href":"https:\/\/www.ufmg.br\/proex\/wp-json\/wp\/v2\/media?parent=9423"}],"wp:term":[{"taxonomy":"post_tag","embeddable":true,"href":"https:\/\/www.ufmg.br\/proex\/wp-json\/wp\/v2\/tags?post=9423"}],"curies":[{"name":"wp","href":"https:\/\/api.w.org\/{rel}","templated":true}]}}