{"id":9447,"date":"2023-08-01T15:08:55","date_gmt":"2023-08-01T18:08:55","guid":{"rendered":"https:\/\/www.ufmg.br\/proex\/?page_id=9447"},"modified":"2024-08-06T15:55:09","modified_gmt":"2024-08-06T18:55:09","slug":"brigada-cipo","status":"publish","type":"page","link":"https:\/\/www.ufmg.br\/proex\/brigada-cipo\/","title":{"rendered":"Apoio \u00e0 Brigada Volunt\u00e1ria Cip\u00f3"},"content":{"rendered":"<p>Est\u00e3o abertas as inscri\u00e7\u00f5es de processo de sele\u00e7\u00e3o de candidatos (as) a duas bolsas para o projeto <em>Apoio \u00e0 Brigada Volunt\u00e1ria Cip\u00f3: Educa\u00e7\u00e3o ambiental, preven\u00e7\u00e3o e combate a inc\u00eandios <\/em>(Bolsa PBEXT A\u00e7\u00e3o Afirmativa)<em>.<\/em><\/p>\n<p>Inscri\u00e7\u00f5es v\u00e3o <strong>at\u00e9 9 de agosto de 2024.<\/strong><\/p>\n<p>Podem se inscrever estudantes de gradua\u00e7\u00e3o dos seguintes cursos: Psicologia, Geografia, Ci\u00eancias Socioambientais, Design, Ci\u00eancias Biol\u00f3gicas, Veterin\u00e1ria, Comunica\u00e7\u00e3o Social, Publicidade e Propaganda, Artes Visuais ou outros.<\/p>\n<p>A oportunidade \u00e9 destinada exclusivamente a estudantes de gradua\u00e7\u00e3o m\u00e3es com crian\u00e7a em idade escolar, estudantes travestis e transexuais, estudantes com defici\u00eancia, estudantes ind\u00edgenas ou quilombolas, estudantes que ingressaram na UFMG pelo sistema de cotas e\/ou classificados socioeconomicamente no n\u00edvel I, II ou III pela Funda\u00e7\u00e3o Universit\u00e1ria Mendes Pimentel (FUMP).<\/p>\n<p><strong>Inscri\u00e7\u00f5es<\/strong><\/p>\n<p>Os (as) interessados (as) devem enviar documenta\u00e7\u00e3o (por e-mail\u00a0<a href=\"mailto:laudiamayorga@ufmg.br\">claudiamayorga@ufmg.br<\/a>):<br \/>\n&#8211; Documento de Identidade e CPF;<br \/>\n&#8211; Hist\u00f3rico Escolar;<br \/>\n&#8211; Carta de inten\u00e7\u00f5es<br \/>\n&#8211; \u00c9 imprescind\u00edvel que o(a) candidato(a) informe o nome do projeto no assunto do email.<\/p>\n<p>As informa\u00e7\u00f5es completas est\u00e3o no <a href=\"https:\/\/www.ufmg.br\/proex\/wp-content\/uploads\/2024\/08\/EDITAL-DE-SELEC\u0327A\u0303O-PARA-BOLSISTAS-DE-EXTENSA\u0303O-\u2013-PROGRAMA-DEMOCRATIZAR.pdf\" target=\"_blank\" rel=\"noopener\">edital de sele\u00e7\u00e3o.<\/a><\/p>\n<p><strong>Sobre o projeto<\/strong><\/p>\n<p>Vinculado ao N\u00facleo de Ensino, Pesquisa e Extens\u00e3o Conex\u00f5es de Saberes, do Departamento de Psicologia\/UFMG, o projeto atua com a <a href=\"https:\/\/www.instagram.com\/brigada_cipo\/?hl=fr\" target=\"_blank\" rel=\"noopener\">Brigada Cip\u00f3<\/a> no Parque Natural Municipal Mata da Tapera, na Serra do Cip\u00f3\/MG.<\/p>\n<p>Em parceria com as comunidades locais, a iniciativa desenvolve atividades de educa\u00e7\u00e3o ambiental, como oficinas educativas, rodas de conversa, a\u00e7\u00f5es de reflorestamento e de combate e preven\u00e7\u00e3o de inc\u00eandios florestais, passeios guiados, entre outras.<\/p>\n<p>&nbsp;<\/p>\n<p>&nbsp;<\/p>\n","protected":false},"excerpt":{"rendered":"<p>Est\u00e3o abertas as inscri\u00e7\u00f5es de processo de sele\u00e7\u00e3o de candidatos [&hellip;]<\/p>\n","protected":false},"author":2,"featured_media":0,"parent":0,"menu_order":0,"comment_status":"closed","ping_status":"closed","template":"","meta":[],"tags":[23,25,29],"_links":{"self":[{"href":"https:\/\/www.ufmg.br\/proex\/wp-json\/wp\/v2\/pages\/9447"}],"collection":[{"href":"https:\/\/www.ufmg.br\/proex\/wp-json\/wp\/v2\/pages"}],"about":[{"href":"https:\/\/www.ufmg.br\/proex\/wp-json\/wp\/v2\/types\/page"}],"author":[{"embeddable":true,"href":"https:\/\/www.ufmg.br\/proex\/wp-json\/wp\/v2\/users\/2"}],"replies":[{"embeddable":true,"href":"https:\/\/www.ufmg.br\/proex\/wp-json\/wp\/v2\/comments?post=9447"}],"version-history":[{"count":21,"href":"https:\/\/www.ufmg.br\/proex\/wp-json\/wp\/v2\/pages\/9447\/revisions"}],"predecessor-version":[{"id":13410,"href":"https:\/\/www.ufmg.br\/proex\/wp-json\/wp\/v2\/pages\/9447\/revisions\/13410"}],"wp:attachment":[{"href":"https:\/\/www.ufmg.br\/proex\/wp-json\/wp\/v2\/media?parent=9447"}],"wp:term":[{"taxonomy":"post_tag","embeddable":true,"href":"https:\/\/www.ufmg.br\/proex\/wp-json\/wp\/v2\/tags?post=9447"}],"curies":[{"name":"wp","href":"https:\/\/api.w.org\/{rel}","templated":true}]}}