{"id":9482,"date":"2023-08-03T14:58:51","date_gmt":"2023-08-03T17:58:51","guid":{"rendered":"https:\/\/www.ufmg.br\/proex\/?page_id=9482"},"modified":"2023-08-03T14:58:51","modified_gmt":"2023-08-03T17:58:51","slug":"bolsista-de-som-espaco-do-conhecimento","status":"publish","type":"page","link":"https:\/\/www.ufmg.br\/proex\/bolsista-de-som-espaco-do-conhecimento\/","title":{"rendered":"Bolsista de Som &#8211; Espa\u00e7o do Conhecimento"},"content":{"rendered":"<p>Est\u00e3o abertas as inscri\u00e7\u00f5es para exame de sele\u00e7\u00e3o de bolsistas de Extens\u00e3o do Programa \u201cEspa\u00e7o do Conhecimento UFMG\u201d. O programa tem 1 (uma) vaga para atuar no N\u00facleo de Comunica\u00e7\u00e3o e Design, sendo relativa a fun\u00e7\u00e3o de bolsista de som (produ\u00e7\u00e3o de podcasts, capta\u00e7\u00e3o e edi\u00e7\u00e3o de som).<\/p>\n<p>As inscri\u00e7\u00f5es v\u00e3o at\u00e9 o dia <strong>11<\/strong><strong>\/08\/2023<\/strong> e as atividades tem previs\u00e3o de in\u00edcio em setembro.<\/p>\n<p>O candidato deve estar matriculado em <strong>qualquer curso<\/strong> de gradua\u00e7\u00e3o da UFMG, ter disponibilidade de 20 horas semanais e possuir computador com acesso \u00e0 internet e os programas instalados para a execu\u00e7\u00e3o do trabalho de forma remota (quando necess\u00e1rio).<\/p>\n<p><strong>Inscri\u00e7\u00f5es<\/strong><\/p>\n<p>As inscri\u00e7\u00f5es s\u00e3o por meio do email: selecaoespacoufmg@gmail.com que deve possuir como assunto: Inscri\u00e7\u00e3o para Bolsa de Comunica\u00e7\u00e3o.\u00a0O candidato deve informar, no corpo do e-mail:<\/p>\n<ul>\n<li>Nome completo;<\/li>\n<li>Curso;<\/li>\n<li>Per\u00edodo;<\/li>\n<li>N\u00famero de matr\u00edcula;<\/li>\n<li>Telefone para contato;<\/li>\n<li>Disponibilidade de turno para dedica\u00e7\u00e3o \u00e0 atividade (manh\u00e3, tarde ou ambos);<\/li>\n<li>Link do Curr\u00edculo Lattes atualizado;<\/li>\n<li>Link do Porf\u00f3lio.<\/li>\n<\/ul>\n<p>Dever\u00e3o tamb\u00e9m ser anexados ao e-mail:<\/p>\n<ul>\n<li>Plano de estudo SIGA;<\/li>\n<li>Reda\u00e7\u00e3o de 1 a 2 laudas tendo como tema \u201cSua percep\u00e7\u00e3o sobre o Espa\u00e7o do Conhecimento UFMG e seu interesse em atuar como bolsista no N\u00facleo de Comunica\u00e7\u00e3o e Design do museu\u201d;<\/li>\n<li>Arquivo do portf\u00f3lio, caso n\u00e3o esteja dispon\u00edvel online.<\/li>\n<\/ul>\n<p>Para mais informa\u00e7\u00f5es acesse o\u00a0<a href=\"https:\/\/www.ufmg.br\/proex\/wp-content\/uploads\/2023\/08\/Edital-009-2022-Nucleo-de-Comunicacao-e-Design.pdf\" target=\"_blank\" rel=\"noopener\">edital<\/a>. Boa sorte!<\/p>\n","protected":false},"excerpt":{"rendered":"<p>Est\u00e3o abertas as inscri\u00e7\u00f5es para exame de sele\u00e7\u00e3o de bolsistas [&hellip;]<\/p>\n","protected":false},"author":2,"featured_media":0,"parent":0,"menu_order":0,"comment_status":"closed","ping_status":"closed","template":"","meta":[],"tags":[],"_links":{"self":[{"href":"https:\/\/www.ufmg.br\/proex\/wp-json\/wp\/v2\/pages\/9482"}],"collection":[{"href":"https:\/\/www.ufmg.br\/proex\/wp-json\/wp\/v2\/pages"}],"about":[{"href":"https:\/\/www.ufmg.br\/proex\/wp-json\/wp\/v2\/types\/page"}],"author":[{"embeddable":true,"href":"https:\/\/www.ufmg.br\/proex\/wp-json\/wp\/v2\/users\/2"}],"replies":[{"embeddable":true,"href":"https:\/\/www.ufmg.br\/proex\/wp-json\/wp\/v2\/comments?post=9482"}],"version-history":[{"count":1,"href":"https:\/\/www.ufmg.br\/proex\/wp-json\/wp\/v2\/pages\/9482\/revisions"}],"predecessor-version":[{"id":9484,"href":"https:\/\/www.ufmg.br\/proex\/wp-json\/wp\/v2\/pages\/9482\/revisions\/9484"}],"wp:attachment":[{"href":"https:\/\/www.ufmg.br\/proex\/wp-json\/wp\/v2\/media?parent=9482"}],"wp:term":[{"taxonomy":"post_tag","embeddable":true,"href":"https:\/\/www.ufmg.br\/proex\/wp-json\/wp\/v2\/tags?post=9482"}],"curies":[{"name":"wp","href":"https:\/\/api.w.org\/{rel}","templated":true}]}}