{"id":9511,"date":"2023-08-07T16:45:11","date_gmt":"2023-08-07T19:45:11","guid":{"rendered":"https:\/\/www.ufmg.br\/proex\/?page_id=9511"},"modified":"2025-02-20T11:20:07","modified_gmt":"2025-02-20T14:20:07","slug":"programa-agere","status":"publish","type":"page","link":"https:\/\/www.ufmg.br\/proex\/programa-agere\/","title":{"rendered":"Programa AGERE"},"content":{"rendered":"<p>O programa de extens\u00e3o AGERE (Grupo de A\u00e7\u00f5es Educativas Relacionadas \u00e0 Epilepsia), do Instituto de Ci\u00eancias Biol\u00f3gicas (ICB\/UFMG), est\u00e1 com as inscri\u00e7\u00f5es abertas (<strong>at\u00e9 24\/02\/25<\/strong>) para preencher 6 (seis) vagas de extensionistas volunt\u00e1rios (as).<\/p>\n<p>Podem se inscrever no processo seletivo estudantes matriculados (as) em cursos de gradua\u00e7\u00e3o e p\u00f3s-gradua\u00e7\u00e3o da UFMG e de outras institui\u00e7\u00f5es de ensino superior da regi\u00e3o metropolitana de Belo Horizonte. \u00c9 necess\u00e1rio que o (a) candidato (a) esteja cursando do primeiro ao pen\u00faltimo per\u00edodo no 1\u00ba semestre de 2025.<\/p>\n<p>As inscri\u00e7\u00f5es s\u00e3o realizadas por meio de preenchimento de <a href=\"https:\/\/docs.google.com\/forms\/d\/e\/1FAIpQLSfm9xayjS5HnmflRnb601UBVAyrj7ub8wkpKfx57A07erPg4Q\/viewform\" target=\"_blank\" rel=\"noopener\">formul\u00e1rio eletr\u00f4nico<\/a> (neste, haver\u00e1 campo pr\u00f3prio para enviar documenta\u00e7\u00e3o).<\/p>\n<p>O resultado ser\u00e1 divulgado at\u00e9 7 de mar\u00e7o.<\/p>\n<p>As informa\u00e7\u00f5es completas est\u00e3o no <a href=\"https:\/\/drive.google.com\/file\/d\/1qldayYQdAKFhLjX84hSM6dvfvgTnq7C9\/view\" target=\"_blank\" rel=\"noopener\">edital de sele\u00e7\u00e3o.<\/a><\/p>\n<p><strong>Sobre o AGERE<\/strong><\/p>\n<p>O programa AGERE visa \u00e0 conscientiza\u00e7\u00e3o sobre a epilepsia.\u00a0O grupo desenvolve atividades educativas por meio das seguintes a\u00e7\u00f5es: Projeto Mudando o olhar; Projeto Purple Day: desmistificando a epilepsia, construindo novos olhares; e Curso T\u00f3picos em Epilepsia.<\/p>\n<p>O objetivo \u00e9 promover acesso \u00e0 informa\u00e7\u00e3o cient\u00edfica atualizada, correta e segura sobre a doen\u00e7a, bem como contribuir para a forma\u00e7\u00e3o qualificada e humanizada em sa\u00fade e educa\u00e7\u00e3o a partir do desenvolvimento de habilidades de comunica\u00e7\u00e3o com diferentes p\u00fablicos.<\/p>\n<p>Conhe\u00e7a mais sobre o AGERE no <a href=\"https:\/\/www.instagram.com\/agereufmg\" target=\"_blank\" rel=\"noopener\">Instagram.<\/a><\/p>\n<p>&nbsp;<\/p>\n","protected":false},"excerpt":{"rendered":"<p>O programa de extens\u00e3o AGERE (Grupo de A\u00e7\u00f5es Educativas Relacionadas [&hellip;]<\/p>\n","protected":false},"author":2,"featured_media":0,"parent":0,"menu_order":0,"comment_status":"closed","ping_status":"closed","template":"","meta":[],"tags":[191,23,29],"_links":{"self":[{"href":"https:\/\/www.ufmg.br\/proex\/wp-json\/wp\/v2\/pages\/9511"}],"collection":[{"href":"https:\/\/www.ufmg.br\/proex\/wp-json\/wp\/v2\/pages"}],"about":[{"href":"https:\/\/www.ufmg.br\/proex\/wp-json\/wp\/v2\/types\/page"}],"author":[{"embeddable":true,"href":"https:\/\/www.ufmg.br\/proex\/wp-json\/wp\/v2\/users\/2"}],"replies":[{"embeddable":true,"href":"https:\/\/www.ufmg.br\/proex\/wp-json\/wp\/v2\/comments?post=9511"}],"version-history":[{"count":25,"href":"https:\/\/www.ufmg.br\/proex\/wp-json\/wp\/v2\/pages\/9511\/revisions"}],"predecessor-version":[{"id":14711,"href":"https:\/\/www.ufmg.br\/proex\/wp-json\/wp\/v2\/pages\/9511\/revisions\/14711"}],"wp:attachment":[{"href":"https:\/\/www.ufmg.br\/proex\/wp-json\/wp\/v2\/media?parent=9511"}],"wp:term":[{"taxonomy":"post_tag","embeddable":true,"href":"https:\/\/www.ufmg.br\/proex\/wp-json\/wp\/v2\/tags?post=9511"}],"curies":[{"name":"wp","href":"https:\/\/api.w.org\/{rel}","templated":true}]}}