{"id":9520,"date":"2023-08-08T14:08:34","date_gmt":"2023-08-08T17:08:34","guid":{"rendered":"https:\/\/www.ufmg.br\/proex\/?page_id=9520"},"modified":"2024-08-06T12:59:06","modified_gmt":"2024-08-06T15:59:06","slug":"transodonto","status":"publish","type":"page","link":"https:\/\/www.ufmg.br\/proex\/transodonto\/","title":{"rendered":"Projeto TransOdonto!"},"content":{"rendered":"<p>Est\u00e3o abertas, at\u00e9\u00a0<strong>08 de Agosto de 2024<\/strong>, as inscri\u00e7\u00f5es de bolsistas e volunt\u00e1rios (as) para o projeto <em>TransOdonto!<\/em> da Faculdade de Odontologia da UFMG.<\/p>\n<p>&#8211; <strong>Bolsa PBEXT A\u00e7\u00e3o Afirmativa<\/strong>: 14 (quatorze) vagas para estudantes do curso de Odontologia da FAO\/UFMG, sendo 6 (seis) vagas para operadores com prioridade para discentes a partir da turma 170 e 8 (oito) vagas para auxiliares, com prioridade para discentes a partir da turma 174<br \/>\n&#8211; <strong>Volunt\u00e1rio(a):<\/strong> 2 (duas) vagas para estudantes de qualquer curso de gradua\u00e7\u00e3o da UFMG para atuar na parte de Acolhimento, Comunica\u00e7\u00e3o e Educa\u00e7\u00e3o em Sa\u00fade.<\/p>\n<p>Para realizar a inscri\u00e7\u00e3o, o (a) candidato (a) dever\u00e1 preencher <a href=\"https:\/\/docs.google.com\/forms\/d\/e\/1FAIpQLSc43JB4teLp7TaN_nVAVrPsuqE9FH0zswQfq83z6YagN8OSCw\/viewform\" target=\"_blank\" rel=\"noopener\">formul\u00e1rio eletr\u00f4nico<\/a> e enviar Hist\u00f3rico Escolar (dispon\u00edvel no MinhaUFMG).<\/p>\n<p>As demais informa\u00e7\u00f5es est\u00e3o no <a href=\"https:\/\/www.ufmg.br\/proex\/wp-content\/uploads\/2024\/08\/EDITAL_SELECAO_TRANSODONTO_2024_2_assinado.pdf\" target=\"_blank\" rel=\"noopener\">edital de sele\u00e7\u00e3o.\u00a0<\/a><\/p>\n<p><strong>Sobre o projeto<\/strong><\/p>\n<p>O projeto de extens\u00e3o &#8220;Transodonto: Sa\u00fade Bucal Tamb\u00e9m \u00e9 Direito!&#8221; oferece atendimentos odontol\u00f3gicos a indiv\u00edduos transexuais, travestis e n\u00e3o bin\u00e1rios na Faculdade de Odontologia da UFMG e propicia aos estudantes de gradua\u00e7\u00e3o e p\u00f3s-gradua\u00e7\u00e3o o desenvolvimento de compet\u00eancias cient\u00edficas, t\u00e9cnicas e atitudinais para a promo\u00e7\u00e3o da aten\u00e7\u00e3o \u00e0 sa\u00fade bucal entre grupos em situa\u00e7\u00e3o de vulnerabilidade social.<\/p>\n<p>Siga o projeto nas <a href=\"https:\/\/www.instagram.com\/transodonto\/\" target=\"_blank\" rel=\"noopener\">redes sociais.<\/a><\/p>\n<p>&nbsp;<\/p>\n","protected":false},"excerpt":{"rendered":"<p>Est\u00e3o abertas, at\u00e9\u00a008 de Agosto de 2024, as inscri\u00e7\u00f5es de [&hellip;]<\/p>\n","protected":false},"author":2,"featured_media":0,"parent":0,"menu_order":0,"comment_status":"closed","ping_status":"closed","template":"","meta":[],"tags":[23,25,29],"_links":{"self":[{"href":"https:\/\/www.ufmg.br\/proex\/wp-json\/wp\/v2\/pages\/9520"}],"collection":[{"href":"https:\/\/www.ufmg.br\/proex\/wp-json\/wp\/v2\/pages"}],"about":[{"href":"https:\/\/www.ufmg.br\/proex\/wp-json\/wp\/v2\/types\/page"}],"author":[{"embeddable":true,"href":"https:\/\/www.ufmg.br\/proex\/wp-json\/wp\/v2\/users\/2"}],"replies":[{"embeddable":true,"href":"https:\/\/www.ufmg.br\/proex\/wp-json\/wp\/v2\/comments?post=9520"}],"version-history":[{"count":12,"href":"https:\/\/www.ufmg.br\/proex\/wp-json\/wp\/v2\/pages\/9520\/revisions"}],"predecessor-version":[{"id":13386,"href":"https:\/\/www.ufmg.br\/proex\/wp-json\/wp\/v2\/pages\/9520\/revisions\/13386"}],"wp:attachment":[{"href":"https:\/\/www.ufmg.br\/proex\/wp-json\/wp\/v2\/media?parent=9520"}],"wp:term":[{"taxonomy":"post_tag","embeddable":true,"href":"https:\/\/www.ufmg.br\/proex\/wp-json\/wp\/v2\/tags?post=9520"}],"curies":[{"name":"wp","href":"https:\/\/api.w.org\/{rel}","templated":true}]}}