{"id":9558,"date":"2023-08-11T16:18:33","date_gmt":"2023-08-11T19:18:33","guid":{"rendered":"https:\/\/www.ufmg.br\/proex\/?page_id=9558"},"modified":"2024-08-08T11:16:44","modified_gmt":"2024-08-08T14:16:44","slug":"odonto-autismo","status":"publish","type":"page","link":"https:\/\/www.ufmg.br\/proex\/odonto-autismo\/","title":{"rendered":"Odonto Autismo UFMG"},"content":{"rendered":"<p>O projeto de extens\u00e3o <em>Abordagem Multidisciplinar para indiv\u00edduos com Transtorno do Espectro Autista (TEA)<\/em>, da Faculdade de Odontologia, est\u00e1 com edital aberto para sele\u00e7\u00e3o de volunt\u00e1rios (as).<\/p>\n<p>Podem se candidatar estudantes de gradua\u00e7\u00e3o da UFMG das \u00e1reas de Sa\u00fade. S\u00e3o oferecidas at\u00e9 20 vagas, sendo at\u00e9 4 vagas para alunos (as) de p\u00f3s-gradua\u00e7\u00e3o (Odontologia, Terapia Ocupacional, Fonoaudiologia e Psicologia) que tenham interesse na tem\u00e1tica.<\/p>\n<p>As inscri\u00e7\u00f5es est\u00e3o abertas <strong>at\u00e9 14 de agosto de 2024<\/strong>, via e-mail <a href=\"mailto:selecaoprojetotea@gmail.com\" target=\"_blank\" rel=\"noopener\">selecaoprojetotea@gmail.com<\/a><\/p>\n<p>Os (as) candidatos (as) devem enviar esta documenta\u00e7\u00e3o:<br \/>\n1) Hist\u00f3rico Escolar da gradua\u00e7\u00e3o ou p\u00f3s-gradua\u00e7\u00e3o<br \/>\n2) Nota Semestral Global \u2013 NSG (apenas gradua\u00e7\u00e3o)<\/p>\n<p>As demais orienta\u00e7\u00f5es e informa\u00e7\u00f5es est\u00e3o edital no <a href=\"https:\/\/drive.google.com\/file\/d\/1qV_2sN1eHsJPfo-GmsY18qHMgDSedCpr\/view\" target=\"_blank\" rel=\"noopener\">edital de sele\u00e7\u00e3o.<\/a><\/p>\n<p><strong>Sobre o projeto<\/strong><\/p>\n<p>O projeto atende crian\u00e7as e adolescentes com TEA na cl\u00ednica da Faculdade de Odontologia da UFMG. Focado no diagn\u00f3stico e preven\u00e7\u00e3o de doen\u00e7as bucais, os atendimentos oferecem todo o apoio aos pacientes e respons\u00e1veis, a fim de tornar a ida ao dentista a mais tranquila poss\u00edvel.<\/p>\n<p>A iniciativa trabalha com os eixos educa\u00e7\u00e3o, preven\u00e7\u00e3o e promo\u00e7\u00e3o de Sa\u00fade (orienta\u00e7\u00f5es diet\u00e9ticas, higiene bucal, aspectos sensoriais).<\/p>\n<p>Mais informa\u00e7\u00f5es est\u00e3o no <a href=\"https:\/\/www.instagram.com\/odonto.autismo.ufmg\/\" target=\"_blank\" rel=\"noopener\">Instagram<\/a>.<\/p>\n<p>&nbsp;<\/p>\n","protected":false},"excerpt":{"rendered":"<p>O projeto de extens\u00e3o Abordagem Multidisciplinar para indiv\u00edduos com Transtorno [&hellip;]<\/p>\n","protected":false},"author":2,"featured_media":0,"parent":0,"menu_order":0,"comment_status":"closed","ping_status":"closed","template":"","meta":[],"tags":[23,25,29],"_links":{"self":[{"href":"https:\/\/www.ufmg.br\/proex\/wp-json\/wp\/v2\/pages\/9558"}],"collection":[{"href":"https:\/\/www.ufmg.br\/proex\/wp-json\/wp\/v2\/pages"}],"about":[{"href":"https:\/\/www.ufmg.br\/proex\/wp-json\/wp\/v2\/types\/page"}],"author":[{"embeddable":true,"href":"https:\/\/www.ufmg.br\/proex\/wp-json\/wp\/v2\/users\/2"}],"replies":[{"embeddable":true,"href":"https:\/\/www.ufmg.br\/proex\/wp-json\/wp\/v2\/comments?post=9558"}],"version-history":[{"count":14,"href":"https:\/\/www.ufmg.br\/proex\/wp-json\/wp\/v2\/pages\/9558\/revisions"}],"predecessor-version":[{"id":13448,"href":"https:\/\/www.ufmg.br\/proex\/wp-json\/wp\/v2\/pages\/9558\/revisions\/13448"}],"wp:attachment":[{"href":"https:\/\/www.ufmg.br\/proex\/wp-json\/wp\/v2\/media?parent=9558"}],"wp:term":[{"taxonomy":"post_tag","embeddable":true,"href":"https:\/\/www.ufmg.br\/proex\/wp-json\/wp\/v2\/tags?post=9558"}],"curies":[{"name":"wp","href":"https:\/\/api.w.org\/{rel}","templated":true}]}}