{"id":9599,"date":"2023-08-14T16:03:34","date_gmt":"2023-08-14T19:03:34","guid":{"rendered":"https:\/\/www.ufmg.br\/proex\/?page_id=9599"},"modified":"2023-08-16T09:14:39","modified_gmt":"2023-08-16T12:14:39","slug":"projeto-multiparkinson","status":"publish","type":"page","link":"https:\/\/www.ufmg.br\/proex\/projeto-multiparkinson\/","title":{"rendered":"Volunt\u00e1rios Projeto MultiParkinson"},"content":{"rendered":"<p>O projeto de extens\u00e3o MultiParkinson: Interven\u00e7\u00e3o multiprofissional especializada na Doen\u00e7a de Parkinson, do Departamento de Fisioterapia da Escola de Educa\u00e7\u00e3o F\u00edsica, Fisioterapia e Terapia Ocupacional (EEFFTO) abriu 4 vagas para\u00a0inscri\u00e7\u00f5es de candidatos\u00a0para voluntariado.<\/p>\n<div class=\"content-text\">\n<p>O projeto tem por objetivo promover suporte e assist\u00eancia multiprofissional \u00e0 sa\u00fade de indiv\u00edduos com Doen\u00e7a de Parkinson e seus familiares. O funcionamento do projeto tem car\u00e1ter interdisciplinar e multiprofissional, uma vez que conta com a participa\u00e7\u00e3o da equipe de profissionais da Associa\u00e7\u00e3o dos Parkinsonianos de Minas Gerais (ASPARMIG).<\/p>\n<p>O candidato dever\u00e1 estar regularmente matriculado em um curso de gradua\u00e7\u00e3o da UFMG. Tr\u00eas vagas ser\u00e3o para estudantes do curso de Fisioterapia e uma vaga para estudantes do curso de Fonoaudiologia.\u00a0 A carga hor\u00e1ria \u00e9 de 10 horas semanais.<\/p>\n<p><span id=\"page3R_mcid11\" class=\"markedContent\"><span dir=\"ltr\" role=\"presentation\">As<\/span>\u00a0<span dir=\"ltr\" role=\"presentation\">inscri\u00e7\u00f5es<\/span>\u00a0<span dir=\"ltr\" role=\"presentation\">ser\u00e3o<\/span>\u00a0<span dir=\"ltr\" role=\"presentation\">recebidas<\/span>\u00a0\u00a0<span dir=\"ltr\" role=\"presentation\">pelo<\/span>\u00a0<span dir=\"ltr\" role=\"presentation\">e<\/span><span dir=\"ltr\" role=\"presentation\">\u2013<\/span><span dir=\"ltr\" role=\"presentation\">mail masmaralencar@gmail.com\u00a0<\/span><\/span><span id=\"page3R_mcid13\" class=\"markedContent\"><span dir=\"ltr\" role=\"presentation\">e,<\/span><span dir=\"ltr\" role=\"presentation\">\u00a0n<\/span><\/span><span id=\"page3R_mcid14\" class=\"markedContent\"><span dir=\"ltr\" role=\"presentation\">o ato da inscri\u00e7\u00e3o, os (as) candidatos(as) dever\u00e3o apresentar os seguintes documentos\u00a0<\/span><span dir=\"ltr\" role=\"presentation\">digitalizados:<\/span><\/span><\/p>\n<ul>\n<li>Curr\u00edculo Lattes atualizado.<\/li>\n<li>Comprovante de matr\u00edcula no curso de gradua\u00e7\u00e3o na UFMG.<\/li>\n<li>Carta declarando a disponibilidade.<\/li>\n<\/ul>\n<p>As inscri\u00e7\u00f5es v\u00e3o at\u00e9 o dia<strong>\u00a020 de Agosto.<\/strong><\/p>\n<p>Confira o<a href=\"https:\/\/www.ufmg.br\/proex\/wp-content\/uploads\/2023\/08\/edital-voluntarios-periodo-2023-2024-MultiParkinson.pdf\" target=\"_blank\" rel=\"noopener\">\u00a0edital\u00a0<\/a>com todas informa\u00e7\u00f5es.<\/p>\n<\/div>\n<p>&nbsp;<\/p>\n<p>&nbsp;<\/p>\n","protected":false},"excerpt":{"rendered":"<p>O projeto de extens\u00e3o MultiParkinson: Interven\u00e7\u00e3o multiprofissional especializada na Doen\u00e7a [&hellip;]<\/p>\n","protected":false},"author":2,"featured_media":0,"parent":0,"menu_order":0,"comment_status":"closed","ping_status":"closed","template":"","meta":[],"tags":[23],"_links":{"self":[{"href":"https:\/\/www.ufmg.br\/proex\/wp-json\/wp\/v2\/pages\/9599"}],"collection":[{"href":"https:\/\/www.ufmg.br\/proex\/wp-json\/wp\/v2\/pages"}],"about":[{"href":"https:\/\/www.ufmg.br\/proex\/wp-json\/wp\/v2\/types\/page"}],"author":[{"embeddable":true,"href":"https:\/\/www.ufmg.br\/proex\/wp-json\/wp\/v2\/users\/2"}],"replies":[{"embeddable":true,"href":"https:\/\/www.ufmg.br\/proex\/wp-json\/wp\/v2\/comments?post=9599"}],"version-history":[{"count":4,"href":"https:\/\/www.ufmg.br\/proex\/wp-json\/wp\/v2\/pages\/9599\/revisions"}],"predecessor-version":[{"id":9607,"href":"https:\/\/www.ufmg.br\/proex\/wp-json\/wp\/v2\/pages\/9599\/revisions\/9607"}],"wp:attachment":[{"href":"https:\/\/www.ufmg.br\/proex\/wp-json\/wp\/v2\/media?parent=9599"}],"wp:term":[{"taxonomy":"post_tag","embeddable":true,"href":"https:\/\/www.ufmg.br\/proex\/wp-json\/wp\/v2\/tags?post=9599"}],"curies":[{"name":"wp","href":"https:\/\/api.w.org\/{rel}","templated":true}]}}