{"id":9620,"date":"2023-08-17T15:26:30","date_gmt":"2023-08-17T18:26:30","guid":{"rendered":"https:\/\/www.ufmg.br\/proex\/?page_id=9620"},"modified":"2023-08-17T15:26:30","modified_gmt":"2023-08-17T18:26:30","slug":"programa-bebeteca-uma-biblioteca-para-a-primeira-infancia","status":"publish","type":"page","link":"https:\/\/www.ufmg.br\/proex\/programa-bebeteca-uma-biblioteca-para-a-primeira-infancia\/","title":{"rendered":"Programa Bebeteca: uma biblioteca para a primeira inf\u00e2ncia"},"content":{"rendered":"<p>O Programa Bebeteca: uma biblioteca para a primeira inf\u00e2ncia, da Faculdade de Educa\u00e7\u00e3o da UFMG, abriu vaga para <span dir=\"ltr\" role=\"presentation\">inscri\u00e7\u00e3o de candidato (a<\/span><span dir=\"ltr\" role=\"presentation\">) para 01 bolsa de extens\u00e3o na\u00a0<\/span><span dir=\"ltr\" role=\"presentation\">modalidade PBEXT<\/span><span dir=\"ltr\" role=\"presentation\">.<\/span><\/p>\n<p>As vagas s\u00e3o destinadas a estudantes que estejam regularmente matriculados nos cursos de gradua\u00e7\u00e3o da UFMG. As bolsas t\u00eam vig\u00eancia de <span dir=\"ltr\" role=\"presentation\">12 meses.<\/span><\/p>\n<p><span id=\"page3R_mcid11\" class=\"markedContent\"><span dir=\"ltr\" role=\"presentation\">As<\/span>\u00a0<span dir=\"ltr\" role=\"presentation\">inscri\u00e7\u00f5es<\/span>\u00a0<span dir=\"ltr\" role=\"presentation\">ser\u00e3o<\/span>\u00a0<span dir=\"ltr\" role=\"presentation\">recebidas<\/span>\u00a0\u00a0<span dir=\"ltr\" role=\"presentation\">pelo<\/span>\u00a0<span dir=\"ltr\" role=\"presentation\">e-<\/span><span dir=\"ltr\" role=\"presentation\">mail programabebeteca@gmail.com. N<\/span><\/span><span id=\"page3R_mcid14\" class=\"markedContent\"><span dir=\"ltr\" role=\"presentation\">o ato da inscri\u00e7\u00e3o, os (as) candidatos(as) dever\u00e3o apresentar as seguintes informa\u00e7\u00f5es<\/span><span dir=\"ltr\" role=\"presentation\">:<\/span><\/span><\/p>\n<ul>\n<li>Uma mensagem com o nome, curso, per\u00edodo, n\u00famero de matr\u00edcula, telefone para contato, disponibilidade de turno para dedica\u00e7\u00e3o \u00e0s atividades do Programa Bebeteca (manh\u00e3, tarde, noite);<\/li>\n<li>Link Curr\u00edculo Lattes atualizado;<\/li>\n<li>Plano de estudo SIGA (gerado em pdf pelo site https:\/\/sistemas.ufmg.br\/alunograd\/home.seam &gt; Siga UFMG: Siga UFMG: acesso para alunos de gradua\u00e7\u00e3o &gt; Minhas matr\u00edculas &gt;Minhas atividades em curso e cursadas);<\/li>\n<li>Reda\u00e7\u00e3o de 1 a 2 laudas (no m\u00e1ximo) tendo como tema \u201cSua percep\u00e7\u00e3o sobre o programa Bebeteca da FAE\/UFMG e seu interesse em atuar como bolsista nos projetos e a\u00e7\u00f5es vinculados a esse programa de extens\u00e3o \u201d.<\/li>\n<\/ul>\n<p>As inscri\u00e7\u00f5es v\u00e3o at\u00e9 o dia<strong> 21 de Agosto.<\/strong><\/p>\n<p>Confira o<a href=\"https:\/\/www.ufmg.br\/proex\/wp-content\/uploads\/2023\/08\/EDITAL-60035f83873f60c919ed0442d8f4e2fc.pdf\" target=\"_blank\" rel=\"noopener\">\u00a0edital\u00a0<\/a>com todas informa\u00e7\u00f5es.<\/p>\n","protected":false},"excerpt":{"rendered":"<p>O Programa Bebeteca: uma biblioteca para a primeira inf\u00e2ncia, da [&hellip;]<\/p>\n","protected":false},"author":2,"featured_media":0,"parent":0,"menu_order":0,"comment_status":"closed","ping_status":"closed","template":"","meta":[],"tags":[],"_links":{"self":[{"href":"https:\/\/www.ufmg.br\/proex\/wp-json\/wp\/v2\/pages\/9620"}],"collection":[{"href":"https:\/\/www.ufmg.br\/proex\/wp-json\/wp\/v2\/pages"}],"about":[{"href":"https:\/\/www.ufmg.br\/proex\/wp-json\/wp\/v2\/types\/page"}],"author":[{"embeddable":true,"href":"https:\/\/www.ufmg.br\/proex\/wp-json\/wp\/v2\/users\/2"}],"replies":[{"embeddable":true,"href":"https:\/\/www.ufmg.br\/proex\/wp-json\/wp\/v2\/comments?post=9620"}],"version-history":[{"count":2,"href":"https:\/\/www.ufmg.br\/proex\/wp-json\/wp\/v2\/pages\/9620\/revisions"}],"predecessor-version":[{"id":9623,"href":"https:\/\/www.ufmg.br\/proex\/wp-json\/wp\/v2\/pages\/9620\/revisions\/9623"}],"wp:attachment":[{"href":"https:\/\/www.ufmg.br\/proex\/wp-json\/wp\/v2\/media?parent=9620"}],"wp:term":[{"taxonomy":"post_tag","embeddable":true,"href":"https:\/\/www.ufmg.br\/proex\/wp-json\/wp\/v2\/tags?post=9620"}],"curies":[{"name":"wp","href":"https:\/\/api.w.org\/{rel}","templated":true}]}}