{"id":9629,"date":"2023-08-18T10:11:00","date_gmt":"2023-08-18T13:11:00","guid":{"rendered":"https:\/\/www.ufmg.br\/proex\/?page_id=9629"},"modified":"2024-07-18T15:16:34","modified_gmt":"2024-07-18T18:16:34","slug":"ela-em-foco","status":"publish","type":"page","link":"https:\/\/www.ufmg.br\/proex\/ela-em-foco\/","title":{"rendered":"ELA em foco"},"content":{"rendered":"<p>Est\u00e1 aberto o edital de sele\u00e7\u00e3o (extensionista volunt\u00e1rio) para o projeto <em>Treinamento Funcional e Orienta\u00e7\u00e3o de Cuidadores na Esclerose Lateral Amiotr\u00f3fica <\/em>(<a href=\"https:\/\/www.instagram.com\/elaemfoco.ufmg\/\" target=\"_blank\" rel=\"noopener\">ELA em foco<\/a>).<\/p>\n<p>Podem se inscrever estudantes da UFMG dos cursos de Fisioterapia, Terapia Ocupacional ou Fonoaudiologia.<\/p>\n<p>As inscri\u00e7\u00f5es v\u00e3o <strong>at\u00e9 26 de julho de 2024<\/strong> pelo e-mail <a href=\"masmaralencar@gmail.com\" target=\"_blank\" rel=\"noopener\">masmaralencar@gmail.com<\/a>.<\/p>\n<p>Os (as) candidatos (as) devem enviar os seguintes documentos:<br \/>\n-Curr\u00edculo Lattes atualizado;<br \/>\n-Comprovante de matr\u00edcula no curso de gradua\u00e7\u00e3o;<br \/>\n-Carta declarando a disponibilidade de cumprir 10 horas semanais.<\/p>\n<p>As informa\u00e7\u00f5es completas est\u00e3o no <a href=\"https:\/\/drive.google.com\/file\/d\/1iID9S_dYGd4RzNaD2dDcI8WbmA2kp90C\/view\" target=\"_blank\" rel=\"noopener\">edital de sele\u00e7\u00e3o.<\/a><\/p>\n<p><strong>O projeto<\/strong><\/p>\n<p>Vinculado ao Departamento de Fisioterapia (EEFFTO\/UFMG), o projeto ELA em foco oferece servi\u00e7o assistencial especializado \u00e0s pessoas com diagn\u00f3stico de Esclerose Lateral Amiotr\u00f3fica (ELA), promovendo suporte e assist\u00eancia \u00e0 sa\u00fade de indiv\u00edduos com ELA e cuidadores. A iniciativa tem car\u00e1ter interdisciplinar e interprofissional e conta com a participa\u00e7\u00e3o da equipe do Ambulat\u00f3rio de Doen\u00e7as Neuromusculares do Hospital das Cl\u00ednicas da UFMG.<\/p>\n<p>&nbsp;<\/p>\n<p>&nbsp;<\/p>\n","protected":false},"excerpt":{"rendered":"<p>Est\u00e1 aberto o edital de sele\u00e7\u00e3o (extensionista volunt\u00e1rio) para o [&hellip;]<\/p>\n","protected":false},"author":2,"featured_media":0,"parent":0,"menu_order":0,"comment_status":"closed","ping_status":"closed","template":"","meta":[],"tags":[23,25,29],"_links":{"self":[{"href":"https:\/\/www.ufmg.br\/proex\/wp-json\/wp\/v2\/pages\/9629"}],"collection":[{"href":"https:\/\/www.ufmg.br\/proex\/wp-json\/wp\/v2\/pages"}],"about":[{"href":"https:\/\/www.ufmg.br\/proex\/wp-json\/wp\/v2\/types\/page"}],"author":[{"embeddable":true,"href":"https:\/\/www.ufmg.br\/proex\/wp-json\/wp\/v2\/users\/2"}],"replies":[{"embeddable":true,"href":"https:\/\/www.ufmg.br\/proex\/wp-json\/wp\/v2\/comments?post=9629"}],"version-history":[{"count":17,"href":"https:\/\/www.ufmg.br\/proex\/wp-json\/wp\/v2\/pages\/9629\/revisions"}],"predecessor-version":[{"id":13213,"href":"https:\/\/www.ufmg.br\/proex\/wp-json\/wp\/v2\/pages\/9629\/revisions\/13213"}],"wp:attachment":[{"href":"https:\/\/www.ufmg.br\/proex\/wp-json\/wp\/v2\/media?parent=9629"}],"wp:term":[{"taxonomy":"post_tag","embeddable":true,"href":"https:\/\/www.ufmg.br\/proex\/wp-json\/wp\/v2\/tags?post=9629"}],"curies":[{"name":"wp","href":"https:\/\/api.w.org\/{rel}","templated":true}]}}