{"id":9641,"date":"2023-08-18T11:55:51","date_gmt":"2023-08-18T14:55:51","guid":{"rendered":"https:\/\/www.ufmg.br\/proex\/?page_id=9641"},"modified":"2023-08-18T12:00:47","modified_gmt":"2023-08-18T15:00:47","slug":"pet-agronomia","status":"publish","type":"page","link":"https:\/\/www.ufmg.br\/proex\/pet-agronomia\/","title":{"rendered":"PET-Agronomia"},"content":{"rendered":"<p>Est\u00e3o abertas<strong>, at\u00e9 22 de agosto,<\/strong> as inscri\u00e7\u00f5es para sele\u00e7\u00e3o de um bolsista para o Programa de Educa\u00e7\u00e3o Tutorial (PET) do curso de Agronomia. Podem se inscrever acad\u00eamicos(as) do curso de Agronomia da UFMG campus Montes Claros que estejam cursando at\u00e9 o sexto per\u00edodo. A bolsa ser\u00e1 concedida bolsa a partir de outubro de 2023.<\/p>\n<p><strong>Inscri\u00e7\u00f5es<\/strong><br \/>\nO(a) candidato(a) deve ter NSG superior a 60 nos per\u00edodos j\u00e1 cursados e n\u00e3o deve receber nenhum tipo de bolsa acad\u00eamica.<br \/>\nAs inscri\u00e7\u00f5es devem ser feitas somente pela internet at\u00e9 o dia 22 de agosto. Os(as) interessados(as) devem enviar a documenta\u00e7\u00e3o prevista no\u00a0<a href=\"https:\/\/www.ica.ufmg.br\/wp-content\/uploads\/2023\/08\/edital_PET-Agronomia-01_2023_assinado-1-1.pdf\">edital<\/a>\u00a0(em formato pdf) e a\u00a0<a href=\"https:\/\/www.ica.ufmg.br\/wp-content\/uploads\/2023\/08\/ficha_inscricao-1.docx\">ficha de inscri\u00e7\u00e3o<\/a>\u00a0para o e-mail: agropetufmg@gmail.com .<\/p>\n<p><strong>Sele\u00e7\u00e3o<\/strong><br \/>\nO exame de sele\u00e7\u00e3o, a ser conduzido por comiss\u00e3o designada pela Dire\u00e7\u00e3o do ICA\/UFMG,<br \/>\ncompreender\u00e1 duas etapas.<\/p>\n<p><em>Primeira Etapa<\/em><br \/>\n\u2013 An\u00e1lise do Hist\u00f3rico escolar, onde ser\u00e1 atribu\u00edda nota de 0 (zero) a 100 (cem);<br \/>\n\u2013 An\u00e1lise do Curr\u00edculo, onde ser\u00e1 atribu\u00edda nota de 0 (zero) a 100 (cem);<br \/>\n\u2013 Os classificados, com nota m\u00e9dia superior a 70 (setenta) nesta etapa, ser\u00e3o convocados por e-mail para a 2a. etapa, sendo classificados at\u00e9 03(tr\u00eas) candidatos por vaga, conforme o regimento do PET-Agronomia.<\/p>\n<p><em>Segunda Etapa<\/em><br \/>\n\u2013 Entrevista com a comiss\u00e3o designada para a sele\u00e7\u00e3o em data a ser divulgada por e-mail aos<br \/>\nclassificados. Ser\u00e3o considerados aprovados os candidatos que obtiverem m\u00e9dia m\u00ednima final de 70 (setenta).<br \/>\nOs candidatos classificados, que n\u00e3o forem contemplados com bolsa, poder\u00e3o ser convidados a participar do programa como volunt\u00e1rios, obedecendo aos limites estabelecidos na legisla\u00e7\u00e3o vigente.<\/p>\n<p>&nbsp;<\/p>\n<p>&nbsp;<\/p>\n","protected":false},"excerpt":{"rendered":"<p>Est\u00e3o abertas, at\u00e9 22 de agosto, as inscri\u00e7\u00f5es para sele\u00e7\u00e3o [&hellip;]<\/p>\n","protected":false},"author":2,"featured_media":0,"parent":0,"menu_order":0,"comment_status":"closed","ping_status":"closed","template":"","meta":[],"tags":[23,747],"_links":{"self":[{"href":"https:\/\/www.ufmg.br\/proex\/wp-json\/wp\/v2\/pages\/9641"}],"collection":[{"href":"https:\/\/www.ufmg.br\/proex\/wp-json\/wp\/v2\/pages"}],"about":[{"href":"https:\/\/www.ufmg.br\/proex\/wp-json\/wp\/v2\/types\/page"}],"author":[{"embeddable":true,"href":"https:\/\/www.ufmg.br\/proex\/wp-json\/wp\/v2\/users\/2"}],"replies":[{"embeddable":true,"href":"https:\/\/www.ufmg.br\/proex\/wp-json\/wp\/v2\/comments?post=9641"}],"version-history":[{"count":4,"href":"https:\/\/www.ufmg.br\/proex\/wp-json\/wp\/v2\/pages\/9641\/revisions"}],"predecessor-version":[{"id":9647,"href":"https:\/\/www.ufmg.br\/proex\/wp-json\/wp\/v2\/pages\/9641\/revisions\/9647"}],"wp:attachment":[{"href":"https:\/\/www.ufmg.br\/proex\/wp-json\/wp\/v2\/media?parent=9641"}],"wp:term":[{"taxonomy":"post_tag","embeddable":true,"href":"https:\/\/www.ufmg.br\/proex\/wp-json\/wp\/v2\/tags?post=9641"}],"curies":[{"name":"wp","href":"https:\/\/api.w.org\/{rel}","templated":true}]}}