{"id":9676,"date":"2023-08-22T17:59:58","date_gmt":"2023-08-22T20:59:58","guid":{"rendered":"https:\/\/www.ufmg.br\/proex\/?page_id=9676"},"modified":"2023-09-21T11:07:03","modified_gmt":"2023-09-21T14:07:03","slug":"cenex-eba","status":"publish","type":"page","link":"https:\/\/www.ufmg.br\/proex\/cenex-eba\/","title":{"rendered":"Cenex EBA"},"content":{"rendered":"<p>O CENEX\/EBA \u00e9 o \u00f3rg\u00e3o colegiado da Escola de Belas Artes da UFMG respons\u00e1vel pelo apoio a assuntos referentes \u00e0s atividades de extens\u00e3o universit\u00e1ria na unidade.<\/p>\n<p>A EBA desenvolve atividades de extens\u00e3o nas \u00e1reas de Artes Pl\u00e1sticas, Artes Visuais, Teatro, Dan\u00e7a, Design de Moda, Desenho, Fotografia e Cinema, entre outras.<\/p>\n<p>Essas atividades envolvem, por exemplo, exposi\u00e7\u00f5es art\u00edsticas, jogos, feiras, discuss\u00f5es acad\u00eamico-cient\u00edficas, grupos de estudos, programas de r\u00e1dio, mostras de cinema, atividades teatrais, cria\u00e7\u00e3o de canal de not\u00edcias digitais, oficinas de dan\u00e7as.<\/p>\n<h3><strong>Principais programas de extens\u00e3o<\/strong><\/h3>\n<p><strong><br \/>\nLaborat\u00f3rio De Curadoria De Exposi\u00e7\u00f5es \u2013 Bisi Silva<\/strong><br \/>\nA cria\u00e7\u00e3o de um laborat\u00f3rio de curadoria de exposi\u00e7\u00f5es, tem por objetivo construir processos formativos experimentais, articulado com a forma\u00e7\u00e3o em Teoria e Hist\u00f3ria da Arte, proporcionando a forma\u00e7\u00e3o em curadoria de exposi\u00e7\u00f5es, direcionada para a escrita do roteiro narrativo curatorial e a pr\u00e1tica de metodologias participativas em curadoria atrav\u00e9s de jornadas de estudos, atelier de leituras, cursos de elabora\u00e7\u00e3o de roteiros narrativos curatoriais e atividades com grupos focais e institui\u00e7\u00f5es parceiras.<\/p>\n<p><strong>Diagrama<\/strong><br \/>\nO diagrama \u00e9 um grupo de artistas-pesquisadores movido pela curiosidade de saber e desejo de fazer. Neste movimento, ele se prop\u00f5e como articulador de situa\u00e7\u00f5es relativas \u00e0 produ\u00e7\u00e3o simb\u00f3lica no campo da arte e suas tang\u00eancias, abarcando imagens, pensamentos, estudos, projetos, pesquisas, exposi\u00e7\u00f5es, curadorias, textos, devaneios e outras manifesta\u00e7\u00f5es. Nesse programa de extens\u00e3o temos o interesse de desenvolver e comunicar com o p\u00fablico ampliado a produ\u00e7\u00e3o do grupo, por meio de diferentes m\u00eddias.<\/p>\n<p><strong>Anima EBA<br \/>\n<\/strong>Este programa de extens\u00e3o universit\u00e1ria vem unir as iniciativas do corpo docente dos professores do FTC no sentido de fomentar e estruturar projetos, cursos e atividades de extens\u00e3o da \u00e1rea de cinema. Al\u00e9m disso, o programa busca a integra\u00e7\u00e3o das artes para o fortalecimento do conhecimento art\u00edstico cultural e cr\u00edtico sobre as artes bem como a produ\u00e7\u00e3o e presta\u00e7\u00e3o de servi\u00e7os na \u00e1rea de cinema de anima\u00e7\u00e3o. Seu principal objetivo \u00e9 Instituir um espa\u00e7o para a forma\u00e7\u00e3o de recursos humanos na \u00e1rea de cinema de modo a integrar \u00e1reas de Cultura, Letras e Artes Visuais bem como outras \u00e1reas do conhecimento atrav\u00e9s de projetos, cursos de extens\u00e3o, ambientes que estimulem a criatividade, o aprendizado, a troca de experi\u00eancias, reflex\u00e3o cr\u00edtica sobre a \u00e1rea de cinema e a produ\u00e7\u00e3o de filmes.<\/p>\n<p><strong>InterSignos: propaga\u00e7\u00e3o e reflex\u00e3o audiovisuais<\/strong><br \/>\nDesde de 2004, o Grupo de Pesquisa \u201cinterSignos: entre imagens e sons\u201d &#8211; FTC desenvolveu diversos projetos de Pesquisa que enriqueceram o conhecimento dispon\u00edvel na EBA sobre as rela\u00e7\u00f5es imagem-som. O som que se propaga e permite um novo pensamento sobre a imagem, a imagem que solicita uma contribui\u00e7\u00e3o do som, a articula\u00e7\u00e3o autoral envolvida com o pensamento acad\u00eamico que gera cr\u00edtica ao contexto das linguagens audiovisuais, se estendem para al\u00e9m de nosso Laborat\u00f3rio de \u00c1udio e das salas de aula para contribuir para o desenvolvimento s\u00f3cio-cultural. Assim, o objetivo desse programa \u00e9 beneficiar a comunidade com os conhecimentos sobre rela\u00e7\u00e3o imagem-som desenvolvidos pelo Grupo de Pesquisa interSignos.<\/p>\n<p><strong>Lacicor &#8211; Laborat\u00f3rio de Ci\u00eancia da Conserva\u00e7\u00e3o<\/strong><br \/>\nReconhecido nacionalmente e internacionalmente por sua atua\u00e7\u00e3o na an\u00e1lise cient\u00edfica de obras de arte e conserva\u00e7\u00e3o de bens culturais e contando com cooperadores e parceiros, tais como IPHAN, IBRAM, IEPHA, MPF\/MG, GETTY CONSERVATION INSTITUTE, o LACICOR \u2013 Laborat\u00f3rio de Ci\u00eancia da Conserva\u00e7\u00e3o \u2013 atrav\u00e9s do programa de extens\u00e3o, visa agrupar e coordenar propostas futuras de eventos t\u00e9cnico-cient\u00edficos na \u00e1rea da Preserva\u00e7\u00e3o do Patrim\u00f4nio Cultural.<\/p>\n<p><strong>Aflora<br \/>\n<\/strong>O programa Aflora tem por objetivo proporcionar atividades e pr\u00e1ticas art\u00edsticas para pessoas em situa\u00e7\u00e3o de doen\u00e7a, vulnerabilidade e\/ou defici\u00eancia conferindo-lhes o direito de praticar uma forma de arte e n\u00e3o<br \/>\napenas o de se fazer \u201ccurar\u201d atrav\u00e9s da arte. Tem tamb\u00e9m como proposta criar metodologias em Dan\u00e7a com foco na acessibilidade. O programa acolhe os projetos de extens\u00e3o Arte e Diferen\u00e7a, Artear e o Grupo de Estudos Corpos Mistos.<\/p>\n<p><strong>Potlach<br \/>\n<\/strong>Composto por estudantes de Gradua\u00e7\u00e3o da Dan\u00e7a, da Sociologia, da Psicologia e da P\u00f3s-Gradua\u00e7\u00e3o de Filosofia, o PROGRAMA POTLACH congrega p\u00fablicos diversos (crian\u00e7as, adolescentes, adultos, comunidade interna e externa), estimulando pesquisas e a\u00e7\u00f5es art\u00edsticas com foco na autoralidade e diversidade de corpos, al\u00e9m de oportunizar a\u00e7\u00f5es art\u00edsticas e culturais para p\u00fablicos que enfrentam dificuldades de acesso \u00e0 direitos sociais e culturais. Atualmente, o programa POTLACH re\u00fane as atividades dos projetos Quarentena e Sementes da Democracia.<\/p>\n<h3><strong>Cursos de extens\u00e3o<\/strong><\/h3>\n<p>&nbsp;<\/p>\n<p>A EBA oferta semestralmente cursos pagos e gratuitos em \u00e1reas como Artes Visuais, Teatro, Dan\u00e7a, Design de Moda e Fotografia.<\/p>\n<p>Essas forma\u00e7\u00f5es s\u00e3o voltadas \u00e0 participa\u00e7\u00e3o da comunidade externa e interna da UFMG. Cada uma delas possui datas de inscri\u00e7\u00e3o e de realiza\u00e7\u00e3o diferentes.<\/p>\n<p><strong>GRAVURA<\/strong><br \/>\n<strong>Curso de Monotipia e Xilogravura: uma introdu\u00e7\u00e3o \u00e0 gravura<\/strong><br \/>\nVenha conhecer o universo da gravura e seus aspectos hist\u00f3ricos, t\u00e9cnicos e expressivos atrav\u00e9s da abordagem da monotipia e xilogravura.<\/p>\n<p><strong>PINTURA<\/strong><br \/>\n<strong>Pintura M\u00f3dulo 1<\/strong><br \/>\nExperimente, atrav\u00e9s de exerc\u00edcios pr\u00e1ticos dirigidos, criar um vocabul\u00e1rio pict\u00f3rico de refer\u00eancia a partir de diferentes experimenta\u00e7\u00f5es e discuss\u00f5es sobre quest\u00f5es fundamentais da pintura.<\/p>\n<p><strong>DAN\u00c7A<\/strong><br \/>\n<strong>Dan\u00e7a Contempor\u00e2nea<\/strong><br \/>\nEste curso tem o objetivo de sensibilizar os alunos \u00e0 percep\u00e7\u00e3o e conhecimento das potencialidades do corpo, de como est\u00e3o imersas no nosso cotidiano e como podem influenciar na maneira como pensamos.<\/p>\n<p><strong>Ballet Cl\u00e1ssico<\/strong><br \/>\nO curso oferece a oportunidade dos que dan\u00e7am e daqueles que t\u00eam interesse em aprender a dan\u00e7a, o contato com a t\u00e9cnica Cl\u00e1ssica, trabalhando coordena\u00e7\u00e3o, afinamento est\u00e9tico, resist\u00eancia muscular, flexibilidade e harmonia corporal atrav\u00e9s do movimento.<\/p>\n<p><strong>Jazz<\/strong><br \/>\nEste curso tem o objetivo de oferecer a oportunidade dos que dan\u00e7am e daqueles que tem interesse em aprender a dan\u00e7ar, o contato com conceitos, passos b\u00e1sicos, conex\u00e3o e musicalidade do Jazz, bem como a intera\u00e7\u00e3o, sociabilidade e divertimento entre os participantes<\/p>\n<p><strong>Improvisa\u00e7\u00e3o na Dan\u00e7a<\/strong><br \/>\nExperimente possibilidades criativas e l\u00fadicas atrav\u00e9s do movimento e da dan\u00e7a, estimulando a expressividade e consci\u00eancia corporal. Promover integra\u00e7\u00e3o e troca de viv\u00eancias pelo movimento entre os participantes.<\/p>\n<p><strong>Iyerngar Yoga<\/strong><br \/>\nEste curso tem o objetivo de desenvolver a capacidade de concentra\u00e7\u00e3o, aprimoramento f\u00edsico em termos de for\u00e7a, controle, flexibilidade e melhoramento da sa\u00fade. \u00c9 ofertado gratuitamente aos servidores e terceirizados da UFMG.<\/p>\n<p>Outras informa\u00e7\u00f5es sobre a extens\u00e3o da EBA podem ser encontradas no <a href=\"https:\/\/www.eba.ufmg.br\/\" target=\"_blank\" rel=\"noopener\">site da unidade<\/a> (ir \u00e0 aba <em>Extens\u00e3o<\/em>) e nas <a href=\"https:\/\/www.instagram.com\/cenexebaufmg\/\" target=\"_blank\" rel=\"noopener\">r<\/a><a href=\"https:\/\/www.instagram.com\/cenexebaufmg\/\" target=\"_blank\" rel=\"noopener\">edes sociais<\/a>.<\/p>\n<p>Acesse tamb\u00e9m o\u00a0<a href=\"https:\/\/sistemas.ufmg.br\/siex\/PrepararPesquisarAcaoExtensao.do?clean=1\" target=\"_blank\" rel=\"noopener\">Siex\/UFMG<\/a>\u00a0\u2013 Sistema de Informa\u00e7\u00e3o da Extens\u00e3o\u00a0 (utilize os campos de pesquisa para encontrar atividades e informa\u00e7\u00f5es desejadas).<\/p>\n<p>&nbsp;<\/p>\n<p>&nbsp;<\/p>\n<p>&nbsp;<\/p>\n<p>&nbsp;<\/p>\n<p>&nbsp;<\/p>\n","protected":false},"excerpt":{"rendered":"<p>O CENEX\/EBA \u00e9 o \u00f3rg\u00e3o colegiado da Escola de Belas [&hellip;]<\/p>\n","protected":false},"author":2,"featured_media":0,"parent":0,"menu_order":0,"comment_status":"closed","ping_status":"closed","template":"","meta":[],"tags":[753,751,23],"_links":{"self":[{"href":"https:\/\/www.ufmg.br\/proex\/wp-json\/wp\/v2\/pages\/9676"}],"collection":[{"href":"https:\/\/www.ufmg.br\/proex\/wp-json\/wp\/v2\/pages"}],"about":[{"href":"https:\/\/www.ufmg.br\/proex\/wp-json\/wp\/v2\/types\/page"}],"author":[{"embeddable":true,"href":"https:\/\/www.ufmg.br\/proex\/wp-json\/wp\/v2\/users\/2"}],"replies":[{"embeddable":true,"href":"https:\/\/www.ufmg.br\/proex\/wp-json\/wp\/v2\/comments?post=9676"}],"version-history":[{"count":69,"href":"https:\/\/www.ufmg.br\/proex\/wp-json\/wp\/v2\/pages\/9676\/revisions"}],"predecessor-version":[{"id":10342,"href":"https:\/\/www.ufmg.br\/proex\/wp-json\/wp\/v2\/pages\/9676\/revisions\/10342"}],"wp:attachment":[{"href":"https:\/\/www.ufmg.br\/proex\/wp-json\/wp\/v2\/media?parent=9676"}],"wp:term":[{"taxonomy":"post_tag","embeddable":true,"href":"https:\/\/www.ufmg.br\/proex\/wp-json\/wp\/v2\/tags?post=9676"}],"curies":[{"name":"wp","href":"https:\/\/api.w.org\/{rel}","templated":true}]}}