{"id":9740,"date":"2023-08-23T08:58:03","date_gmt":"2023-08-23T11:58:03","guid":{"rendered":"https:\/\/www.ufmg.br\/proex\/?page_id=9740"},"modified":"2023-08-23T09:05:30","modified_gmt":"2023-08-23T12:05:30","slug":"grupo-de-estudos-em-ciencias-anatomicas-veterinarias","status":"publish","type":"page","link":"https:\/\/www.ufmg.br\/proex\/grupo-de-estudos-em-ciencias-anatomicas-veterinarias\/","title":{"rendered":"Grupo de Estudos em Ci\u00eancias Anat\u00f4micas Veterin\u00e1rias"},"content":{"rendered":"<p>Est\u00e3o abertas, <strong>at\u00e9 25 de agosto de 2023<\/strong>, as inscri\u00e7\u00f5es para o projeto <a href=\"https:\/\/sistemas.ufmg.br\/siex\/VerIdentificacao.do?id=93946&amp;tipo=Projeto\" target=\"_blank\" rel=\"noopener\">Anatomicamente falando: Dissecando a veterin\u00e1ria atrav\u00e9s das m\u00eddias sociais e Grupo de Estudo em Ci\u00eancias Anat\u00f4micas Veterin\u00e1rias<\/a>, iniciativa de extens\u00e3o do Instituto de Ci\u00eancias Biol\u00f3gicas (ICB\/UFMG).<\/p>\n<p>No ato da inscri\u00e7\u00e3o, o candidato dever\u00e1 enviar hist\u00f3rico escolar (contendo rendimento semestral global) e curr\u00edculo vitae, al\u00e9m de preencher <a href=\"https:\/\/forms.gle\/Qu7VU3YyK1DULRsH8\" target=\"_blank\" rel=\"noopener\">formul\u00e1rio eletr\u00f4nico.<\/a><\/p>\n<p>Como requisitos para a candidatura, o(a) aluno(a) deve estar cursando Medicina Veterin\u00e1ria na UFMG, n\u00e3o havendo restri\u00e7\u00e3o quanto ao per\u00edodo no candidato est\u00e1 matriculado, e ter disponibilidade de h\u00f3rarios na segunda-feira \u00e0 noite, dia o qual ocorrem as reuni\u00f5es de formato presencial e online, de forma intercalada.<\/p>\n<p>O processo seletivo ser\u00e1 dividido em 2 etapas:<br \/>\n-1\u00aa etapa (Analise do hist\u00f3rico escolar, rendimento semestral global e avalia\u00e7\u00e3o das respostas dos formul\u00e1rios);<br \/>\n-2\u00aa etapa (entrevista e cria\u00e7\u00e3o de post para Instagram).<\/p>\n<p>Para mais informa\u00e7\u00f5es, leia o <a href=\"https:\/\/www.icb.ufmg.br\/images\/CENEX\/2023\/Processo-seletivo-2023_2.pdf\" target=\"_blank\" rel=\"noopener\">edital na \u00edntegra.<\/a><\/p>\n<p>Conhe\u00e7a mais do projeto no <a href=\"https:\/\/www.instagram.com\/gecavufmg\/\" target=\"_blank\" rel=\"noopener\">Instagram do Grupo de Estudos em Ci\u00eancias Anat\u00f4micas Veterin\u00e1rias (Gecav).<\/a><\/p>\n<p>&nbsp;<\/p>\n<p>&nbsp;<\/p>\n<p>&nbsp;<\/p>\n","protected":false},"excerpt":{"rendered":"<p>Est\u00e3o abertas, at\u00e9 25 de agosto de 2023, as inscri\u00e7\u00f5es [&hellip;]<\/p>\n","protected":false},"author":2,"featured_media":0,"parent":0,"menu_order":0,"comment_status":"closed","ping_status":"closed","template":"","meta":[],"tags":[23,109],"_links":{"self":[{"href":"https:\/\/www.ufmg.br\/proex\/wp-json\/wp\/v2\/pages\/9740"}],"collection":[{"href":"https:\/\/www.ufmg.br\/proex\/wp-json\/wp\/v2\/pages"}],"about":[{"href":"https:\/\/www.ufmg.br\/proex\/wp-json\/wp\/v2\/types\/page"}],"author":[{"embeddable":true,"href":"https:\/\/www.ufmg.br\/proex\/wp-json\/wp\/v2\/users\/2"}],"replies":[{"embeddable":true,"href":"https:\/\/www.ufmg.br\/proex\/wp-json\/wp\/v2\/comments?post=9740"}],"version-history":[{"count":10,"href":"https:\/\/www.ufmg.br\/proex\/wp-json\/wp\/v2\/pages\/9740\/revisions"}],"predecessor-version":[{"id":9751,"href":"https:\/\/www.ufmg.br\/proex\/wp-json\/wp\/v2\/pages\/9740\/revisions\/9751"}],"wp:attachment":[{"href":"https:\/\/www.ufmg.br\/proex\/wp-json\/wp\/v2\/media?parent=9740"}],"wp:term":[{"taxonomy":"post_tag","embeddable":true,"href":"https:\/\/www.ufmg.br\/proex\/wp-json\/wp\/v2\/tags?post=9740"}],"curies":[{"name":"wp","href":"https:\/\/api.w.org\/{rel}","templated":true}]}}