{"id":9826,"date":"2023-08-29T16:55:30","date_gmt":"2023-08-29T19:55:30","guid":{"rendered":"https:\/\/www.ufmg.br\/proex\/?page_id=9826"},"modified":"2025-01-30T11:54:06","modified_gmt":"2025-01-30T14:54:06","slug":"cenex-hc","status":"publish","type":"page","link":"https:\/\/www.ufmg.br\/proex\/cenex-hc\/","title":{"rendered":"Cenex Hospital das Cl\u00ednicas"},"content":{"rendered":"<p>O Hospital das Cl\u00ednicas da UFMG, administrado pela Empresa Brasileira de Servi\u00e7os Hospitalares (EBSERH), \u00e9 um hospital universit\u00e1rio, p\u00fablico e geral, que realiza atividades de ensino, pesquisa e assist\u00eancia em sa\u00fade.<\/p>\n<p>O Centro de Extens\u00e3o (Cenex-HC\/UFMG) \u00e9 o \u00f3rg\u00e3o colegiado respons\u00e1vel pelo apoio a assuntos referentes \u00e0s atividades de extens\u00e3o universit\u00e1ria na unidade.<\/p>\n<p>O Cenex iniciou suas atividades em agosto de 1998. A partir do ano 2000, com espa\u00e7o f\u00edsico e estrutura organizacional pr\u00f3prios, ampliou sua atua\u00e7\u00e3o com o objetivo de auxiliar no planejamento, divulga\u00e7\u00e3o, assessoramento e acompanhamento da extens\u00e3o desenvolvida no Complexo Hospitalar das Cl\u00ednicas.<\/p>\n<p>Articulada \u00e0 assist\u00eancia e ao ensino, a extens\u00e3o no \u00e2mbito do cen\u00e1rio hospitalar contribui para a inova\u00e7\u00e3o e a transforma\u00e7\u00e3o do meio, adotando novas pr\u00e1ticas assistenciais e tecnol\u00f3gicas em prol do Sistema \u00danico de Sa\u00fade (SUS).<\/p>\n<h3><strong>Extens\u00e3o singular<\/strong><\/h3>\n<p>&nbsp;<\/p>\n<p>As atividades extensionistas do Hospital das Cl\u00ednicas (reconhecido como Unidade Especial na UFMG) possuem caracter\u00edsticas singulares. Elas formam uma ponte entre a comunidade externa, o servi\u00e7o hospitalar e a academia.<\/p>\n<p>Os m\u00faltiplos servi\u00e7os do Complexo Hospitalar atendem a um p\u00fablico amplo, que incluem pacientes de alta complexidade e tamb\u00e9m os sujeitos envolvidos no processo de ensino e aprendizagem em espa\u00e7os multidisciplinares.<\/p>\n<p>As atividades v\u00e3o al\u00e9m da \u00e1rea da sa\u00fade. Conseguem agregar e atingir outras dimens\u00f5es, como a educa\u00e7\u00e3o, a inclus\u00e3o e a produ\u00e7\u00e3o de experi\u00eancias exitosas por meio de eventos, cursos, projetos, programas, publica\u00e7\u00f5es e presta\u00e7\u00e3o de servi\u00e7os, alcan\u00e7ando um p\u00fablico diverso em n\u00famero, origem, caracter\u00edsticas e diversidade social e cultural.<\/p>\n<p>Atualmente, o hospital desenvolve a\u00e7\u00f5es de extens\u00e3o que resultam de iniciativas da comunidade interna e de parcerias com outras unidades da UFMG.<\/p>\n<h3><strong>Iniciativas consolidadas<\/strong><\/h3>\n<p>&nbsp;<\/p>\n<p>Iniciativas consolidadas como <em>A Brinquedoteca Nosso Cantinho<\/em> e a <em>Semana de Enfermagem<\/em> geram produ\u00e7\u00f5es variadas como cartilhas educativas, informativos, artigos cient\u00edficos.<\/p>\n<p>Tamb\u00e9m s\u00e3o diferenciais do HC os cursos longos de extens\u00e3o em Treinamento\/Qualifica\u00e7\u00e3o profissional, conhecidos como <em>Fellowship. <\/em>Os Cursos de Geriatria, de Dor, Neurologia Cognitiva e Dist\u00farbios do Movimento est\u00e3o entre os que se destacam nacional e internacionalmente.<\/p>\n<h3><strong>Impacto na forma\u00e7\u00e3o<\/strong><\/h3>\n<p>&nbsp;<\/p>\n<p>Acad\u00eamicos bolsistas e volunt\u00e1rios, juntamente com o corpo profissional do hospital, participam ativamente da extens\u00e3o do HC por meio da pr\u00e1tica cotidiana.<\/p>\n<p>O estudante tem a possibilidade de aproximar-se da realidade do usu\u00e1rio do SUS e das demandas que o impacto social do adoecimento propicia.<\/p>\n<p>A extens\u00e3o, por meio da viv\u00eancia acad\u00eamica integrada \u00e0 assist\u00eancia em sa\u00fade, pode apresentar solu\u00e7\u00f5es e inova\u00e7\u00f5es, advindas de conhecimentos e experi\u00eancias compartilhadas cotidianamente.<\/p>\n<p>Outras informa\u00e7\u00f5es sobre a extens\u00e3o desenvolvida na unidade podem ser encontradas no <a href=\"https:\/\/www.gov.br\/ebserh\/pt-br\/hospitais-universitarios\/regiao-sudeste\/hc-ufmg\" target=\"_blank\" rel=\"noopener\">site do HC\/UFMG.<\/a><\/p>\n<p>Visite tamb\u00e9m o <a href=\"https:\/\/sistemas.ufmg.br\/siex\/PrepararPesquisarAcaoExtensao.do?clean=1\" target=\"_blank\" rel=\"noopener\">Siex<\/a> &#8211; Sistema de Informa\u00e7\u00e3o da Extens\u00e3o da UFMG (utilize os campos de pesquisa da plataforma para encontrar atividades e informa\u00e7\u00f5es desejadas).<\/p>\n<p><strong>Cenex\/HC<\/strong><br \/>\nPr\u00e9dio principal do Hospital das Cl\u00ednicas (1\u00ba andar ala norte, sala 103)<br \/>\nTelefone: (31) 3307-9962<br \/>\nEmail: <a href=\"mailto:cenex.hcmg@ebserh.gov.br\" target=\"_blank\" rel=\"noopener\">cenex.hcmg@ebserh.gov.br<\/a><\/p>\n<p>&nbsp;<\/p>\n<p>&nbsp;<\/p>\n<p>&nbsp;<\/p>\n<p>&nbsp;<\/p>\n","protected":false},"excerpt":{"rendered":"<p>O Hospital das Cl\u00ednicas da UFMG, administrado pela Empresa Brasileira [&hellip;]<\/p>\n","protected":false},"author":2,"featured_media":0,"parent":0,"menu_order":0,"comment_status":"closed","ping_status":"closed","template":"","meta":[],"tags":[757,23,755],"_links":{"self":[{"href":"https:\/\/www.ufmg.br\/proex\/wp-json\/wp\/v2\/pages\/9826"}],"collection":[{"href":"https:\/\/www.ufmg.br\/proex\/wp-json\/wp\/v2\/pages"}],"about":[{"href":"https:\/\/www.ufmg.br\/proex\/wp-json\/wp\/v2\/types\/page"}],"author":[{"embeddable":true,"href":"https:\/\/www.ufmg.br\/proex\/wp-json\/wp\/v2\/users\/2"}],"replies":[{"embeddable":true,"href":"https:\/\/www.ufmg.br\/proex\/wp-json\/wp\/v2\/comments?post=9826"}],"version-history":[{"count":85,"href":"https:\/\/www.ufmg.br\/proex\/wp-json\/wp\/v2\/pages\/9826\/revisions"}],"predecessor-version":[{"id":14396,"href":"https:\/\/www.ufmg.br\/proex\/wp-json\/wp\/v2\/pages\/9826\/revisions\/14396"}],"wp:attachment":[{"href":"https:\/\/www.ufmg.br\/proex\/wp-json\/wp\/v2\/media?parent=9826"}],"wp:term":[{"taxonomy":"post_tag","embeddable":true,"href":"https:\/\/www.ufmg.br\/proex\/wp-json\/wp\/v2\/tags?post=9826"}],"curies":[{"name":"wp","href":"https:\/\/api.w.org\/{rel}","templated":true}]}}