{"id":9853,"date":"2023-08-29T15:50:21","date_gmt":"2023-08-29T18:50:21","guid":{"rendered":"https:\/\/www.ufmg.br\/proex\/?page_id=9853"},"modified":"2023-08-29T15:50:21","modified_gmt":"2023-08-29T18:50:21","slug":"design-e-educacao","status":"publish","type":"page","link":"https:\/\/www.ufmg.br\/proex\/design-e-educacao\/","title":{"rendered":"Design e Educa\u00e7\u00e3o"},"content":{"rendered":"<p>Est\u00e3o abertas as inscri\u00e7\u00f5es para sele\u00e7\u00e3o de candidatos para volunt\u00e1rio de extens\u00e3o no projeto <em>Design e Educa\u00e7\u00e3o,\u00a0<\/em>da Escola de Arquitetura.<\/p>\n<p>As inscri\u00e7\u00f5es v\u00e3o\u00a0<strong>at\u00e9 08 de setembro de 2023<\/strong>, por meio do e-mail: profglaucinei@gmail.com. Devem ser anexados ao email o hist\u00f3rico escolar e uma carta de interesse.<\/p>\n<p>Poder\u00e3o inscrever-se alunos regularmente matriculados no curso de design da UFMG e que possuam conhecimentos b\u00e1sicos em softwares da \u00e1rea gr\u00e1fica.<\/p>\n<p>O volunt\u00e1rio colaborar\u00e1 com o desenvolvimento do projeto e trabalhar\u00e1 na identidade e sinaliza\u00e7\u00e3o do Jardim de Arom\u00e1ticos do Jardim Bot\u00e2nico de BH.<\/p>\n","protected":false},"excerpt":{"rendered":"<p>Est\u00e3o abertas as inscri\u00e7\u00f5es para sele\u00e7\u00e3o de candidatos para volunt\u00e1rio [&hellip;]<\/p>\n","protected":false},"author":2,"featured_media":0,"parent":0,"menu_order":0,"comment_status":"closed","ping_status":"closed","template":"","meta":[],"tags":[],"_links":{"self":[{"href":"https:\/\/www.ufmg.br\/proex\/wp-json\/wp\/v2\/pages\/9853"}],"collection":[{"href":"https:\/\/www.ufmg.br\/proex\/wp-json\/wp\/v2\/pages"}],"about":[{"href":"https:\/\/www.ufmg.br\/proex\/wp-json\/wp\/v2\/types\/page"}],"author":[{"embeddable":true,"href":"https:\/\/www.ufmg.br\/proex\/wp-json\/wp\/v2\/users\/2"}],"replies":[{"embeddable":true,"href":"https:\/\/www.ufmg.br\/proex\/wp-json\/wp\/v2\/comments?post=9853"}],"version-history":[{"count":1,"href":"https:\/\/www.ufmg.br\/proex\/wp-json\/wp\/v2\/pages\/9853\/revisions"}],"predecessor-version":[{"id":9857,"href":"https:\/\/www.ufmg.br\/proex\/wp-json\/wp\/v2\/pages\/9853\/revisions\/9857"}],"wp:attachment":[{"href":"https:\/\/www.ufmg.br\/proex\/wp-json\/wp\/v2\/media?parent=9853"}],"wp:term":[{"taxonomy":"post_tag","embeddable":true,"href":"https:\/\/www.ufmg.br\/proex\/wp-json\/wp\/v2\/tags?post=9853"}],"curies":[{"name":"wp","href":"https:\/\/api.w.org\/{rel}","templated":true}]}}