{"id":9998,"date":"2023-09-06T15:00:38","date_gmt":"2023-09-06T18:00:38","guid":{"rendered":"https:\/\/www.ufmg.br\/proex\/?page_id=9998"},"modified":"2023-09-21T11:06:43","modified_gmt":"2023-09-21T14:06:43","slug":"cenex-direito","status":"publish","type":"page","link":"https:\/\/www.ufmg.br\/proex\/cenex-direito\/","title":{"rendered":"Cenex Faculdade de Direito"},"content":{"rendered":"<p>O Centro de Extens\u00e3o (Cenex) da Faculdade de Direito da UFMG \u00e9 o \u00f3rg\u00e3o colegiado respons\u00e1vel pelo apoio a assuntos referentes \u00e0s atividades de extens\u00e3o universit\u00e1ria na unidade.<\/p>\n<p>A Faculdade possui os cursos de gradua\u00e7\u00e3o em Direito e em Ci\u00eancias do Estado e desenvolve atividades de extens\u00e3o nas \u00e1reas de direitos humanos, solu\u00e7\u00e3o de conflitos, assist\u00eancia jur\u00eddica, diversidade sexual e de g\u00eanero, entre outras.<\/p>\n<h3><strong>Principais iniciativas<\/strong><\/h3>\n<p>&nbsp;<\/p>\n<p><b>Cl\u00ednica de Direitos Humanos<\/b><\/p>\n<div id=\"attachment_10021\" style=\"width: 760px\" class=\"wp-caption alignnone\"><img aria-describedby=\"caption-attachment-10021\" loading=\"lazy\" class=\"wp-image-10021\" src=\"https:\/\/www.ufmg.br\/proex\/wp-content\/uploads\/2023\/09\/Imagem-8-300x225.jpg\" alt=\"Atendimento jur\u00eddico realizado pelo Eixo Transpasse na Faculdade de Direito da UFMG \/ Foto: Divulga\u00e7\u00e3o Cenex Direito\" width=\"750\" height=\"563\" srcset=\"https:\/\/www.ufmg.br\/proex\/wp-content\/uploads\/2023\/09\/Imagem-8-300x225.jpg 300w, https:\/\/www.ufmg.br\/proex\/wp-content\/uploads\/2023\/09\/Imagem-8-1024x768.jpg 1024w, https:\/\/www.ufmg.br\/proex\/wp-content\/uploads\/2023\/09\/Imagem-8-768x576.jpg 768w, https:\/\/www.ufmg.br\/proex\/wp-content\/uploads\/2023\/09\/Imagem-8-1536x1152.jpg 1536w, https:\/\/www.ufmg.br\/proex\/wp-content\/uploads\/2023\/09\/Imagem-8.jpg 1600w\" sizes=\"(max-width: 750px) 100vw, 750px\" \/><p id=\"caption-attachment-10021\" class=\"wp-caption-text\">CDH\/UFMG oferece atendimento jur\u00eddico especializado a pessoas LGBTQI+ | Foto: Cenex Direito<\/p><\/div>\n<p><span style=\"font-weight: 400;\">A <a href=\"https:\/\/www.instagram.com\/cdhufmg\/?hl=pt-br\" target=\"_blank\" rel=\"noopener\">Cl\u00ednica de Direitos Humanos<\/a> (CDH\/UFMG) \u00e9 um programa de pesquisa e extens\u00e3o vinculado \u00e0 Divis\u00e3o de Assist\u00eancia Judici\u00e1ria da UFMG (DAJ\/UFMG), \u00f3rg\u00e3o complementar da Faculdade de Direito respons\u00e1vel por prestar assist\u00eancia jur\u00eddica \u00e0 popula\u00e7\u00e3o economicamente hipossuficiente de Belo Horizonte. <\/span><\/p>\n<p><span style=\"font-weight: 400;\">Fundada em 2013, a CDH tem por objetivo ampliar a promo\u00e7\u00e3o e a prote\u00e7\u00e3o dos direitos humanos,<\/span><span style=\"font-weight: 400;\"> utilizando do m\u00e9todo da advocacia estrat\u00e9gica, judicial e extrajudicialmente, tanto no \u00e2mbito nacional quanto internacional. <\/span><span style=\"font-weight: 400;\">Atualmente, estrutura-se em tr\u00eas eixos de atua\u00e7\u00e3o especializada: Direitos LGBTQI+ Transpasse; Direitos Reprodutivos e Sexuais; e Justi\u00e7a Socioambiental, Direitos Humanos e Empresas.<\/span><\/p>\n<p><strong>Diverso UFMG<\/strong><\/p>\n<p>O <a href=\"https:\/\/www.instagram.com\/diversoufmg\/\" target=\"_blank\" rel=\"noopener\">Diverso UFMG<\/a> \u2013 N\u00facleo Jur\u00eddico de Diversidade Sexual e de G\u00eanero &#8211; foi criado, em 2014, com o objetivo de promover estudos sobre mulheres e pessoas LGBT e articular a\u00e7\u00f5es pol\u00edticas e legais contra viol\u00eancias baseadas no g\u00eanero e\/ou na sexualidade.<\/p>\n<p>O Diverso parte da indissociabilidade do ensino, da pesquisa e extens\u00e3o para contribuir para a forma\u00e7\u00e3o de estudantes sens\u00edveis \u00e0 perversa realidade de viola\u00e7\u00f5es de direitos humanos em mat\u00e9ria de g\u00eanero e sexualidade. Atualmente o programa conta com v\u00e1rios projetos, por exemplo, o Grupo de Estudos semestral, o Congresso de Diversidade Sexual e do G\u00eanero e o Educa Diverso.<\/p>\n<p><strong>Recaj UFMG<\/strong><\/p>\n<div id=\"attachment_10024\" style=\"width: 760px\" class=\"wp-caption alignnone\"><img aria-describedby=\"caption-attachment-10024\" loading=\"lazy\" class=\"wp-image-10024\" src=\"https:\/\/www.ufmg.br\/proex\/wp-content\/uploads\/2023\/09\/Congresso-300x200.jpeg\" alt=\"Congresso Recaj UFMG \/ Foto: Divulga\u00e7\u00e3o Cenex Direito\" width=\"750\" height=\"500\" srcset=\"https:\/\/www.ufmg.br\/proex\/wp-content\/uploads\/2023\/09\/Congresso-300x200.jpeg 300w, https:\/\/www.ufmg.br\/proex\/wp-content\/uploads\/2023\/09\/Congresso-1024x682.jpeg 1024w, https:\/\/www.ufmg.br\/proex\/wp-content\/uploads\/2023\/09\/Congresso-768x512.jpeg 768w, https:\/\/www.ufmg.br\/proex\/wp-content\/uploads\/2023\/09\/Congresso-1536x1023.jpeg 1536w, https:\/\/www.ufmg.br\/proex\/wp-content\/uploads\/2023\/09\/Congresso.jpeg 1600w\" sizes=\"(max-width: 750px) 100vw, 750px\" \/><p id=\"caption-attachment-10024\" class=\"wp-caption-text\">Congresso do Recaj na Faculdade de Direito da UFMG\u00a0 | Foto: Cenex Direito<\/p><\/div>\n<p><span style=\"font-weight: 400;\">O <a href=\"https:\/\/www.instagram.com\/recajufmg\/?hl=pt-br\" target=\"_blank\" rel=\"noopener\">Programa Recaj UFMG<\/a> &#8211; Ensino, Pesquisa e Extens\u00e3o em Acesso \u00e0 Justi\u00e7a pela via dos Direitos e Solu\u00e7\u00e3o de Conflitos &#8211; promove, desde 2006, atividades que correlacionam o trip\u00e9 universit\u00e1rio em toda sua integralidade. <\/span><\/p>\n<p><span style=\"font-weight: 400;\">Os principais projetos s\u00e3o: P\u00edlulas Jur\u00eddicas; RECAJ &#8211; Emancipa: parceria do Programa com a rede de cursinho popular pr\u00e9-vestibular Emancipa; RECAJ nas Escolas; Acessando: O Podcast Sobre Acesso \u00e0 Justi\u00e7a; RECAJ e TRTs: fazendo parcerias com os Tribunais Regionais do Trabalho e Fala Jovem.<\/span><\/p>\n<p><strong>DEAA<\/strong><\/p>\n<p>O projeto <a href=\"https:\/\/ensinododireitoempresarial.direito.ufmg.br\/\" target=\"_blank\" rel=\"noopener\">Direito Empresarial Atualizado e Acess\u00edvel<\/a> (DEAA) tem como objetivo produzir, organizar e disponibilizar material t\u00e9cnico sobre Direito Empresarial. Busca-se apoiar as novas pol\u00edticas de inclus\u00e3o do ensino superior e a Pol\u00edtica de Ci\u00eancia, Tecnologia e Inova\u00e7\u00e3o. Al\u00e9m disso, visa-se apoiar os milhares de alunos das universidades federais brasileiras que necessitam de acesso amplo, gratuito e irrestrito a materiais de ensino de qualidade e tamb\u00e9m os operadores do Direito.<\/p>\n<p><strong>AJUP &#8211; Assessoria Jur\u00eddica Universit\u00e1ria Popular<\/strong><\/p>\n<div id=\"attachment_10027\" style=\"width: 760px\" class=\"wp-caption alignnone\"><img aria-describedby=\"caption-attachment-10027\" loading=\"lazy\" class=\"wp-image-10027\" src=\"https:\/\/www.ufmg.br\/proex\/wp-content\/uploads\/2023\/09\/AJUP-Audie\u0302ncia-Pu\u0301blica-ALMG-Sistema-Prisional-27-05-2022-300x225.jpg\" alt=\"AJUP na Audie\u0302ncia Pu\u0301blica ALMG Sistema Prisional em maio de 2022 \/ Foto: Divulga\u00e7\u00e3o Cenex Direito\" width=\"750\" height=\"563\" srcset=\"https:\/\/www.ufmg.br\/proex\/wp-content\/uploads\/2023\/09\/AJUP-Audie\u0302ncia-Pu\u0301blica-ALMG-Sistema-Prisional-27-05-2022-300x225.jpg 300w, https:\/\/www.ufmg.br\/proex\/wp-content\/uploads\/2023\/09\/AJUP-Audie\u0302ncia-Pu\u0301blica-ALMG-Sistema-Prisional-27-05-2022-1024x769.jpg 1024w, https:\/\/www.ufmg.br\/proex\/wp-content\/uploads\/2023\/09\/AJUP-Audie\u0302ncia-Pu\u0301blica-ALMG-Sistema-Prisional-27-05-2022-768x577.jpg 768w, https:\/\/www.ufmg.br\/proex\/wp-content\/uploads\/2023\/09\/AJUP-Audie\u0302ncia-Pu\u0301blica-ALMG-Sistema-Prisional-27-05-2022.jpg 1280w\" sizes=\"(max-width: 750px) 100vw, 750px\" \/><p id=\"caption-attachment-10027\" class=\"wp-caption-text\">AJUP presente em audie\u0302ncia pu\u0301blica da ALMG sobre sistema prisional, em maio de 2022 | Foto: Cenex Direito<\/p><\/div>\n<p>A <a href=\"https:\/\/www.instagram.com\/ajupufmg\/\" target=\"_blank\" rel=\"noopener\">Assessoria Jur\u00eddica Universit\u00e1ria Popular (AJUP)<\/a> atua na educa\u00e7\u00e3o popular em direitos humanos, direito \u00e0 cidade, direito \u00e0 moradia, mobilidade urbana, assessoria jur\u00eddica popular e protagonismo estudantil.<\/p>\n<p>Criada pelos pr\u00f3prios alunos, em 2012, a AJUP j\u00e1 atuou com o Movimento dos Trabalhadores por Direitos (MTD), na Pedreira Prado Lopes (2012-2017), com o Movimento de Luta nos Bairros, Vilas e Favelas (MLB), junto \u00e0 Creche Tia Carminha na Ocupa\u00e7\u00e3o Eliana Silva (2017-2019), e tamb\u00e9m com o Movimento Tarifa Zero (TZ) em Belo Horizonte (2018-2022). Atualmente, assessora o Grupo de Amigos e Familiares de Pessoas em Priva\u00e7\u00e3o de Liberdade (Grupo de Amigos) e o Coletivo Kasa Invis\u00edvel (Kasa).<\/p>\n<p>Outras atividades e informa\u00e7\u00f5es sobre a extens\u00e3o da Faculdade de Direito da UFMG podem ser encontradas no <a href=\"https:\/\/www.direito.ufmg.br\/\" target=\"_blank\" rel=\"noopener\">site da unidade\u00a0<\/a>(ir \u00e0 aba <em>Pesquisa<\/em> e <em>Extens\u00e3o<\/em>) e nas\u00a0<a href=\"https:\/\/www.instagram.com\/fdufmg\/\" target=\"_blank\" rel=\"noopener\">redes sociais.<\/a><\/p>\n<p>Acesse tamb\u00e9m o\u00a0<a href=\"https:\/\/sistemas.ufmg.br\/siex\/PrepararPesquisarAcaoExtensao.do?clean=1\" target=\"_blank\" rel=\"noopener\">Siex\/UFMG<\/a>\u00a0\u2013 Sistema de Informa\u00e7\u00e3o da Extens\u00e3o\u00a0 (utilize os campos de pesquisa para encontrar atividades e informa\u00e7\u00f5es desejadas).<\/p>\n<p>&nbsp;<\/p>\n","protected":false},"excerpt":{"rendered":"<p>O Centro de Extens\u00e3o (Cenex) da Faculdade de Direito da [&hellip;]<\/p>\n","protected":false},"author":2,"featured_media":0,"parent":0,"menu_order":0,"comment_status":"closed","ping_status":"closed","template":"","meta":[],"tags":[759,23],"_links":{"self":[{"href":"https:\/\/www.ufmg.br\/proex\/wp-json\/wp\/v2\/pages\/9998"}],"collection":[{"href":"https:\/\/www.ufmg.br\/proex\/wp-json\/wp\/v2\/pages"}],"about":[{"href":"https:\/\/www.ufmg.br\/proex\/wp-json\/wp\/v2\/types\/page"}],"author":[{"embeddable":true,"href":"https:\/\/www.ufmg.br\/proex\/wp-json\/wp\/v2\/users\/2"}],"replies":[{"embeddable":true,"href":"https:\/\/www.ufmg.br\/proex\/wp-json\/wp\/v2\/comments?post=9998"}],"version-history":[{"count":44,"href":"https:\/\/www.ufmg.br\/proex\/wp-json\/wp\/v2\/pages\/9998\/revisions"}],"predecessor-version":[{"id":10341,"href":"https:\/\/www.ufmg.br\/proex\/wp-json\/wp\/v2\/pages\/9998\/revisions\/10341"}],"wp:attachment":[{"href":"https:\/\/www.ufmg.br\/proex\/wp-json\/wp\/v2\/media?parent=9998"}],"wp:term":[{"taxonomy":"post_tag","embeddable":true,"href":"https:\/\/www.ufmg.br\/proex\/wp-json\/wp\/v2\/tags?post=9998"}],"curies":[{"name":"wp","href":"https:\/\/api.w.org\/{rel}","templated":true}]}}