{"id":1036,"date":"2021-09-27T14:48:32","date_gmt":"2021-09-27T17:48:32","guid":{"rendered":"https:\/\/www.ufmg.br\/prograd\/?page_id=1036"},"modified":"2022-01-20T11:41:38","modified_gmt":"2022-01-20T14:41:38","slug":"estagio","status":"publish","type":"page","link":"https:\/\/www.ufmg.br\/prograd\/estagio\/","title":{"rendered":"Est\u00e1gio"},"content":{"rendered":"<div class=\"attribute-header\">\n<p>Na Prograd,\u00a0 as orienta\u00e7\u00f5es sobre est\u00e1gio s\u00e3o responsabilidade do Setor de Est\u00e1gios e Mobilidade Acad\u00eamica. Nesta p\u00e1gina est\u00e3o as principais informa\u00e7\u00f5es relacionadas ao tema, como legisla\u00e7\u00e3o, cartilha, formul\u00e1rios e orienta\u00e7\u00f5es para contrata\u00e7\u00e3o de estagi\u00e1rios.<\/p>\n<style>#sp-ea-1040 .spcollapsing { height: 0; overflow: hidden; transition-property: height;transition-duration: 500ms;}#sp-ea-1040.sp-easy-accordion>.sp-ea-single {margin-bottom: 10px; border: 1px solid #e2e2e2; }#sp-ea-1040.sp-easy-accordion>.sp-ea-single>.ea-header a {color: #444;}#sp-ea-1040.sp-easy-accordion>.sp-ea-single>.sp-collapse>.ea-body {background: #fff; color: #444;}#sp-ea-1040.sp-easy-accordion>.sp-ea-single {background: #eee;}#sp-ea-1040.sp-easy-accordion>.sp-ea-single>.ea-header a .ea-expand-icon { float: left; color: #444;font-size: 16px;}<\/style><div id=\"sp_easy_accordion-1776547559\"><div id=\"sp-ea-1040\" class=\"sp-ea-one sp-easy-accordion\" data-ea-active=\"ea-click\" data-ea-mode=\"vertical\" data-preloader=\"\" data-scroll-active-item=\"\" data-offset-to-scroll=\"0\"><div class=\"ea-card ea-expand sp-ea-single\"><h3 class=\"ea-header\"><a class=\"collapsed\" id=\"ea-header-10400\" role=\"button\" data-sptoggle=\"spcollapse\" data-sptarget=\"#collapse10400\" aria-controls=\"collapse10400\" href=\"#\" aria-expanded=\"true\" tabindex=\"0\"><i aria-hidden=\"true\" role=\"presentation\" class=\"ea-expand-icon eap-icon-ea-expand-minus\"><\/i> Lei de Est\u00e1gio<\/a><\/h3><div class=\"sp-collapse spcollapse collapsed show\" id=\"collapse10400\" data-parent=\"#sp-ea-1040\" role=\"region\" aria-labelledby=\"ea-header-10400\"> <div class=\"ea-body\"><h2><a href=\"http:\/\/www.planalto.gov.br\/ccivil_03\/_Ato2007-2010\/2008\/Lei\/L11788.htm\" target=\"_self\">Lei N\u00ba 11.788, de 25 de setembro de 2008<\/a><\/h2><\/div><\/div><\/div><div class=\"ea-card sp-ea-single\"><h3 class=\"ea-header\"><a class=\"collapsed\" id=\"ea-header-10401\" role=\"button\" data-sptoggle=\"spcollapse\" data-sptarget=\"#collapse10401\" aria-controls=\"collapse10401\" href=\"#\" aria-expanded=\"false\" tabindex=\"0\"><i aria-hidden=\"true\" role=\"presentation\" class=\"ea-expand-icon eap-icon-ea-expand-plus\"><\/i> Cartilha sobre a Lei de Est\u00e1gio<\/a><\/h3><div class=\"sp-collapse spcollapse \" id=\"collapse10401\" data-parent=\"#sp-ea-1040\" role=\"region\" aria-labelledby=\"ea-header-10401\"> <div class=\"ea-body\"><p><a href=\"https:\/\/www.ufmg.br\/prograd\/wp-content\/uploads\/2022\/01\/Cartilha.pdf\">Nova Cartilha Esclarecedora sobre a Lei de Est\u00e1gio, elaborada pelo MTE<\/a><\/p><\/div><\/div><\/div><div class=\"ea-card sp-ea-single\"><h3 class=\"ea-header\"><a class=\"collapsed\" id=\"ea-header-10402\" role=\"button\" data-sptoggle=\"spcollapse\" data-sptarget=\"#collapse10402\" aria-controls=\"collapse10402\" href=\"#\" aria-expanded=\"false\" tabindex=\"0\"><i aria-hidden=\"true\" role=\"presentation\" class=\"ea-expand-icon eap-icon-ea-expand-plus\"><\/i> Regulamenta\u00e7\u00e3o de est\u00e1gio em cursos de Gradua\u00e7\u00e3o da UFMG<\/a><\/h3><div class=\"sp-collapse spcollapse \" id=\"collapse10402\" data-parent=\"#sp-ea-1040\" role=\"region\" aria-labelledby=\"ea-header-10402\"> <div class=\"ea-body\"><p><a href=\"https:\/\/www2.ufmg.br\/sods\/content\/download\/1497\/12053\/version\/2\/file\/02rescepe2009+est%C3%A1gio.pdf\">Resolu\u00e7\u00e3o 02\/2009, de 10 de mar\u00e7o de 2009 -\u00a0Regulamenta o Est\u00e1gio em cursos de Gradua\u00e7\u00e3o da UFMG e revoga a Resolu\u00e7\u00e3o 03\/2006 do Conselho de Ensino, Pesquisa e Extens\u00e3o.<\/a><\/p><\/div><\/div><\/div><div class=\"ea-card sp-ea-single\"><h3 class=\"ea-header\"><a class=\"collapsed\" id=\"ea-header-10403\" role=\"button\" data-sptoggle=\"spcollapse\" data-sptarget=\"#collapse10403\" aria-controls=\"collapse10403\" href=\"#\" aria-expanded=\"false\" tabindex=\"0\"><i aria-hidden=\"true\" role=\"presentation\" class=\"ea-expand-icon eap-icon-ea-expand-plus\"><\/i> Determina os instrumentos jur\u00eddicos de est\u00e1gio da UFMG<\/a><\/h3><div class=\"sp-collapse spcollapse \" id=\"collapse10403\" data-parent=\"#sp-ea-1040\" role=\"region\" aria-labelledby=\"ea-header-10403\"> <div class=\"ea-body\"><h2><a href=\"https:\/\/www.ufmg.br\/prograd\/wp-content\/uploads\/2022\/01\/port1042006Estagio.pdf\">Portaria n\u00b0104\/2006<\/a><\/h2><\/div><\/div><\/div><div class=\"ea-card sp-ea-single\"><h3 class=\"ea-header\"><a class=\"collapsed\" id=\"ea-header-10404\" role=\"button\" data-sptoggle=\"spcollapse\" data-sptarget=\"#collapse10404\" aria-controls=\"collapse10404\" href=\"#\" aria-expanded=\"false\" tabindex=\"0\"><i aria-hidden=\"true\" role=\"presentation\" class=\"ea-expand-icon eap-icon-ea-expand-plus\"><\/i> Modelos de plano de trabalho, termo de compromisso e protocolo de est\u00e1gio.<\/a><\/h3><div class=\"sp-collapse spcollapse \" id=\"collapse10404\" data-parent=\"#sp-ea-1040\" role=\"region\" aria-labelledby=\"ea-header-10404\"> <div class=\"ea-body\"><p><a href=\"https:\/\/www.ufmg.br\/prograd\/instrumentos-juridicos-estagios\/\">Instrumentos Jur\u00eddicos - est\u00e1gios<\/a><\/p><\/div><\/div><\/div><div class=\"ea-card sp-ea-single\"><h3 class=\"ea-header\"><a class=\"collapsed\" id=\"ea-header-10405\" role=\"button\" data-sptoggle=\"spcollapse\" data-sptarget=\"#collapse10405\" aria-controls=\"collapse10405\" href=\"#\" aria-expanded=\"false\" tabindex=\"0\"><i aria-hidden=\"true\" role=\"presentation\" class=\"ea-expand-icon eap-icon-ea-expand-plus\"><\/i> Rela\u00e7\u00e3o de Protocolos e Conv\u00eanios firmados pela UFMG - Ordenado por Unidade Acad\u00eamica<\/a><\/h3><div class=\"sp-collapse spcollapse \" id=\"collapse10405\" data-parent=\"#sp-ea-1040\" role=\"region\" aria-labelledby=\"ea-header-10405\"> <div class=\"ea-body\"><p><a href=\"https:\/\/www.ufmg.br\/prograd\/protocolos-e-convenios\/\">Protocolos e Conv\u00eanios<\/a><\/p><\/div><\/div><\/div><div class=\"ea-card sp-ea-single\"><h3 class=\"ea-header\"><a class=\"collapsed\" id=\"ea-header-10406\" role=\"button\" data-sptoggle=\"spcollapse\" data-sptarget=\"#collapse10406\" aria-controls=\"collapse10406\" href=\"#\" aria-expanded=\"false\" tabindex=\"0\"><i aria-hidden=\"true\" role=\"presentation\" class=\"ea-expand-icon eap-icon-ea-expand-plus\"><\/i> Orienta\u00e7\u00f5es sobre a aceita\u00e7\u00e3o de estagi\u00e1rios no \u00e2mbito da Administra\u00e7\u00e3o P\u00fablica federal direta, aut\u00e1rquica e fundacional<\/a><\/h3><div class=\"sp-collapse spcollapse \" id=\"collapse10406\" data-parent=\"#sp-ea-1040\" role=\"region\" aria-labelledby=\"ea-header-10406\"> <div class=\"ea-body\"><p><a href=\"https:\/\/www.ufmg.br\/prograd\/wp-content\/uploads\/2022\/01\/InstrucaoNormatn213de17Dez2019.pdf\">Orienta\u00e7\u00e3o Normativa N\u00ba\u00a0213, de 17 de dezembro de 2019<\/a><\/p><\/div><\/div><\/div><div class=\"ea-card sp-ea-single\"><h3 class=\"ea-header\"><a class=\"collapsed\" id=\"ea-header-10407\" role=\"button\" data-sptoggle=\"spcollapse\" data-sptarget=\"#collapse10407\" aria-controls=\"collapse10407\" href=\"#\" aria-expanded=\"false\" tabindex=\"0\"><i aria-hidden=\"true\" role=\"presentation\" class=\"ea-expand-icon eap-icon-ea-expand-plus\"><\/i> Orienta\u00e7\u00f5es para contrata\u00e7\u00e3o<\/a><\/h3><div class=\"sp-collapse spcollapse \" id=\"collapse10407\" data-parent=\"#sp-ea-1040\" role=\"region\" aria-labelledby=\"ea-header-10407\"> <div class=\"ea-body\"><p><a href=\"https:\/\/www.ufmg.br\/prograd\/orientacoes-para-contratacao\/\">Orienta\u00e7\u00f5es para contrata\u00e7\u00e3o<\/a><\/p><\/div><\/div><\/div><\/div><\/div>\n<\/div>\n","protected":false},"excerpt":{"rendered":"<p>Na Prograd,\u00a0 as orienta\u00e7\u00f5es sobre est\u00e1gio s\u00e3o responsabilidade do Setor [&hellip;]<\/p>\n","protected":false},"author":1,"featured_media":0,"parent":0,"menu_order":0,"comment_status":"closed","ping_status":"closed","template":"","meta":{"_acf_changed":false,"footnotes":""},"tags":[],"class_list":["post-1036","page","type-page","status-publish","hentry"],"acf":[],"_links":{"self":[{"href":"https:\/\/www.ufmg.br\/prograd\/wp-json\/wp\/v2\/pages\/1036","targetHints":{"allow":["GET"]}}],"collection":[{"href":"https:\/\/www.ufmg.br\/prograd\/wp-json\/wp\/v2\/pages"}],"about":[{"href":"https:\/\/www.ufmg.br\/prograd\/wp-json\/wp\/v2\/types\/page"}],"author":[{"embeddable":true,"href":"https:\/\/www.ufmg.br\/prograd\/wp-json\/wp\/v2\/users\/1"}],"replies":[{"embeddable":true,"href":"https:\/\/www.ufmg.br\/prograd\/wp-json\/wp\/v2\/comments?post=1036"}],"version-history":[{"count":15,"href":"https:\/\/www.ufmg.br\/prograd\/wp-json\/wp\/v2\/pages\/1036\/revisions"}],"predecessor-version":[{"id":1807,"href":"https:\/\/www.ufmg.br\/prograd\/wp-json\/wp\/v2\/pages\/1036\/revisions\/1807"}],"wp:attachment":[{"href":"https:\/\/www.ufmg.br\/prograd\/wp-json\/wp\/v2\/media?parent=1036"}],"wp:term":[{"taxonomy":"post_tag","embeddable":true,"href":"https:\/\/www.ufmg.br\/prograd\/wp-json\/wp\/v2\/tags?post=1036"}],"curies":[{"name":"wp","href":"https:\/\/api.w.org\/{rel}","templated":true}]}}