{"id":1043,"date":"2021-09-27T15:03:42","date_gmt":"2021-09-27T18:03:42","guid":{"rendered":"https:\/\/www.ufmg.br\/prograd\/?page_id=1043"},"modified":"2025-12-18T08:46:55","modified_gmt":"2025-12-18T11:46:55","slug":"protocolos-e-convenios","status":"publish","type":"page","link":"https:\/\/www.ufmg.br\/prograd\/protocolos-e-convenios\/","title":{"rendered":"Protocolos e Conv\u00eanios"},"content":{"rendered":"<div id=\"columns-position\">\n<div id=\"columns\" class=\"float-break\">\n<div id=\"main-position\">\n<div id=\"main\" class=\"float-break\">\n<div class=\"overflow-fix\">\n<div class=\"border-box\">\n<div class=\"border-ml\">\n<div class=\"border-mr\">\n<div class=\"border-mc float-break\">\n<div class=\"content-view-full\">\n<div class=\"class-folder\">\n<div class=\"attribute-header\">\n<p><span style=\"font-size: 16px;\">Diversas entidades mant\u00e9m conv\u00eanios celebrados com a UFMG e suas unidades. Estes conv\u00eanios e protocolos s\u00e3o acordos institucionais homologados e cujas refer\u00eancias podem ser consultadas nesta se\u00e7\u00e3o.<\/span><\/p>\n<\/div>\n<div class=\"attribute-long\">\n<ul>\n<li><a href=\"https:\/\/www.ufmg.br\/prograd\/wp-content\/uploads\/2022\/01\/eba.pdf\"><b>Escola de Belas Artes<\/b><\/a><\/li>\n<li><a href=\"https:\/\/www.ufmg.br\/prograd\/arquivos\/estagio\/publicacoes\/eci.pdf\"><b>Escola de Ci\u00eancia da Informa\u00e7\u00e3o<\/b><\/a><\/li>\n<li><b><a href=\"https:\/\/www.ufmg.br\/prograd\/wp-content\/uploads\/2022\/01\/eeffto.pdf\">Escola de Educa\u00e7\u00e3o F\u00edsica, Fisioterapia e Terapia Ocupacional<\/a><\/b><\/li>\n<li><a href=\"https:\/\/www.ufmg.br\/prograd\/wp-content\/uploads\/2022\/01\/enfermagem.pdf\"><b>Escola de Enfermagem<\/b><\/a><\/li>\n<li><a href=\"https:\/\/www.ufmg.br\/prograd\/wp-content\/uploads\/2022\/01\/engenharia.pdf\"><b>Escola de Engenharia<\/b><\/a><\/li>\n<li><a href=\"https:\/\/www.ufmg.br\/prograd\/wp-content\/uploads\/2022\/01\/musica.pdf\"><b>Escola de M\u00fasica<\/b><\/a><\/li>\n<li><a href=\"https:\/\/www.ufmg.br\/prograd\/wp-content\/uploads\/2022\/01\/veterinaria.pdf\"><b>Escola de Veterin\u00e1ria<\/b><\/a><\/li>\n<li><a href=\"https:\/\/www.ufmg.br\/prograd\/wp-content\/uploads\/2022\/01\/direito.pdf\"><b>Faculdade de Direito<\/b><\/a><\/li>\n<li><a href=\"https:\/\/www.ufmg.br\/prograd\/wp-content\/uploads\/2022\/01\/fae.pdf\"><b>Faculdade de Educa\u00e7\u00e3o<\/b><\/a><\/li>\n<li><a href=\"https:\/\/www.ufmg.br\/prograd\/wp-content\/uploads\/2022\/01\/fafar.pdf\"><b>Faculdade de Farm\u00e1cia<\/b><\/a><\/li>\n<li><a href=\"https:\/\/www.ufmg.br\/prograd\/wp-content\/uploads\/2022\/01\/fafich.pdf\"><b>Faculdade de Filosofia e Ci\u00eancias Humanas<\/b><\/a><\/li>\n<li><a href=\"https:\/\/www.ufmg.br\/prograd\/wp-content\/uploads\/2022\/01\/fale.pdf\"><b>Faculdade de Letras<\/b><\/a><\/li>\n<li><a href=\"https:\/\/www.ufmg.br\/prograd\/wp-content\/uploads\/2022\/01\/medicina.pdf\"><b>Faculdade de Medicina<\/b><\/a><\/li>\n<li><a href=\"https:\/\/www.ufmg.br\/prograd\/wp-content\/uploads\/2022\/01\/icb.pdf\"><b>Instituto de Ci\u00eancias Biol\u00f3gicas<\/b><\/a><\/li>\n<li><a href=\"https:\/\/www.ufmg.br\/prograd\/wp-content\/uploads\/2022\/01\/igc.pdf\"><b>Instituto de Geoci\u00eancias<\/b><\/a><\/li>\n<li><a href=\"https:\/\/www.ufmg.br\/prograd\/wp-content\/uploads\/2022\/01\/mhnjb.pdf\"><b>Museu de Hist\u00f3ria Natural e Jardim Bot\u00e2nico<\/b><\/a><\/li>\n<li><a href=\"https:\/\/www.ufmg.br\/prograd\/arquivos\/estagio\/publicacoes\/prograd1.pdf\"><strong>Prograd<\/strong><\/a><\/li>\n<li><a href=\"https:\/\/www.ufmg.br\/prograd\/wp-content\/uploads\/2022\/01\/ICA.pdf\"><b>Instituto de Ci\u00eancias Agr\u00e1rias<\/b><\/a><\/li>\n<\/ul>\n<\/div>\n<div class=\"content-view-children\"><\/div>\n<\/div>\n<\/div>\n<\/div>\n<\/div>\n<\/div>\n<div class=\"border-bl\">\n<div class=\"border-br\">\n<div class=\"border-bc\"><\/div>\n<\/div>\n<\/div>\n<\/div>\n<\/div>\n<\/div>\n<\/div>\n<\/div>\n<\/div>\n<div id=\"footer\">\n<div class=\"border-box border-box-style2\">\n<div class=\"border-tl\">\n<div class=\"border-tr\">\n<div class=\"border-tc\"><\/div>\n<\/div>\n<\/div>\n<div class=\"border-ml\">\n<div class=\"border-mr\">\n<div class=\"border-mc\">\n<div class=\"border-content\">\n<address>\u00a0<\/address>\n<\/div>\n<\/div>\n<\/div>\n<\/div>\n<\/div>\n<\/div>\n","protected":false},"excerpt":{"rendered":"<p>Diversas entidades mant\u00e9m conv\u00eanios celebrados com a UFMG e suas [&hellip;]<\/p>\n","protected":false},"author":1,"featured_media":0,"parent":0,"menu_order":0,"comment_status":"closed","ping_status":"closed","template":"","meta":{"_acf_changed":false,"footnotes":""},"tags":[],"class_list":["post-1043","page","type-page","status-publish","hentry"],"acf":[],"_links":{"self":[{"href":"https:\/\/www.ufmg.br\/prograd\/wp-json\/wp\/v2\/pages\/1043","targetHints":{"allow":["GET"]}}],"collection":[{"href":"https:\/\/www.ufmg.br\/prograd\/wp-json\/wp\/v2\/pages"}],"about":[{"href":"https:\/\/www.ufmg.br\/prograd\/wp-json\/wp\/v2\/types\/page"}],"author":[{"embeddable":true,"href":"https:\/\/www.ufmg.br\/prograd\/wp-json\/wp\/v2\/users\/1"}],"replies":[{"embeddable":true,"href":"https:\/\/www.ufmg.br\/prograd\/wp-json\/wp\/v2\/comments?post=1043"}],"version-history":[{"count":49,"href":"https:\/\/www.ufmg.br\/prograd\/wp-json\/wp\/v2\/pages\/1043\/revisions"}],"predecessor-version":[{"id":5461,"href":"https:\/\/www.ufmg.br\/prograd\/wp-json\/wp\/v2\/pages\/1043\/revisions\/5461"}],"wp:attachment":[{"href":"https:\/\/www.ufmg.br\/prograd\/wp-json\/wp\/v2\/media?parent=1043"}],"wp:term":[{"taxonomy":"post_tag","embeddable":true,"href":"https:\/\/www.ufmg.br\/prograd\/wp-json\/wp\/v2\/tags?post=1043"}],"curies":[{"name":"wp","href":"https:\/\/api.w.org\/{rel}","templated":true}]}}