{"id":1047,"date":"2021-09-27T15:12:26","date_gmt":"2021-09-27T18:12:26","guid":{"rendered":"https:\/\/www.ufmg.br\/prograd\/?page_id=1047"},"modified":"2023-05-04T13:27:36","modified_gmt":"2023-05-04T16:27:36","slug":"instrumentos-juridicos-estagios","status":"publish","type":"page","link":"https:\/\/www.ufmg.br\/prograd\/instrumentos-juridicos-estagios\/","title":{"rendered":"Instrumentos Jur\u00eddicos &#8211; Est\u00e1gios"},"content":{"rendered":"<div class=\"attribute-short\">\n<p>Modelos de Plano de Trabalho, Termo de Compromisso e Protocolo de Est\u00e1gio.<\/p>\n<\/div>\n<div class=\"attribute-long\">\n<ul>\n<li><a href=\"https:\/\/www.ufmg.br\/prograd\/arquivos\/estagio\/instjur\/PlanoAtiv22.doc\">Modelo de Plano de Atividades<\/a>;<\/li>\n<\/ul>\n<p><b>Modelos de Termo de Compromisso:<\/b><\/p>\n<ul>\n<li><a href=\"https:\/\/www.ufmg.br\/prograd\/wp-content\/uploads\/2023\/05\/Modelo-Termo-de-Compromisso_com-vinculacao_-colegiado-PF_07042022.doc\">Colegiado de Curso;<\/a><\/li>\n<li><a href=\"https:\/\/www.ufmg.br\/prograd\/wp-content\/uploads\/2023\/05\/Modelo-Termo-de-Compromisso-sem-vinculacao_colegiado-PF_04052023.odt\">Colegiado de Curso &#8211; Sem vincula\u00e7\u00e3o;<\/a><\/li>\n<li><a href=\"https:\/\/www.ufmg.br\/prograd\/wp-content\/uploads\/2023\/05\/Modelo-Termo-de-Compromisso_com-vinculacao_-diretoria-da-unidade-PF_07042022.doc\">Diretoria da Unidade;<\/a><\/li>\n<li><a href=\"https:\/\/www.ufmg.br\/prograd\/wp-content\/uploads\/2023\/05\/Modelo-Termo-de-Compromisso-sem-vinculacao_diretor-de-unidade-PF_06042022.doc\">Diretoria da Unidade &#8211; Sem vincula\u00e7\u00e3o;<\/a><\/li>\n<li><a href=\"https:\/\/www.ufmg.br\/prograd\/wp-content\/uploads\/2023\/05\/Modelo-Termo-de-Compromisso_-com-vinculacao-AGENTE-DE-INTEGRACAO_colegiado-PF_07042022.doc\">Com interveni\u00eancia\/anu\u00eancia de Agente de Integra\u00e7\u00e3o &#8211; Colegiado de Curso;<\/a><\/li>\n<li><a href=\"https:\/\/www.ufmg.br\/prograd\/wp-content\/uploads\/2023\/05\/Modelo-Termo-de-Compromisso-_-com-vinculacao-AGENTE-DE-INTEGRACAO_diretoria-da-unidade-PF_-07042022.doc\">Com interveni\u00eancia\/anu\u00eancia de Agente de Integra\u00e7\u00e3o &#8211; Diretoria da Unidade;<\/a><\/li>\n<\/ul>\n<p><b>Modelos de Protocolos de Est\u00e1gio:<\/b><\/p>\n<ul>\n<li><a href=\"https:\/\/www.ufmg.br\/prograd\/arquivos\/estagio\/instjur\/ProtEstDir22.doc\">Modelo de Protocolo de Est\u00e1gios<\/a>;<\/li>\n<li><a href=\"https:\/\/www.ufmg.br\/prograd\/arquivos\/estagio\/instjur\/ProtEstAgInteg22.doc\">Modelo de Protocolo de Est\u00e1gio (Com interveni\u00eancia\/anu\u00eancia de Agente de Integra\u00e7\u00e3o)<\/a>;<\/li>\n<\/ul>\n<p><b>Termos Aditivos de Protocolo e Termo de Compromisso de Est\u00e1gio:<\/b><\/p>\n<ul>\n<li><a href=\"https:\/\/www.ufmg.br\/prograd\/arquivos\/estagio\/instjur\/TermoAditProtEst22.doc\">Termo Aditivo de Protocolo<\/a>;<\/li>\n<li><a href=\"https:\/\/www.ufmg.br\/prograd\/arquivos\/estagio\/instjur\/TermoAditProtEstComAgInteg22.doc\">Termo Aditivo de Protocolo &#8211; (Com interveni\u00eancia\/anu\u00eancia de Agente de Integra\u00e7\u00e3o)<\/a>;<\/li>\n<li><a href=\"https:\/\/www.ufmg.br\/prograd\/arquivos\/estagio\/instjur\/TermoAditTComp22.doc\">Termo Aditivo do Termo de Compromisso de Est\u00e1gio<\/a>;<\/li>\n<li><a href=\"https:\/\/www.ufmg.br\/prograd\/arquivos\/estagio\/instjur\/TermoAditTCompAgInteg22.doc\">Termo Aditivo do Termo de Compromisso de Est\u00e1gio &#8211; (Com interveni\u00eancia\/anu\u00eancia de Agente de Integra\u00e7\u00e3o)<\/a>;<\/li>\n<\/ul>\n<p><b>Termos de Rescis\u00e3o<\/b><\/p>\n<ul>\n<li><a href=\"https:\/\/www.ufmg.br\/prograd\/arquivos\/estagio\/instjur\/TermoRescProtEst22.doc\">Termo de Rescis\u00e3o de Protocolo de Est\u00e1gio<\/a><\/li>\n<li><a href=\"https:\/\/www.ufmg.br\/prograd\/arquivos\/estagio\/instjur\/TermoResTComp22.doc\">Termo de Rescis\u00e3o de Termo de Compromisso<\/a><\/li>\n<\/ul>\n<\/div>\n","protected":false},"excerpt":{"rendered":"<p>Modelos de Plano de Trabalho, Termo de Compromisso e Protocolo [&hellip;]<\/p>\n","protected":false},"author":1,"featured_media":0,"parent":0,"menu_order":0,"comment_status":"closed","ping_status":"closed","template":"","meta":{"_acf_changed":false,"footnotes":""},"tags":[],"class_list":["post-1047","page","type-page","status-publish","hentry"],"acf":[],"_links":{"self":[{"href":"https:\/\/www.ufmg.br\/prograd\/wp-json\/wp\/v2\/pages\/1047","targetHints":{"allow":["GET"]}}],"collection":[{"href":"https:\/\/www.ufmg.br\/prograd\/wp-json\/wp\/v2\/pages"}],"about":[{"href":"https:\/\/www.ufmg.br\/prograd\/wp-json\/wp\/v2\/types\/page"}],"author":[{"embeddable":true,"href":"https:\/\/www.ufmg.br\/prograd\/wp-json\/wp\/v2\/users\/1"}],"replies":[{"embeddable":true,"href":"https:\/\/www.ufmg.br\/prograd\/wp-json\/wp\/v2\/comments?post=1047"}],"version-history":[{"count":45,"href":"https:\/\/www.ufmg.br\/prograd\/wp-json\/wp\/v2\/pages\/1047\/revisions"}],"predecessor-version":[{"id":3093,"href":"https:\/\/www.ufmg.br\/prograd\/wp-json\/wp\/v2\/pages\/1047\/revisions\/3093"}],"wp:attachment":[{"href":"https:\/\/www.ufmg.br\/prograd\/wp-json\/wp\/v2\/media?parent=1047"}],"wp:term":[{"taxonomy":"post_tag","embeddable":true,"href":"https:\/\/www.ufmg.br\/prograd\/wp-json\/wp\/v2\/tags?post=1047"}],"curies":[{"name":"wp","href":"https:\/\/api.w.org\/{rel}","templated":true}]}}