{"id":1121,"date":"2021-10-04T23:54:14","date_gmt":"2021-10-05T02:54:14","guid":{"rendered":"https:\/\/www.ufmg.br\/prograd\/?page_id=1121"},"modified":"2025-03-14T11:45:36","modified_gmt":"2025-03-14T14:45:36","slug":"matricula-nas-atividades-academicas-curriculares-de-formacao-transversal","status":"publish","type":"page","link":"https:\/\/www.ufmg.br\/prograd\/matricula-nas-atividades-academicas-curriculares-de-formacao-transversal\/","title":{"rendered":"Matr\u00edcula"},"content":{"rendered":"<div class=\"attribute-header\">\n<p><strong>Estudantes de gradua\u00e7\u00e3o<\/strong> podem realizar a matr\u00edcula nas atividades das Forma\u00e7\u00f5es Transversais durante a 3\u00aa fase da matr\u00edcula, quando tamb\u00e9m ocorre a matr\u00edcula em atividades do n\u00facleo geral (Forma\u00e7\u00e3o Livre), por meio do <a href=\"https:\/\/sistemas.ufmg.br\/idp\/login.jsp\">Sistema SIGA<\/a>.<\/p>\n<p><strong>Estudantes de p\u00f3s-gradua\u00e7\u00e3o<\/strong> podem realizar a matr\u00edcula nas atividades das Forma\u00e7\u00f5es Transversais por meio da Secretaria das Forma\u00e7\u00f5es Transversais, observando as datas espec\u00edficas previstas no Calend\u00e1rio Escolar.<\/p>\n<p><strong>Pessoas da comunidade externa<\/strong>, sem v\u00ednculo com a Universidade, poder\u00e3o cursar as atividades de Forma\u00e7\u00e3o Transversais como disciplinas isoladas, caso sejam disponibilizadas vagas. Para isso, a matr\u00edcula dever\u00e1 ser solicitada por meio da Secretaria das Forma\u00e7\u00f5es Transversais, observando as datas espec\u00edficas previstas no Calend\u00e1rio Escolar.<\/p>\n<p>Informa\u00e7\u00f5es detalhadas sobre oferta, prazos, ementas e demais orienta\u00e7\u00f5es para matr\u00edcula, <a href=\"https:\/\/www.ufmg.br\/prograd\/oferta\/\">podem ser consultadas na aba Oferta.<\/a><\/p>\n<\/div>\n<div class=\"attribute-long\"><\/div>\n","protected":false},"excerpt":{"rendered":"<p>Estudantes de gradua\u00e7\u00e3o podem realizar a matr\u00edcula nas atividades das [&hellip;]<\/p>\n","protected":false},"author":1,"featured_media":0,"parent":0,"menu_order":0,"comment_status":"closed","ping_status":"closed","template":"","meta":{"_acf_changed":false,"footnotes":""},"tags":[],"class_list":["post-1121","page","type-page","status-publish","hentry"],"acf":[],"_links":{"self":[{"href":"https:\/\/www.ufmg.br\/prograd\/wp-json\/wp\/v2\/pages\/1121","targetHints":{"allow":["GET"]}}],"collection":[{"href":"https:\/\/www.ufmg.br\/prograd\/wp-json\/wp\/v2\/pages"}],"about":[{"href":"https:\/\/www.ufmg.br\/prograd\/wp-json\/wp\/v2\/types\/page"}],"author":[{"embeddable":true,"href":"https:\/\/www.ufmg.br\/prograd\/wp-json\/wp\/v2\/users\/1"}],"replies":[{"embeddable":true,"href":"https:\/\/www.ufmg.br\/prograd\/wp-json\/wp\/v2\/comments?post=1121"}],"version-history":[{"count":125,"href":"https:\/\/www.ufmg.br\/prograd\/wp-json\/wp\/v2\/pages\/1121\/revisions"}],"predecessor-version":[{"id":4755,"href":"https:\/\/www.ufmg.br\/prograd\/wp-json\/wp\/v2\/pages\/1121\/revisions\/4755"}],"wp:attachment":[{"href":"https:\/\/www.ufmg.br\/prograd\/wp-json\/wp\/v2\/media?parent=1121"}],"wp:term":[{"taxonomy":"post_tag","embeddable":true,"href":"https:\/\/www.ufmg.br\/prograd\/wp-json\/wp\/v2\/tags?post=1121"}],"curies":[{"name":"wp","href":"https:\/\/api.w.org\/{rel}","templated":true}]}}