{"id":1259,"date":"2021-10-20T15:40:46","date_gmt":"2021-10-20T18:40:46","guid":{"rendered":"https:\/\/www.ufmg.br\/prograd\/?page_id=1259"},"modified":"2026-04-01T11:46:37","modified_gmt":"2026-04-01T14:46:37","slug":"documentos-oficiais","status":"publish","type":"page","link":"https:\/\/www.ufmg.br\/prograd\/documentos-oficiais\/","title":{"rendered":"Documentos oficiais"},"content":{"rendered":"<p>Os documentos oficiais publicados pela Prograd est\u00e3o listados abaixo por tipo:<\/p>\n<p>&nbsp;<\/p>\n<p><strong>Pr\u00f3-Reitoria de Gradua\u00e7\u00e3o<\/strong><\/p>\n<p><a href=\"https:\/\/www.ufmg.br\/prograd\/oficios-circulares-e-comunicados\/\">Of\u00edcios, Of\u00edcios Circulares, Comunicados e Informa\u00e7\u00f5es<\/a><\/p>\n<p><a href=\"https:\/\/www.ufmg.br\/prograd\/portarias\/\">Portarias da Prograd<\/a><\/p>\n<p><a href=\"https:\/\/www.ufmg.br\/prograd\/manuais\/\">Manuais<\/a><\/p>\n<p>&nbsp;<\/p>\n<p><strong>C\u00e2mara de Gradua\u00e7\u00e3o<\/strong><\/p>\n<p><a href=\"https:\/\/www.ufmg.br\/prograd\/atas-da-camara-de-graduacao\/\">Atas das reuni\u00f5es<\/a><\/p>\n<p><a href=\"https:\/\/www.ufmg.br\/prograd\/resolucoes\/\">Resolu\u00e7\u00f5es e decis\u00f5es<\/a><\/p>\n<p><a href=\"https:\/\/www.ufmg.br\/prograd\/diretrizes-para-projetos-de-ensino-aprendizagem\/\">Diretrizes para projetos de ensino-aprendizagem<\/a><\/p>\n<p>&nbsp;<\/p>\n<p><strong>Conselho de Ensino, Pesquisa e Extens\u00e3o (CEPE)<\/strong><\/p>\n<p><a href=\"https:\/\/www.ufmg.br\/prograd\/resolucoes-do-conselho-de-ensino-pesquisa-e-extensao-cepe\/\">Resolu\u00e7\u00f5es relativas \u00e0 Gradua\u00e7\u00e3o<\/a><\/p>\n","protected":false},"excerpt":{"rendered":"<p>Os documentos oficiais publicados pela Prograd est\u00e3o listados abaixo por [&hellip;]<\/p>\n","protected":false},"author":1,"featured_media":0,"parent":0,"menu_order":0,"comment_status":"closed","ping_status":"closed","template":"","meta":{"_acf_changed":false,"footnotes":""},"tags":[],"class_list":["post-1259","page","type-page","status-publish","hentry"],"acf":[],"_links":{"self":[{"href":"https:\/\/www.ufmg.br\/prograd\/wp-json\/wp\/v2\/pages\/1259","targetHints":{"allow":["GET"]}}],"collection":[{"href":"https:\/\/www.ufmg.br\/prograd\/wp-json\/wp\/v2\/pages"}],"about":[{"href":"https:\/\/www.ufmg.br\/prograd\/wp-json\/wp\/v2\/types\/page"}],"author":[{"embeddable":true,"href":"https:\/\/www.ufmg.br\/prograd\/wp-json\/wp\/v2\/users\/1"}],"replies":[{"embeddable":true,"href":"https:\/\/www.ufmg.br\/prograd\/wp-json\/wp\/v2\/comments?post=1259"}],"version-history":[{"count":25,"href":"https:\/\/www.ufmg.br\/prograd\/wp-json\/wp\/v2\/pages\/1259\/revisions"}],"predecessor-version":[{"id":5601,"href":"https:\/\/www.ufmg.br\/prograd\/wp-json\/wp\/v2\/pages\/1259\/revisions\/5601"}],"wp:attachment":[{"href":"https:\/\/www.ufmg.br\/prograd\/wp-json\/wp\/v2\/media?parent=1259"}],"wp:term":[{"taxonomy":"post_tag","embeddable":true,"href":"https:\/\/www.ufmg.br\/prograd\/wp-json\/wp\/v2\/tags?post=1259"}],"curies":[{"name":"wp","href":"https:\/\/api.w.org\/{rel}","templated":true}]}}