{"id":1418,"date":"2021-11-17T15:32:44","date_gmt":"2021-11-17T18:32:44","guid":{"rendered":"https:\/\/www.ufmg.br\/prograd\/?page_id=1418"},"modified":"2022-01-12T12:49:37","modified_gmt":"2022-01-12T15:49:37","slug":"vagas-remanescentes","status":"publish","type":"page","link":"https:\/\/www.ufmg.br\/prograd\/vagas-remanescentes\/","title":{"rendered":"Vagas remanescentes"},"content":{"rendered":"<p><strong>PARA ESTUDANTES DA UFMG<\/strong><\/p>\n<p>Os estudantes de gradua\u00e7\u00e3o da UFMG tem a possibilidade de participar de processos de vagas remanescentes de reop\u00e7\u00e3o de curso, mudan\u00e7a de turno e continuidade de estudos. O <a href=\"https:\/\/www.ufmg.br\/drca\">Departamento de Registro e Controle Acad\u00eamico (DRCA)<\/a> \u00e9 \u00f3rg\u00e3o respons\u00e1vel por coordenar esses processos.<\/p>\n<p>A <strong>reop\u00e7\u00e3o de curso\u00a0<\/strong>possibilita que o estudante opte por outro curso de gradua\u00e7\u00e3o da UFMG, mas, para isso, \u00e9 necess\u00e1rio que haja vaga para o curso pretendido e que sejam cumpridos os requisitos para fazer a solicita\u00e7\u00e3o (que constam no artigo 10 da <a href=\"https:\/\/www2.ufmg.br\/sods\/content\/download\/2329\/15901\/version\/1\/file\/14rescepe2018.pdf\">Resolu\u00e7\u00e3o Cepe n\u00ba 14\/2018, de 9 de outubro de 2018<\/a>).<\/p>\n<p>Para solicitar <strong>mudan\u00e7a de turno <\/strong>tamb\u00e9m \u00e9 preciso que exista vaga no turno desejado. O regulamento de cada curso \u00e9 que ir\u00e1 determinar os crit\u00e9rios para fazer a altera\u00e7\u00e3o e a quantidade de vezes que o estudante fazer esse tipo de mudan\u00e7a.<\/p>\n<p>A <strong>continuidade de estudos<\/strong> \u00e9 &#8220;a readmiss\u00e3o, na UFMG, de estudante que tenha integralizado um curso de gradua\u00e7\u00e3o, para obten\u00e7\u00e3o de outro grau acad\u00eamico, outra habilita\u00e7\u00e3o ou outra forma\u00e7\u00e3o complementar no mesmo curso, ou para a obten\u00e7\u00e3o de grau em outro curso, desde que o estudante disponha de tempo de integraliza\u00e7\u00e3o remanescente suficiente para cumprir todas as exig\u00eancias para integraliza\u00e7\u00e3o da nova forma\u00e7\u00e3o pretendida&#8221;, como determina o Regimento Geral da UFMG. Havendo vagas, o estudante precisa cumprir os requisitos determinados nas <a href=\"https:\/\/ufmg.br\/storage\/5\/9\/2\/9\/592961707134d5baa49cc04ace3e19f6_15489657205599_1786148042.pdf\">Normas Gerais de Gradua\u00e7\u00e3o<\/a> (Art. 74)<\/p>\n<p><strong>PARA COMUNIDADE EXTERNA<\/strong><\/p>\n<p>Outros processos de vagas remanescentes s\u00e3o <strong>transfer\u00eancia<\/strong> e <strong>obten\u00e7\u00e3o de novo t\u00edtulo<\/strong>.\u00a0 Os dois\u00a0 processos s\u00e3o coordenados pela <a href=\"https:\/\/www.ufmg.br\/copeve\">Diretoria de Processos Seletivos da Prograd (Copeve)<\/a>.<\/p>\n<div>\n<p>A <strong>transfer\u00eancia<\/strong>\u00a0\u00e9 destinada ao candidato que, oriundo de outra Institui\u00e7\u00e3o de Ensino Superior, nacional ou estrangeira, deseja ingressar em curso de Gradua\u00e7\u00e3o da UFMG que seja correspondente ou afim a seu curso de origem.<\/p>\n<\/div>\n<div>\n<p>A <strong>obten\u00e7\u00e3o de novo t\u00edtulo<\/strong> \u00e9 destinada a candidato que, j\u00e1 tendo conclu\u00eddo um Curso de Gradua\u00e7\u00e3o, deseja iniciar, na UFMG, um novo curso de Gradua\u00e7\u00e3o diferente daquele em que \u00e9 diplomado ou iniciar uma nova habilita\u00e7\u00e3o ou novo diploma referente a grau acad\u00eamico com denomina\u00e7\u00e3o distinta da anterior. Para tanto, esta Universidade s\u00f3 aceitar\u00e1 pedidos de portadores de diploma de curso de gradua\u00e7\u00e3o reconhecido pelo Minist\u00e9rio da Educa\u00e7\u00e3o.<\/p>\n<p>&nbsp;<\/p>\n<\/div>\n","protected":false},"excerpt":{"rendered":"<p>PARA ESTUDANTES DA UFMG Os estudantes de gradua\u00e7\u00e3o da UFMG [&hellip;]<\/p>\n","protected":false},"author":1,"featured_media":0,"parent":0,"menu_order":0,"comment_status":"closed","ping_status":"closed","template":"","meta":{"_acf_changed":false,"footnotes":""},"tags":[],"class_list":["post-1418","page","type-page","status-publish","hentry"],"acf":[],"_links":{"self":[{"href":"https:\/\/www.ufmg.br\/prograd\/wp-json\/wp\/v2\/pages\/1418","targetHints":{"allow":["GET"]}}],"collection":[{"href":"https:\/\/www.ufmg.br\/prograd\/wp-json\/wp\/v2\/pages"}],"about":[{"href":"https:\/\/www.ufmg.br\/prograd\/wp-json\/wp\/v2\/types\/page"}],"author":[{"embeddable":true,"href":"https:\/\/www.ufmg.br\/prograd\/wp-json\/wp\/v2\/users\/1"}],"replies":[{"embeddable":true,"href":"https:\/\/www.ufmg.br\/prograd\/wp-json\/wp\/v2\/comments?post=1418"}],"version-history":[{"count":13,"href":"https:\/\/www.ufmg.br\/prograd\/wp-json\/wp\/v2\/pages\/1418\/revisions"}],"predecessor-version":[{"id":1637,"href":"https:\/\/www.ufmg.br\/prograd\/wp-json\/wp\/v2\/pages\/1418\/revisions\/1637"}],"wp:attachment":[{"href":"https:\/\/www.ufmg.br\/prograd\/wp-json\/wp\/v2\/media?parent=1418"}],"wp:term":[{"taxonomy":"post_tag","embeddable":true,"href":"https:\/\/www.ufmg.br\/prograd\/wp-json\/wp\/v2\/tags?post=1418"}],"curies":[{"name":"wp","href":"https:\/\/api.w.org\/{rel}","templated":true}]}}