{"id":1450,"date":"2021-11-23T13:58:11","date_gmt":"2021-11-23T16:58:11","guid":{"rendered":"https:\/\/www.ufmg.br\/prograd\/?page_id=1450"},"modified":"2022-12-23T08:53:58","modified_gmt":"2022-12-23T11:53:58","slug":"formacoes","status":"publish","type":"page","link":"https:\/\/www.ufmg.br\/prograd\/formacoes\/","title":{"rendered":"Forma\u00e7\u00f5es Transversal, em Extens\u00e3o e Avan\u00e7ada"},"content":{"rendered":"<p>A UFMG oferece tr\u00eas oprtunidades de forma\u00e7\u00e3o para os estudantes de gradua\u00e7\u00e3o. S\u00e3o elas: as Forma\u00e7\u00f5es Transversais, a Forma\u00e7\u00e3o Avan\u00e7ada e a Forma\u00e7\u00e3o em Extens\u00e3o Universit\u00e1ria.<\/p>\n<p><strong>Forma\u00e7\u00e3o Transversal<\/strong><\/p>\n<p>Estrutura formativa \u00a0de forma\u00e7\u00e3o complementar cujas atividades acad\u00eamicas curriculares constituintes s\u00e3o articuladas por meio de tem\u00e1ticas de interesse geral, visando a incentivar a forma\u00e7\u00e3o de esp\u00edrito cr\u00edtico e de vis\u00e3o aprofundada em rela\u00e7\u00e3o a grandes quest\u00f5es do Pa\u00eds e da humanidade. Atualmente, Universidade conta com nove Forma\u00e7\u00f5es Transversais.<\/p>\n<p>Para mais informa\u00e7\u00f5es: acesse <a href=\"https:\/\/www.ufmg.br\/prograd\/formacao-transversal\/\">esse link<\/a><\/p>\n<p><strong>Forma\u00e7\u00e3o em Extens\u00e3o Universit\u00e1ria<\/strong><\/p>\n<p>\u00c9 um conjunto de atividades acad\u00eamicas curriculares que permitem a integraliza\u00e7\u00e3o de carga hor\u00e1ria nos percursos curriculares dos cursos de gradua\u00e7\u00e3o por meio da participa\u00e7\u00e3o dos estudantes em atividades de extens\u00e3o universit\u00e1ria, conforme as normas e diretrizes vigentes. A estrutura curricular de cada curso de gradua\u00e7\u00e3o dever\u00e1 prever a integraliza\u00e7\u00e3o do percentual m\u00ednimo de 10% (dez por cento) da sua carga hor\u00e1ria total por meio desse tipo de Forma\u00e7\u00e3o.<\/p>\n<p>Legisla\u00e7\u00e3o: <a href=\"https:\/\/www2.ufmg.br\/sods\/content\/download\/2420\/16360\/version\/3\/file\/10rescepe2019.pdf\">Resolu\u00e7\u00e3o N\u00b0 10\/2019, de 10 de outubro de 2019<\/a><\/p>\n<p>Documentos relacionados: <a href=\"https:\/\/www.ufmg.br\/prograd\/arquivos\/docs\/PerguntasFreqExt\">Manual de perguntas frequentes<\/a><\/p>\n<p><strong>Forma\u00e7\u00e3o Avan\u00e7ada<\/strong><\/p>\n<p class=\"news__subtitle\">Desde 2014, os alunos da gradua\u00e7\u00e3o podem cursar disciplinas do mestrado ou doutorado, com a regulamenta\u00e7\u00e3o dos Grupos de Disciplinas de Forma\u00e7\u00e3o Avan\u00e7ada. Com isso h\u00e1 uma maior integra\u00e7\u00e3o entre os n\u00edveis de ensino de gradua\u00e7\u00e3o e de p\u00f3s-gradua\u00e7\u00e3o, al\u00e9m de ser uma oportunidade dos alunos receberem forma\u00e7\u00e3o mais aprofundadas durante a gradua\u00e7\u00e3o e um incentivo para continuarem os estudos em n\u00edvel de p\u00f3s-gradua\u00e7\u00e3o. A oferta dos Grupos de Disciplinas de Forma\u00e7\u00e3o Avan\u00e7ada \u00e9 regulamentada pelos colegiados de gradua\u00e7\u00e3o e de p\u00f3s-gradua\u00e7\u00e3o de cada curso. Procure saber se na sua unidade o programa j\u00e1 est\u00e1 regulamentado.<\/p>\n<p>&nbsp;<\/p>\n<p>&nbsp;<\/p>\n<p>&nbsp;<\/p>\n<p>&nbsp;<\/p>\n<p>&nbsp;<\/p>\n","protected":false},"excerpt":{"rendered":"<p>A UFMG oferece tr\u00eas oprtunidades de forma\u00e7\u00e3o para os estudantes [&hellip;]<\/p>\n","protected":false},"author":1,"featured_media":0,"parent":0,"menu_order":0,"comment_status":"closed","ping_status":"closed","template":"","meta":{"_acf_changed":false,"footnotes":""},"tags":[],"class_list":["post-1450","page","type-page","status-publish","hentry"],"acf":[],"_links":{"self":[{"href":"https:\/\/www.ufmg.br\/prograd\/wp-json\/wp\/v2\/pages\/1450","targetHints":{"allow":["GET"]}}],"collection":[{"href":"https:\/\/www.ufmg.br\/prograd\/wp-json\/wp\/v2\/pages"}],"about":[{"href":"https:\/\/www.ufmg.br\/prograd\/wp-json\/wp\/v2\/types\/page"}],"author":[{"embeddable":true,"href":"https:\/\/www.ufmg.br\/prograd\/wp-json\/wp\/v2\/users\/1"}],"replies":[{"embeddable":true,"href":"https:\/\/www.ufmg.br\/prograd\/wp-json\/wp\/v2\/comments?post=1450"}],"version-history":[{"count":13,"href":"https:\/\/www.ufmg.br\/prograd\/wp-json\/wp\/v2\/pages\/1450\/revisions"}],"predecessor-version":[{"id":2829,"href":"https:\/\/www.ufmg.br\/prograd\/wp-json\/wp\/v2\/pages\/1450\/revisions\/2829"}],"wp:attachment":[{"href":"https:\/\/www.ufmg.br\/prograd\/wp-json\/wp\/v2\/media?parent=1450"}],"wp:term":[{"taxonomy":"post_tag","embeddable":true,"href":"https:\/\/www.ufmg.br\/prograd\/wp-json\/wp\/v2\/tags?post=1450"}],"curies":[{"name":"wp","href":"https:\/\/api.w.org\/{rel}","templated":true}]}}