{"id":1538,"date":"2021-12-06T18:03:55","date_gmt":"2021-12-06T21:03:55","guid":{"rendered":"https:\/\/www.ufmg.br\/prograd\/?page_id=1538"},"modified":"2022-01-10T09:27:54","modified_gmt":"2022-01-10T12:27:54","slug":"viver-ufmg","status":"publish","type":"page","link":"https:\/\/www.ufmg.br\/prograd\/viver-ufmg\/","title":{"rendered":"Viver UFMG"},"content":{"rendered":"<p>O site <a href=\"https:\/\/www.ufmg.br\/viverufmg\/\">Viver UFMG<\/a> \u00e9 direcionado, principalmente, aos novos estudantes da UFMG e um importante meio de informa\u00e7\u00f5es sobre as oportunidades e a melhor forma de aproveitar o per\u00edodo que estiver na institui\u00e7\u00e3o.<\/p>\n<p>Nele, est\u00e3o informa\u00e7\u00f5es sobre passos iniciais para acessar os servi\u00e7os da UFMG, sa\u00fade mental, acessibilidade e inclus\u00e3o, assist\u00eancia estidantil e vida acad\u00eamica.<\/p>\n<p>&nbsp;<\/p>\n","protected":false},"excerpt":{"rendered":"<p>O site Viver UFMG \u00e9 direcionado, principalmente, aos novos estudantes [&hellip;]<\/p>\n","protected":false},"author":1,"featured_media":0,"parent":0,"menu_order":0,"comment_status":"closed","ping_status":"closed","template":"","meta":{"_acf_changed":false,"footnotes":""},"tags":[],"class_list":["post-1538","page","type-page","status-publish","hentry"],"acf":[],"_links":{"self":[{"href":"https:\/\/www.ufmg.br\/prograd\/wp-json\/wp\/v2\/pages\/1538","targetHints":{"allow":["GET"]}}],"collection":[{"href":"https:\/\/www.ufmg.br\/prograd\/wp-json\/wp\/v2\/pages"}],"about":[{"href":"https:\/\/www.ufmg.br\/prograd\/wp-json\/wp\/v2\/types\/page"}],"author":[{"embeddable":true,"href":"https:\/\/www.ufmg.br\/prograd\/wp-json\/wp\/v2\/users\/1"}],"replies":[{"embeddable":true,"href":"https:\/\/www.ufmg.br\/prograd\/wp-json\/wp\/v2\/comments?post=1538"}],"version-history":[{"count":2,"href":"https:\/\/www.ufmg.br\/prograd\/wp-json\/wp\/v2\/pages\/1538\/revisions"}],"predecessor-version":[{"id":1562,"href":"https:\/\/www.ufmg.br\/prograd\/wp-json\/wp\/v2\/pages\/1538\/revisions\/1562"}],"wp:attachment":[{"href":"https:\/\/www.ufmg.br\/prograd\/wp-json\/wp\/v2\/media?parent=1538"}],"wp:term":[{"taxonomy":"post_tag","embeddable":true,"href":"https:\/\/www.ufmg.br\/prograd\/wp-json\/wp\/v2\/tags?post=1538"}],"curies":[{"name":"wp","href":"https:\/\/api.w.org\/{rel}","templated":true}]}}