{"id":1678,"date":"2022-01-14T09:47:47","date_gmt":"2022-01-14T12:47:47","guid":{"rendered":"https:\/\/www.ufmg.br\/prograd\/?page_id=1678"},"modified":"2025-03-14T12:03:13","modified_gmt":"2025-03-14T15:03:13","slug":"certificado-de-conclusao","status":"publish","type":"page","link":"https:\/\/www.ufmg.br\/prograd\/certificado-de-conclusao\/","title":{"rendered":"Certificado de Conclus\u00e3o"},"content":{"rendered":"<p>A certifica\u00e7\u00e3o de conclus\u00e3o de uma Forma\u00e7\u00e3o Transversal \u00e9 concedida aos\u00a0<strong>estudantes de gradua\u00e7\u00e3o<\/strong>\u00a0da UFMG. Para isso, \u00e9 necess\u00e1ria a\u00a0<strong>conclus\u00e3o de 300 horas-aula\u00a0<\/strong>cursadas em uma Forma\u00e7\u00e3o Transversal e a observ\u00e2ncia, tamb\u00e9m, se na Forma\u00e7\u00e3o Transversal escolhida h\u00e1 a exig\u00eancia de que dentre as 300 horas seja cursada alguma atividade espec\u00edfica.<\/p>\n<p>O art. 44 das Normas Gerais de Gradua\u00e7\u00e3o prev\u00ea que as Atividades que integram o n\u00facleo espec\u00edfico da estrutura curricular dos cursos de gradua\u00e7\u00e3o (obrigat\u00f3rias e optativas)\u00a0n\u00e3o\u00a0podem ser utilizadas para a integraliza\u00e7\u00e3o do n\u00facleo complementar, incluindo, portanto, as Forma\u00e7\u00f5es Transversais. Sendo assim, orientamos que ao se matricularem, os estudantes de gradua\u00e7\u00e3o verifiquem se as disciplinas escolhidas tamb\u00e9m fazem parte do n\u00facleo espec\u00edfico de seu curso de gradua\u00e7\u00e3o.<\/p>\n<p>Por se tratarem se percursos formativos para a gradua\u00e7\u00e3o, os estudantes de p\u00f3s-gradua\u00e7\u00e3o n\u00e3o recebem certifica\u00e7\u00e3o espec\u00edfica das Forma\u00e7\u00f5es Transversais, mas t\u00eam o registro das atividades cursadas no hist\u00f3rico acad\u00eamico. As pessoas da comunidade externa recebem um comprovante de realiza\u00e7\u00e3o das atividades cursadas por meio de matr\u00edcula isolada.<\/p>\n<p>Para emiss\u00e3o de certificado, os estudantes de gradua\u00e7\u00e3o devem acessar o documento abaixo, preencher corretamente os itens solicitados e encaminhar ao Colegiado Especial das Forma\u00e7\u00f5es Transversais por meio do e-mail: transversal@prograd.ufmg.br<\/p>\n<p>\u2022 Requerimento de Certificado de Conclus\u00e3o de Forma\u00e7\u00e3o Transversal<\/p>\n<p><a href=\"https:\/\/www.ufmg.br\/prograd\/wp-content\/uploads\/2022\/01\/ReqFT-1.odt\">Requerimento de Certificado de Conclus\u00e3o de Forma\u00e7\u00e3o Transversal<\/a><\/p>\n<p>&nbsp;<\/p>\n","protected":false},"excerpt":{"rendered":"<p>A certifica\u00e7\u00e3o de conclus\u00e3o de uma Forma\u00e7\u00e3o Transversal \u00e9 concedida [&hellip;]<\/p>\n","protected":false},"author":1,"featured_media":0,"parent":0,"menu_order":0,"comment_status":"closed","ping_status":"closed","template":"","meta":{"_acf_changed":false,"footnotes":""},"tags":[],"class_list":["post-1678","page","type-page","status-publish","hentry"],"acf":[],"_links":{"self":[{"href":"https:\/\/www.ufmg.br\/prograd\/wp-json\/wp\/v2\/pages\/1678","targetHints":{"allow":["GET"]}}],"collection":[{"href":"https:\/\/www.ufmg.br\/prograd\/wp-json\/wp\/v2\/pages"}],"about":[{"href":"https:\/\/www.ufmg.br\/prograd\/wp-json\/wp\/v2\/types\/page"}],"author":[{"embeddable":true,"href":"https:\/\/www.ufmg.br\/prograd\/wp-json\/wp\/v2\/users\/1"}],"replies":[{"embeddable":true,"href":"https:\/\/www.ufmg.br\/prograd\/wp-json\/wp\/v2\/comments?post=1678"}],"version-history":[{"count":6,"href":"https:\/\/www.ufmg.br\/prograd\/wp-json\/wp\/v2\/pages\/1678\/revisions"}],"predecessor-version":[{"id":4757,"href":"https:\/\/www.ufmg.br\/prograd\/wp-json\/wp\/v2\/pages\/1678\/revisions\/4757"}],"wp:attachment":[{"href":"https:\/\/www.ufmg.br\/prograd\/wp-json\/wp\/v2\/media?parent=1678"}],"wp:term":[{"taxonomy":"post_tag","embeddable":true,"href":"https:\/\/www.ufmg.br\/prograd\/wp-json\/wp\/v2\/tags?post=1678"}],"curies":[{"name":"wp","href":"https:\/\/api.w.org\/{rel}","templated":true}]}}