{"id":1687,"date":"2022-01-14T10:14:19","date_gmt":"2022-01-14T13:14:19","guid":{"rendered":"https:\/\/www.ufmg.br\/prograd\/?page_id=1687"},"modified":"2025-03-14T12:08:08","modified_gmt":"2025-03-14T15:08:08","slug":"documentos-normativos","status":"publish","type":"page","link":"https:\/\/www.ufmg.br\/prograd\/documentos-normativos\/","title":{"rendered":"Documentos Normativos"},"content":{"rendered":"<p><a href=\"https:\/\/www.ufmg.br\/prograd\/wp-content\/uploads\/2024\/01\/012020.pdf\">Resolu\u00e7\u00e3o Complementar do Conselho de Ensino, Pesquisa e Extens\u00e3o, N\u00ba 01\/2020, de 8 de outubro de 2020\u00a0<em>\u00a0<\/em><\/a><\/p>\n<p>Regulamenta a oferta das Forma\u00e7\u00f5es Transversais na gradua\u00e7\u00e3o e estabelece a composi\u00e7\u00e3o e as atribui\u00e7\u00f5es do Colegiado Especial das Forma\u00e7\u00f5es Transversais da UFMG e revoga a Resolu\u00e7\u00e3o do CEPE 19\/2014, de 7 de outubro de 2014.<\/p>\n<p><a href=\"https:\/\/www.ufmg.br\/prograd\/wp-content\/uploads\/2024\/01\/022020.pdf\">Resolu\u00e7\u00e3o Complementar do Conselho Universit\u00e1rio da UFMG, N\u00ba 02\/2020, de 28 de maio de 2020<\/a><\/p>\n<p>Cria o Colegiado Especial das Forma\u00e7\u00f5es Transversais da UFMG.<\/p>\n<p><a href=\"https:\/\/ufmg.br\/storage\/5\/9\/2\/9\/592961707134d5baa49cc04ace3e19f6_15489657205599_1786148042.pdf\">Resolu\u00e7\u00e3o Complementar do Conselho de Ensino, Pesquisa e Extens\u00e3o, N\u00b0 01\/2018, de 20 de fevereiro de 2018<\/a><\/p>\n<p>Aprova as Normas Gerais de Gradua\u00e7\u00e3o da Universidade Federal de Minas Gerais. (As Normas Gerais de Gradua\u00e7\u00e3o regulamentam as estruturas formativas da UFMG em seus artigos 22 a 24 e 26 e 27).<\/p>\n<p><a href=\"https:\/\/www.ufmg.br\/prograd\/wp-content\/uploads\/2024\/03\/Unico.pdf\">Resolu\u00e7\u00f5es de indica\u00e7\u00e3o de membros das Comiss\u00f5es Coordenadoras das Forma\u00e7\u00f5es Transversais<\/a><\/p>\n<p>&nbsp;<\/p>\n<p>&nbsp;<\/p>\n<p>&nbsp;<\/p>\n<p>&nbsp;<\/p>\n<p>&nbsp;<\/p>\n<p>&nbsp;<\/p>\n<p>&nbsp;<\/p>\n","protected":false},"excerpt":{"rendered":"<p>Resolu\u00e7\u00e3o Complementar do Conselho de Ensino, Pesquisa e Extens\u00e3o, N\u00ba [&hellip;]<\/p>\n","protected":false},"author":1,"featured_media":0,"parent":0,"menu_order":0,"comment_status":"closed","ping_status":"closed","template":"","meta":{"_acf_changed":false,"footnotes":""},"tags":[],"class_list":["post-1687","page","type-page","status-publish","hentry"],"acf":[],"_links":{"self":[{"href":"https:\/\/www.ufmg.br\/prograd\/wp-json\/wp\/v2\/pages\/1687","targetHints":{"allow":["GET"]}}],"collection":[{"href":"https:\/\/www.ufmg.br\/prograd\/wp-json\/wp\/v2\/pages"}],"about":[{"href":"https:\/\/www.ufmg.br\/prograd\/wp-json\/wp\/v2\/types\/page"}],"author":[{"embeddable":true,"href":"https:\/\/www.ufmg.br\/prograd\/wp-json\/wp\/v2\/users\/1"}],"replies":[{"embeddable":true,"href":"https:\/\/www.ufmg.br\/prograd\/wp-json\/wp\/v2\/comments?post=1687"}],"version-history":[{"count":9,"href":"https:\/\/www.ufmg.br\/prograd\/wp-json\/wp\/v2\/pages\/1687\/revisions"}],"predecessor-version":[{"id":3782,"href":"https:\/\/www.ufmg.br\/prograd\/wp-json\/wp\/v2\/pages\/1687\/revisions\/3782"}],"wp:attachment":[{"href":"https:\/\/www.ufmg.br\/prograd\/wp-json\/wp\/v2\/media?parent=1687"}],"wp:term":[{"taxonomy":"post_tag","embeddable":true,"href":"https:\/\/www.ufmg.br\/prograd\/wp-json\/wp\/v2\/tags?post=1687"}],"curies":[{"name":"wp","href":"https:\/\/api.w.org\/{rel}","templated":true}]}}