{"id":1731,"date":"2022-01-19T15:21:23","date_gmt":"2022-01-19T18:21:23","guid":{"rendered":"https:\/\/www.ufmg.br\/prograd\/?page_id=1731"},"modified":"2022-01-19T15:28:19","modified_gmt":"2022-01-19T18:28:19","slug":"site-antigo","status":"publish","type":"page","link":"https:\/\/www.ufmg.br\/prograd\/site-antigo\/","title":{"rendered":"Site antigo"},"content":{"rendered":"<p>Caso seja necess\u00e1rio bucsar alguma informa\u00e7\u00e3o no site anterior da Prograd , ele est\u00e1 dispon\u00edvel em: <a href=\"http:\/\/www2.ufmg.br\/prograd\">www2.ufmg.br\/prograd<\/a>, por\u00e9m s\u00f3 pode ser acessado por meio de dispositivos conectados \u00e0 rede da UFMG.<\/p>\n","protected":false},"excerpt":{"rendered":"<p>Caso seja necess\u00e1rio bucsar alguma informa\u00e7\u00e3o no site anterior da [&hellip;]<\/p>\n","protected":false},"author":2,"featured_media":0,"parent":0,"menu_order":0,"comment_status":"closed","ping_status":"closed","template":"","meta":{"_acf_changed":false,"footnotes":""},"tags":[],"class_list":["post-1731","page","type-page","status-publish","hentry"],"acf":[],"_links":{"self":[{"href":"https:\/\/www.ufmg.br\/prograd\/wp-json\/wp\/v2\/pages\/1731","targetHints":{"allow":["GET"]}}],"collection":[{"href":"https:\/\/www.ufmg.br\/prograd\/wp-json\/wp\/v2\/pages"}],"about":[{"href":"https:\/\/www.ufmg.br\/prograd\/wp-json\/wp\/v2\/types\/page"}],"author":[{"embeddable":true,"href":"https:\/\/www.ufmg.br\/prograd\/wp-json\/wp\/v2\/users\/2"}],"replies":[{"embeddable":true,"href":"https:\/\/www.ufmg.br\/prograd\/wp-json\/wp\/v2\/comments?post=1731"}],"version-history":[{"count":4,"href":"https:\/\/www.ufmg.br\/prograd\/wp-json\/wp\/v2\/pages\/1731\/revisions"}],"predecessor-version":[{"id":1737,"href":"https:\/\/www.ufmg.br\/prograd\/wp-json\/wp\/v2\/pages\/1731\/revisions\/1737"}],"wp:attachment":[{"href":"https:\/\/www.ufmg.br\/prograd\/wp-json\/wp\/v2\/media?parent=1731"}],"wp:term":[{"taxonomy":"post_tag","embeddable":true,"href":"https:\/\/www.ufmg.br\/prograd\/wp-json\/wp\/v2\/tags?post=1731"}],"curies":[{"name":"wp","href":"https:\/\/api.w.org\/{rel}","templated":true}]}}