{"id":1808,"date":"2022-01-20T11:42:46","date_gmt":"2022-01-20T14:42:46","guid":{"rendered":"https:\/\/www.ufmg.br\/prograd\/?page_id=1808"},"modified":"2022-08-29T13:02:49","modified_gmt":"2022-08-29T16:02:49","slug":"orientacoes-para-contratacao","status":"publish","type":"page","link":"https:\/\/www.ufmg.br\/prograd\/orientacoes-para-contratacao\/","title":{"rendered":"Est\u00e1gio &#8211; Orienta\u00e7\u00f5es para contrata\u00e7\u00e3o"},"content":{"rendered":"<div class=\"attribute-header\">\n<p><b>Para divulga\u00e7\u00e3o de vagas:<\/b><\/p>\n<p>Informamos que vagas de est\u00e1gio e trainee devem ser enviadas para o email: estagio@prograd.ufmg.br<\/p>\n<\/div>\n<div class=\"attribute-long\">\n<p class=\" text-justify\">As vagas devem conter as caracter\u00edsticas das fun\u00e7\u00f5es a serem exercidas, o perfil do candidato (a) requerido (a), os benef\u00edcios ofertados para a vaga e email e\/ou telefone para contato.\u00a0Faz-se necess\u00e1rio, tamb\u00e9m, informar a qual curso de gradua\u00e7\u00e3o da UFMG a vaga anunciada destina-se.<\/p>\n<p class=\" text-justify\">Esclarecemos que as vagas enviadas ser\u00e3o encaminhadas aos respectivos colegiados de curso e divulgadas entre os alunos e nos pain\u00e9is das unidades acad\u00eamicas da UFMG.<b>\u00a0 \u00a0 \u00a0 \u00a0<\/b><\/p>\n<p class=\" text-justify\"><b>Contrata\u00e7\u00e3o:<\/b><\/p>\n<p class=\" text-justify\">As empresas que forem contratar um estudante da UFMG devem entrar em contato com o\u00a0<a href=\"https:\/\/ufmg.br\/cursos\/colegiados\">colegiado de curso<\/a>\u00a0do estudante. \u00a0Em alguns cursos de gradua\u00e7\u00e3o da UFMG as quest\u00f5es relativas ao est\u00e1gio devem ser tratadas com a\u00a0<a href=\"https:\/\/www.ufmg.br\/prograd\/arquivos\/estagio\/centralestagioatual.pdf\">Central de Oportunidades<\/a>\u00a0das Unidades Acad\u00eamicas da UFMG.<\/p>\n<div>\n<p>\u00c9 o colegiado de curso de gradua\u00e7\u00e3o da UFMG que informa para a empresa\/\u00f3rg\u00e3o p\u00fablico quais os modelos de Termo de Compromisso e Plano de Atividades ser\u00e3o adotados e a forma de tramita\u00e7\u00e3o e assinatura dos documentos.<\/p>\n<p>Se a empresa precisar contratar um ou mais de um estudante\/estagi\u00e1rio da UFMG n\u00e3o \u00e9 necess\u00e1rio firmar Conv\u00eanio\/Protocolo de Est\u00e1gio com a Prograd. Neste caso, a empresa deve fazer contato com o colegiado de curso para assinatura do Termo de Compromisso de\u00a0 e Plano de Atividades.<\/p>\n<p>Caso a empresa tenha interesse em recrutar estudantes de v\u00e1rios cursos de gradua\u00e7\u00e3o da UFMG, ent\u00e3o o contato deve ser feito com a Prograd, pelo email:\u00a0<a href=\"mailto:estagio@prograd.ufmg.br\" target=\"_blank\" rel=\"noopener\">estagio@prograd.ufmg.br<\/a><\/p>\n<p>Outras informa\u00e7\u00f5es sobre et\u00e1gio como legisla\u00e7\u00e3o, documentos para contrata\u00e7\u00e3o e cartilha de orienta\u00e7\u00e3o podem ser acessados <a href=\"https:\/\/www.ufmg.br\/prograd\/estagio\/\">nesse link<\/a>.<\/p>\n<\/div>\n<\/div>\n","protected":false},"excerpt":{"rendered":"<p>Para divulga\u00e7\u00e3o de vagas: Informamos que vagas de est\u00e1gio e [&hellip;]<\/p>\n","protected":false},"author":2,"featured_media":0,"parent":0,"menu_order":0,"comment_status":"closed","ping_status":"closed","template":"","meta":{"_acf_changed":false,"footnotes":""},"tags":[],"class_list":["post-1808","page","type-page","status-publish","hentry"],"acf":[],"_links":{"self":[{"href":"https:\/\/www.ufmg.br\/prograd\/wp-json\/wp\/v2\/pages\/1808","targetHints":{"allow":["GET"]}}],"collection":[{"href":"https:\/\/www.ufmg.br\/prograd\/wp-json\/wp\/v2\/pages"}],"about":[{"href":"https:\/\/www.ufmg.br\/prograd\/wp-json\/wp\/v2\/types\/page"}],"author":[{"embeddable":true,"href":"https:\/\/www.ufmg.br\/prograd\/wp-json\/wp\/v2\/users\/2"}],"replies":[{"embeddable":true,"href":"https:\/\/www.ufmg.br\/prograd\/wp-json\/wp\/v2\/comments?post=1808"}],"version-history":[{"count":5,"href":"https:\/\/www.ufmg.br\/prograd\/wp-json\/wp\/v2\/pages\/1808\/revisions"}],"predecessor-version":[{"id":1812,"href":"https:\/\/www.ufmg.br\/prograd\/wp-json\/wp\/v2\/pages\/1808\/revisions\/1812"}],"wp:attachment":[{"href":"https:\/\/www.ufmg.br\/prograd\/wp-json\/wp\/v2\/media?parent=1808"}],"wp:term":[{"taxonomy":"post_tag","embeddable":true,"href":"https:\/\/www.ufmg.br\/prograd\/wp-json\/wp\/v2\/tags?post=1808"}],"curies":[{"name":"wp","href":"https:\/\/api.w.org\/{rel}","templated":true}]}}