{"id":1972,"date":"2022-01-25T12:14:26","date_gmt":"2022-01-25T15:14:26","guid":{"rendered":"https:\/\/www.ufmg.br\/prograd\/?page_id=1972"},"modified":"2026-02-24T09:23:36","modified_gmt":"2026-02-24T12:23:36","slug":"colegiado-especial-das-formacoes-transversais","status":"publish","type":"page","link":"https:\/\/www.ufmg.br\/prograd\/colegiado-especial-das-formacoes-transversais\/","title":{"rendered":"Colegiado Especial das Forma\u00e7\u00f5es Transversais"},"content":{"rendered":"<p><strong>Coordena\u00e7\u00e3o:<\/strong><\/p>\n<p>Profa. Vanessa de Almeida | Coordenadora<\/p>\n<p>Prof. Mauro Rodrigues | Subcoordenador<\/p>\n<p>&nbsp;<\/p>\n<p><strong>Servidoras T\u00e9cnico-Administrativas:<\/strong><\/p>\n<p>Elizabeth Weber de Faria<\/p>\n<p>Renata Sousa Costa<\/p>\n<p>&nbsp;<\/p>\n<p>Segue, abaixo, quadro com os professores membros do Colegiado Especial das Forma\u00e7\u00f5es Transversais:<\/p>\n<p>&nbsp;<\/p>\n<table style=\"height: 550px;\" width=\"936\" cellspacing=\"0\" cellpadding=\"1\">\n<thead>\n<tr>\n<td style=\"background: #2f5497;\" bgcolor=\"#2f5497\" width=\"110\">\n<p class=\"western\" align=\"center\"><span style=\"color: #f2f2f2;\"><span style=\"font-family: Calibri, serif;\"><span style=\"font-size: small;\"><b>Grande \u00c1rea do Conhecimento<\/b><\/span><\/span><\/span><\/p>\n<\/td>\n<td style=\"background: #2f5497;\" bgcolor=\"#2f5497\" width=\"90\">\n<p class=\"western\" align=\"center\"><span style=\"color: #f2f2f2;\"><span style=\"font-family: Calibri, serif;\"><span style=\"font-size: small;\"><b>Representa\u00e7\u00e3o<\/b><\/span><\/span><\/span><\/p>\n<\/td>\n<td style=\"background: #2f5497;\" bgcolor=\"#2f5497\" width=\"197\">\n<p class=\"western\" align=\"center\"><span style=\"color: #f2f2f2;\"><span style=\"font-family: Calibri, serif;\"><span style=\"font-size: small;\"><b>Professor(a)<\/b><\/span><\/span><\/span><\/p>\n<\/td>\n<td style=\"background: #2f5497;\" bgcolor=\"#2f5497\" width=\"174\">\n<p class=\"western\" align=\"center\"><span style=\"color: #f2f2f2;\"><span style=\"font-family: Calibri, serif;\"><span style=\"font-size: small;\"><b>Unidade<\/b><\/span><\/span><\/span><\/p>\n<\/td>\n<td style=\"background: #2f5497;\" bgcolor=\"#2f5497\" width=\"173\">\n<p class=\"western\" align=\"center\"><span style=\"color: #f2f2f2;\"><span style=\"font-family: Calibri, serif;\"><span style=\"font-size: small;\"><b>Departamento<\/b><\/span><\/span><\/span><\/p>\n<\/td>\n<\/tr>\n<\/thead>\n<tbody>\n<tr>\n<td style=\"background: #dde6f0;\" rowspan=\"2\" bgcolor=\"#dde6f0\" width=\"110\" height=\"39\"><\/td>\n<td width=\"90\">\n<p class=\"western\" align=\"center\"><span style=\"font-family: Calibri, serif;\"><span style=\"font-size: small;\">Coordenadora<\/span><\/span><\/p>\n<\/td>\n<td width=\"197\">\n<p class=\"western\" align=\"center\"><span style=\"font-family: Calibri, serif;\"><span style=\"font-size: small;\">Profa. Vanessa de Almeida<\/span><\/span><\/p>\n<\/td>\n<td width=\"174\">\n<p class=\"western\" align=\"center\"><span style=\"font-family: Calibri, serif;\"><span style=\"font-size: small;\">Escola de Enfermagem<\/span><\/span><\/p>\n<\/td>\n<td width=\"173\">\n<p class=\"western\" align=\"center\"><span style=\"font-family: Calibri, serif;\"><span style=\"font-size: small;\">Gest\u00e3o em Sa\u00fade<\/span><\/span><\/p>\n<\/td>\n<\/tr>\n<tr>\n<td width=\"90\">\n<p class=\"western\" align=\"center\"><span style=\"font-family: Calibri, serif;\"><span style=\"font-size: small;\">Subcoordenador<\/span><\/span><\/p>\n<\/td>\n<td width=\"197\">\n<p class=\"western\" align=\"center\"><span style=\"font-family: Calibri, serif;\"><span style=\"font-size: small;\">Prof. Mauro Rodrigues<\/span><\/span><\/p>\n<\/td>\n<td width=\"174\">\n<p class=\"western\" align=\"center\"><span style=\"font-family: Calibri, serif;\"><span style=\"font-size: small;\">Escola de M\u00fasica<\/span><\/span><\/p>\n<\/td>\n<td width=\"173\">\n<p class=\"western\" align=\"center\"><span style=\"font-family: Calibri, serif;\"><span style=\"font-size: small;\">Educa\u00e7\u00e3o F\u00edsica<\/span><\/span><\/p>\n<\/td>\n<\/tr>\n<tr>\n<td style=\"background: #dde6f0;\" rowspan=\"2\" bgcolor=\"#dde6f0\" width=\"110\" height=\"39\">\n<p class=\"western\" align=\"center\"><span style=\"font-family: Calibri, serif;\"><span style=\"font-size: small;\">Humanidades<\/span><\/span><\/p>\n<\/td>\n<td width=\"90\">\n<p class=\"western\" align=\"center\"><span style=\"font-family: Calibri, serif;\"><span style=\"font-size: small;\">Titular<\/span><\/span><\/p>\n<\/td>\n<td width=\"197\">\n<p class=\"western\" align=\"center\"><span style=\"font-family: Calibri, serif;\"><span style=\"font-size: small;\">Prof. Ant\u00f4nio Artur de Souza<\/span><\/span><\/p>\n<\/td>\n<td width=\"174\">\n<p class=\"western\" align=\"center\"><span style=\"font-family: Calibri, serif;\"><span style=\"font-size: small;\">Faculdade de Ci\u00eancias Econ\u00f4micas<\/span><\/span><\/p>\n<\/td>\n<td width=\"173\">\n<p class=\"western\" align=\"center\"><span style=\"font-family: Calibri, serif;\"><span style=\"font-size: small;\">Ci\u00eancias Administrativas<\/span><\/span><\/p>\n<\/td>\n<\/tr>\n<tr>\n<td width=\"90\">\n<p class=\"western\" align=\"center\"><span style=\"font-family: Calibri, serif;\"><span style=\"font-size: small;\">Suplente<\/span><\/span><\/p>\n<\/td>\n<td width=\"197\">\n<p class=\"western\" align=\"center\"><span style=\"font-family: Calibri, serif;\"><span style=\"font-size: small;\">Prof. Paulo Henrique de Queiroz Nogueira<\/span><\/span><\/p>\n<\/td>\n<td width=\"174\">\n<p class=\"western\" align=\"center\"><span style=\"font-family: Calibri, serif;\"><span style=\"font-size: small;\">Faculdade de Educa\u00e7\u00e3o<\/span><\/span><\/p>\n<\/td>\n<td width=\"173\">\n<p class=\"western\" align=\"center\"><span style=\"font-family: Calibri, serif;\"><span style=\"font-size: small;\">Ci\u00eancias Aplicadas \u00e0 Educa\u00e7\u00e3o<\/span><\/span><\/p>\n<\/td>\n<\/tr>\n<tr>\n<td style=\"background: #dde6f0;\" rowspan=\"2\" bgcolor=\"#dde6f0\" width=\"110\" height=\"39\">\n<p class=\"western\" align=\"center\"><span style=\"font-family: Calibri, serif;\"><span style=\"font-size: small;\">Ci\u00eancias da Natureza<\/span><\/span><\/p>\n<\/td>\n<td width=\"90\">\n<p class=\"western\" align=\"center\"><span style=\"font-family: Calibri, serif;\"><span style=\"font-size: small;\">Titular<\/span><\/span><\/p>\n<\/td>\n<td width=\"197\">\n<p class=\"western\" align=\"center\"><span style=\"font-family: Calibri, serif;\"><span style=\"font-size: small;\">Prof. Paulo Ant\u00f4nio Fonseca Machado<\/span><\/span><\/p>\n<\/td>\n<td width=\"174\">\n<p class=\"western\" align=\"center\"><span style=\"font-family: Calibri, serif;\"><span style=\"font-size: small;\">Instituto de Ci\u00eancias Exatas<\/span><\/span><\/p>\n<\/td>\n<td width=\"173\">\n<p class=\"western\" align=\"center\"><span style=\"font-family: Calibri, serif;\"><span style=\"font-size: small;\">\u00a0Matem\u00e1tica<\/span><\/span><\/p>\n<\/td>\n<\/tr>\n<tr>\n<td width=\"90\">\n<p class=\"western\" align=\"center\"><span style=\"font-family: Calibri, serif;\"><span style=\"font-size: small;\">Suplente<\/span><\/span><\/p>\n<\/td>\n<td width=\"197\">\n<p class=\"western\" align=\"center\"><span style=\"font-family: Calibri, serif;\"><span style=\"font-size: small;\">Profa. Edna Afonso Reis<\/span><\/span><\/p>\n<\/td>\n<td width=\"174\">\n<p class=\"western\" align=\"center\"><span style=\"font-family: Calibri, serif;\"><span style=\"font-size: small;\">Instituto de Ci\u00eancias Exatas<\/span><\/span><\/p>\n<\/td>\n<td width=\"173\">\n<p class=\"western\" align=\"center\"><span style=\"font-family: Calibri, serif;\"><span style=\"font-size: small;\">Estat\u00edstica<\/span><\/span><\/p>\n<\/td>\n<\/tr>\n<tr>\n<td style=\"background: #dde6f0;\" rowspan=\"2\" bgcolor=\"#dde6f0\" width=\"110\" height=\"38\">\n<p class=\"western\" align=\"center\"><span style=\"font-family: Calibri, serif;\"><span style=\"font-size: small;\">Ci\u00eancias da Vida<\/span><\/span><\/p>\n<\/td>\n<td width=\"90\">\n<p class=\"western\" align=\"center\"><span style=\"font-family: Calibri, serif;\"><span style=\"font-size: small;\">Titular<\/span><\/span><\/p>\n<\/td>\n<td width=\"197\">\n<p class=\"western\" align=\"center\"><span style=\"font-family: Calibri, serif;\"><span style=\"font-size: small;\">Profa. Renata Adriana Labanca<\/span><\/span><\/p>\n<\/td>\n<td width=\"174\">\n<p class=\"western\" align=\"center\"><span style=\"font-family: Calibri, serif;\"><span style=\"font-size: small;\">Faculdade de Farm\u00e1cia<\/span><\/span><\/p>\n<\/td>\n<td width=\"173\">\n<p class=\"western\" align=\"center\"><span style=\"font-family: Calibri, serif;\"><span style=\"font-size: small;\">Alimentos<\/span><\/span><\/p>\n<\/td>\n<\/tr>\n<tr>\n<td width=\"90\">\n<p class=\"western\" align=\"center\"><span style=\"font-family: Calibri, serif;\"><span style=\"font-size: small;\">Suplente<\/span><\/span><\/p>\n<\/td>\n<td style=\"text-align: center;\" width=\"197\"><span style=\"font-family: Calibri, serif;\"><span style=\"font-size: small;\">\u00a0 \u00a0 \u00a0 \u00a0 \u00a0 \u00a0 Profa. Ana Paula Gomes de Melo<\/span><\/span><\/td>\n<td style=\"text-align: center;\" width=\"174\"><span style=\"font-family: Calibri, serif;\"><span style=\"font-size: small;\">Instituto de Ci\u00eancias Agr\u00e1rias<\/span><\/span><\/td>\n<td style=\"text-align: center;\" width=\"173\"><\/td>\n<\/tr>\n<\/tbody>\n<\/table>\n<p>&nbsp;<\/p>\n<p>Para conhecer a <strong>Comiss\u00e3o Coordenadora<\/strong> de cada uma das Forma\u00e7\u00f5es Transversais, <a href=\"http:\/\/www.ufmg.br\/prograd\/wp-content\/uploads\/2025\/03\/ComCoord2527.pdf\">clique aqui<\/a>.<\/p>\n<p>&nbsp;<\/p>\n","protected":false},"excerpt":{"rendered":"<p>Coordena\u00e7\u00e3o: Profa. Vanessa de Almeida | Coordenadora Prof. Mauro Rodrigues [&hellip;]<\/p>\n","protected":false},"author":2,"featured_media":0,"parent":0,"menu_order":0,"comment_status":"closed","ping_status":"closed","template":"","meta":{"_acf_changed":false,"footnotes":""},"tags":[],"class_list":["post-1972","page","type-page","status-publish","hentry"],"acf":[],"_links":{"self":[{"href":"https:\/\/www.ufmg.br\/prograd\/wp-json\/wp\/v2\/pages\/1972","targetHints":{"allow":["GET"]}}],"collection":[{"href":"https:\/\/www.ufmg.br\/prograd\/wp-json\/wp\/v2\/pages"}],"about":[{"href":"https:\/\/www.ufmg.br\/prograd\/wp-json\/wp\/v2\/types\/page"}],"author":[{"embeddable":true,"href":"https:\/\/www.ufmg.br\/prograd\/wp-json\/wp\/v2\/users\/2"}],"replies":[{"embeddable":true,"href":"https:\/\/www.ufmg.br\/prograd\/wp-json\/wp\/v2\/comments?post=1972"}],"version-history":[{"count":15,"href":"https:\/\/www.ufmg.br\/prograd\/wp-json\/wp\/v2\/pages\/1972\/revisions"}],"predecessor-version":[{"id":5533,"href":"https:\/\/www.ufmg.br\/prograd\/wp-json\/wp\/v2\/pages\/1972\/revisions\/5533"}],"wp:attachment":[{"href":"https:\/\/www.ufmg.br\/prograd\/wp-json\/wp\/v2\/media?parent=1972"}],"wp:term":[{"taxonomy":"post_tag","embeddable":true,"href":"https:\/\/www.ufmg.br\/prograd\/wp-json\/wp\/v2\/tags?post=1972"}],"curies":[{"name":"wp","href":"https:\/\/api.w.org\/{rel}","templated":true}]}}