{"id":2132,"date":"2022-03-11T15:05:44","date_gmt":"2022-03-11T18:05:44","guid":{"rendered":"https:\/\/www.ufmg.br\/prograd\/?page_id=2132"},"modified":"2022-03-11T15:15:10","modified_gmt":"2022-03-11T18:15:10","slug":"portarias","status":"publish","type":"page","link":"https:\/\/www.ufmg.br\/prograd\/portarias\/","title":{"rendered":"Portarias"},"content":{"rendered":"<p>As Portarias podem ser acessadas, por ano, logo abaixo:<\/p>\n<style>#sp-ea-2131 .spcollapsing { height: 0; overflow: hidden; transition-property: height;transition-duration: 500ms;}#sp-ea-2131.sp-easy-accordion>.sp-ea-single {margin-bottom: 10px; border: 1px solid #e2e2e2; }#sp-ea-2131.sp-easy-accordion>.sp-ea-single>.ea-header a {color: #444;}#sp-ea-2131.sp-easy-accordion>.sp-ea-single>.sp-collapse>.ea-body {background: #fff; color: #444;}#sp-ea-2131.sp-easy-accordion>.sp-ea-single {background: #eee;}#sp-ea-2131.sp-easy-accordion>.sp-ea-single>.ea-header a .ea-expand-icon { float: left; color: #444;font-size: 16px;}<\/style><div id=\"sp_easy_accordion-1748977482\"><div id=\"sp-ea-2131\" class=\"sp-ea-one sp-easy-accordion\" data-ea-active=\"ea-click\" data-ea-mode=\"vertical\" data-preloader=\"\" data-scroll-active-item=\"\" data-offset-to-scroll=\"0\"><div class=\"ea-card ea-expand sp-ea-single\"><h3 class=\"ea-header\"><a class=\"collapsed\" id=\"ea-header-21310\" role=\"button\" data-sptoggle=\"spcollapse\" data-sptarget=\"#collapse21310\" aria-controls=\"collapse21310\" href=\"#\" aria-expanded=\"true\" tabindex=\"0\"><i aria-hidden=\"true\" role=\"presentation\" class=\"ea-expand-icon eap-icon-ea-expand-minus\"><\/i> 2025<\/a><\/h3><div class=\"sp-collapse spcollapse collapsed show\" id=\"collapse21310\" data-parent=\"#sp-ea-2131\" role=\"region\" aria-labelledby=\"ea-header-21310\"> <div class=\"ea-body\"><p><a href=\"http:\/\/www.ufmg.br\/prograd\/wp-content\/uploads\/2025\/03\/Portaria5359.pdf\">Portaria N\u00ba 5359, de 03 de julho de 2025 \u2013 Cria\u00e7\u00e3o da Diretoria de Programas Acad\u00eamicos para Desenvolvimento do Ensino (Pade)<\/a><\/p><\/div><\/div><\/div><div class=\"ea-card sp-ea-single\"><h3 class=\"ea-header\"><a class=\"collapsed\" id=\"ea-header-21311\" role=\"button\" data-sptoggle=\"spcollapse\" data-sptarget=\"#collapse21311\" aria-controls=\"collapse21311\" href=\"#\" aria-expanded=\"false\" tabindex=\"0\"><i aria-hidden=\"true\" role=\"presentation\" class=\"ea-expand-icon eap-icon-ea-expand-plus\"><\/i> 2024<\/a><\/h3><div class=\"sp-collapse spcollapse \" id=\"collapse21311\" data-parent=\"#sp-ea-2131\" role=\"region\" aria-labelledby=\"ea-header-21311\"> <div class=\"ea-body\"><p><a href=\"https:\/\/www.ufmg.br\/prograd\/wp-content\/uploads\/2024\/08\/Portaria6556.pdf\">Portaria N\u00ba 6556, de 29 de julho de 2024 - Designa os membros da Comiss\u00e3o respons\u00e1vel pelo acompanhamento da implementa\u00e7\u00e3o da Resolu\u00e7\u00e3o CEPE N\u00ba 10, de 10 de outubro de 2019, e revoga a Portaria N\u00ba 4185, de 26 de maio de 2022.<\/a><\/p><\/div><\/div><\/div><div class=\"ea-card sp-ea-single\"><h3 class=\"ea-header\"><a class=\"collapsed\" id=\"ea-header-21312\" role=\"button\" data-sptoggle=\"spcollapse\" data-sptarget=\"#collapse21312\" aria-controls=\"collapse21312\" href=\"#\" aria-expanded=\"false\" tabindex=\"0\"><i aria-hidden=\"true\" role=\"presentation\" class=\"ea-expand-icon eap-icon-ea-expand-plus\"><\/i> 2022<\/a><\/h3><div class=\"sp-collapse spcollapse \" id=\"collapse21312\" data-parent=\"#sp-ea-2131\" role=\"region\" aria-labelledby=\"ea-header-21312\"> <div class=\"ea-body\"><p><a href=\"https:\/\/www.ufmg.br\/prograd\/arquivos\/docs\/PortariaRevalida.pdf\">Portaria N\u00b0 7222, de 05 de setembro de 2022 - Disciplina a revalida\u00e7\u00e3o de diplomas m\u00e9dicos, pela UFMG, de aprovados no Revalida 2022<\/a><\/p><p><a href=\"https:\/\/www.ufmg.br\/prograd\/wp-content\/uploads\/2022\/03\/Portaria4185.pdf\">Portaria N\u00b0 4185, de 26 de maio de 2022 - Designa os membros da Comiss\u00e3o respons\u00e1vel pelo acompanhamento da implementa\u00e7\u00e3o da Resolu\u00e7\u00e3o\u00a0CEPE N\u00ba 10, de 10 de outubro de 2019, e revoga a Portaria N\u00ba 6324, de 30 de agosto de 2021<\/a><\/p><p><a href=\"https:\/\/www.ufmg.br\/prograd\/arquivos\/revalidacao\/PortReval2022.html\">Portaria N\u00b0 1541, de 10 de mar\u00e7o de 2022 -\u00a0 Disciplina a revalida\u00e7\u00e3o de diplomas m\u00e9dicos,\u00a0pela UFMG, de aprovados no Revalida 2021<\/a><\/p><\/div><\/div><\/div><div class=\"ea-card sp-ea-single\"><h3 class=\"ea-header\"><a class=\"collapsed\" id=\"ea-header-21313\" role=\"button\" data-sptoggle=\"spcollapse\" data-sptarget=\"#collapse21313\" aria-controls=\"collapse21313\" href=\"#\" aria-expanded=\"false\" tabindex=\"0\"><i aria-hidden=\"true\" role=\"presentation\" class=\"ea-expand-icon eap-icon-ea-expand-plus\"><\/i> 2021<\/a><\/h3><div class=\"sp-collapse spcollapse \" id=\"collapse21313\" data-parent=\"#sp-ea-2131\" role=\"region\" aria-labelledby=\"ea-header-21313\"> <div class=\"ea-body\"><p><a href=\"https:\/\/www.ufmg.br\/prograd\/wp-content\/uploads\/2022\/03\/Portaria6324.pdf\">Portaria N\u00ba 6324, de 30 de agosto de 2021 - Designa os membros da Comiss\u00e3o respons\u00e1vel pelo acompanhamento da implementa\u00e7\u00e3o da Resolu\u00e7\u00e3o\u00a0 do CEPE 10\/2019, de 10 de outubro de 2019<\/a><\/p><\/div><\/div><\/div><div class=\"ea-card sp-ea-single\"><h3 class=\"ea-header\"><a class=\"collapsed\" id=\"ea-header-21314\" role=\"button\" data-sptoggle=\"spcollapse\" data-sptarget=\"#collapse21314\" aria-controls=\"collapse21314\" href=\"#\" aria-expanded=\"false\" tabindex=\"0\"><i aria-hidden=\"true\" role=\"presentation\" class=\"ea-expand-icon eap-icon-ea-expand-plus\"><\/i> 2020<\/a><\/h3><div class=\"sp-collapse spcollapse \" id=\"collapse21314\" data-parent=\"#sp-ea-2131\" role=\"region\" aria-labelledby=\"ea-header-21314\"> <div class=\"ea-body\"><p><a href=\"https:\/\/www.ufmg.br\/prograd\/wp-content\/uploads\/2023\/01\/Portaria1620.pdf\">Portaria N\u00b016, de 06 de janeiro de 2020 - Designa Comiss\u00e3o respons\u00e1vel pela elabora\u00e7\u00e3o de proposta para resolu\u00e7\u00e3o que tratar\u00e1 dos Regimes Acad\u00eamicos Especiais<\/a><\/p><\/div><\/div><\/div><div class=\"ea-card sp-ea-single\"><h3 class=\"ea-header\"><a class=\"collapsed\" id=\"ea-header-21315\" role=\"button\" data-sptoggle=\"spcollapse\" data-sptarget=\"#collapse21315\" aria-controls=\"collapse21315\" href=\"#\" aria-expanded=\"false\" tabindex=\"0\"><i aria-hidden=\"true\" role=\"presentation\" class=\"ea-expand-icon eap-icon-ea-expand-plus\"><\/i> 2019<\/a><\/h3><div class=\"sp-collapse spcollapse \" id=\"collapse21315\" data-parent=\"#sp-ea-2131\" role=\"region\" aria-labelledby=\"ea-header-21315\"> <div class=\"ea-body\"><p><a href=\"https:\/\/www.ufmg.br\/prograd\/wp-content\/uploads\/2022\/03\/Portaria23.pdf\">Portaria conjunta n\u00b023, de 05 de dezembro de 2019<\/a><\/p><\/div><\/div><\/div><\/div><\/div>\n","protected":false},"excerpt":{"rendered":"<p>As Portarias podem ser acessadas, por ano, logo abaixo:<\/p>\n","protected":false},"author":2,"featured_media":0,"parent":0,"menu_order":0,"comment_status":"closed","ping_status":"closed","template":"","meta":{"_acf_changed":false,"footnotes":""},"tags":[],"class_list":["post-2132","page","type-page","status-publish","hentry"],"acf":[],"_links":{"self":[{"href":"https:\/\/www.ufmg.br\/prograd\/wp-json\/wp\/v2\/pages\/2132","targetHints":{"allow":["GET"]}}],"collection":[{"href":"https:\/\/www.ufmg.br\/prograd\/wp-json\/wp\/v2\/pages"}],"about":[{"href":"https:\/\/www.ufmg.br\/prograd\/wp-json\/wp\/v2\/types\/page"}],"author":[{"embeddable":true,"href":"https:\/\/www.ufmg.br\/prograd\/wp-json\/wp\/v2\/users\/2"}],"replies":[{"embeddable":true,"href":"https:\/\/www.ufmg.br\/prograd\/wp-json\/wp\/v2\/comments?post=2132"}],"version-history":[{"count":3,"href":"https:\/\/www.ufmg.br\/prograd\/wp-json\/wp\/v2\/pages\/2132\/revisions"}],"predecessor-version":[{"id":2138,"href":"https:\/\/www.ufmg.br\/prograd\/wp-json\/wp\/v2\/pages\/2132\/revisions\/2138"}],"wp:attachment":[{"href":"https:\/\/www.ufmg.br\/prograd\/wp-json\/wp\/v2\/media?parent=2132"}],"wp:term":[{"taxonomy":"post_tag","embeddable":true,"href":"https:\/\/www.ufmg.br\/prograd\/wp-json\/wp\/v2\/tags?post=2132"}],"curies":[{"name":"wp","href":"https:\/\/api.w.org\/{rel}","templated":true}]}}