{"id":2584,"date":"2022-09-27T14:02:09","date_gmt":"2022-09-27T17:02:09","guid":{"rendered":"https:\/\/www.ufmg.br\/prograd\/?page_id=2584"},"modified":"2022-09-27T14:13:10","modified_gmt":"2022-09-27T17:13:10","slug":"editais-residencia-pedagogica","status":"publish","type":"page","link":"https:\/\/www.ufmg.br\/prograd\/editais-residencia-pedagogica\/","title":{"rendered":"Editais Resid\u00eancia Pedag\u00f3gica"},"content":{"rendered":"<style>#sp-ea-2588 .spcollapsing { height: 0; overflow: hidden; transition-property: height;transition-duration: 500ms;}#sp-ea-2588.sp-easy-accordion>.sp-ea-single {margin-bottom: 10px; border: 1px solid #e2e2e2; }#sp-ea-2588.sp-easy-accordion>.sp-ea-single>.ea-header a {color: #444;}#sp-ea-2588.sp-easy-accordion>.sp-ea-single>.sp-collapse>.ea-body {background: #fff; color: #444;}#sp-ea-2588.sp-easy-accordion>.sp-ea-single {background: #eee;}#sp-ea-2588.sp-easy-accordion>.sp-ea-single>.ea-header a .ea-expand-icon { float: left; color: #444;font-size: 16px;}<\/style><div id=\"sp_easy_accordion-1778741869\"><div id=\"sp-ea-2588\" class=\"sp-ea-one sp-easy-accordion\" data-ea-active=\"ea-click\" data-ea-mode=\"vertical\" data-preloader=\"\" data-scroll-active-item=\"\" data-offset-to-scroll=\"0\"><div class=\"ea-card ea-expand sp-ea-single\"><h3 class=\"ea-header\"><a class=\"collapsed\" id=\"ea-header-25880\" role=\"button\" data-sptoggle=\"spcollapse\" data-sptarget=\"#collapse25880\" aria-controls=\"collapse25880\" href=\"#\" aria-expanded=\"true\" tabindex=\"0\"><i aria-hidden=\"true\" role=\"presentation\" class=\"ea-expand-icon eap-icon-ea-expand-minus\"><\/i> 2022<\/a><\/h3><div class=\"sp-collapse spcollapse collapsed show\" id=\"collapse25880\" data-parent=\"#sp-ea-2588\" role=\"region\" aria-labelledby=\"ea-header-25880\"> <div class=\"ea-body\"><p><a href=\"https:\/\/www.ufmg.br\/prograd\/wp-content\/uploads\/2022\/09\/BioEst22.pdf\">Biologia - Estudantes<\/a><\/p><p><a href=\"https:\/\/www.ufmg.br\/prograd\/wp-content\/uploads\/2022\/09\/BioProf22.pdf\">Biologia- Professores<\/a><\/p><p><a href=\"https:\/\/www.ufmg.br\/prograd\/wp-content\/uploads\/2022\/09\/EdFisEst22.pdf\">Educa\u00e7\u00e3o F\u00edsica - Estudantes<\/a><\/p><p><a href=\"https:\/\/www.ufmg.br\/prograd\/wp-content\/uploads\/2022\/09\/EdFisProf22.pdf\">Educa\u00e7\u00e3o F\u00edsica - Professores<\/a><\/p><p><a href=\"https:\/\/www.ufmg.br\/prograd\/wp-content\/uploads\/2022\/09\/EJAEst22.pdf\">EJA - Estudantes<\/a><\/p><p><a href=\"https:\/\/www.ufmg.br\/prograd\/wp-content\/uploads\/2022\/09\/EJAProfs22.pdf\">EJA - Professores<\/a><\/p><p><a href=\"https:\/\/www.ufmg.br\/prograd\/wp-content\/uploads\/2022\/09\/FieiEst22.pdf\">FIEI - Forma\u00e7\u00e3o Intercultural para Educadores Ind\u00edgenas - Estudantes<\/a><\/p><p><a href=\"https:\/\/www.ufmg.br\/prograd\/wp-content\/uploads\/2022\/09\/FieiProf22.pdf\">FIEI - Forma\u00e7\u00e3o Intercultural para Educadores Ind\u00edgenas - Professores<\/a><\/p><p><a href=\"https:\/\/www.ufmg.br\/prograd\/wp-content\/uploads\/2022\/09\/FilEst22.pdf\">Filosofia - Estudantes<\/a><\/p><p><a href=\"https:\/\/www.ufmg.br\/prograd\/wp-content\/uploads\/2022\/09\/FilProf22.pdf\">Filosofia - Professores<\/a><\/p><p><a href=\"https:\/\/www.ufmg.br\/prograd\/wp-content\/uploads\/2022\/09\/FisEst22.pdf\">F\u00edsica - Estudantes<\/a><\/p><p><a href=\"https:\/\/www.ufmg.br\/prograd\/wp-content\/uploads\/2022\/09\/FisProf22.pdf\">F\u00edsica - Professores<\/a><\/p><p><a href=\"https:\/\/www.ufmg.br\/prograd\/wp-content\/uploads\/2022\/09\/GeoEst22.pdf\">Geografia - Estudantes<\/a><\/p><p><a href=\"https:\/\/www.ufmg.br\/prograd\/wp-content\/uploads\/2022\/09\/GeoProf22.pdf\">Geografia - Professores<\/a><\/p><p><a href=\"https:\/\/www.ufmg.br\/prograd\/wp-content\/uploads\/2022\/09\/HistEst22.pdf\">Hist\u00f3ria - Estudantes<\/a><\/p><p><a href=\"https:\/\/www.ufmg.br\/prograd\/wp-content\/uploads\/2022\/09\/HistProf22.pdf\">Hist\u00f3ria - Professores<\/a><\/p><p><a href=\"https:\/\/www.ufmg.br\/prograd\/wp-content\/uploads\/2022\/09\/LECampoEst22.pdf\">Licenciatura em Educa\u00e7\u00e3o do Campo - Estudantes<\/a><\/p><p><a href=\"https:\/\/www.ufmg.br\/prograd\/wp-content\/uploads\/2022\/09\/LECampoProf22.pdf\">Licenciatura em Educa\u00e7\u00e3o do Campo - Professores<\/a><\/p><p><a href=\"https:\/\/www.ufmg.br\/prograd\/wp-content\/uploads\/2022\/09\/LetrasLPest.pdf\">Letras - L\u00edngua Portuguesa - Estudantes<\/a><\/p><p><a href=\"https:\/\/www.ufmg.br\/prograd\/wp-content\/uploads\/2022\/09\/LetrasLPProf22.pdf\">Letras - L\u00edngua Portuguesa - Professores<\/a><\/p><p><a href=\"https:\/\/www.ufmg.br\/prograd\/wp-content\/uploads\/2022\/09\/PedagEdInf22est.pdf\">Pedagogia - Educa\u00e7\u00e3o Infantil - Estudantes<\/a><\/p><p><a href=\"https:\/\/www.ufmg.br\/prograd\/wp-content\/uploads\/2022\/09\/PedagEdInf22prof.pdf\">Pedagogia - Educa\u00e7\u00e3o Infantil - Professores<\/a><\/p><p><a href=\"https:\/\/www.ufmg.br\/prograd\/wp-content\/uploads\/2022\/09\/QuiEst22.pdf\">Qu\u00edmica - Estudantes<\/a><\/p><p><a href=\"https:\/\/www.ufmg.br\/prograd\/wp-content\/uploads\/2022\/09\/QuiProf22.pdf\">Qu\u00edmica - Professores<\/a><\/p><\/div><\/div><\/div><\/div><\/div>\n","protected":false},"excerpt":{"rendered":"","protected":false},"author":2,"featured_media":0,"parent":0,"menu_order":0,"comment_status":"closed","ping_status":"closed","template":"","meta":{"_acf_changed":false,"footnotes":""},"tags":[],"class_list":["post-2584","page","type-page","status-publish","hentry"],"acf":[],"_links":{"self":[{"href":"https:\/\/www.ufmg.br\/prograd\/wp-json\/wp\/v2\/pages\/2584","targetHints":{"allow":["GET"]}}],"collection":[{"href":"https:\/\/www.ufmg.br\/prograd\/wp-json\/wp\/v2\/pages"}],"about":[{"href":"https:\/\/www.ufmg.br\/prograd\/wp-json\/wp\/v2\/types\/page"}],"author":[{"embeddable":true,"href":"https:\/\/www.ufmg.br\/prograd\/wp-json\/wp\/v2\/users\/2"}],"replies":[{"embeddable":true,"href":"https:\/\/www.ufmg.br\/prograd\/wp-json\/wp\/v2\/comments?post=2584"}],"version-history":[{"count":3,"href":"https:\/\/www.ufmg.br\/prograd\/wp-json\/wp\/v2\/pages\/2584\/revisions"}],"predecessor-version":[{"id":2623,"href":"https:\/\/www.ufmg.br\/prograd\/wp-json\/wp\/v2\/pages\/2584\/revisions\/2623"}],"wp:attachment":[{"href":"https:\/\/www.ufmg.br\/prograd\/wp-json\/wp\/v2\/media?parent=2584"}],"wp:term":[{"taxonomy":"post_tag","embeddable":true,"href":"https:\/\/www.ufmg.br\/prograd\/wp-json\/wp\/v2\/tags?post=2584"}],"curies":[{"name":"wp","href":"https:\/\/api.w.org\/{rel}","templated":true}]}}