{"id":2642,"date":"2022-10-11T11:14:21","date_gmt":"2022-10-11T14:14:21","guid":{"rendered":"https:\/\/www.ufmg.br\/prograd\/?page_id=2642"},"modified":"2022-10-11T11:14:21","modified_gmt":"2022-10-11T14:14:21","slug":"atas-da-camara-de-graduacao","status":"publish","type":"page","link":"https:\/\/www.ufmg.br\/prograd\/atas-da-camara-de-graduacao\/","title":{"rendered":"Atas da C\u00e2mara de Gradua\u00e7\u00e3o"},"content":{"rendered":"<style>#sp-ea-2641 .spcollapsing { height: 0; overflow: hidden; transition-property: height;transition-duration: 500ms;}#sp-ea-2641.sp-easy-accordion>.sp-ea-single {margin-bottom: 10px; border: 1px solid #e2e2e2; }#sp-ea-2641.sp-easy-accordion>.sp-ea-single>.ea-header a {color: #444;}#sp-ea-2641.sp-easy-accordion>.sp-ea-single>.sp-collapse>.ea-body {background: #fff; color: #444;}#sp-ea-2641.sp-easy-accordion>.sp-ea-single {background: #eee;}#sp-ea-2641.sp-easy-accordion>.sp-ea-single>.ea-header a .ea-expand-icon { float: left; color: #444;font-size: 16px;}<\/style><div id=\"sp_easy_accordion-1738354500\"><div id=\"sp-ea-2641\" class=\"sp-ea-one sp-easy-accordion\" data-ea-active=\"ea-click\" data-ea-mode=\"vertical\" data-preloader=\"\" data-scroll-active-item=\"\" data-offset-to-scroll=\"0\"><div class=\"ea-card ea-expand sp-ea-single\"><h3 class=\"ea-header\"><a class=\"collapsed\" id=\"ea-header-26410\" role=\"button\" data-sptoggle=\"spcollapse\" data-sptarget=\"#collapse26410\" aria-controls=\"collapse26410\" href=\"#\" aria-expanded=\"true\" tabindex=\"0\"><i aria-hidden=\"true\" role=\"presentation\" class=\"ea-expand-icon eap-icon-ea-expand-minus\"><\/i> 2025<\/a><\/h3><div class=\"sp-collapse spcollapse collapsed show\" id=\"collapse26410\" data-parent=\"#sp-ea-2641\" role=\"region\" aria-labelledby=\"ea-header-26410\"> <div class=\"ea-body\"><p><a href=\"http:\/\/www.ufmg.br\/prograd\/arquivos\/atasCG\/2025-02-04.pdf\">Reuni\u00e3o de 04\/02\/2025<\/a><\/p><p><a href=\"http:\/\/www.ufmg.br\/prograd\/arquivos\/atasCG\/2025-03-13.pdf\">Reuni\u00e3o de 13\/03\/2025<\/a><\/p><p><a href=\"http:\/\/www.ufmg.br\/prograd\/arquivos\/atasCG\/2025-03-27.pdf\">Reuni\u00e3o de 27\/03\/2025<\/a><\/p><p><a href=\"http:\/\/www.ufmg.br\/prograd\/arquivos\/atasCG\/2025-04-29.pdf\">Reuni\u00e3o de 29\/04\/2025<\/a><\/p><p><a href=\"http:\/\/www.ufmg.br\/prograd\/arquivos\/atasCG\/2025-05-08.pdf\">Reuni\u00e3o de 08\/05\/2025<\/a><\/p><p><a href=\"http:\/\/www.ufmg.br\/prograd\/arquivos\/atasCG\/2025-05-29.pdf\">Reuni\u00e3o de 29\/05\/2025<\/a><\/p><p><a href=\"http:\/\/www.ufmg.br\/prograd\/arquivos\/atasCG\/2025-06-17.pdf\">Reuni\u00e3o de 17\/06\/2025<\/a><\/p><p><a href=\"http:\/\/www.ufmg.br\/prograd\/arquivos\/atasCG\/2025-06-26.pdf\">Reuni\u00e3o de 26\/06\/2025<\/a><\/p><p><a href=\"http:\/\/www.ufmg.br\/prograd\/arquivos\/atasCG\/2025-08-14.pdf\">Reuni\u00e3o de 14\/08\/2025<\/a><\/p><p><a href=\"http:\/\/www.ufmg.br\/prograd\/arquivos\/atasCG\/2025-09-11.pdf\">Reuni\u00e3o de 11\/09\/2025<\/a><\/p><p><a href=\"http:\/\/www.ufmg.br\/prograd\/arquivos\/atasCG\/2025-10-16.pdf\">Reuni\u00e3o de 16\/10\/2025<\/a><\/p><p><a href=\"http:\/\/www.ufmg.br\/prograd\/arquivos\/atasCG\/2025-10-30.pdf\">Reuni\u00e3o de 30\/10\/2025<\/a><\/p><p><a href=\"http:\/\/www.ufmg.br\/prograd\/arquivos\/atasCG\/2025-11-13.pdf\">Reuni\u00e3o de 13\/11\/2025<\/a><\/p><p><a href=\"http:\/\/www.ufmg.br\/prograd\/arquivos\/atasCG\/2025-11-27.pdf\">Reuni\u00e3o de 27\/11\/2025<\/a><\/p><\/div><\/div><\/div><div class=\"ea-card sp-ea-single\"><h3 class=\"ea-header\"><a class=\"collapsed\" id=\"ea-header-26411\" role=\"button\" data-sptoggle=\"spcollapse\" data-sptarget=\"#collapse26411\" aria-controls=\"collapse26411\" href=\"#\" aria-expanded=\"false\" tabindex=\"0\"><i aria-hidden=\"true\" role=\"presentation\" class=\"ea-expand-icon eap-icon-ea-expand-plus\"><\/i> 2024<\/a><\/h3><div class=\"sp-collapse spcollapse \" id=\"collapse26411\" data-parent=\"#sp-ea-2641\" role=\"region\" aria-labelledby=\"ea-header-26411\"> <div class=\"ea-body\"><p><a href=\"http:\/\/www.ufmg.br\/prograd\/arquivos\/atasCG\/2024-02-29.pdf\">Reuni\u00e3o de 29\/02\/2024<\/a><\/p><p><a href=\"http:\/\/www.ufmg.br\/prograd\/arquivos\/atasCG\/2024-03-07.pdf\">Reuni\u00e3o de 07\/03\/2024<\/a><\/p><p><a href=\"http:\/\/www.ufmg.br\/prograd\/arquivos\/atasCG\/2024-03-28.pdf\">Reuni\u00e3o de 28\/03\/2024<\/a><\/p><p><a href=\"http:\/\/www.ufmg.br\/prograd\/arquivos\/atasCG\/2024-04-30.pdf\">Reuni\u00e3o de 30\/04\/2024<\/a><\/p><p><a href=\"http:\/\/www.ufmg.br\/prograd\/arquivos\/atasCG\/2024-05-21.pdf\">Reuni\u00e3o de 21\/05\/2024<\/a><\/p><p><a href=\"http:\/\/www.ufmg.br\/prograd\/arquivos\/atasCG\/2024-06-25.pdf\">Reuni\u00e3o de 25\/06\/2024<\/a><\/p><p><a href=\"http:\/\/www.ufmg.br\/prograd\/arquivos\/atasCG\/2024-07-30.pdf\">Reuni\u00e3o de 30\/07\/2024<\/a><\/p><p><a href=\"http:\/\/www.ufmg.br\/prograd\/arquivos\/atasCG\/2024-08-20.pdf\">Reuni\u00e3o de 20\/08\/2024<\/a><\/p><p><a href=\"http:\/\/www.ufmg.br\/prograd\/arquivos\/atasCG\/2024-10-15.pdf\">Reuni\u00e3o de 15\/10\/2024<\/a><\/p><p><a href=\"http:\/\/www.ufmg.br\/prograd\/arquivos\/atasCG\/2024-11-05.pdf\">Reuni\u00e3o de 05\/11\/2024<\/a><\/p><p><a href=\"http:\/\/www.ufmg.br\/prograd\/arquivos\/atasCG\/2024-11-26.pdf\">Reuni\u00e3o de 26\/11\/2024<\/a><\/p><p><a href=\"http:\/\/www.ufmg.br\/prograd\/arquivos\/atasCG\/2024-12-19.pdf\">Reuni\u00e3o de 19\/12\/2024<\/a><\/p><\/div><\/div><\/div><div class=\"ea-card sp-ea-single\"><h3 class=\"ea-header\"><a class=\"collapsed\" id=\"ea-header-26412\" role=\"button\" data-sptoggle=\"spcollapse\" data-sptarget=\"#collapse26412\" aria-controls=\"collapse26412\" href=\"#\" aria-expanded=\"false\" tabindex=\"0\"><i aria-hidden=\"true\" role=\"presentation\" class=\"ea-expand-icon eap-icon-ea-expand-plus\"><\/i> 2023<\/a><\/h3><div class=\"sp-collapse spcollapse \" id=\"collapse26412\" data-parent=\"#sp-ea-2641\" role=\"region\" aria-labelledby=\"ea-header-26412\"> <div class=\"ea-body\"><p><a href=\"https:\/\/www.ufmg.br\/prograd\/arquivos\/atasCG\/2023-02-16.pdf\">Reuni\u00e3o de 16\/02\/2023<\/a><\/p><p><a href=\"\/prograd\/arquivos\/atasCG\/2023-03-23.pdf\">Reuni\u00e3o de 23\/03\/2023<\/a><\/p><p><a href=\"\/prograd\/arquivos\/atasCG\/2023-03-30.pdf\">Reuni\u00e3o de 30\/03\/2023<\/a><\/p><p><a href=\"\/prograd\/arquivos\/atasCG\/2023-04-06.pdf\">Reuni\u00e3o de 06\/04\/2023<\/a><\/p><p><a href=\"\/prograd\/arquivos\/atasCG\/2023-05-04.pdf\">Reuni\u00e3o de 04\/05\/2023<\/a><\/p><p><a href=\"\/prograd\/arquivos\/atasCG\/2023-05-05.pdf\">Reuni\u00e3o de 05\/05\/2023<\/a><\/p><p><a href=\"\/prograd\/arquivos\/atasCG\/2023-05-11.pdf\">Reuni\u00e3o de 11\/05\/2023<\/a><\/p><p><a href=\"\/prograd\/arquivos\/atasCG\/2023-06-13.pdf\">Reuni\u00e3o de 13\/06\/2023<\/a><\/p><p><a href=\"\/prograd\/arquivos\/atasCG\/2023-06-29.pdf\">Reuni\u00e3o de 29\/06\/2023<\/a><\/p><p><a href=\"\/prograd\/arquivos\/atasCG\/2023-08-10.pdf\">Reuni\u00e3o de 10\/08\/2023<\/a><\/p><p><a href=\"\/prograd\/arquivos\/atasCG\/2023-08-17.pdf\">Reuni\u00e3o de 17\/08\/2023<\/a><\/p><p><a href=\"\/prograd\/arquivos\/atasCG\/2023-08-31.pdf\">Reuni\u00e3o de 31\/08\/2023<\/a><\/p><p><a href=\"\/prograd\/arquivos\/atasCG\/2023-09-14.pdf\">Reuni\u00e3o de 14\/09\/2023<\/a><\/p><p><a href=\"\/prograd\/arquivos\/atasCG\/2023-09-28.pdf\">Reuni\u00e3o de 28\/09\/2023<\/a><\/p><p><a href=\"http:\/\/www.ufmg.br\/prograd\/arquivos\/atasCG\/2023-10-19.pdf\">Reuni\u00e3o de 19\/10\/2023<\/a><\/p><p><a href=\"http:\/\/www.ufmg.br\/prograd\/arquivos\/atasCG\/2023-11-23.pdf\">Reuni\u00e3o de 23\/11\/2023<\/a><\/p><p><a href=\"http:\/\/www.ufmg.br\/prograd\/arquivos\/atasCG\/2023-11-30.pdf\">Reuni\u00e3o de 30\/11\/2023<\/a><\/p><p><a href=\"http:\/\/www.ufmg.br\/prograd\/arquivos\/atasCG\/2023-12-14.pdf\">Reuni\u00e3o de 14\/12\/2023<\/a><\/p><\/div><\/div><\/div><div class=\"ea-card sp-ea-single\"><h3 class=\"ea-header\"><a class=\"collapsed\" id=\"ea-header-26413\" role=\"button\" data-sptoggle=\"spcollapse\" data-sptarget=\"#collapse26413\" aria-controls=\"collapse26413\" href=\"#\" aria-expanded=\"false\" tabindex=\"0\"><i aria-hidden=\"true\" role=\"presentation\" class=\"ea-expand-icon eap-icon-ea-expand-plus\"><\/i> 2022<\/a><\/h3><div class=\"sp-collapse spcollapse \" id=\"collapse26413\" data-parent=\"#sp-ea-2641\" role=\"region\" aria-labelledby=\"ea-header-26413\"> <div class=\"ea-body\"><p><a href=\"http:\/\/www.ufmg.br\/prograd\/arquivos\/atasCG\/2022-01-11.pdf\">Reuni\u00e3o de 11\/01\/2022<\/a><\/p><p><a href=\"http:\/\/www.ufmg.br\/prograd\/arquivos\/atasCG\/2022-01-20.pdf\">Reuni\u00e3o de 20\/01\/2022<\/a><\/p><p><a href=\"http:\/\/www.ufmg.br\/prograd\/arquivos\/atasCG\/2022-01-27.pdf\">Reuni\u00e3o de 27\/01\/2022<\/a><\/p><p><a href=\"http:\/\/www.ufmg.br\/prograd\/arquivos\/atasCG\/2022-02-03.pdf\">Reuni\u00e3o de 03\/02\/2022<\/a><\/p><p><a href=\"http:\/\/www.ufmg.br\/prograd\/arquivos\/atasCG\/2022-02-08.pdf\">Reuni\u00e3o de 08\/02\/2022<\/a><\/p><p><a href=\"http:\/\/www.ufmg.br\/prograd\/arquivos\/atasCG\/2022-02-17.pdf\">Reuni\u00e3o de 17\/02\/2022<\/a><\/p><p><a href=\"http:\/\/www.ufmg.br\/prograd\/arquivos\/atasCG\/2022-02-24.pdf\">Reuni\u00e3o de 24\/02\/2022<\/a><\/p><p><a href=\"http:\/\/www.ufmg.br\/prograd\/arquivos\/atasCG\/2022-03-31.pdf\">Reuni\u00e3o de 31\/03\/2022<\/a><\/p><p><a href=\"http:\/\/www.ufmg.br\/prograd\/arquivos\/atasCG\/2022-05-05.pdf\">Reuni\u00e3o de 05\/05\/2022<\/a><\/p><p><a href=\"http:\/\/www.ufmg.br\/prograd\/arquivos\/atasCG\/2022-05-12.pdf\">Reuni\u00e3o de 12\/05\/2022<\/a><\/p><p><a href=\"http:\/\/www.ufmg.br\/prograd\/arquivos\/atasCG\/2022-06-02.pdf\">Reuni\u00e3o de 02\/06\/2022<\/a><\/p><p><a href=\"http:\/\/www.ufmg.br\/prograd\/arquivos\/atasCG\/2022-07-07.pdf\">Reuni\u00e3o de 07\/07\/2022<\/a><\/p><p><a href=\"http:\/\/www.ufmg.br\/prograd\/arquivos\/atasCG\/2022-07-14.pdf\">Reuni\u00e3o de 14\/07\/2022<\/a><\/p><p><a href=\"https:\/\/www.ufmg.br\/prograd\/arquivos\/atasCG\/2022-08-25.pdf\">Reuni\u00e3o de 25\/08\/2022<\/a><\/p><p><a href=\"https:\/\/www.ufmg.br\/prograd\/arquivos\/atasCG\/2022-09-01.pdf\">Reuni\u00e3o de 01\/09\/2022<\/a><\/p><p><a href=\"https:\/\/www.ufmg.br\/prograd\/arquivos\/atasCG\/2022-09-29.pdf\">Reuni\u00e3o de 29\/09\/2022<\/a><\/p><p><a href=\"https:\/\/www.ufmg.br\/prograd\/arquivos\/atasCG\/2022-10-13.pdf\">Reuni\u00e3o de 13\/10\/2022<\/a><\/p><p><a href=\"https:\/\/www.ufmg.br\/prograd\/arquivos\/atasCG\/2022-10-27.pdf\">Reuni\u00e3o de 27\/10\/2022<\/a><\/p><p><a href=\"https:\/\/www.ufmg.br\/prograd\/arquivos\/atasCG\/2022-11-10.pdf\">Reuni\u00e3o de 10\/11\/2022<\/a><\/p><p><a href=\"https:\/\/www.ufmg.br\/prograd\/arquivos\/atasCG\/2022-12-01.pdf\">Reuni\u00e3o de 01\/12\/2022<\/a><\/p><p><a href=\"https:\/\/www.ufmg.br\/prograd\/arquivos\/atasCG\/2022-12-13.pdf\">Reuni\u00e3o de 13\/12\/2022<\/a><\/p><\/div><\/div><\/div><div class=\"ea-card sp-ea-single\"><h3 class=\"ea-header\"><a class=\"collapsed\" id=\"ea-header-26414\" role=\"button\" data-sptoggle=\"spcollapse\" data-sptarget=\"#collapse26414\" aria-controls=\"collapse26414\" href=\"#\" aria-expanded=\"false\" tabindex=\"0\"><i aria-hidden=\"true\" role=\"presentation\" class=\"ea-expand-icon eap-icon-ea-expand-plus\"><\/i> 2021<\/a><\/h3><div class=\"sp-collapse spcollapse \" id=\"collapse26414\" data-parent=\"#sp-ea-2641\" role=\"region\" aria-labelledby=\"ea-header-26414\"> <div class=\"ea-body\"><p><a href=\"http:\/\/www.ufmg.br\/prograd\/arquivos\/atasCG\/2021-01-07.pdf\">Reuni\u00e3o de 07\/01\/2021<\/a><\/p><p><a href=\"http:\/\/www.ufmg.br\/prograd\/arquivos\/atasCG\/2021-01-28.pdf\">Reuni\u00e3o de 28\/01\/2021<\/a><\/p><p><a href=\"http:\/\/www.ufmg.br\/prograd\/arquivos\/atasCG\/2021-02-04.pdf\">Reuni\u00e3o de 04\/02\/2021<\/a><\/p><p><a href=\"http:\/\/www.ufmg.br\/prograd\/arquivos\/atasCG\/2021-02-25.pdf\">Reuni\u00e3o de 25\/02\/2021<\/a><\/p><p><a href=\"http:\/\/www.ufmg.br\/prograd\/arquivos\/atasCG\/2021-03-04.pdf\">Reuni\u00e3o de 04\/03\/2021<\/a><\/p><p><a href=\"http:\/\/www.ufmg.br\/prograd\/arquivos\/atasCG\/2021-03-25.pdf\">Reuni\u00e3o de 25\/03\/2021<\/a><\/p><p><a href=\"http:\/\/www.ufmg.br\/prograd\/arquivos\/atasCG\/2021-05-13.pdf\">Reuni\u00e3o de 13\/05\/2021<\/a><\/p><p><a href=\"http:\/\/www.ufmg.br\/prograd\/arquivos\/atasCG\/2021-06-01.pdf\">Reuni\u00e3o de 01\/06\/2021<\/a><\/p><p><a href=\"http:\/\/www.ufmg.br\/prograd\/arquivos\/atasCG\/2021-06-10.pdf\">Reuni\u00e3o de 10\/06\/2021<\/a><\/p><p><a href=\"http:\/\/www.ufmg.br\/prograd\/arquivos\/atasCG\/2021-06-17.pdf\">Reuni\u00e3o de 17\/06\/2021<\/a><\/p><p><a href=\"http:\/\/www.ufmg.br\/prograd\/arquivos\/atasCG\/2021-06-22.pdf\">Reuni\u00e3o de 22\/06\/2021<\/a><\/p><p><a href=\"http:\/\/www.ufmg.br\/prograd\/arquivos\/atasCG\/2021-07-08.pdf\">Reuni\u00e3o de 08\/07\/2021<\/a><\/p><p><a href=\"http:\/\/www.ufmg.br\/prograd\/arquivos\/atasCG\/2021-07-22.pdf\">Reuni\u00e3o de 22\/07\/2021<\/a><\/p><p><a href=\"http:\/\/www.ufmg.br\/prograd\/arquivos\/atasCG\/2021-08-05.pdf\">Reuni\u00e3o de 05\/08\/2021<\/a><\/p><p><a href=\"http:\/\/www.ufmg.br\/prograd\/arquivos\/atasCG\/2021-08-10.pdf\">Reuni\u00e3o de 10\/08\/2021<\/a><\/p><p><a href=\"http:\/\/www.ufmg.br\/prograd\/arquivos\/atasCG\/2021-08-12.pdf\">Reuni\u00e3o de 12\/08\/2021<\/a><\/p><p><a href=\"http:\/\/www.ufmg.br\/prograd\/arquivos\/atasCG\/2021-08-26.pdf\">Reuni\u00e3o de 26\/08\/2021<\/a><\/p><p><a href=\"http:\/\/www.ufmg.br\/prograd\/arquivos\/atasCG\/2021-08-31.pdf\">Reuni\u00e3o de 31\/08\/2021<\/a><\/p><p><a href=\"http:\/\/www.ufmg.br\/prograd\/arquivos\/atasCG\/2021-09-02.pdf\">Reuni\u00e3o de 02\/09\/2021<\/a><\/p><p><a href=\"http:\/\/www.ufmg.br\/prograd\/arquivos\/atasCG\/2021-10-14.pdf\">Reuni\u00e3o de 14\/10\/2021<\/a><\/p><p><a href=\"http:\/\/www.ufmg.br\/prograd\/arquivos\/atasCG\/2021-10-25.pdf\">Reuni\u00e3o de 25\/10\/2021<\/a><\/p><p><a href=\"http:\/\/www.ufmg.br\/prograd\/arquivos\/atasCG\/2021-11-09.pdf\">Reuni\u00e3o de 09\/11\/2021<\/a><\/p><p><a href=\"http:\/\/www.ufmg.br\/prograd\/arquivos\/atasCG\/2021-12-02.pdf\">Reuni\u00e3o de 02\/12\/2021<\/a><\/p><p><a href=\"http:\/\/www.ufmg.br\/prograd\/arquivos\/atasCG\/2021-12-09.pdf\">Reuni\u00e3o de 09\/12\/2021<\/a><\/p><\/div><\/div><\/div><div class=\"ea-card sp-ea-single\"><h3 class=\"ea-header\"><a class=\"collapsed\" id=\"ea-header-26415\" role=\"button\" data-sptoggle=\"spcollapse\" data-sptarget=\"#collapse26415\" aria-controls=\"collapse26415\" href=\"#\" aria-expanded=\"false\" tabindex=\"0\"><i aria-hidden=\"true\" role=\"presentation\" class=\"ea-expand-icon eap-icon-ea-expand-plus\"><\/i> 2020<\/a><\/h3><div class=\"sp-collapse spcollapse \" id=\"collapse26415\" data-parent=\"#sp-ea-2641\" role=\"region\" aria-labelledby=\"ea-header-26415\"> <div class=\"ea-body\"><p><a href=\"https:\/\/www.ufmg.br\/prograd\/arquivos\/atasCG\/2020-02-20.pdf\">Reuni\u00e3o de 20\/02\/2020<\/a><\/p><p><a href=\"https:\/\/www.ufmg.br\/prograd\/arquivos\/atasCG\/2020-03-05.pdf\">Reuni\u00e3o de 05\/03\/2020<\/a><\/p><p><a href=\"https:\/\/www.ufmg.br\/prograd\/arquivos\/atasCG\/2020-03-19.pdf\">Reuni\u00e3o de 19\/03\/2020<\/a><\/p><p><a href=\"https:\/\/www.ufmg.br\/prograd\/arquivos\/atasCG\/2020-04-30.pdf\">Reuni\u00e3o de 30\/04\/2020<\/a><\/p><p><a href=\"https:\/\/www.ufmg.br\/prograd\/arquivos\/atasCG\/2020-05-07.pdf\">Reuni\u00e3o de 07\/05\/2020<\/a><\/p><p><a href=\"https:\/\/www.ufmg.br\/prograd\/arquivos\/atasCG\/2020-05-21.pdf\">Reuni\u00e3o de 21\/05\/2020<\/a><\/p><p><a href=\"https:\/\/www.ufmg.br\/prograd\/arquivos\/atasCG\/2020-06-04.pdf\">Reuni\u00e3o de 04\/06\/2020<\/a><\/p><p><a href=\"https:\/\/www.ufmg.br\/prograd\/arquivos\/atasCG\/2020-06-09.pdf\">Reuni\u00e3o de 09\/06\/2020<\/a><\/p><p><a href=\"https:\/\/www.ufmg.br\/prograd\/arquivos\/atasCG\/2020-07-02.pdf\">Reuni\u00e3o de 02\/07\/2020<\/a><\/p><p><a href=\"https:\/\/www.ufmg.br\/prograd\/arquivos\/atasCG\/2020-07-07.pdf\">Reuni\u00e3o de 07\/07\/2020<\/a><\/p><p><a href=\"https:\/\/www.ufmg.br\/prograd\/arquivos\/atasCG\/2020-08-06.pdf\">Reuni\u00e3o de 06\/08\/2020<\/a><\/p><p><a href=\"https:\/\/www.ufmg.br\/prograd\/arquivos\/atasCG\/2020-08-27.pdf\">Reuni\u00e3o de 27\/08\/2020<\/a><\/p><p><a href=\"https:\/\/www.ufmg.br\/prograd\/arquivos\/atasCG\/2020-09-04.pdf\">Reuni\u00e3o de 04\/09\/2020<\/a><\/p><p><a href=\"https:\/\/www.ufmg.br\/prograd\/arquivos\/atasCG\/2020-09-17.pdf\">Reuni\u00e3o de 17\/09\/2020<\/a><\/p><p><a href=\"https:\/\/www.ufmg.br\/prograd\/arquivos\/atasCG\/2020-09-24.pdf\">Reuni\u00e3o de 24\/09\/2020<\/a><\/p><p><a href=\"https:\/\/www.ufmg.br\/prograd\/arquivos\/atasCG\/2020-10-09.pdf\">Reuni\u00e3o de 09\/10\/2020<\/a><\/p><p><a href=\"https:\/\/www.ufmg.br\/prograd\/arquivos\/atasCG\/2020-10-15.pdf\">Reuni\u00e3o de 15\/10\/2020<\/a><\/p><p><a href=\"https:\/\/www.ufmg.br\/prograd\/arquivos\/atasCG\/2020-10-29.pdf\">Reuni\u00e3o de 29\/10\/2020<\/a><\/p><p><a href=\"https:\/\/www.ufmg.br\/prograd\/arquivos\/atasCG\/2020-11-03.pdf\">Reuni\u00e3o de 03\/11\/2020<\/a><\/p><p><a href=\"https:\/\/www.ufmg.br\/prograd\/arquivos\/atasCG\/2020-11-06.pdf\">Reuni\u00e3o de 06\/11\/2020<\/a><\/p><p><a href=\"https:\/\/www.ufmg.br\/prograd\/arquivos\/atasCG\/2020-12-03.pdf\">Reuni\u00e3o de 03\/12\/2020<\/a><\/p><\/div><\/div><\/div><div class=\"ea-card sp-ea-single\"><h3 class=\"ea-header\"><a class=\"collapsed\" id=\"ea-header-26416\" role=\"button\" data-sptoggle=\"spcollapse\" data-sptarget=\"#collapse26416\" aria-controls=\"collapse26416\" href=\"#\" aria-expanded=\"false\" tabindex=\"0\"><i aria-hidden=\"true\" role=\"presentation\" class=\"ea-expand-icon eap-icon-ea-expand-plus\"><\/i> 2019<\/a><\/h3><div class=\"sp-collapse spcollapse \" id=\"collapse26416\" data-parent=\"#sp-ea-2641\" role=\"region\" aria-labelledby=\"ea-header-26416\"> <div class=\"ea-body\"><p><a href=\"http:\/\/www.ufmg.br\/prograd\/arquivos\/atasCG\/2019-02-28.pdf\">Reuni\u00e3o de 28\/02\/2019<\/a><\/p><p><a href=\"http:\/\/www.ufmg.br\/prograd\/arquivos\/atasCG\/2019-03-12.pdf\">Reuni\u00e3o de 12\/03\/2019<\/a><\/p><p><a href=\"http:\/\/www.ufmg.br\/prograd\/arquivos\/atasCG\/2019-04-02.pdf\">Reuni\u00e3o de 02\/04\/2019<\/a><\/p><p><a href=\"http:\/\/www.ufmg.br\/prograd\/arquivos\/atasCG\/2019-04-30.pdf\">Reuni\u00e3o de 30\/04\/2019<\/a><\/p><p><a href=\"http:\/\/www.ufmg.br\/prograd\/arquivos\/atasCG\/2019-05-07.pdf\">Reuni\u00e3o de 07\/05\/2019<\/a><\/p><p><a href=\"http:\/\/www.ufmg.br\/prograd\/arquivos\/atasCG\/2019-05-28.pdf\">Reuni\u00e3o de 28\/05\/2019<\/a><\/p><p><a href=\"http:\/\/www.ufmg.br\/prograd\/arquivos\/atasCG\/2019-06-04.pdf\">Reuni\u00e3o de 04\/06\/2019<\/a><\/p><p><a href=\"http:\/\/www.ufmg.br\/prograd\/arquivos\/atasCG\/2019-06-18.pdf\">Reuni\u00e3o de 18\/06\/2019<\/a><\/p><p><a href=\"http:\/\/www.ufmg.br\/prograd\/arquivos\/atasCG\/2019-07-02.pdf\">Reuni\u00e3o de 02\/07\/2019<\/a><\/p><p><a href=\"http:\/\/www.ufmg.br\/prograd\/arquivos\/atasCG\/2019-08-12.pdf\">Reuni\u00e3o de 12\/08\/2019<\/a><\/p><p><a href=\"http:\/\/www.ufmg.br\/prograd\/arquivos\/atasCG\/2019-08-20.pdf\">Reuni\u00e3o de 20\/08\/2019<\/a><\/p><p><a href=\"http:\/\/www.ufmg.br\/prograd\/arquivos\/atasCG\/2019-08-27.pdf\">Reuni\u00e3o de 27\/08\/2019<\/a><\/p><p><a href=\"http:\/\/www.ufmg.br\/prograd\/arquivos\/atasCG\/2019-09-10.pdf\">Reuni\u00e3o de 10\/09\/2019<\/a><\/p><p><a href=\"http:\/\/www.ufmg.br\/prograd\/arquivos\/atasCG\/2019-09-24.pdf\">Reuni\u00e3o de 24\/09\/2019<\/a><\/p><p><a href=\"http:\/\/www.ufmg.br\/prograd\/arquivos\/atasCG\/2019-10-15.pdf\">Reuni\u00e3o de 15\/10\/2019<\/a><\/p><p><a href=\"http:\/\/www.ufmg.br\/prograd\/arquivos\/atasCG\/2019-10-29.pdf\">Reuni\u00e3o de 29\/10\/2019<\/a><\/p><p><a href=\"http:\/\/www.ufmg.br\/prograd\/arquivos\/atasCG\/2019-11-05.pdf\">Reuni\u00e3o de 05\/11\/2019<\/a><\/p><p><a href=\"http:\/\/www.ufmg.br\/prograd\/arquivos\/atasCG\/2019-11-26.pdf\">Reuni\u00e3o de 26\/11\/2019<\/a><\/p><p><a href=\"http:\/\/www.ufmg.br\/prograd\/arquivos\/atasCG\/2019-12-03.pdf\">Reuni\u00e3o de 03\/12\/2019<\/a><\/p><\/div><\/div><\/div><div class=\"ea-card sp-ea-single\"><h3 class=\"ea-header\"><a class=\"collapsed\" id=\"ea-header-26417\" role=\"button\" data-sptoggle=\"spcollapse\" data-sptarget=\"#collapse26417\" aria-controls=\"collapse26417\" href=\"#\" aria-expanded=\"false\" tabindex=\"0\"><i aria-hidden=\"true\" role=\"presentation\" class=\"ea-expand-icon eap-icon-ea-expand-plus\"><\/i> 2018<\/a><\/h3><div class=\"sp-collapse spcollapse \" id=\"collapse26417\" data-parent=\"#sp-ea-2641\" role=\"region\" aria-labelledby=\"ea-header-26417\"> <div class=\"ea-body\"><p><a href=\"http:\/\/www.ufmg.br\/prograd\/arquivos\/atasCG\/2018-02-26.pdf\">Reuni\u00e3o de 26\/02\/2018<\/a><\/p><p><a href=\"http:\/\/www.ufmg.br\/prograd\/arquivos\/atasCG\/2018-03-20.pdf\">Reuni\u00e3o de 20\/03\/2018<\/a><\/p><p><a href=\"http:\/\/www.ufmg.br\/prograd\/arquivos\/atasCG\/2018-04-17.pdf\">Reuni\u00e3o de 17\/04\/2018<\/a><\/p><p><a href=\"http:\/\/www.ufmg.br\/prograd\/arquivos\/atasCG\/2018-05-08.pdf\">Reuni\u00e3o de 08\/05\/2018<\/a><\/p><p><a href=\"http:\/\/www.ufmg.br\/prograd\/arquivos\/atasCG\/2018-05-15.pdf\">Reuni\u00e3o de 15\/05\/2018<\/a><\/p><p><a href=\"http:\/\/www.ufmg.br\/prograd\/arquivos\/atasCG\/2018-06-05.pdf\">Reuni\u00e3o de 05\/06\/2018<\/a><\/p><p><a href=\"http:\/\/www.ufmg.br\/prograd\/arquivos\/atasCG\/2018-06-12.pdf\">Reuni\u00e3o de 12\/06\/2018<\/a><\/p><p><a href=\"http:\/\/www.ufmg.br\/prograd\/arquivos\/atasCG\/2018-06-26.pdf\">Reuni\u00e3o de 26\/06\/2018<\/a><\/p><p><a href=\"http:\/\/www.ufmg.br\/prograd\/arquivos\/atasCG\/2018-07-03.pdf\">Reuni\u00e3o de 03\/07\/2018<\/a><\/p><p><a href=\"http:\/\/www.ufmg.br\/prograd\/arquivos\/atasCG\/2018-08-14.pdf\">Reuni\u00e3o de 14\/08\/2018<\/a><\/p><p><a href=\"http:\/\/www.ufmg.br\/prograd\/arquivos\/atasCG\/2018-08-21.pdf\">Reuni\u00e3o de 21\/08\/2018<\/a><\/p><p><a href=\"http:\/\/www.ufmg.br\/prograd\/arquivos\/atasCG\/2018-09-04.pdf\">Reuni\u00e3o de 04\/09\/2018<\/a><\/p><p><a href=\"http:\/\/www.ufmg.br\/prograd\/arquivos\/atasCG\/2018-09-25.pdf\">Reuni\u00e3o de 25\/09\/2018<\/a><\/p><p><a href=\"http:\/\/www.ufmg.br\/prograd\/arquivos\/atasCG\/2018-10-23.pdf\">Reuni\u00e3o de 23\/10\/2018<\/a><\/p><p><a href=\"http:\/\/www.ufmg.br\/prograd\/arquivos\/atasCG\/2018-11-13.pdf\">Reuni\u00e3o de 13\/11\/2018<\/a><\/p><p><a href=\"http:\/\/www.ufmg.br\/prograd\/arquivos\/atasCG\/2018-11-20.pdf\">Reuni\u00e3o de 20\/11\/2018<\/a><\/p><p><a href=\"http:\/\/www.ufmg.br\/prograd\/arquivos\/atasCG\/2018-11-27.pdf\">Reuni\u00e3o de 27\/11\/2018<\/a><\/p><p><a href=\"http:\/\/www.ufmg.br\/prograd\/arquivos\/atasCG\/2018-12-18.pdf\">Reuni\u00e3o de 18\/12\/2018<\/a><\/p><\/div><\/div><\/div><div class=\"ea-card sp-ea-single\"><h3 class=\"ea-header\"><a class=\"collapsed\" id=\"ea-header-26418\" role=\"button\" data-sptoggle=\"spcollapse\" data-sptarget=\"#collapse26418\" aria-controls=\"collapse26418\" href=\"#\" aria-expanded=\"false\" tabindex=\"0\"><i aria-hidden=\"true\" role=\"presentation\" class=\"ea-expand-icon eap-icon-ea-expand-plus\"><\/i> 2017<\/a><\/h3><div class=\"sp-collapse spcollapse \" id=\"collapse26418\" data-parent=\"#sp-ea-2641\" role=\"region\" aria-labelledby=\"ea-header-26418\"> <div class=\"ea-body\"><p><a href=\"http:\/\/www.ufmg.br\/prograd\/arquivos\/atasCG\/2017-03-28.pdf\">Reuni\u00e3o de 28\/03\/2017<\/a><\/p><p><a href=\"http:\/\/www.ufmg.br\/prograd\/arquivos\/atasCG\/2017-04-11.pdf\">Reuni\u00e3o de 11\/04\/2017<\/a><\/p><p><a href=\"http:\/\/www.ufmg.br\/prograd\/arquivos\/atasCG\/2017-04-18.pdf\">Reuni\u00e3o de 18\/04\/2017<\/a><\/p><p><a href=\"http:\/\/www.ufmg.br\/prograd\/arquivos\/atasCG\/2017-04-25.pdf\">Reuni\u00e3o de 25\/04\/2017<\/a><\/p><p><a href=\"http:\/\/www.ufmg.br\/prograd\/arquivos\/atasCG\/2017-05-09.pdf\">Reuni\u00e3o de 09\/05\/2017<\/a><\/p><p><a href=\"http:\/\/www.ufmg.br\/prograd\/arquivos\/atasCG\/2017-05-16.pdf\">Reuni\u00e3o de 16\/05\/2017<\/a><\/p><p><a href=\"http:\/\/www.ufmg.br\/prograd\/arquivos\/atasCG\/2017-05-23.pdf\">Reuni\u00e3o de 23\/05\/2017<\/a><\/p><p><a href=\"http:\/\/www.ufmg.br\/prograd\/arquivos\/atasCG\/2017-05-30.pdf\">Reuni\u00e3o de 30\/05\/2017<\/a><\/p><p><a href=\"http:\/\/www.ufmg.br\/prograd\/arquivos\/atasCG\/2017-06-13.pdf\">Reuni\u00e3o de 13\/06\/2017<\/a><\/p><p><a href=\"http:\/\/www.ufmg.br\/prograd\/arquivos\/atasCG\/2017-06-20.pdf\">Reuni\u00e3o de 20\/06\/2017<\/a><\/p><p><a href=\"http:\/\/www.ufmg.br\/prograd\/arquivos\/atasCG\/2017-06-27.pdf\">Reuni\u00e3o de 27\/06\/2017<\/a><\/p><p><a href=\"http:\/\/www.ufmg.br\/prograd\/arquivos\/atasCG\/2017-07-13.pdf\">Reuni\u00e3o de 13\/07\/2017<\/a><\/p><p><a href=\"http:\/\/www.ufmg.br\/prograd\/arquivos\/atasCG\/2017-08-22.pdf\">Reuni\u00e3o de 22\/08\/2017<\/a><\/p><p><a href=\"http:\/\/www.ufmg.br\/prograd\/arquivos\/atasCG\/2017-09-05.pdf\">Reuni\u00e3o de 05\/09\/2017<\/a><\/p><p><a href=\"http:\/\/www.ufmg.br\/prograd\/arquivos\/atasCG\/2017-10-10.pdf\">Reuni\u00e3o de 10\/10\/2017<\/a><\/p><p><a href=\"http:\/\/www.ufmg.br\/prograd\/arquivos\/atasCG\/2017-10-24.pdf\">Reuni\u00e3o de 24\/10\/2017<\/a><\/p><p><a href=\"http:\/\/www.ufmg.br\/prograd\/arquivos\/atasCG\/2017-11-07.pdf\">Reuni\u00e3o de 07\/11\/2017<\/a><\/p><p><a href=\"http:\/\/www.ufmg.br\/prograd\/arquivos\/atasCG\/2017-11-21.pdf\">Reuni\u00e3o de 21\/11\/2017<\/a><\/p><p><a href=\"http:\/\/www.ufmg.br\/prograd\/arquivos\/atasCG\/2017-12-05.pdf\">Reuni\u00e3o de 05\/12\/2017<\/a><\/p><\/div><\/div><\/div><\/div><\/div>\n","protected":false},"excerpt":{"rendered":"","protected":false},"author":3,"featured_media":0,"parent":0,"menu_order":0,"comment_status":"closed","ping_status":"closed","template":"","meta":{"_acf_changed":false,"footnotes":""},"tags":[],"class_list":["post-2642","page","type-page","status-publish","hentry"],"acf":[],"_links":{"self":[{"href":"https:\/\/www.ufmg.br\/prograd\/wp-json\/wp\/v2\/pages\/2642","targetHints":{"allow":["GET"]}}],"collection":[{"href":"https:\/\/www.ufmg.br\/prograd\/wp-json\/wp\/v2\/pages"}],"about":[{"href":"https:\/\/www.ufmg.br\/prograd\/wp-json\/wp\/v2\/types\/page"}],"author":[{"embeddable":true,"href":"https:\/\/www.ufmg.br\/prograd\/wp-json\/wp\/v2\/users\/3"}],"replies":[{"embeddable":true,"href":"https:\/\/www.ufmg.br\/prograd\/wp-json\/wp\/v2\/comments?post=2642"}],"version-history":[{"count":1,"href":"https:\/\/www.ufmg.br\/prograd\/wp-json\/wp\/v2\/pages\/2642\/revisions"}],"predecessor-version":[{"id":2643,"href":"https:\/\/www.ufmg.br\/prograd\/wp-json\/wp\/v2\/pages\/2642\/revisions\/2643"}],"wp:attachment":[{"href":"https:\/\/www.ufmg.br\/prograd\/wp-json\/wp\/v2\/media?parent=2642"}],"wp:term":[{"taxonomy":"post_tag","embeddable":true,"href":"https:\/\/www.ufmg.br\/prograd\/wp-json\/wp\/v2\/tags?post=2642"}],"curies":[{"name":"wp","href":"https:\/\/api.w.org\/{rel}","templated":true}]}}