{"id":2762,"date":"2022-11-21T15:18:59","date_gmt":"2022-11-21T18:18:59","guid":{"rendered":"https:\/\/www.ufmg.br\/prograd\/?page_id=2762"},"modified":"2022-11-21T15:21:47","modified_gmt":"2022-11-21T18:21:47","slug":"relatorios-2022","status":"publish","type":"page","link":"https:\/\/www.ufmg.br\/prograd\/relatorios-2022\/","title":{"rendered":"Relat\u00f3rios 2022"},"content":{"rendered":"<style>#sp-ea-2758 .spcollapsing { height: 0; overflow: hidden; transition-property: height;transition-duration: 500ms;}#sp-ea-2758.sp-easy-accordion>.sp-ea-single {margin-bottom: 10px; border: 1px solid #e2e2e2; }#sp-ea-2758.sp-easy-accordion>.sp-ea-single>.ea-header a {color: #444;}#sp-ea-2758.sp-easy-accordion>.sp-ea-single>.sp-collapse>.ea-body {background: #fff; color: #444;}#sp-ea-2758.sp-easy-accordion>.sp-ea-single {background: #eee;}#sp-ea-2758.sp-easy-accordion>.sp-ea-single>.ea-header a .ea-expand-icon { float: left; color: #444;font-size: 16px;}<\/style><div id=\"sp_easy_accordion-1777633782\"><div id=\"sp-ea-2758\" class=\"sp-ea-one sp-easy-accordion\" data-ea-active=\"ea-click\" data-ea-mode=\"vertical\" data-preloader=\"\" data-scroll-active-item=\"\" data-offset-to-scroll=\"0\"><div class=\"ea-card ea-expand sp-ea-single\"><h3 class=\"ea-header\"><a class=\"collapsed\" id=\"ea-header-27580\" role=\"button\" data-sptoggle=\"spcollapse\" data-sptarget=\"#collapse27580\" aria-controls=\"collapse27580\" href=\"#\" aria-expanded=\"true\" tabindex=\"0\"><i aria-hidden=\"true\" role=\"presentation\" class=\"ea-expand-icon eap-icon-ea-expand-minus\"><\/i> An\u00e1lise das Disciplinas e Cursos Ofertados por Unidade Acad\u00eamica<\/a><\/h3><div class=\"sp-collapse spcollapse collapsed show\" id=\"collapse27580\" data-parent=\"#sp-ea-2758\" role=\"region\" aria-labelledby=\"ea-header-27580\"> <div class=\"ea-body\"><p><a href=\"https:\/\/www.ufmg.br\/prograd\/wp-content\/uploads\/2022\/11\/EscArq.pdf\">Escola de Arquitetura<\/a><\/p><div class=\"attribute-long\"><p><a href=\"https:\/\/www.ufmg.br\/prograd\/wp-content\/uploads\/2022\/11\/Belas-Artes.pdf\">Escola de Belas Artes<\/a><\/p><p><a href=\"https:\/\/www.ufmg.br\/prograd\/wp-content\/uploads\/2022\/11\/ECI.pdf\">Escola de Ci\u00eancia da Informa\u00e7\u00e3o<\/a><\/p><p><a href=\"https:\/\/www.ufmg.br\/prograd\/wp-content\/uploads\/2022\/11\/engenharia.pdf\">Escola de Engenharia<\/a><\/p><p><a href=\"https:\/\/www.ufmg.br\/prograd\/wp-content\/uploads\/2022\/11\/EEFFTO.pdf\">Escola de Educa\u00e7\u00e3o F\u00edsica, Fisioterapia e Terapia Ocupacional<\/a><\/p><p><a href=\"https:\/\/www.ufmg.br\/prograd\/wp-content\/uploads\/2022\/11\/enf.pdf\">Escola de Enfermagem<\/a><\/p><p><a href=\"https:\/\/www.ufmg.br\/prograd\/wp-content\/uploads\/2022\/11\/musica.pdf\">Escola de M\u00fasica<\/a><\/p><p><a href=\"https:\/\/www.ufmg.br\/prograd\/wp-content\/uploads\/2022\/11\/vet.pdf\">Escola de Veterin\u00e1ria<\/a><\/p><p><a href=\"https:\/\/www.ufmg.br\/prograd\/wp-content\/uploads\/2022\/11\/face.pdf\">Faculdade de Ci\u00eancias Econ\u00f4micas<\/a><\/p><p><a href=\"https:\/\/www.ufmg.br\/prograd\/wp-content\/uploads\/2022\/11\/fae.pdf\">Faculdade de Educa\u00e7\u00e3o<\/a><\/p><p><a href=\"https:\/\/www.ufmg.br\/prograd\/wp-content\/uploads\/2022\/11\/fafich.pdf\">Faculdade de Filosofia e Ci\u00eancias Humanas<\/a><\/p><p><a href=\"https:\/\/www.ufmg.br\/prograd\/wp-content\/uploads\/2022\/11\/fale.pdf\">Faculdade de Letras<\/a><\/p><p><a href=\"https:\/\/www.ufmg.br\/prograd\/wp-content\/uploads\/2022\/11\/direito.pdf\">Faculdade de Direito<\/a><\/p><p><a href=\"https:\/\/www.ufmg.br\/prograd\/wp-content\/uploads\/2022\/11\/farmacia.pdf\">Faculdade de Farm\u00e1cia<\/a><\/p><p><a href=\"https:\/\/www.ufmg.br\/prograd\/wp-content\/uploads\/2022\/11\/med.pdf\">Faculdade de Medicina<\/a><\/p><p><a href=\"https:\/\/www.ufmg.br\/prograd\/wp-content\/uploads\/2022\/11\/odonto.pdf\">Faculdade de Odontologia<\/a><\/p><p><a href=\"https:\/\/www.ufmg.br\/prograd\/wp-content\/uploads\/2022\/11\/ciencias-agrarias.pdf\">Instituto de Ci\u00eancias Agr\u00e1rias<\/a><\/p><p><a href=\"https:\/\/www.ufmg.br\/prograd\/wp-content\/uploads\/2022\/11\/bio.pdf\">Instituto de Ci\u00eancias Biol\u00f3gicas<\/a><\/p><p><a href=\"https:\/\/www.ufmg.br\/prograd\/wp-content\/uploads\/2022\/11\/icex.pdf\">Instituto de Ci\u00eancias Exatas<\/a><\/p><p><a href=\"https:\/\/www.ufmg.br\/prograd\/wp-content\/uploads\/2022\/11\/icg.pdf\">Instituto de Geoci\u00eancias<\/a><\/p><\/div><div class=\"content-view-children\"><\/div><\/div><\/div><\/div><div class=\"ea-card sp-ea-single\"><h3 class=\"ea-header\"><a class=\"collapsed\" id=\"ea-header-27581\" role=\"button\" data-sptoggle=\"spcollapse\" data-sptarget=\"#collapse27581\" aria-controls=\"collapse27581\" href=\"#\" aria-expanded=\"false\" tabindex=\"0\"><i aria-hidden=\"true\" role=\"presentation\" class=\"ea-expand-icon eap-icon-ea-expand-plus\"><\/i> Avalia\u00e7\u00e3o do Desempenho dos Estudantes de Gradua\u00e7\u00e3o - Presencial<\/a><\/h3><div class=\"sp-collapse spcollapse \" id=\"collapse27581\" data-parent=\"#sp-ea-2758\" role=\"region\" aria-labelledby=\"ea-header-27581\"> <div class=\"ea-body\"><p><strong>Em atualiza\u00e7\u00e3o (10\/11\/2023)<\/strong><\/p><p><a href=\"https:\/\/www.ufmg.br\/prograd\/arquivos\/relatorios\/2022\/AdministracaoMClaros\">Administra\u00e7\u00e3o (Montes Claros) - Bacharelado<\/a><\/p><p><a href=\"https:\/\/www.ufmg.br\/prograd\/arquivos\/relatorios\/2022\/AdministracaoDiurnoBach\">Administra\u00e7\u00e3o Diurno - Bacharelado<\/a><\/p><p><a href=\"https:\/\/www.ufmg.br\/prograd\/arquivos\/relatorios\/2022\/AdministracaoNoturnoBach\">Administra\u00e7\u00e3o Noturno - Bacharelado<\/a><\/p><p><a href=\"https:\/\/www.ufmg.br\/prograd\/arquivos\/relatorios\/2022\/AgronomiaBach\">Agronomia - Bacharelado<\/a><\/p><p><a href=\"https:\/\/www.ufmg.br\/prograd\/arquivos\/relatorios\/2022\/AntropologiaBach\">Antropologia - Bacharelado<\/a><\/p><p><a href=\"https:\/\/www.ufmg.br\/prograd\/arquivos\/relatorios\/2022\/AquaculturaBach\">Aquacultura - Bacharelado<\/a><\/p><p><a href=\"https:\/\/www.ufmg.br\/prograd\/arquivos\/relatorios\/2022\/ArqUrbDiurnoBach\">Arquitetura e Urbanismo Diurno - Bacharelado<\/a><\/p><p><a href=\"https:\/\/www.ufmg.br\/prograd\/arquivos\/relatorios\/2022\/ArqUrbNoturnoBach\">Arquitetura e Urbanismo Noturno - Bacharelado<\/a><\/p><p><a href=\"https:\/\/www.ufmg.br\/prograd\/arquivos\/relatorios\/2022\/ArquivologiaBach\">Arquivologia - Bacharelado<\/a><\/p><p><a href=\"https:\/\/www.ufmg.br\/prograd\/arquivos\/relatorios\/2022\/ArtesVisuaisBach\">Artes Visuais - Bacharelado<\/a><\/p><p><a href=\"https:\/\/www.ufmg.br\/prograd\/arquivos\/relatorios\/2022\/ArtesVisuaisLic\">Artes Visuais - Licenciatura<\/a><\/p><p><a href=\"https:\/\/www.ufmg.br\/prograd\/arquivos\/relatorios\/2022\/BiblioteconomiaDiurnoBach\">Biblioteconomia Diurno - Bacharelado<\/a><\/p><p><a href=\"https:\/\/www.ufmg.br\/prograd\/arquivos\/relatorios\/2022\/BiblioteconomiaNoturnoBach\">Biblioteconomia Noturno - Bacharelado<\/a><\/p><p><a href=\"https:\/\/www.ufmg.br\/prograd\/arquivos\/relatorios\/2022\/BiomedicinaBach\">Biomedicina - Bacharelado<\/a><\/p><p><a href=\"https:\/\/www.ufmg.br\/prograd\/arquivos\/relatorios\/2022\/CienciadaComputacaoBach\">Ci\u00eancia da Computa\u00e7\u00e3o - Bacharelado<\/a><\/p><p><a href=\"https:\/\/www.ufmg.br\/prograd\/arquivos\/relatorios\/2022\/CienciasAtuariaisBach\">Ci\u00eancias Atuariais - Bacharelado<\/a><\/p><p><a href=\"https:\/\/www.ufmg.br\/prograd\/arquivos\/relatorios\/2022\/CienciasBiologicasDiurnoBach\">Ci\u00eancias Biol\u00f3gicas Diurno - Bacharelado<\/a><\/p><p><a href=\"https:\/\/www.ufmg.br\/prograd\/arquivos\/relatorios\/2022\/CienciasBiologicasDiurnoLic\">Ci\u00eancias Biol\u00f3gicas Diurno - Licenciatura<\/a><\/p><p><a href=\"https:\/\/www.ufmg.br\/prograd\/arquivos\/relatorios\/2022\/CienciasBiologicasNoturnoLic\">Ci\u00eancias Biol\u00f3gicas Noturno - Licenciatura<\/a><\/p><p><a href=\"https:\/\/www.ufmg.br\/prograd\/arquivos\/relatorios\/2022\/CienciasContabeisBach\">Ci\u00eancias Cont\u00e1beis - Bacharelado<\/a><\/p><p><a href=\"https:\/\/www.ufmg.br\/prograd\/arquivos\/relatorios\/2022\/CienciasdoEstadoBach\">Ci\u00eancias do Estado - Bacharelado<\/a><\/p><p><a href=\"https:\/\/www.ufmg.br\/prograd\/arquivos\/relatorios\/2022\/CienciasEconomicasBach\">Ci\u00eancias Econ\u00f4micas - Bacharelado<\/a><\/p><p><a href=\"https:\/\/www.ufmg.br\/prograd\/arquivos\/relatorios\/2022\/CienciasSociaisBach\">Ci\u00eancias Sociais - Bacharelado<\/a><\/p><p><a href=\"https:\/\/www.ufmg.br\/prograd\/arquivos\/relatorios\/2022\/CienciasSociaisLic\">Ci\u00eancias Sociais - Licenciatura<\/a><\/p><p><a href=\"https:\/\/www.ufmg.br\/prograd\/arquivos\/relatorios\/2022\/CienciasSocioambientaisBach\">Ci\u00eancias Socioambientais - Bacharelado<\/a><\/p><p><a href=\"https:\/\/www.ufmg.br\/prograd\/arquivos\/relatorios\/2022\/CinemadeAnimacaoeArtesDigitaisBach\">Cinema de Anima\u00e7\u00e3o e Artes Digitais - Bacharelado<\/a><\/p><p><a href=\"https:\/\/www.ufmg.br\/prograd\/arquivos\/relatorios\/2022\/ComunicacaoSocialDiurnoBach\">Comunica\u00e7\u00e3o Social Diurno - Bacharelado<\/a><\/p><p><a href=\"https:\/\/www.ufmg.br\/prograd\/arquivos\/relatorios\/2022\/ComunicacaoSocialNoturnoBach\">Comunica\u00e7\u00e3o Social Noturno - Bacharelado<\/a><\/p><p><a href=\"https:\/\/www.ufmg.br\/prograd\/arquivos\/relatorios\/2022\/ConservacaoeRestauracaodeBensCulturaisMoveisBach\">Conserva\u00e7\u00e3o e Restaura\u00e7\u00e3o de Bens Culturais M\u00f3veis - Bacharelado<\/a><\/p><p><a href=\"https:\/\/www.ufmg.br\/prograd\/arquivos\/relatorios\/2022\/ControladoriaeFinancasBach\">Controladoria e Finan\u00e7as - Bacharelado<\/a><\/p><p><a href=\"https:\/\/www.ufmg.br\/prograd\/arquivos\/relatorios\/2022\/CursoSuperiordeTecnologiaemRadiologiaTecnologo\">Curso Superior de Tecnologia em Radiologia - Tecn\u00f3logo<\/a><\/p><p><a href=\"https:\/\/www.ufmg.br\/prograd\/arquivos\/relatorios\/2022\/DancaLic\">Dan\u00e7a - Licenciatura<\/a><\/p><p><a href=\"https:\/\/www.ufmg.br\/prograd\/arquivos\/relatorios\/2022\/DesignBach\">Design - Bacharelado<\/a><\/p><p><a href=\"https:\/\/www.ufmg.br\/prograd\/arquivos\/relatorios\/2022\/DesigndeModaBach\">Design de Moda - Bacharelado<\/a><\/p><p><a href=\"https:\/\/www.ufmg.br\/prograd\/arquivos\/relatorios\/2022\/DireitoDiurnoBach\">Direito Diurno - Bacharelado<\/a><\/p><p><a href=\"https:\/\/www.ufmg.br\/prograd\/arquivos\/relatorios\/2022\/DireitoNoturnoBach\">Direito Noturno - Bacharelado<\/a><\/p><p><a href=\"https:\/\/www.ufmg.br\/prograd\/arquivos\/relatorios\/2022\/EducacaoFisicaDiurnoBach\">Educa\u00e7\u00e3o F\u00edsica Diurno - Bacharelado<\/a><\/p><p><a href=\"https:\/\/www.ufmg.br\/prograd\/arquivos\/relatorios\/2022\/EducacaoFisicaDiurnoLic\">Educa\u00e7\u00e3o F\u00edsica Diurno - Licenciatura<\/a><\/p><p><a href=\"https:\/\/www.ufmg.br\/prograd\/arquivos\/relatorios\/2022\/EducacaoFisicaNoturnoBach\">Educa\u00e7\u00e3o F\u00edsica Noturno - Bacharelado<\/a><\/p><p><a href=\"https:\/\/www.ufmg.br\/prograd\/arquivos\/relatorios\/2022\/EnfermagemBach\">Enfermagem - Bacharelado<\/a><\/p><p><a href=\"https:\/\/www.ufmg.br\/prograd\/arquivos\/relatorios\/2022\/EngenhariaAeroespacialBach\">Engenharia Aeroespacial - Bacharelado<\/a><\/p><p><a href=\"https:\/\/www.ufmg.br\/prograd\/arquivos\/relatorios\/2022\/EngenhariaAgricolaeAmbientalBach\">Engenharia Agr\u00edcola e Ambiental - Bacharelado<\/a><\/p><p><a href=\"https:\/\/www.ufmg.br\/prograd\/arquivos\/relatorios\/2022\/EngenhariaAmbientalBach\">Engenharia Ambiental - Bacharelado<\/a><\/p><p><a href=\"https:\/\/www.ufmg.br\/prograd\/arquivos\/relatorios\/2022\/EngenhariaCivilBach\">Engenharia Civil - Bacharelado<\/a><\/p><p><a href=\"https:\/\/www.ufmg.br\/prograd\/arquivos\/relatorios\/2022\/EngenhariadeAlimentosBach\">Engenharia de Alimentos - Bacharelado<\/a><\/p><p><a href=\"https:\/\/www.ufmg.br\/prograd\/arquivos\/relatorios\/2022\/EngenhariadeControleeAutomacaoDiurnoBach\">Engenharia de Controle e Automa\u00e7\u00e3o Diurno - Bacharelado<\/a><\/p><p><a href=\"https:\/\/www.ufmg.br\/prograd\/arquivos\/relatorios\/2022\/EngenhariadeControleeAutomacaoNoturnoBach\">Engenharia de Controle e Automa\u00e7\u00e3o Noturno - Bacharelado<\/a><\/p><p><a href=\"https:\/\/www.ufmg.br\/prograd\/arquivos\/relatorios\/2022\/EngenhariadeMinasBach\">Engenharia de Minas - Bacharelado<\/a><\/p><p><a href=\"https:\/\/www.ufmg.br\/prograd\/arquivos\/relatorios\/2022\/EngenhariadeProducaoBach\">Engenharia de Produ\u00e7\u00e3o - Bacharelado<\/a><\/p><p><a href=\"https:\/\/www.ufmg.br\/prograd\/arquivos\/relatorios\/2022\/EngenhariadeSistemasBach\">Engenharia de Sistemas - Bacharelado<\/a><\/p><p><a href=\"https:\/\/www.ufmg.br\/prograd\/arquivos\/relatorios\/2022\/EngenhariaEletricaBach\">Engenharia El\u00e9trica - Bacharelado<\/a><\/p><p><a href=\"https:\/\/www.ufmg.br\/prograd\/arquivos\/relatorios\/2022\/EngenhariaFlorestalBach\">Engenharia Florestal - Bacharelado<\/a><\/p><p><a href=\"https:\/\/www.ufmg.br\/prograd\/arquivos\/relatorios\/2022\/EngenhariaMecanicaDiurnoBach\">Engenharia Mec\u00e2nica Diurno - Bacharelado<\/a><\/p><p><a href=\"https:\/\/www.ufmg.br\/prograd\/arquivos\/relatorios\/2022\/EngenhariaMecanicaNoturnoBach\">Engenharia Mec\u00e2nica Noturno - Bacharelado<\/a><\/p><p><a href=\"https:\/\/www.ufmg.br\/prograd\/arquivos\/relatorios\/2022\/EngenhariaMetalurgicaBach\">Engenharia Metal\u00fargica - Bacharelado<\/a><\/p><p><a href=\"https:\/\/www.ufmg.br\/prograd\/arquivos\/relatorios\/2022\/EngenhariaQuimicaBach\">Engenharia Qu\u00edmica - Bacharelado<\/a><\/p><p><a href=\"https:\/\/www.ufmg.br\/prograd\/arquivos\/relatorios\/2022\/EstatisticaBach\">Estat\u00edstica - Bacharelado<\/a><\/p><p><a href=\"https:\/\/www.ufmg.br\/prograd\/arquivos\/relatorios\/2022\/FarmaciaDiurnoBach\">Farm\u00e1cia Diurno - Bacharelado<\/a><\/p><p><a href=\"https:\/\/www.ufmg.br\/prograd\/arquivos\/relatorios\/2022\/FarmaciaNoturnoBach\">Farm\u00e1cia Noturno - Bacharelado<\/a><\/p><p><a href=\"https:\/\/www.ufmg.br\/prograd\/arquivos\/relatorios\/2022\/FilosofiaDiurnoBach\">Filosofia Diurno - Bacharelado<\/a><\/p><p><a href=\"https:\/\/www.ufmg.br\/prograd\/arquivos\/relatorios\/2022\/FilosofiaDiurnoLic\">Filosofia Diurno - Licenciatura<\/a><\/p><p><a href=\"https:\/\/www.ufmg.br\/prograd\/arquivos\/relatorios\/2022\/FilosofiaNoturnoBach\">Filosofia Noturno - Bacharelado<\/a><\/p><p><a href=\"https:\/\/www.ufmg.br\/prograd\/arquivos\/relatorios\/2022\/FisicaDiurnoBach\">F\u00edsica Diurno - Bacharelado<\/a><\/p><p><a href=\"https:\/\/www.ufmg.br\/prograd\/arquivos\/relatorios\/2022\/FisicaDiurnoLic\">F\u00edsica Diurno - Licenciatura<\/a><\/p><p><a href=\"https:\/\/www.ufmg.br\/prograd\/arquivos\/relatorios\/2022\/FisicaNoturnoLic\">F\u00edsica Noturno - Licenciatura<\/a><\/p><p><a href=\"https:\/\/www.ufmg.br\/prograd\/arquivos\/relatorios\/2022\/FisioterapiaBach\">Fisioterapia - Bacharelado<\/a><\/p><p><a href=\"https:\/\/www.ufmg.br\/prograd\/arquivos\/relatorios\/2022\/FonoaudiologiaBach\">Fonoaudiologia - Bacharelado<\/a><\/p><p><a href=\"https:\/\/www.ufmg.br\/prograd\/arquivos\/relatorios\/2022\/FieiLic\">Forma\u00e7\u00e3o Intercultural para Educadores Ind\u00edgenas - Licenciatura<\/a><\/p><p><a href=\"https:\/\/www.ufmg.br\/prograd\/arquivos\/relatorios\/2022\/GeografiaDiurnoBach\">Geografia Diurno - Bacharelado<\/a><\/p><p><a href=\"https:\/\/www.ufmg.br\/prograd\/arquivos\/relatorios\/2022\/GeografiaDiurnoLic\">Geografia Diurno - Licenciatura<\/a><\/p><p><a href=\"https:\/\/www.ufmg.br\/prograd\/arquivos\/relatorios\/2022\/GeografiaNoturnoLic\">Geografia Noturno - Licenciatura<\/a><\/p><p><a href=\"https:\/\/www.ufmg.br\/prograd\/arquivos\/relatorios\/2022\/GeologiaBach\">Geologia - Bacharelado<\/a><\/p><p><a href=\"https:\/\/www.ufmg.br\/prograd\/arquivos\/relatorios\/2022\/GestaodeServicosdeSaudeBach\">Gest\u00e3o de Servi\u00e7os de Sa\u00fade - Bacharelado<\/a><\/p><p><a href=\"https:\/\/www.ufmg.br\/prograd\/arquivos\/relatorios\/2022\/GestaoPublicaBach\">Gest\u00e3o P\u00fablica - Bacharelado<\/a><\/p><p><a href=\"https:\/\/www.ufmg.br\/prograd\/arquivos\/relatorios\/2022\/HistoriaDiurnoBach\">Hist\u00f3ria Diurno - Bacharelado<\/a><\/p><p><a href=\"https:\/\/www.ufmg.br\/prograd\/arquivos\/relatorios\/2022\/HistoriaDiurnoLic\">Hist\u00f3ria Diurno - Licenciatura<\/a><\/p><p><a href=\"https:\/\/www.ufmg.br\/prograd\/arquivos\/relatorios\/2022\/HistoriaNoturnoLic\">Hist\u00f3ria Noturno - Licenciatura<\/a><\/p><p><a href=\"https:\/\/www.ufmg.br\/prograd\/arquivos\/relatorios\/2022\/JornalismoDiurnoBach\">Jornalismo Diurno - Bacharelado<\/a><\/p><p><a href=\"https:\/\/www.ufmg.br\/prograd\/arquivos\/relatorios\/2022\/JornalismoNoturnoBach\">Jornalismo Noturno - Bacharelado<\/a><\/p><p><a href=\"https:\/\/www.ufmg.br\/prograd\/arquivos\/relatorios\/2022\/LetrasDiurnoBach\">Letras Diurno - Bacharelado<\/a><\/p><p><a href=\"https:\/\/www.ufmg.br\/prograd\/arquivos\/relatorios\/2022\/LetrasDiurnoLic\">Letras Diurno - Licenciatura<\/a><\/p><p><a href=\"https:\/\/www.ufmg.br\/prograd\/arquivos\/relatorios\/2022\/LetrasLibrasLic\">Letras Libras - Licenciatura<\/a><\/p><p><a href=\"https:\/\/www.ufmg.br\/prograd\/arquivos\/relatorios\/2022\/LetrasNoturnoBach\">Letras Noturno - Bacharelado<\/a><\/p><p><a href=\"https:\/\/www.ufmg.br\/prograd\/arquivos\/relatorios\/2022\/LetrasNoturnoLic\">Letras Noturno - Licenciatura<\/a><\/p><p><a href=\"https:\/\/www.ufmg.br\/prograd\/arquivos\/relatorios\/2022\/LicemEducacaodoCampoLic\">Licenciatura em Educa\u00e7\u00e3o do Campo - Licenciatura<\/a><\/p><p><a href=\"https:\/\/www.ufmg.br\/prograd\/arquivos\/relatorios\/2022\/MatematicaComputacionalBach\">Matem\u00e1tica Computacional - Bacharelado<\/a><\/p><p><a href=\"https:\/\/www.ufmg.br\/prograd\/arquivos\/relatorios\/2022\/MatematicaDiurnoBach\">Matem\u00e1tica Diurno - Bacharelado<\/a><\/p><p><a href=\"https:\/\/www.ufmg.br\/prograd\/arquivos\/relatorios\/2022\/MatematicaDiurnoLic\">Matem\u00e1tica Diurno - Licenciatura<\/a><\/p><p><a href=\"https:\/\/www.ufmg.br\/prograd\/arquivos\/relatorios\/2022\/MatematicaNoturnoLic\">Matem\u00e1tica Noturno - Licenciatura<\/a><\/p><p><a href=\"https:\/\/www.ufmg.br\/prograd\/arquivos\/relatorios\/2022\/MedicinaBach\">Medicina - Bacharelado<\/a><\/p><p><a href=\"https:\/\/www.ufmg.br\/prograd\/arquivos\/relatorios\/2022\/MedicinaVeterinariaBach\">Medicina Veterin\u00e1ria - Bacharelado<\/a><\/p><p><a href=\"https:\/\/www.ufmg.br\/prograd\/arquivos\/relatorios\/2022\/MuseologiaBach\">Museologia - Bacharelado<\/a><\/p><p><a href=\"https:\/\/www.ufmg.br\/prograd\/arquivos\/relatorios\/2022\/MusicaDiurnoBach\">M\u00fasica Diurno - Bacharelado<\/a><\/p><p><a href=\"https:\/\/www.ufmg.br\/prograd\/arquivos\/relatorios\/2022\/MusicaNoturnoBach\">M\u00fasica Noturno - Bacharelado<\/a><\/p><p><a href=\"https:\/\/www.ufmg.br\/prograd\/arquivos\/relatorios\/2022\/MusicaNoturnoLic\">M\u00fasica Noturno - Licenciatura<\/a><\/p><p><a href=\"https:\/\/www.ufmg.br\/prograd\/arquivos\/relatorios\/2022\/NutricaoBach\">Nutri\u00e7\u00e3o - Bacharelado<\/a><\/p><p><a href=\"https:\/\/www.ufmg.br\/prograd\/arquivos\/relatorios\/2022\/OdontologiaBach\">Odontologia - Bacharelado<\/a><\/p><p><a href=\"https:\/\/www.ufmg.br\/prograd\/arquivos\/relatorios\/2022\/PedagogiaDiurnoLic\">Pedagogia Diurno - Licenciatura<\/a><\/p><p><a href=\"https:\/\/www.ufmg.br\/prograd\/arquivos\/relatorios\/2022\/PedagogiaNoturnoLic\">Pedagogia Noturno - Licenciatura<\/a><\/p><p><a href=\"https:\/\/www.ufmg.br\/prograd\/arquivos\/relatorios\/2022\/PsicologiaPsico\">Psicologia - Psic\u00f3logo<\/a><\/p><p><a href=\"https:\/\/www.ufmg.br\/prograd\/arquivos\/relatorios\/2022\/PublicidadeePropagandaBach\">Publicidade e Propaganda - Bacharelado<\/a><\/p><p><a href=\"https:\/\/www.ufmg.br\/prograd\/arquivos\/relatorios\/2022\/QuimicaDiurnoBach\">Qu\u00edmica Diurno - Bacharelado<\/a><\/p><p><a href=\"https:\/\/www.ufmg.br\/prograd\/arquivos\/relatorios\/2022\/QuimicaDiurnoLic\">Qu\u00edmica Diurno - Licenciatura<\/a><\/p><p><a href=\"https:\/\/www.ufmg.br\/prograd\/arquivos\/relatorios\/2022\/QuimicaNoturnoLic\">Qu\u00edmica Noturno - Licenciatura<\/a><\/p><p><a href=\"https:\/\/www.ufmg.br\/prograd\/arquivos\/relatorios\/2022\/QuimicaTecnologicaBach\">Qu\u00edmica Tecnol\u00f3gica - Bacharelado<\/a><\/p><p><a href=\"https:\/\/www.ufmg.br\/prograd\/arquivos\/relatorios\/2022\/RelacoesEconomicasInternacionaisBach\">Rela\u00e7\u00f5es Econ\u00f4micas Internacionais - Bacharelado<\/a><\/p><p><a href=\"https:\/\/www.ufmg.br\/prograd\/arquivos\/relatorios\/2022\/RelacoesPublicasBach\">Rela\u00e7\u00f5es P\u00fablicas - Bacharelado<\/a><\/p><p><a href=\"https:\/\/www.ufmg.br\/prograd\/arquivos\/relatorios\/2022\/SistemasdeInformacaoBach\">Sistemas de Informa\u00e7\u00e3o - Bacharelado<\/a><\/p><p><a href=\"https:\/\/www.ufmg.br\/prograd\/arquivos\/relatorios\/2022\/TeatroBach\">Teatro - Bacharelado<\/a><\/p><p><a href=\"https:\/\/www.ufmg.br\/prograd\/arquivos\/relatorios\/2022\/TeatroLic\">Teatro - Licenciatura<\/a><\/p><p><a href=\"https:\/\/www.ufmg.br\/prograd\/arquivos\/relatorios\/2022\/TerapiaOcupacionalBach\">Terapia Ocupacional - Bacharelado<\/a><\/p><p><a href=\"https:\/\/www.ufmg.br\/prograd\/arquivos\/relatorios\/2022\/TurismoBach\">Turismo - Bacharelado<\/a><\/p><p><a href=\"https:\/\/www.ufmg.br\/prograd\/arquivos\/relatorios\/2022\/ZootecniaBach\">Zootecnia - Bacharelado<\/a><\/p><\/div><\/div><\/div><\/div><\/div>\n","protected":false},"excerpt":{"rendered":"","protected":false},"author":2,"featured_media":0,"parent":0,"menu_order":0,"comment_status":"closed","ping_status":"closed","template":"","meta":{"_acf_changed":false,"footnotes":""},"tags":[],"class_list":["post-2762","page","type-page","status-publish","hentry"],"acf":[],"_links":{"self":[{"href":"https:\/\/www.ufmg.br\/prograd\/wp-json\/wp\/v2\/pages\/2762","targetHints":{"allow":["GET"]}}],"collection":[{"href":"https:\/\/www.ufmg.br\/prograd\/wp-json\/wp\/v2\/pages"}],"about":[{"href":"https:\/\/www.ufmg.br\/prograd\/wp-json\/wp\/v2\/types\/page"}],"author":[{"embeddable":true,"href":"https:\/\/www.ufmg.br\/prograd\/wp-json\/wp\/v2\/users\/2"}],"replies":[{"embeddable":true,"href":"https:\/\/www.ufmg.br\/prograd\/wp-json\/wp\/v2\/comments?post=2762"}],"version-history":[{"count":2,"href":"https:\/\/www.ufmg.br\/prograd\/wp-json\/wp\/v2\/pages\/2762\/revisions"}],"predecessor-version":[{"id":2766,"href":"https:\/\/www.ufmg.br\/prograd\/wp-json\/wp\/v2\/pages\/2762\/revisions\/2766"}],"wp:attachment":[{"href":"https:\/\/www.ufmg.br\/prograd\/wp-json\/wp\/v2\/media?parent=2762"}],"wp:term":[{"taxonomy":"post_tag","embeddable":true,"href":"https:\/\/www.ufmg.br\/prograd\/wp-json\/wp\/v2\/tags?post=2762"}],"curies":[{"name":"wp","href":"https:\/\/api.w.org\/{rel}","templated":true}]}}