{"id":301,"date":"2021-06-18T13:30:17","date_gmt":"2021-06-18T16:30:17","guid":{"rendered":"https:\/\/www.ufmg.br\/prograd\/?page_id=301"},"modified":"2025-07-16T08:35:50","modified_gmt":"2025-07-16T11:35:50","slug":"cursos-de-graduacao","status":"publish","type":"page","link":"https:\/\/www.ufmg.br\/prograd\/cursos-de-graduacao\/","title":{"rendered":"Cursos"},"content":{"rendered":"<div class=\"class-folder\"><\/div>\n<div>\n<p>A UFMG oferece, todos os anos, 6740 novas vagas distribu\u00eddas em 91 cursos presenciais de gradua\u00e7\u00e3o nas cidades de Belo Horizonte e Montes Claros.<\/p>\n<p>Al\u00e9m disso, a UFMG tamb\u00e9m oferta, em alguns anos, vaga\u00a0em cursos na modalidade a dist\u00e2ncia no \u00e2mbito da\u00a0<a href=\"http:\/\/portal.mec.gov.br\/uab\" target=\"_blank\" rel=\"noopener\">Universidade Aberta do Brasil<\/a>.<\/p>\n<p>A lista alfab\u00e9tica, dividida por cidade e modalidade, pode ser acessada nos links abaixo:<\/p>\n<p><a href=\"https:\/\/www.ufmg.br\/prograd\/belo-horizonte\/\">Belo Horizonte<\/a><\/p>\n<p><a href=\"https:\/\/www.ufmg.br\/prograd\/montes-claros\/\">Montes Claros\u00a0<\/a><\/p>\n<\/div>\n<div><a href=\"https:\/\/www.ufmg.br\/ead\/\">A dist\u00e2ncia<\/a><\/p>\n<p><a href=\"https:\/\/www.ufmg.br\/prograd\/wp-content\/uploads\/2025\/07\/Atos_Autorizativos_Graduacao_UFMG.pdf\">Autoriza\u00e7\u00f5es de funcionamento dos cursos<\/a><\/div>\n","protected":false},"excerpt":{"rendered":"<p>A UFMG oferece, todos os anos, 6740 novas vagas distribu\u00eddas [&hellip;]<\/p>\n","protected":false},"author":1,"featured_media":0,"parent":0,"menu_order":0,"comment_status":"closed","ping_status":"closed","template":"","meta":{"_acf_changed":false,"footnotes":""},"tags":[],"class_list":["post-301","page","type-page","status-publish","hentry"],"acf":[],"_links":{"self":[{"href":"https:\/\/www.ufmg.br\/prograd\/wp-json\/wp\/v2\/pages\/301","targetHints":{"allow":["GET"]}}],"collection":[{"href":"https:\/\/www.ufmg.br\/prograd\/wp-json\/wp\/v2\/pages"}],"about":[{"href":"https:\/\/www.ufmg.br\/prograd\/wp-json\/wp\/v2\/types\/page"}],"author":[{"embeddable":true,"href":"https:\/\/www.ufmg.br\/prograd\/wp-json\/wp\/v2\/users\/1"}],"replies":[{"embeddable":true,"href":"https:\/\/www.ufmg.br\/prograd\/wp-json\/wp\/v2\/comments?post=301"}],"version-history":[{"count":21,"href":"https:\/\/www.ufmg.br\/prograd\/wp-json\/wp\/v2\/pages\/301\/revisions"}],"predecessor-version":[{"id":4994,"href":"https:\/\/www.ufmg.br\/prograd\/wp-json\/wp\/v2\/pages\/301\/revisions\/4994"}],"wp:attachment":[{"href":"https:\/\/www.ufmg.br\/prograd\/wp-json\/wp\/v2\/media?parent=301"}],"wp:term":[{"taxonomy":"post_tag","embeddable":true,"href":"https:\/\/www.ufmg.br\/prograd\/wp-json\/wp\/v2\/tags?post=301"}],"curies":[{"name":"wp","href":"https:\/\/api.w.org\/{rel}","templated":true}]}}