{"id":3063,"date":"2023-04-19T09:58:43","date_gmt":"2023-04-19T12:58:43","guid":{"rendered":"https:\/\/www.ufmg.br\/prograd\/?page_id=3063"},"modified":"2025-11-18T09:22:13","modified_gmt":"2025-11-18T12:22:13","slug":"a-distancia","status":"publish","type":"page","link":"https:\/\/www.ufmg.br\/prograd\/a-distancia\/","title":{"rendered":"A dist\u00e2ncia"},"content":{"rendered":"<p>A UFMG tamb\u00e9m oferta, em alguns anos, vaga em cursos na modalidade a dist\u00e2ncia no \u00e2mbito da <a href=\"http:\/\/portal.mec.gov.br\/uab\">Universidade Aberta do Brasil<\/a>.<\/p>\n<p>Para mais informa\u00e7\u00f5es, visite o site da <a href=\"https:\/\/www.ufmg.br\/dedd\/\">Diretoria de Educa\u00e7\u00e3o a Dist\u00eancia e Educa\u00e7\u00e3o Digital<\/a>.<\/p>\n","protected":false},"excerpt":{"rendered":"<p>A UFMG tamb\u00e9m oferta, em alguns anos, vaga em cursos [&hellip;]<\/p>\n","protected":false},"author":2,"featured_media":0,"parent":0,"menu_order":0,"comment_status":"closed","ping_status":"closed","template":"","meta":{"_acf_changed":false,"footnotes":""},"tags":[],"class_list":["post-3063","page","type-page","status-publish","hentry"],"acf":[],"_links":{"self":[{"href":"https:\/\/www.ufmg.br\/prograd\/wp-json\/wp\/v2\/pages\/3063","targetHints":{"allow":["GET"]}}],"collection":[{"href":"https:\/\/www.ufmg.br\/prograd\/wp-json\/wp\/v2\/pages"}],"about":[{"href":"https:\/\/www.ufmg.br\/prograd\/wp-json\/wp\/v2\/types\/page"}],"author":[{"embeddable":true,"href":"https:\/\/www.ufmg.br\/prograd\/wp-json\/wp\/v2\/users\/2"}],"replies":[{"embeddable":true,"href":"https:\/\/www.ufmg.br\/prograd\/wp-json\/wp\/v2\/comments?post=3063"}],"version-history":[{"count":7,"href":"https:\/\/www.ufmg.br\/prograd\/wp-json\/wp\/v2\/pages\/3063\/revisions"}],"predecessor-version":[{"id":5357,"href":"https:\/\/www.ufmg.br\/prograd\/wp-json\/wp\/v2\/pages\/3063\/revisions\/5357"}],"wp:attachment":[{"href":"https:\/\/www.ufmg.br\/prograd\/wp-json\/wp\/v2\/media?parent=3063"}],"wp:term":[{"taxonomy":"post_tag","embeddable":true,"href":"https:\/\/www.ufmg.br\/prograd\/wp-json\/wp\/v2\/tags?post=3063"}],"curies":[{"name":"wp","href":"https:\/\/api.w.org\/{rel}","templated":true}]}}