{"id":354,"date":"2021-06-21T20:28:44","date_gmt":"2021-06-21T23:28:44","guid":{"rendered":"https:\/\/www.ufmg.br\/prograd\/?page_id=354"},"modified":"2025-12-15T12:09:41","modified_gmt":"2025-12-15T15:09:41","slug":"diretorias","status":"publish","type":"page","link":"https:\/\/www.ufmg.br\/prograd\/diretorias\/","title":{"rendered":"Diretorias"},"content":{"rendered":"<p>A Prograd tem quatro Diretorias:<\/p>\n<ul>\n<li><a href=\"https:\/\/www.ufmg.br\/prograd\/academica\/\">Diretoria Acad\u00eamica (DA)<\/a>;<\/li>\n<li><a href=\"https:\/\/www.ufmg.br\/prograd\/inovacao-e-metodologias-de-ensino\/\">Diretoria de Inova\u00e7\u00e3o e Metodologias de Ensino (Giz)<\/a>;<\/li>\n<li><a href=\"https:\/\/www.ufmg.br\/prograd\/pense\/\">Diretoria de Programas Acad\u00eamicos para Desenvolvimento do Ensino (Pense)<\/a>;<\/li>\n<li><a href=\"https:\/\/www.ufmg.br\/prograd\/?page_id=4451&amp;preview=true\">Diretoria Universidade e Educa\u00e7\u00e3o B\u00e1sica (Dueb)<\/a>.<\/li>\n<\/ul>\n<p>Elas ajudam na coordena\u00e7\u00e3o e gerenciamento das a\u00e7\u00f5es planejadas para a Prograd relacionadas \u00e0s respectivas \u00e1reas de atua\u00e7\u00e3o.<\/p>\n","protected":false},"excerpt":{"rendered":"<p>A Prograd tem quatro Diretorias: Diretoria Acad\u00eamica (DA); Diretoria de [&hellip;]<\/p>\n","protected":false},"author":1,"featured_media":0,"parent":0,"menu_order":0,"comment_status":"closed","ping_status":"closed","template":"","meta":{"_acf_changed":false,"footnotes":""},"tags":[],"class_list":["post-354","page","type-page","status-publish","hentry"],"acf":[],"_links":{"self":[{"href":"https:\/\/www.ufmg.br\/prograd\/wp-json\/wp\/v2\/pages\/354","targetHints":{"allow":["GET"]}}],"collection":[{"href":"https:\/\/www.ufmg.br\/prograd\/wp-json\/wp\/v2\/pages"}],"about":[{"href":"https:\/\/www.ufmg.br\/prograd\/wp-json\/wp\/v2\/types\/page"}],"author":[{"embeddable":true,"href":"https:\/\/www.ufmg.br\/prograd\/wp-json\/wp\/v2\/users\/1"}],"replies":[{"embeddable":true,"href":"https:\/\/www.ufmg.br\/prograd\/wp-json\/wp\/v2\/comments?post=354"}],"version-history":[{"count":15,"href":"https:\/\/www.ufmg.br\/prograd\/wp-json\/wp\/v2\/pages\/354\/revisions"}],"predecessor-version":[{"id":5435,"href":"https:\/\/www.ufmg.br\/prograd\/wp-json\/wp\/v2\/pages\/354\/revisions\/5435"}],"wp:attachment":[{"href":"https:\/\/www.ufmg.br\/prograd\/wp-json\/wp\/v2\/media?parent=354"}],"wp:term":[{"taxonomy":"post_tag","embeddable":true,"href":"https:\/\/www.ufmg.br\/prograd\/wp-json\/wp\/v2\/tags?post=354"}],"curies":[{"name":"wp","href":"https:\/\/api.w.org\/{rel}","templated":true}]}}