{"id":3562,"date":"2023-12-18T14:36:31","date_gmt":"2023-12-18T16:36:31","guid":{"rendered":"https:\/\/www.ufmg.br\/prograd\/?page_id=3562"},"modified":"2026-04-08T09:17:06","modified_gmt":"2026-04-08T12:17:06","slug":"projetos-pedagogicos-e-regulamentos","status":"publish","type":"page","link":"https:\/\/www.ufmg.br\/prograd\/projetos-pedagogicos-e-regulamentos\/","title":{"rendered":"Projetos Pedag\u00f3gicos e Regulamentos"},"content":{"rendered":"<p><a href=\"https:\/\/www.ufmg.br\/prograd\/wp-content\/uploads\/2025\/07\/Atos_Autorizativos_Graduacao_UFMG.pdf\">Autoriza\u00e7\u00f5es de funcionamento dos cursos<\/a><\/p>\n<p>Projeto Pedag\u00f3gico Institucional dos Cursos de Gradua\u00e7\u00e3o em Licenciatura da UFMG (<a href=\"https:\/\/www.ufmg.br\/prograd\/arquivos\/cursos\/projeto\/PPILic\">PPI<\/a>)<\/p>\n<p><strong>Belo Horizonte<br \/>\n<\/strong><br \/>\nBacharelado em Administra\u00e7\u00e3o (<a href=\"http:\/\/www.ufmg.br\/prograd\/arquivos\/cursos\/projeto\/PPCAdministracao.pdf\">PPC<\/a>) (<a href=\"http:\/\/www.ufmg.br\/prograd\/arquivos\/cursos\/projeto\/Reg%20Administracao.pdf\">Regulamento<\/a>)<br \/>\nBacharelado em Antropologia (<a href=\"\/prograd\/arquivos\/cursos\/projeto\/PPCAntropologiaeTroncoComum\">PPC<\/a>) (<a href=\"\/prograd\/arquivos\/cursos\/projeto\/RegAntropologia\">Regulamento<\/a>)<br \/>\nBacharelado em Aquacultura (<a href=\"\/prograd\/arquivos\/cursos\/projeto\/PPCAquacultura\">PPC<\/a>) (<a href=\"\/prograd\/arquivos\/cursos\/projeto\/RegAquacultura\">Regulamento<\/a>)<br \/>\nBacharelado em Arqueologia (<a href=\"\/prograd\/arquivos\/cursos\/projeto\/PPCArqueologiaeTroncoComum\">PPC<\/a>) (<a href=\"\/prograd\/arquivos\/cursos\/projeto\/RegArqueologia\">Regulamento<\/a>)<br \/>\nBacharelado em Arquitetura e Urbanismo (<a href=\"https:\/\/www.ufmg.br\/prograd\/arquivos\/cursos\/projeto\/PPCArquiteturaeUrbanismo\">PPC<\/a>) (<a href=\"https:\/\/www.ufmg.br\/prograd\/arquivos\/cursos\/projeto\/RegulamentoArquiteturaeUrbanismo\">Regulamento<\/a>)<br \/>\nBacharelado em Arquivologia (<a href=\"\/prograd\/arquivos\/cursos\/projeto\/PPCArquivologia\">PPC<\/a>)<br \/>\nBacharelado em Artes Visuais<br \/>\nLicenciatura em Artes Visuais<br \/>\nBacharelado em Biblioteconomia<br \/>\nBacharelado em Biomedicina<br \/>\nBacharelado em Ci\u00eancia da Computa\u00e7\u00e3o (<a href=\"http:\/\/www.ufmg.br\/prograd\/arquivos\/cursos\/projeto\/PPCCienciaComp.pdf\">PPC<\/a>) (<a href=\"http:\/\/www.ufmg.br\/prograd\/arquivos\/cursos\/projeto\/RegCienciaComp.pdf\">Regulamento<\/a>)<br \/>\nBacharelado em Ci\u00eancia de Dados (<a href=\"https:\/\/www.ufmg.br\/prograd\/wp-content\/uploads\/2025\/12\/ProjetoPedagogicoCienciaDados.pdf\">PPC<\/a>) (<a href=\"https:\/\/www.ufmg.br\/prograd\/arquivos\/cursos\/projeto\/RegCienciadeDados\">Regulamento<\/a>)<br \/>\nBacharelado em Ci\u00eancias Atuariais (<a href=\"\/prograd\/arquivos\/cursos\/projeto\/PPCCi\u00eanciasAtuariais\">PPC<\/a>)<br \/>\nBacharelado em Ci\u00eancias Biol\u00f3gicas<br \/>\nLicenciatura em Ci\u00eancias Biol\u00f3gicas<br \/>\nBacharelado em Ci\u00eancias Cont\u00e1beis<br \/>\nBacharelado em Ci\u00eancias do Estado<br \/>\nBacharelado em Ci\u00eancias Econ\u00f4micas (<a href=\"http:\/\/www.ufmg.br\/prograd\/arquivos\/cursos\/projeto\/PPCCienciasEconomicas.pdf\">PPC<\/a>) (<a href=\"http:\/\/www.ufmg.br\/prograd\/arquivos\/cursos\/projeto\/RegCienciasEconomicas.pdf\">Regulamento<\/a>)<br \/>\nBacharelado em Ci\u00eancias Sociais (<a href=\"https:\/\/www.ufmg.br\/prograd\/arquivos\/cursos\/projeto\/PPCCienciasSociais\">PPC<\/a>) (<a href=\"https:\/\/www.ufmg.br\/prograd\/arquivos\/cursos\/projeto\/RegCienciasSociaisBach\">Regulamento<\/a>)<br \/>\nLicenciatura em Ci\u00eancias Sociais (<a href=\"http:\/\/www.ufmg.br\/prograd\/arquivos\/cursos\/projeto\/PPCLicCienciasSoc.pdf\">PPC<\/a>)<br \/>\nBacharelado em Ci\u00eancias Socioambientais<br \/>\nBacharelado em Cinema de Anima\u00e7\u00e3o e Artes Digitais (<a href=\"http:\/\/www.ufmg.br\/prograd\/arquivos\/cursos\/projeto\/PPCCAAD.pdf\">PPC<\/a>) (<a href=\"http:\/\/www.ufmg.br\/prograd\/arquivos\/cursos\/projeto\/RegCAAD.pdf\">Regulamento<\/a>)<br \/>\nBacharelado em Conserva\u00e7\u00e3o e Restaura\u00e7\u00e3o de Bens Culturais M\u00f3veis<br \/>\nBacharelado em Controladoria e Finan\u00e7as (<a href=\"http:\/\/www.ufmg.br\/prograd\/arquivos\/cursos\/projeto\/PPCControeFin.pdf\">PPC<\/a>) (<a href=\"http:\/\/www.ufmg.br\/prograd\/arquivos\/cursos\/projeto\/RegControeFin.pdf\">Regulamento<\/a>)<br \/>\nLicenciatura em Dan\u00e7a<br \/>\nBacharelado em Design<br \/>\nBacharelado em Design de Moda<br \/>\nBacharelado em Direito<br \/>\nBacharelado em Educa\u00e7\u00e3o F\u00edsica<br \/>\nLicenciatura em Educa\u00e7\u00e3o F\u00edsica<br \/>\nBacharelado em Enfermagem<br \/>\nBacharelado em Engenharia Aeroespacial<br \/>\nBacharelado em Engenharia Ambiental<br \/>\nBacharelado em Engenharia Civil<br \/>\nBacharelado em Engenharia de Computa\u00e7\u00e3o (<a href=\"https:\/\/www.ufmg.br\/prograd\/arquivos\/cursos\/projeto\/PPCEngenhariaComp\">PPC<\/a>) (<a href=\"https:\/\/www.ufmg.br\/prograd\/arquivos\/cursos\/projeto\/RegEngenhariaComp\">Regulamento<\/a>)<br \/>\nBacharelado em Engenharia de Controle e Automa\u00e7\u00e3o (<a href=\"\/prograd\/arquivos\/cursos\/projeto\/RegEngenhariaControleeAutoma\u00e7\u00e3o\">Regulamento<\/a>)<br \/>\nBacharelado em Engenharia de Materiais (<a href=\"\/prograd\/arquivos\/cursos\/projeto\/PPCEngenhariadeMateriais\">PPC<\/a>) (<a href=\"\/prograd\/arquivos\/cursos\/projeto\/RegEngenhariadeMateriais\">Regulamento<\/a>)<br \/>\nBacharelado em Engenharia de Minas<br \/>\nBacharelado em Engenharia de Produ\u00e7\u00e3o<br \/>\nBacharelado em Engenharia de Sistemas (<a href=\"\/prograd\/arquivos\/cursos\/projeto\/PPCEngenhariaDeSistemas.pdf\">PPC<\/a>) (<a href=\"\/prograd\/arquivos\/cursos\/projeto\/RegEngenhariaDeSistemas.pdf\">Regulamento<\/a>)<br \/>\nBacharelado em Engenharia El\u00e9trica<br \/>\nBacharelado em Engenharia Mec\u00e2nica<br \/>\nBacharelado em Engenharia Metal\u00fargica (<a href=\"\/prograd\/arquivos\/cursos\/projeto\/PPCEngMetal\u00fargica\">PPC<\/a>) (<a href=\"\/prograd\/arquivos\/cursos\/projeto\/RegEngMetal\u00fargica\">Regulamento<\/a>)<br \/>\nBacharelado em Engenharia Qu\u00edmica<br \/>\nBacharelado em Estat\u00edstica (<a href=\"\/prograd\/arquivos\/cursos\/projeto\/PPCEstat\u00edstica\">PPC<\/a>) (<a href=\"\/prograd\/arquivos\/cursos\/projeto\/RegEstat\u00edstica\">Regulamento<\/a>)<br \/>\nBacharelado em Farm\u00e1cia (<a href=\"http:\/\/www.ufmg.br\/prograd\/arquivos\/cursos\/projeto\/PPCFarmacia.pdf\">PPC<\/a>) (<a href=\"\/prograd\/arquivos\/cursos\/projeto\/RegFarm\u00e1cia\">Regulamento<\/a>)<br \/>\nBacharelado em Filosofia<br \/>\nLicenciatura em Filosofia<br \/>\nBacharelado em F\u00edsica (<a href=\"\/prograd\/arquivos\/cursos\/projeto\/PPCF\u00edsica\">PPC<\/a>)<br \/>\nLicenciatura em F\u00edsica (<a href=\"\/prograd\/arquivos\/cursos\/projeto\/PPCF\u00edsica\">PPC<\/a>)<br \/>\nBacharelado em Fisioterapia (<a href=\"http:\/\/www.ufmg.br\/prograd\/arquivos\/cursos\/projeto\/PPCFisioterapia.pdf\">PPC<\/a>) (<a href=\"http:\/\/www.ufmg.br\/prograd\/arquivos\/cursos\/projeto\/RegFisioterapia.pdf\">Regulamento<\/a>)<br \/>\nBacharelado em Fonoaudiologia (<a href=\"\/prograd\/arquivos\/cursos\/projeto\/PPCeRegulamentoFonoaudiologia\">PPC<\/a>) (<a href=\"\/prograd\/arquivos\/cursos\/projeto\/PPCeRegulamentoFonoaudiologia\">Regulamento<\/a>)<br \/>\nLicenciatura em Forma\u00e7\u00e3o Intercultural para Educadores Ind\u00edgenas<br \/>\nBacharelado em Geografia<br \/>\nLicenciatura em Geografia<br \/>\nBacharelado em Geologia (<a href=\"\/prograd\/arquivos\/cursos\/projeto\/PPCGeologia\">PPC<\/a>)<br \/>\nBacharelado em Gest\u00e3o de Servi\u00e7os de Sa\u00fade (<a href=\"https:\/\/www.ufmg.br\/prograd\/arquivos\/cursos\/projeto\/PPCGestaoSaude\">PPC<\/a>) (<a href=\"https:\/\/www.ufmg.br\/prograd\/arquivos\/cursos\/projeto\/RegGestaosaude\">Regulamento<\/a>)<br \/>\nBacharelado em Gest\u00e3o P\u00fablica (<a href=\"\/prograd\/arquivos\/cursos\/projeto\/PPCGest\u00e3oP\u00fablica\">PPC<\/a>) (<a href=\"https:\/\/www.ufmg.br\/prograd\/wp-content\/uploads\/2025\/12\/RegGestaoPublica.pdf\">Regulamento<\/a>)<br \/>\nBacharelado em Hist\u00f3ria (<a href=\"\/prograd\/arquivos\/cursos\/projeto\/PPCHist\u00f3ria\">PPC<\/a>)<br \/>\nLicenciatura em Hist\u00f3ria (<a href=\"\/prograd\/arquivos\/cursos\/projeto\/PPCHist\u00f3ria\">PPC<\/a>)<br \/>\nBacharelado em Jornalismo<br \/>\nBacharelado em Letras<br \/>\nLicenciatura em Letras<br \/>\nLicenciatura em Letras &#8211; Libras (<a href=\"\/prograd\/arquivos\/cursos\/projeto\/PPCLetrasLibras\">PPC<\/a>)<br \/>\nLicenciatura em Educa\u00e7\u00e3o do Campo<br \/>\nBacharelado em Matem\u00e1tica<br \/>\nLicenciatura em Matem\u00e1tica<br \/>\nBacharelado em Matem\u00e1tica Computacional (<a href=\"http:\/\/www.ufmg.br\/prograd\/arquivos\/cursos\/projeto\/PPCMatem%C3%A1ticaComputacional.pdf\">PPC<\/a>) (<a href=\"http:\/\/www.ufmg.br\/prograd\/arquivos\/cursos\/projeto\/RegMatem%C3%A1ticaComputacional.pdf\">Regulamento<\/a>)<br \/>\nBacharelado em Medicina (<a href=\"\/prograd\/arquivos\/cursos\/projeto\/PPCMedicina\">PPC<\/a>) (<a href=\"\/prograd\/arquivos\/cursos\/projeto\/RegMedicina\">Regulamento<\/a>)<br \/>\nBacharelado em Medicina Veterin\u00e1ria<br \/>\nBacharelado em Museologia (<a href=\"https:\/\/www.ufmg.br\/prograd\/arquivos\/cursos\/projeto\/PPCMuseologia\">PPC<\/a>) (<a href=\"https:\/\/www.ufmg.br\/prograd\/arquivos\/cursos\/projeto\/RegMuseologia\">Regulamento<\/a>)<br \/>\nBacharelado em M\u00fasica<br \/>\nLicenciatura em M\u00fasica<br \/>\nBacharelado em Nutri\u00e7\u00e3o (<a href=\"\/prograd\/arquivos\/cursos\/projeto\/PPCNutricao\">PPC<\/a>) (<a href=\"http:\/\/www.ufmg.br\/prograd\/arquivos\/cursos\/projeto\/RegNutricao.pdf\">Regulamento<\/a>)<br \/>\nBacharelado em Odontologia<br \/>\nLicenciatura em Pedagogia (<a href=\"\/prograd\/arquivos\/cursos\/projeto\/PPCPedagogia\">PPC<\/a>)<br \/>\nBacharelado em Psicologia<br \/>\nBacharelado em Publicidade e Propaganda<br \/>\nBacharelado em Qu\u00edmica<br \/>\nLicenciatura em Qu\u00edmica<br \/>\nBacharelado em Qu\u00edmica Tecnol\u00f3gica<br \/>\nSuperior de Tecnologia em Radiologia (<a href=\"\/prograd\/arquivos\/cursos\/projeto\/PPCRadiologia.pdf\">PPC<\/a>) (<a href=\"\/prograd\/arquivos\/cursos\/projeto\/RegRadiologia.pdf\">Regulamento<\/a>)<br \/>\nBacharelado em Rela\u00e7\u00f5es Econ\u00f4micas Internacionais (<a href=\"\/prograd\/arquivos\/cursos\/projeto\/PPCRela\u00e7\u00f5esEcon\u00f4micasInternacionais\">PPC<\/a>)<br \/>\nBacharelado em Rela\u00e7\u00f5es P\u00fablicas<br \/>\nBacharelado em Sistemas de Informa\u00e7\u00e3o (<a href=\"http:\/\/www.ufmg.br\/prograd\/arquivos\/cursos\/projeto\/PPCSistInformacao.pdf\">PPC<\/a>) (<a href=\"http:\/\/www.ufmg.br\/prograd\/arquivos\/cursos\/projeto\/RegSistInformacao.pdf\">Regulamento<\/a>)<br \/>\nBacharelado em Teatro<br \/>\nLicenciatura em Teatro (<a href=\"http:\/\/www.ufmg.br\/prograd\/arquivos\/cursos\/projeto\/PPCTeatro.pdf\">PPC<\/a>) (<a href=\"https:\/\/www.ufmg.br\/prograd\/wp-content\/uploads\/2026\/04\/RegTeatroLic.pdf\">Regulamento<\/a>)<br \/>\nBacharelado em Terapia Ocupacional<br \/>\nBacharelado em Turismo<\/p>\n<p><strong>Montes Claros<\/strong><\/p>\n<p>Bacharelado em Administra\u00e7\u00e3o<br \/>\nBacharelado em Agronomia<br \/>\nBacharelado em Engenharia Agr\u00edcola e Ambiental (<a href=\"https:\/\/www.ufmg.br\/prograd\/wp-content\/uploads\/2025\/12\/PPCEngAgricolaeAmb.pdf\">PPC<\/a>)<br \/>\nBacharelado em Engenharia de Alimentos (<a href=\"http:\/\/www.ufmg.br\/prograd\/arquivos\/cursos\/projeto\/PPCEngenhariaAlimentos.pdf\">PPC<\/a>)<br \/>\nBacharelado em Engenharia Florestal<br \/>\nBacharelado em Zootecnia (<a href=\"https:\/\/www.ufmg.br\/prograd\/wp-content\/uploads\/2025\/10\/PPC-Zootecnia.pdf\">PPC<\/a>)<br \/>\nLicenciatura em Ci\u00eancias da Natureza (<a href=\"https:\/\/www.ufmg.br\/prograd\/wp-content\/uploads\/2025\/01\/PPC_LCN_01_10_2024.pdf\">PPC<\/a>) (<a href=\"https:\/\/www.ufmg.br\/prograd\/wp-content\/uploads\/2025\/01\/REGULAMENTO_LCN_07_08_24.pdf\">Regulamento<\/a>)<br \/>\nLicenciatura em Matem\u00e1tica (<a href=\"https:\/\/www.ufmg.br\/prograd\/wp-content\/uploads\/2025\/01\/PPC-LM-ICA-UFMG.pdf\">PPC<\/a>) (<a href=\"https:\/\/www.ufmg.br\/prograd\/wp-content\/uploads\/2025\/01\/REGULAMENTO_LM_07_08_24.pdf\">Regulamento<\/a>)<\/p>\n<p><strong>Estruturas formativas de tronco comum:<br \/>\n<\/strong><br \/>\nCi\u00eancia da Computa\u00e7\u00e3o e Sistemas de Informa\u00e7\u00e3o (<a href=\"http:\/\/www.ufmg.br\/prograd\/arquivos\/cursos\/projeto\/PPCTroncoCom_SI_CC.pdf\">Projeto<\/a>) (<a href=\"http:\/\/www.ufmg.br\/prograd\/arquivos\/cursos\/projeto\/RegTroncoCom_SI_CC.pdf\">Regulamento<\/a>) &#8211; Belo Horizonte<br \/>\nEngenharia Metal\u00fargica e de Materiais (<a href=\"http:\/\/www.ufmg.br\/prograd\/arquivos\/cursos\/projeto\/PPCTCEngMetMat.pdf\">Projeto<\/a>) (<a href=\"http:\/\/www.ufmg.br\/prograd\/arquivos\/cursos\/projeto\/RegTCEngMetMat.pdf\">Regulamento<\/a>) &#8211; Belo Horizonte<br \/>\nAntropologia e Arqueologia (<a href=\"https:\/\/www.ufmg.br\/prograd\/wp-content\/uploads\/2025\/11\/Tronco_comum-Antropologia-e-Arqueologia-1.pdf\">Projeto e Regulamento<\/a>) &#8211; Belo Horizonte<br \/>\nLicenciaturas em Matem\u00e1tica e em Ci\u00eancias da Natureza (<a href=\"https:\/\/www.ufmg.br\/prograd\/wp-content\/uploads\/2025\/01\/PPC_TRONCO_COMUM_LCN__E_LM_07_08_2024.pdf\">Projeto<\/a>) (<a href=\"https:\/\/www.ufmg.br\/prograd\/wp-content\/uploads\/2025\/01\/REGULAMENTO_TRONCO_COMUM_LCN_E_LM_07_08_24.pdf\">Regulamento<\/a>) &#8211; Montes Claros<\/p>\n<p><strong>Cursos de oferta pontual<\/strong><\/p>\n<p>Bacharelado em Administra\u00e7\u00e3o (a dist\u00e2ncia) (<a href=\"https:\/\/www.ufmg.br\/prograd\/wp-content\/uploads\/2025\/12\/PPC_Administracao_EAD.pdf\">PPC<\/a>) (Regulamento)<br \/>\nSegunda Licenciatura em Pedagogia Intercultural Ind\u00edgena (em altern\u00e2ncia) (<a href=\"https:\/\/www.ufmg.br\/prograd\/arquivos\/cursos\/projeto\/PPC2\u00aaPedagogiaInterculturalIndigena\">PPC<\/a>) (<a href=\"https:\/\/www.ufmg.br\/prograd\/wp-content\/uploads\/2025\/12\/Regulamento2a-LicPedagInterInd.pdf\">Regulamento<\/a>)<br \/>\nSegunda Licenciatura em Educa\u00e7\u00e3o Bil\u00edngue de Surdos (presencial) (<a href=\"http:\/\/www.ufmg.br\/prograd\/arquivos\/cursos\/projeto\/PPCSLEBS.pdf\">PPC<\/a>) (<a href=\"http:\/\/www.ufmg.br\/prograd\/arquivos\/cursos\/projeto\/RegSLEBS.pdf\">Regulamento<\/a>)<\/p>\n<p>&nbsp;<\/p>\n<p>&nbsp;<\/p>\n","protected":false},"excerpt":{"rendered":"<p>Autoriza\u00e7\u00f5es de funcionamento dos cursos Projeto Pedag\u00f3gico Institucional dos Cursos [&hellip;]<\/p>\n","protected":false},"author":2,"featured_media":0,"parent":0,"menu_order":0,"comment_status":"closed","ping_status":"closed","template":"","meta":{"_acf_changed":false,"footnotes":""},"tags":[],"class_list":["post-3562","page","type-page","status-publish","hentry"],"acf":[],"_links":{"self":[{"href":"https:\/\/www.ufmg.br\/prograd\/wp-json\/wp\/v2\/pages\/3562","targetHints":{"allow":["GET"]}}],"collection":[{"href":"https:\/\/www.ufmg.br\/prograd\/wp-json\/wp\/v2\/pages"}],"about":[{"href":"https:\/\/www.ufmg.br\/prograd\/wp-json\/wp\/v2\/types\/page"}],"author":[{"embeddable":true,"href":"https:\/\/www.ufmg.br\/prograd\/wp-json\/wp\/v2\/users\/2"}],"replies":[{"embeddable":true,"href":"https:\/\/www.ufmg.br\/prograd\/wp-json\/wp\/v2\/comments?post=3562"}],"version-history":[{"count":114,"href":"https:\/\/www.ufmg.br\/prograd\/wp-json\/wp\/v2\/pages\/3562\/revisions"}],"predecessor-version":[{"id":5604,"href":"https:\/\/www.ufmg.br\/prograd\/wp-json\/wp\/v2\/pages\/3562\/revisions\/5604"}],"wp:attachment":[{"href":"https:\/\/www.ufmg.br\/prograd\/wp-json\/wp\/v2\/media?parent=3562"}],"wp:term":[{"taxonomy":"post_tag","embeddable":true,"href":"https:\/\/www.ufmg.br\/prograd\/wp-json\/wp\/v2\/tags?post=3562"}],"curies":[{"name":"wp","href":"https:\/\/api.w.org\/{rel}","templated":true}]}}