{"id":357,"date":"2021-06-21T20:31:09","date_gmt":"2021-06-21T23:31:09","guid":{"rendered":"https:\/\/www.ufmg.br\/prograd\/?page_id=357"},"modified":"2021-10-18T14:53:14","modified_gmt":"2021-10-18T17:53:14","slug":"setores","status":"publish","type":"page","link":"https:\/\/www.ufmg.br\/prograd\/setores\/","title":{"rendered":"Setores"},"content":{"rendered":"<p>Os setores listados abaixo est\u00e3o vinculados diretamente ao Gabinete da Prograd.<\/p>\n<style>#sp-ea-471 .spcollapsing { height: 0; overflow: hidden; transition-property: height;transition-duration: 500ms;}#sp-ea-471.sp-easy-accordion>.sp-ea-single {margin-bottom: 10px; border: 1px solid #e2e2e2; }#sp-ea-471.sp-easy-accordion>.sp-ea-single>.ea-header a {color: #444;}#sp-ea-471.sp-easy-accordion>.sp-ea-single>.sp-collapse>.ea-body {background: #fff; color: #444;}#sp-ea-471.sp-easy-accordion>.sp-ea-single {background: #eee;}#sp-ea-471.sp-easy-accordion>.sp-ea-single>.ea-header a .ea-expand-icon { float: left; color: #444;font-size: 16px;}<\/style><div id=\"sp_easy_accordion-1737575056\"><div id=\"sp-ea-471\" class=\"sp-ea-one sp-easy-accordion\" data-ea-active=\"ea-click\" data-ea-mode=\"vertical\" data-preloader=\"\" data-scroll-active-item=\"\" data-offset-to-scroll=\"0\"><div class=\"ea-card sp-ea-single\"><h3 class=\"ea-header\"><a class=\"collapsed\" id=\"ea-header-4710\" role=\"button\" data-sptoggle=\"spcollapse\" data-sptarget=\"#collapse4710\" aria-controls=\"collapse4710\" href=\"#\" aria-expanded=\"false\" tabindex=\"0\"><i aria-hidden=\"true\" role=\"presentation\" class=\"ea-expand-icon eap-icon-ea-expand-plus\"><\/i> Secretaria-Geral<\/a><\/h3><div class=\"sp-collapse spcollapse spcollapse\" id=\"collapse4710\" data-parent=\"#sp-ea-471\" role=\"region\" aria-labelledby=\"ea-header-4710\"> <div class=\"ea-body\"><p>A Secretaria-Geral faz atendimento ao p\u00fablico da Prograd; elabora\u00e7\u00e3o, triagem e organiza\u00e7\u00e3o de documentos e processos; agenda e suporte administrativo aos pr\u00f3-reitores; revalida\u00e7\u00e3o de diplomas da gradua\u00e7\u00e3o; agente de compras; almoxarifado interno e atividades de recursos humanos e divulga\u00e7\u00e3o das a\u00e7\u00f5es da Prograd.<\/p><p><strong>Equipe:<\/strong><\/p><p>Tales Railton de Almeida - Secret\u00e1rio-Geral<br \/>Ana Carolina Carvalho - Jornalista<br \/>Ana Clara Bohnenberger - Estagi\u00e1ria<br \/>\u00c9lio Andrey Santos Gercossimo - Assistente em Administra\u00e7\u00e3o<br \/>Lucilene Rodrigues Ferreira - Auxiliar em Administra\u00e7\u00e3o<br \/>Rosana Lopes da Silva - T\u00e9cnica em Contabilidade<br \/>Sofia Lopes Bretas - Assistente em Administra\u00e7\u00e3o<\/p><p><strong>Contatos:<\/strong><\/p><p>Telefones:<br \/>(31) 3409-4054 (geral)<br \/>(31) 3409-4055 (compras)<br \/>(31) 3409-3911 (revalida\u00e7\u00e3o)<br \/>(31) 3409-3934 (secretaria da C\u00e2mara de Gradua\u00e7\u00e3o)<br \/>(31) 3409-6472 (comunica\u00e7\u00e3o)<\/p><p>E-mails:<br \/>info@prograd.ufmg.br (geral)<br \/>gab@prograd.ufmg.br (pr\u00f3-reitores)<br \/>revalidacao@prograd.ufmg.br (revalida\u00e7\u00e3o)<br \/>pessoal@prograd.ufmg.br (se\u00e7\u00e3o de pessoal)<br \/>scompras@prograd.ufmg.br (se\u00e7\u00e3o de compras)<br \/>comunicacao@prograd.ufmg.br (jornalismo)<\/p><p>&nbsp;<\/p><\/div><\/div><\/div><div class=\"ea-card sp-ea-single\"><h3 class=\"ea-header\"><a class=\"collapsed\" id=\"ea-header-4711\" role=\"button\" data-sptoggle=\"spcollapse\" data-sptarget=\"#collapse4711\" aria-controls=\"collapse4711\" href=\"#\" aria-expanded=\"false\" tabindex=\"0\"><i aria-hidden=\"true\" role=\"presentation\" class=\"ea-expand-icon eap-icon-ea-expand-plus\"><\/i> Secretaria dos Colegiados Especiais<\/a><\/h3><div class=\"sp-collapse spcollapse spcollapse\" id=\"collapse4711\" data-parent=\"#sp-ea-471\" role=\"region\" aria-labelledby=\"ea-header-4711\"> <div class=\"ea-body\"><p>Atende o Colegiado Especial das Forma\u00e7\u00f5es Transversais e o Colegiado Especial do Programa de Vagas Suplementares para Estudantes Ind\u00edgenas.<\/p><p><strong>Equipe:<\/strong><\/p><p>Elizabeth Weber de Faria - Auxiliar em Administra\u00e7\u00e3o<br \/>Renata Sousa Costa - Assistente em Administra\u00e7\u00e3o<\/p><p><strong>Contatos:<\/strong><\/p><p>Telefone: (31) 3409-6590<br \/>E-mail: sce@prograd.ufmg.br<br \/>Localiza\u00e7\u00e3o: Sala A305 do Centro de Atividades Did\u00e1ticas 3 (CAD 3) - Campus Pampulha<\/p><\/div><\/div><\/div><div class=\"ea-card sp-ea-single\"><h3 class=\"ea-header\"><a class=\"collapsed\" id=\"ea-header-4712\" role=\"button\" data-sptoggle=\"spcollapse\" data-sptarget=\"#collapse4712\" aria-controls=\"collapse4712\" href=\"#\" aria-expanded=\"false\" tabindex=\"0\"><i aria-hidden=\"true\" role=\"presentation\" class=\"ea-expand-icon eap-icon-ea-expand-plus\"><\/i> Setor de Estat\u00edstica<\/a><\/h3><div class=\"sp-collapse spcollapse spcollapse\" id=\"collapse4712\" data-parent=\"#sp-ea-471\" role=\"region\" aria-labelledby=\"ea-header-4712\"> <div class=\"ea-body\"><p style=\"font-weight: 400\">Realiza estudos e an\u00e1lises estat\u00edsticas para subsidiar a tomada de decis\u00f5es da Prograd, entre eles, a an\u00e1lise do perfil socioecon\u00f4mico e desempenho acad\u00eamicos dos estudantes; an\u00e1lise das disciplinas e cursos ofertados pelas unidades acad\u00eamicas; e acompanhamento dos programas de a\u00e7\u00e3o afirmativa adotados nos cursos de gradua\u00e7\u00e3o da UFMG.<\/p><p style=\"font-weight: 400\"><strong>Equipe<\/strong><\/p><p style=\"font-weight: 400\">Luciana Gon\u00e7alves de Oliveira Gotelipe - Chefe do Setor<br \/>Fernando Henrique Pereira - Estat\u00edstico<br \/>Bruno Braga Fonseca \u2013 T\u00e9cnico de TI<br \/>Iury Alves Bicalho \u2013 Estagi\u00e1rio de Engenharia de Sistemas<br \/>Paulo Henrique Ferreira Grillo \u2013 Estagi\u00e1rio de Estat\u00edstica<\/p><p style=\"font-weight: 400\"><strong>Contatos:<\/strong><\/p><p style=\"font-weight: 400\">Telefone: (31) 3409-3936<br \/>E-mail: estatistica@prograd.ufmg.br<\/p><p><strong>Acesse, no link abaixo, os relat\u00f3rios produzidos pelo Setor:<\/strong><\/p><p><a href=\"https:\/\/www.ufmg.br\/prograd\/relatorios\/\">Relat\u00f3rios<\/a><\/p><\/div><\/div><\/div><div class=\"ea-card sp-ea-single\"><h3 class=\"ea-header\"><a class=\"collapsed\" id=\"ea-header-4713\" role=\"button\" data-sptoggle=\"spcollapse\" data-sptarget=\"#collapse4713\" aria-controls=\"collapse4713\" href=\"#\" aria-expanded=\"false\" tabindex=\"0\"><i aria-hidden=\"true\" role=\"presentation\" class=\"ea-expand-icon eap-icon-ea-expand-plus\"><\/i> Setor de Patrim\u00f4nio e Arquivo<\/a><\/h3><div class=\"sp-collapse spcollapse spcollapse\" id=\"collapse4713\" data-parent=\"#sp-ea-471\" role=\"region\" aria-labelledby=\"ea-header-4713\"> <div class=\"ea-body\"><div><p>Arquivo:<\/p><p><span class=\"fontstyle01\">Promove a Gest\u00e3o Documental na Prograd e colabora para dissemina\u00e7\u00e3o da imprescind\u00edvel pol\u00edtica<\/span><span style=\"color: #222222\">\u00a0<\/span><span class=\"fontstyle01\">arquiv\u00edstica na Universidade. \u00c9 respons\u00e1vel por opera\u00e7\u00f5es<\/span>\u00a0<span class=\"fontstyle01\">t\u00e9cnicas referentes \u00e0s atividades que envolvem a produ\u00e7\u00e3o, uso, avalia\u00e7\u00e3o e arquivamento de documentos, visando a elimina\u00e7\u00e3o ou seu recolhimento para guarda permanente.<\/span> Tem apoio dos demais setores da Unidade, bem como, da Diretoria de Arquivos da UFMG - Diarq.<\/p><p>Patrim\u00f4nio:<\/p><p>Gerencia, registra e identifica os bens m\u00f3veis permanentes da Prograd. Registra e controla a distribui\u00e7\u00e3o de novas aquisi\u00e7\u00f5es e doa\u00e7\u00f5es de bens, al\u00e9m de ser respons\u00e1vel pela movimenta\u00e7\u00e3o, transfer\u00eancia, desfazimento e baixa dos bens m\u00f3veis permanentes da Unidade. Orienta, acompanha e atualiza as movimenta\u00e7\u00f5es internas e externas dos bens m\u00f3veis permanentes, bem como assessora os gestores da Unidade em assuntos relacionados ao acervo patrimonial m\u00f3vel da Prograd.<\/p><p>Acesse para saber as orienta\u00e7\u00f5es sobre patrim\u00f4nio:\u00a0<a href=\"https:\/\/www.ufmg.br\/prograd\/orientacoes-sobre-patrimonio\/\">Orienta\u00e7\u00f5es sobre Patrim\u00f4nio\u00a0<\/a><\/p><p><strong>Equipe:<\/strong><\/p><\/div><p>Elenice Duarte da Silva - Assistente em Administra\u00e7\u00e3o<br \/>Ian Keusen Reher Vilela - Estagi\u00e1rio de Hist\u00f3ria<\/p><p>* Projeto b\u00e1sico de coopera\u00e7\u00e3o t\u00e9cnica entre a Diretoria de Arquivos Institucionais - Diarq e a \u00a0Pr\u00f3-Reitoria de Gradua\u00e7\u00e3o - Prograd<br \/>* Guilherme Cardoso Caldeira - Estagi\u00e1rio de Hist\u00f3ria<\/p><p><strong>Contatos:<\/strong><\/p><p>Telefone: 3409-6475<\/p><p>Arquivo: arquivo@prograd.ufmg.br<\/p><p>Patrim\u00f4nio: spatri@prograd.ufmg.br<\/p><\/div><\/div><\/div><div class=\"ea-card sp-ea-single\"><h3 class=\"ea-header\"><a class=\"collapsed\" id=\"ea-header-4714\" role=\"button\" data-sptoggle=\"spcollapse\" data-sptarget=\"#collapse4714\" aria-controls=\"collapse4714\" href=\"#\" aria-expanded=\"false\" tabindex=\"0\"><i aria-hidden=\"true\" role=\"presentation\" class=\"ea-expand-icon eap-icon-ea-expand-plus\"><\/i> Setor Financeiro<\/a><\/h3><div class=\"sp-collapse spcollapse spcollapse\" id=\"collapse4714\" data-parent=\"#sp-ea-471\" role=\"region\" aria-labelledby=\"ea-header-4714\"> <div class=\"ea-body\"><div id=\"columns-position\"><div id=\"columns\" class=\"float-break\"><div id=\"main-position\"><div id=\"main\" class=\"float-break\"><div class=\"overflow-fix\"><div class=\"border-box\"><div class=\"border-ml\"><div class=\"border-mr\"><div class=\"border-mc float-break\"><div class=\"content-view-full\"><div class=\"class-article\"><div class=\"attribute-long\"><p><span style=\"color: #555770;font-size: large\">Controla a execu\u00e7\u00e3o or\u00e7ament\u00e1ria e cont\u00e1bil da Prograd, gerencia a execu\u00e7\u00e3o or\u00e7ament\u00e1ria dos contratos, atende demandas de \u00f3rg\u00e3os fiscalizadores, al\u00e9m de efetuar pagamentos, elaborar relat\u00f3rios econ\u00f4mico-financeiros, presta\u00e7\u00e3o de contas e dar informa\u00e7\u00f5es relacionadas ao setor.<\/span><\/p><p><strong>Equipe:<\/strong><\/p><p>Glaysson Aguilar de Ara\u00fajo - Chefe do Setor<br \/>Geiza Graciele de Jesus Teixeira - T\u00e9cnico em Contabilidade<\/p><p><strong>Contatos:<\/strong><\/p><p>Telefones: (31) 3409-4061\/6437<br \/>E-mail: financ@prograd.ufmg.br<\/p><\/div><\/div><\/div><\/div><\/div><\/div><\/div><\/div><\/div><\/div><\/div><\/div><\/div><\/div><\/div><\/div><\/div>\n","protected":false},"excerpt":{"rendered":"<p>Os setores listados abaixo est\u00e3o vinculados diretamente ao Gabinete da [&hellip;]<\/p>\n","protected":false},"author":1,"featured_media":0,"parent":0,"menu_order":0,"comment_status":"closed","ping_status":"closed","template":"","meta":{"_acf_changed":false,"footnotes":""},"tags":[],"class_list":["post-357","page","type-page","status-publish","hentry"],"acf":[],"_links":{"self":[{"href":"https:\/\/www.ufmg.br\/prograd\/wp-json\/wp\/v2\/pages\/357","targetHints":{"allow":["GET"]}}],"collection":[{"href":"https:\/\/www.ufmg.br\/prograd\/wp-json\/wp\/v2\/pages"}],"about":[{"href":"https:\/\/www.ufmg.br\/prograd\/wp-json\/wp\/v2\/types\/page"}],"author":[{"embeddable":true,"href":"https:\/\/www.ufmg.br\/prograd\/wp-json\/wp\/v2\/users\/1"}],"replies":[{"embeddable":true,"href":"https:\/\/www.ufmg.br\/prograd\/wp-json\/wp\/v2\/comments?post=357"}],"version-history":[{"count":6,"href":"https:\/\/www.ufmg.br\/prograd\/wp-json\/wp\/v2\/pages\/357\/revisions"}],"predecessor-version":[{"id":1238,"href":"https:\/\/www.ufmg.br\/prograd\/wp-json\/wp\/v2\/pages\/357\/revisions\/1238"}],"wp:attachment":[{"href":"https:\/\/www.ufmg.br\/prograd\/wp-json\/wp\/v2\/media?parent=357"}],"wp:term":[{"taxonomy":"post_tag","embeddable":true,"href":"https:\/\/www.ufmg.br\/prograd\/wp-json\/wp\/v2\/tags?post=357"}],"curies":[{"name":"wp","href":"https:\/\/api.w.org\/{rel}","templated":true}]}}