{"id":362,"date":"2021-06-21T20:35:20","date_gmt":"2021-06-21T23:35:20","guid":{"rendered":"https:\/\/www.ufmg.br\/prograd\/?page_id=362"},"modified":"2026-02-10T11:43:17","modified_gmt":"2026-02-10T14:43:17","slug":"academica","status":"publish","type":"page","link":"https:\/\/www.ufmg.br\/prograd\/academica\/","title":{"rendered":"Diretoria Acad\u00eamica (DA)"},"content":{"rendered":"<p>A Diretoria Acad\u00eamica assessora os Pr\u00f3-Reitores, C\u00e2mara de Gradua\u00e7\u00e3o e Colegiados de Curso quanto a mat\u00e9rias acad\u00eamicas, realiza an\u00e1lise\u00a0 t\u00e9cnica de propostas de cria\u00e7\u00e3o de novos cursos,\u00a0 mudan\u00e7as curriculares e demandas discentes, elabora documentos normativos como minutas de portarias e resolu\u00e7\u00f5es, atende a demandas da comunidade interna e externa relacionadas \u00e0 vida acad\u00eamica na gradua\u00e7\u00e3o, atua em comiss\u00f5es como a de desenvolvimento do Sistema Acad\u00eamico da Gradua\u00e7\u00e3o e integraliza\u00e7\u00e3o da Forma\u00e7\u00e3o em Extens\u00e3o Universit\u00e1ria e participa de eventos relacionados \u00e0 sua \u00e1rea de atua\u00e7\u00e3o.<\/p>\n<p><strong>Diretora Acad\u00eamica: <\/strong>Ilma Bicalho de Sousa Daniel<\/p>\n<p><strong>Coordenadora:<\/strong> Ana Carolina Oliveira e Rodrigues<\/p>\n<p><strong>Equipe:<\/strong><\/p>\n<p align=\"justify\">Alexandre Flores Alkimim &#8211; T\u00e9cnico em Assuntos Educacionais<\/p>\n<p align=\"justify\">Carlos Wellington Martins de Melo &#8211; T\u00e9cnico em Assuntos Educacionais<\/p>\n<p align=\"justify\">Cristofane da Silveira Queiroz &#8211; T\u00e9cnico em Assuntos Educacionais<\/p>\n<p align=\"justify\">Giordana Bertolin Palermo &#8211; Pedagoga<\/p>\n<p align=\"justify\">Iasmyn Renata de Souza Silva &#8211; T\u00e9cnica em Assuntos Educacionais<\/p>\n<p align=\"justify\">Isabelle Rodrigues dos Santos &#8211; T\u00e9cnica em Assuntos Educacionais<\/p>\n<p align=\"justify\">Paulo Mariano Eul\u00e1lio Campos &#8211; T\u00e9cnico em Assuntos Educacionais<\/p>\n<p align=\"justify\">Vagner da Silva Cunha &#8211; T\u00e9cnico em Assuntos Educacionais e Coordenador Acad\u00eamico<\/p>\n<p align=\"justify\">William Vagner da Silva &#8211; T\u00e9cnico em Assuntos Educacionais<\/p>\n<p align=\"justify\"><strong>Contatos:<br \/>\n<\/strong>Telefones: (31) 3409-4056\/4057\/6434\/6459\/6473\/6474<br \/>\nE-mail: diretoriaacademica@prograd.ufmg.br<\/p>\n<p>&nbsp;<\/p>\n<p>&nbsp;<\/p>\n","protected":false},"excerpt":{"rendered":"<p>A Diretoria Acad\u00eamica assessora os Pr\u00f3-Reitores, C\u00e2mara de Gradua\u00e7\u00e3o e [&hellip;]<\/p>\n","protected":false},"author":1,"featured_media":0,"parent":0,"menu_order":0,"comment_status":"closed","ping_status":"closed","template":"","meta":{"_acf_changed":false,"footnotes":""},"tags":[],"class_list":["post-362","page","type-page","status-publish","hentry"],"acf":[],"_links":{"self":[{"href":"https:\/\/www.ufmg.br\/prograd\/wp-json\/wp\/v2\/pages\/362","targetHints":{"allow":["GET"]}}],"collection":[{"href":"https:\/\/www.ufmg.br\/prograd\/wp-json\/wp\/v2\/pages"}],"about":[{"href":"https:\/\/www.ufmg.br\/prograd\/wp-json\/wp\/v2\/types\/page"}],"author":[{"embeddable":true,"href":"https:\/\/www.ufmg.br\/prograd\/wp-json\/wp\/v2\/users\/1"}],"replies":[{"embeddable":true,"href":"https:\/\/www.ufmg.br\/prograd\/wp-json\/wp\/v2\/comments?post=362"}],"version-history":[{"count":38,"href":"https:\/\/www.ufmg.br\/prograd\/wp-json\/wp\/v2\/pages\/362\/revisions"}],"predecessor-version":[{"id":5517,"href":"https:\/\/www.ufmg.br\/prograd\/wp-json\/wp\/v2\/pages\/362\/revisions\/5517"}],"wp:attachment":[{"href":"https:\/\/www.ufmg.br\/prograd\/wp-json\/wp\/v2\/media?parent=362"}],"wp:term":[{"taxonomy":"post_tag","embeddable":true,"href":"https:\/\/www.ufmg.br\/prograd\/wp-json\/wp\/v2\/tags?post=362"}],"curies":[{"name":"wp","href":"https:\/\/api.w.org\/{rel}","templated":true}]}}