{"id":374,"date":"2021-06-22T09:54:18","date_gmt":"2021-06-22T12:54:18","guid":{"rendered":"https:\/\/www.ufmg.br\/prograd\/?page_id=374"},"modified":"2026-03-31T11:11:41","modified_gmt":"2026-03-31T14:11:41","slug":"pense","status":"publish","type":"page","link":"https:\/\/www.ufmg.br\/prograd\/pense\/","title":{"rendered":"Diretoria de Programas Acad\u00eamicos para Desenvolvimento do Ensino (Pense)"},"content":{"rendered":"<p>\u00c9 respons\u00e1vel pelos assuntos relacionados ao Programa de Bolsas da Gradua\u00e7\u00e3o como defini\u00e7\u00e3o de normas, procedimentos e orienta\u00e7\u00f5es; gerenciamento do Sistema de Fomento da Prograd, do pagamento dos bolsistas, dos projetos e atualiza\u00e7\u00e3o do banco de dados. Tamb\u00e9m est\u00e1 respons\u00e1vel pelo gerenciamento da Pol\u00edtica de Est\u00e1gio para os cursos de gradua\u00e7\u00e3o da UFMG, com o acompanhamento da legisla\u00e7\u00e3o atual sobre o assunto, orienta\u00e7\u00f5es aos colegiados, capta\u00e7\u00e3o e divulga\u00e7\u00e3o de oportunidades de est\u00e1gio, realiza\u00e7\u00e3o de processos relacionados aos est\u00e1gios no SEI\/UFMG e orienta\u00e7\u00e3o quanto ao uso desse sistema. Al\u00e9m disso, cuida dos processos de Mobilidade Acad\u00eamica Nacional, como divulga\u00e7\u00e3o de editais de bolsas, cadastro de estudantes de outras institui\u00e7\u00f5es federais de ensino superior (Ifes) e fornecimento de documenta\u00e7\u00e3o como comprovante de matr\u00edcula e certificado de notas para o colegiado e Ifes.<\/p>\n<p>A Diretoria de Programas Acad\u00eamicos para Desenvolvimento do Ensino (Pense) foi criada a partir da reestrutura\u00e7\u00e3o da Diretoria de Mobilidade, Est\u00e1gios e Bolsas (Dmeb).<\/p>\n<p><strong>Diretora:<\/strong> Profa. Maria Gabrielle de Lima Rocha<\/p>\n<p><strong>Equipe:<\/strong><\/p>\n<p>Val\u00e9ria Vieira Melo \u2013 Coordenadora da Diretoria e Assistente em Administra\u00e7\u00e3o<\/p>\n<p>Bruno Santos da Silva \u2013 Assistente em Administra\u00e7\u00e3o<\/p>\n<p>Cl\u00e1udia Luciana Oliveira Motta \u2013 T\u00e9cnica em Assuntos Educacionais<\/p>\n<p>Fernando Galdino \u2013 Auxiliar em Administra\u00e7\u00e3o<\/p>\n<p>Patr\u00edcia Guimar\u00e3es Sapori de Oliveira \u2013 Assistente em Administra\u00e7\u00e3o<\/p>\n<p>Guilherme Viana Limeira \u2013 Estagi\u00e1rio<\/p>\n<p>L\u00e1zzaro Ferreira \u2013 Estagi\u00e1rio<\/p>\n<p><strong>Contato:<\/strong><\/p>\n<p>Telefones: (31) 3409-4058\/6453\/6449\/3850\/4438\/4565<\/p>\n<p>E-mail: bolsas@prograd.ufmg.br e estagio@prograd.ufmg.br<\/p>\n","protected":false},"excerpt":{"rendered":"<p>\u00c9 respons\u00e1vel pelos assuntos relacionados ao Programa de Bolsas da [&hellip;]<\/p>\n","protected":false},"author":1,"featured_media":0,"parent":0,"menu_order":0,"comment_status":"closed","ping_status":"closed","template":"","meta":{"_acf_changed":false,"footnotes":""},"tags":[],"class_list":["post-374","page","type-page","status-publish","hentry"],"acf":[],"_links":{"self":[{"href":"https:\/\/www.ufmg.br\/prograd\/wp-json\/wp\/v2\/pages\/374","targetHints":{"allow":["GET"]}}],"collection":[{"href":"https:\/\/www.ufmg.br\/prograd\/wp-json\/wp\/v2\/pages"}],"about":[{"href":"https:\/\/www.ufmg.br\/prograd\/wp-json\/wp\/v2\/types\/page"}],"author":[{"embeddable":true,"href":"https:\/\/www.ufmg.br\/prograd\/wp-json\/wp\/v2\/users\/1"}],"replies":[{"embeddable":true,"href":"https:\/\/www.ufmg.br\/prograd\/wp-json\/wp\/v2\/comments?post=374"}],"version-history":[{"count":32,"href":"https:\/\/www.ufmg.br\/prograd\/wp-json\/wp\/v2\/pages\/374\/revisions"}],"predecessor-version":[{"id":5596,"href":"https:\/\/www.ufmg.br\/prograd\/wp-json\/wp\/v2\/pages\/374\/revisions\/5596"}],"wp:attachment":[{"href":"https:\/\/www.ufmg.br\/prograd\/wp-json\/wp\/v2\/media?parent=374"}],"wp:term":[{"taxonomy":"post_tag","embeddable":true,"href":"https:\/\/www.ufmg.br\/prograd\/wp-json\/wp\/v2\/tags?post=374"}],"curies":[{"name":"wp","href":"https:\/\/api.w.org\/{rel}","templated":true}]}}