{"id":3760,"date":"2024-03-04T08:38:55","date_gmt":"2024-03-04T11:38:55","guid":{"rendered":"https:\/\/www.ufmg.br\/prograd\/?page_id=3760"},"modified":"2024-03-06T11:17:40","modified_gmt":"2024-03-06T14:17:40","slug":"regime-academico-especial-para-permanencia","status":"publish","type":"page","link":"https:\/\/www.ufmg.br\/prograd\/regime-academico-especial-para-permanencia\/","title":{"rendered":"Regime Acad\u00eamico Especial para Perman\u00eancia"},"content":{"rendered":"<style>#sp-ea-3777 .spcollapsing { height: 0; overflow: hidden; transition-property: height;transition-duration: 500ms;}#sp-ea-3777.sp-easy-accordion>.sp-ea-single {margin-bottom: 10px; border: 1px solid #e2e2e2; }#sp-ea-3777.sp-easy-accordion>.sp-ea-single>.ea-header a {color: #444;}#sp-ea-3777.sp-easy-accordion>.sp-ea-single>.sp-collapse>.ea-body {background: #fff; color: #444;}#sp-ea-3777.sp-easy-accordion>.sp-ea-single {background: #eee;}#sp-ea-3777.sp-easy-accordion>.sp-ea-single>.ea-header a .ea-expand-icon { float: left; color: #444;font-size: 16px;}<\/style><div id=\"sp_easy_accordion-1738608865\"><div id=\"sp-ea-3777\" class=\"sp-ea-one sp-easy-accordion\" data-ea-active=\"ea-click\" data-ea-mode=\"vertical\" data-preloader=\"\" data-scroll-active-item=\"\" data-offset-to-scroll=\"0\"><div class=\"ea-card ea-expand sp-ea-single\"><h3 class=\"ea-header\"><a class=\"collapsed\" id=\"ea-header-37770\" role=\"button\" data-sptoggle=\"spcollapse\" data-sptarget=\"#collapse37770\" aria-controls=\"collapse37770\" href=\"#\" aria-expanded=\"true\" tabindex=\"0\"><i aria-hidden=\"true\" role=\"presentation\" class=\"ea-expand-icon eap-icon-ea-expand-minus\"><\/i> Formul\u00e1rios<\/a><\/h3><div class=\"sp-collapse spcollapse collapsed show\" id=\"collapse37770\" data-parent=\"#sp-ea-3777\" role=\"region\" aria-labelledby=\"ea-header-37770\"> <div class=\"ea-body\"><p><a href=\"https:\/\/www.ufmg.br\/prograd\/arquivos\/docs\/FormularioRAEPEstudantec\">Formul\u00e1rio para solicita\u00e7\u00e3o pelo estudante de Regime Acad\u00eamico Especial para Perman\u00eancia (RAEP)<\/a><\/p><p><a href=\"https:\/\/www.ufmg.br\/prograd\/wp-content\/uploads\/2024\/03\/Formulario_RAEP_Colegiado.docx\">Formul\u00e1rio para an\u00e1lise pelo colegiado da solicita\u00e7\u00e3o de Regime Acad\u00eamico Especial para Perman\u00eancia (RAEP)<\/a><\/p><\/div><\/div><\/div><div class=\"ea-card sp-ea-single\"><h3 class=\"ea-header\"><a class=\"collapsed\" id=\"ea-header-37771\" role=\"button\" data-sptoggle=\"spcollapse\" data-sptarget=\"#collapse37771\" aria-controls=\"collapse37771\" href=\"#\" aria-expanded=\"false\" tabindex=\"0\"><i aria-hidden=\"true\" role=\"presentation\" class=\"ea-expand-icon eap-icon-ea-expand-plus\"><\/i> Documentos<\/a><\/h3><div class=\"sp-collapse spcollapse \" id=\"collapse37771\" data-parent=\"#sp-ea-3777\" role=\"region\" aria-labelledby=\"ea-header-37771\"> <div class=\"ea-body\"><p><a href=\"https:\/\/www.ufmg.br\/prograd\/wp-content\/uploads\/2025\/02\/ResRaep0325.pdf\">Resolu\u00e7\u00e3o N\u00ba3, de 30 de janeiro de 2025 - Institui comiss\u00e3o para acompanhamento da implementa\u00e7\u00e3o do Regime Acad\u00eamico Especial para Perman\u00eancia (Raep)<\/a><\/p><p><a href=\"https:\/\/www.ufmg.br\/prograd\/arquivos\/docs\/OfCirc0824\">Of\u00edcio Circular N\u00ba 8\/2024\/PROGRAD-SGE\/UFMG - Orienta\u00e7\u00f5es sobre o registro da ocorr\u00eancia acad\u00eamica de regime acad\u00eamico especial para perman\u00eancia (RAEP) no SiGA<\/a><\/p><p><a href=\"https:\/\/www.ufmg.br\/prograd\/arquivos\/docs\/OfCirc0424\">Of\u00edcio Circular N\u00ba 4\/2024\/PROGRAD-SGE-UFMG - Instru\u00e7\u00f5es adicionais para implanta\u00e7\u00e3o do regime acad\u00eamico especial para perman\u00eancia (RAEP) no ano letivo de 2024<\/a><\/p><p><a href=\"https:\/\/www.ufmg.br\/prograd\/wp-content\/uploads\/2024\/03\/OfCirc0124.pdf\">Of\u00edcio Circular N\u00ba 1\/2024\/PROGRAD-SGE-UFMG - Orienta\u00e7\u00f5es iniciais sobre o requerimento, pelos estudantes de gradua\u00e7\u00e3o, do regime acad\u00eamico especial para perman\u00eancia (Raep) e sobre a an\u00e1lise dos pedidos pelos respectivos Colegiados de cursos de gradua\u00e7\u00e3o<\/a><\/p><p><a href=\"https:\/\/www.ufmg.br\/prograd\/arquivos\/docs\/01rescepe2023\">Resolu\u00e7\u00e3o N\u00ba 01\/2023, DE 20 DE ABRIL DE 2023 - Regulamenta o regime acad\u00eamico especial para perman\u00eancia\u00a0(RAEP) de estudantes de gradua\u00e7\u00e3o da Universidade Federal de Minas Gerais (UFMG).<\/a><\/p><p><a href=\"https:\/\/www.ufmg.br\/prograd\/wp-content\/uploads\/2025\/02\/Resolucao-Raep.pdf\">Resolu\u00e7\u00e3o N\u00ba 3, de 30 de janeiro de 2025 \u2013 Institui comiss\u00e3o para acompanhamento da implementa\u00e7\u00e3o do Regime Acad\u00eamico Especial para Perman\u00eancia (Raep)<\/a><\/p><\/div><\/div><\/div><div class=\"ea-card sp-ea-single\"><h3 class=\"ea-header\"><a class=\"collapsed\" id=\"ea-header-37772\" role=\"button\" data-sptoggle=\"spcollapse\" data-sptarget=\"#collapse37772\" aria-controls=\"collapse37772\" href=\"#\" aria-expanded=\"false\" tabindex=\"0\"><i aria-hidden=\"true\" role=\"presentation\" class=\"ea-expand-icon eap-icon-ea-expand-plus\"><\/i> Respostas \u00e0s Perguntas Frequentes<\/a><\/h3><div class=\"sp-collapse spcollapse \" id=\"collapse37772\" data-parent=\"#sp-ea-3777\" role=\"region\" aria-labelledby=\"ea-header-37772\"> <div class=\"ea-body\"><p><a href=\"https:\/\/www.ufmg.br\/prograd\/arquivos\/docs\/ManualRaep\">Respostas \u00e0s Perguntas Frequentes<\/a><\/p><\/div><\/div><\/div><\/div><\/div>\n<p>&nbsp;<\/p>\n","protected":false},"excerpt":{"rendered":"<p>&nbsp;<\/p>\n","protected":false},"author":2,"featured_media":0,"parent":0,"menu_order":0,"comment_status":"closed","ping_status":"closed","template":"","meta":{"_acf_changed":false,"footnotes":""},"tags":[],"class_list":["post-3760","page","type-page","status-publish","hentry"],"acf":[],"_links":{"self":[{"href":"https:\/\/www.ufmg.br\/prograd\/wp-json\/wp\/v2\/pages\/3760","targetHints":{"allow":["GET"]}}],"collection":[{"href":"https:\/\/www.ufmg.br\/prograd\/wp-json\/wp\/v2\/pages"}],"about":[{"href":"https:\/\/www.ufmg.br\/prograd\/wp-json\/wp\/v2\/types\/page"}],"author":[{"embeddable":true,"href":"https:\/\/www.ufmg.br\/prograd\/wp-json\/wp\/v2\/users\/2"}],"replies":[{"embeddable":true,"href":"https:\/\/www.ufmg.br\/prograd\/wp-json\/wp\/v2\/comments?post=3760"}],"version-history":[{"count":4,"href":"https:\/\/www.ufmg.br\/prograd\/wp-json\/wp\/v2\/pages\/3760\/revisions"}],"predecessor-version":[{"id":3778,"href":"https:\/\/www.ufmg.br\/prograd\/wp-json\/wp\/v2\/pages\/3760\/revisions\/3778"}],"wp:attachment":[{"href":"https:\/\/www.ufmg.br\/prograd\/wp-json\/wp\/v2\/media?parent=3760"}],"wp:term":[{"taxonomy":"post_tag","embeddable":true,"href":"https:\/\/www.ufmg.br\/prograd\/wp-json\/wp\/v2\/tags?post=3760"}],"curies":[{"name":"wp","href":"https:\/\/api.w.org\/{rel}","templated":true}]}}