{"id":443,"date":"2021-06-22T14:04:16","date_gmt":"2021-06-22T17:04:16","guid":{"rendered":"https:\/\/www.ufmg.br\/prograd\/?page_id=443"},"modified":"2025-06-09T14:34:41","modified_gmt":"2025-06-09T17:34:41","slug":"inovacao-e-metodologias-de-ensino","status":"publish","type":"page","link":"https:\/\/www.ufmg.br\/prograd\/inovacao-e-metodologias-de-ensino\/","title":{"rendered":"Diretoria de Inova\u00e7\u00e3o e Metodologias de Ensino (GIZ)"},"content":{"rendered":"<div>\n<p>A Diretoria de Inova\u00e7\u00e3o e Metodologias de Ensino (GIZ) busca desenvolver, de forma inovadora, colaborativa e contextualizada, uma rede de pr\u00e1ticas educativas, flex\u00edveis e personalizadas de diferentes \u00e1reas do conhecimento, para promover a forma\u00e7\u00e3o de sujeitos aut\u00f4nomos.<\/p>\n<p>Entre suas iniciativas est\u00e3o o Laborat\u00f3rio de Forma\u00e7\u00e3o em Doc\u00eancias do Ensino Superior, o Percurso Discente Universit\u00e1rio, o Congresso de Inova\u00e7\u00e3o e Metodologias, a Revista Doc\u00eancia do Ensino Superior, assessorias pedag\u00f3gicas aos docentes e tamb\u00e9m a articula\u00e7\u00e3o intersetorial na constru\u00e7\u00e3o do reposit\u00f3rio de recursos educacionais.\u00a0\u00a0e recentemente, o Programa Integra\u00e7\u00e3o Docente, em parceria com outros setores da UFMG.<\/p>\n<p>Visite o\u00a0<a href=\"http:\/\/www.ufmg.br\/giz\" target=\"_blank\" rel=\"noopener\"><span style=\"color: #0d6efd;\">site do GIZ<\/span><\/a>\u00a0para acompanhar as a\u00e7\u00f5es.<\/p>\n<p><strong>Equipe:<\/strong><\/p>\n<p><strong>Docentes<\/strong><\/p>\n<p>Br\u00e9scia Fran\u00e7a Nonato (Diretora)<\/p>\n<p>Patr\u00edcia Nascimento Silva (Colaboradora)<\/p>\n<p><strong>T\u00e9cnicos(as) Administrativos(as) em Educa\u00e7\u00e3o<\/strong><\/p>\n<p>Isabela Cristina Passos e Possas<\/p>\n<p>K\u00eania Aul\u00edzia Her\u00e9dia<\/p>\n<p>Marcos Vin\u00edcius Tarqu\u00ednio<\/p>\n<p>Patr\u00edcia Carla Oliveira Carneiro Silva<\/p>\n<p>Rafaela Esteves Godinho Leal<\/p>\n<p>S\u00f4nia M\u00f4nica da Silva<\/p>\n<p>Zulmira Medeiros Roque<\/p>\n<\/div>\n<div>\n<p><strong>Bolsistas e volunt\u00e1rios<\/strong><\/p>\n<p>3 estagi\u00e1rios<br \/>\n22 bolsistas de estudantes de gradua\u00e7\u00e3o<br \/>\n17 bolsistas de p\u00f3s-gradua\u00e7\u00e3o (mestrado\/doutorado)<br \/>\nEstudantes e pesquisadores volunt\u00e1rios<\/p>\n<\/div>\n<div>\n<div>\n<p><strong>Contato:<\/strong><\/p>\n<\/div>\n<p>Telefone: (31) 3409-6451<br \/>\nEmail:\u00a0<a href=\"mailto:giz-contato@prograd.ufmg.br\" target=\"_blank\" rel=\"noopener\">giz@prograd.ufmg.br<\/a><\/p>\n<\/div>\n","protected":false},"excerpt":{"rendered":"<p>A Diretoria de Inova\u00e7\u00e3o e Metodologias de Ensino (GIZ) busca [&hellip;]<\/p>\n","protected":false},"author":1,"featured_media":0,"parent":0,"menu_order":0,"comment_status":"closed","ping_status":"closed","template":"","meta":{"_acf_changed":false,"footnotes":""},"tags":[],"class_list":["post-443","page","type-page","status-publish","hentry"],"acf":[],"_links":{"self":[{"href":"https:\/\/www.ufmg.br\/prograd\/wp-json\/wp\/v2\/pages\/443","targetHints":{"allow":["GET"]}}],"collection":[{"href":"https:\/\/www.ufmg.br\/prograd\/wp-json\/wp\/v2\/pages"}],"about":[{"href":"https:\/\/www.ufmg.br\/prograd\/wp-json\/wp\/v2\/types\/page"}],"author":[{"embeddable":true,"href":"https:\/\/www.ufmg.br\/prograd\/wp-json\/wp\/v2\/users\/1"}],"replies":[{"embeddable":true,"href":"https:\/\/www.ufmg.br\/prograd\/wp-json\/wp\/v2\/comments?post=443"}],"version-history":[{"count":36,"href":"https:\/\/www.ufmg.br\/prograd\/wp-json\/wp\/v2\/pages\/443\/revisions"}],"predecessor-version":[{"id":4936,"href":"https:\/\/www.ufmg.br\/prograd\/wp-json\/wp\/v2\/pages\/443\/revisions\/4936"}],"wp:attachment":[{"href":"https:\/\/www.ufmg.br\/prograd\/wp-json\/wp\/v2\/media?parent=443"}],"wp:term":[{"taxonomy":"post_tag","embeddable":true,"href":"https:\/\/www.ufmg.br\/prograd\/wp-json\/wp\/v2\/tags?post=443"}],"curies":[{"name":"wp","href":"https:\/\/api.w.org\/{rel}","templated":true}]}}